{"id":1268,"date":"2020-04-16T12:44:17","date_gmt":"2020-04-16T10:44:17","guid":{"rendered":"http:\/\/us.edu.pl\/instytut\/ifiz\/?page_id=1268"},"modified":"2026-03-06T15:15:07","modified_gmt":"2026-03-06T14:15:07","slug":"pracownia-symulacji-komputerowych","status":"publish","type":"page","link":"https:\/\/us.edu.pl\/instytut\/ifiz\/nauka\/laboratoria\/pracownia-symulacji-komputerowych\/","title":{"rendered":"Pracownia Symulacji Komputerowych"},"content":{"rendered":"<p>[vc_row][vc_column]\r\n                <div class=\"text-modules\">\r\n                    <div class=\"container\">\r\n                        <h3 class=\"page-title text__title\">Pracownia Symulacji Komputerowych<\/h3>\r\n                        <div class=\"text-modules__content\"><\/p>\n<h3>O NAS<\/h3>\n<p>Pracownia Symulacji Komputerowych dysponuje wydajnym klastrem obliczeniowym z serwerami wyposa\u017conymi w karty GPU, macierze dyskowe i szybkie sieci, umo\u017cliwiaj\u0105cym prowadzenie zaawansowanych symulacji metod\u0105 dynamiki molekularnej. Badania pozwalaj\u0105 analizowa\u0107 wp\u0142yw oddzia\u0142ywa\u0144 molekularnych na w\u0142a\u015bciwo\u015bci materia\u0142\u00f3w w r\u00f3\u017cnych stanach skupienia, takich jak ciecz, szk\u0142o czy kryszta\u0142, oraz bada\u0107 heterogeniczno\u015b\u0107 dynamiczn\u0105 i procesy krystalizacji.<\/p>\n<h3>NASZA APARATURA<\/h3>\n<ul>\n<li>Klaster obliczeniowy<\/li>\n<\/ul>\n<p>(3 serwery obliczeniowe Dell PowerEdge R740 &#8211; ka\u017cdy z 2 kartami GPU NVIDIA Tesla V100,<\/p>\n<p>2 prze\u0142\u0105czniki sieciowe Dell PowerSwitch 10Gb, macierz dyskowa DELL EMC SCv3000, zasilacz bezprzerwowy Dell Smart-UPS SRT 8000VA RM)<\/p>\n<ul>\n<li>Klaster obliczeniowy (serwer Dell PowerEdge R910 + serwer NVIDIA Tesla S2070);<\/li>\n<li>2 serwery obliczeniowe Dell PowerEdge R720 &#8211; ka\u017cdy z 2 kartami GPU NVIDIA Tesla K20X;<\/li>\n<li>Serwer obliczeniowy PowerEdge T720 z kart\u0105 GPU NVIDIA Tesla K40C;<\/li>\n<li>2 serwery Dell PowerEdge E2950;<\/li>\n<li>2 prze\u0142\u0105czniki sieciowe Cisco 1Gb;<\/li>\n<li>Prze\u0142\u0105cznik Dell KVM 1081AD;<\/li>\n<li>2 zasilacze bezprzerwowe Dell UPS.<\/li>\n<\/ul>\n<h3>TEMATYKA BADAWCZA<\/h3>\n<p>Symulacje komputerowe metod\u0105 dynamiki molekularnej umo\u017cliwiaj\u0105 poznanie natury zjawisk fizycznych poprzez bezpo\u015brednie badanie wp\u0142ywu oddzia\u0142ywa\u0144 intra- i intermolekularnych na makroskopowe w\u0142asno\u015bci materia\u0142\u00f3w. Wydajne serwery obliczeniowe pozwalaj\u0105 analizowa\u0107 nie tylko proste uk\u0142ady modelowe, ale tak\u017ce z\u0142o\u017cone modele substancji rzeczywistych. Wykorzystuj\u0105c te mo\u017cliwo\u015bci, w Pracowni Symulacji Komputerowych badamy m.in. wp\u0142yw warunk\u00f3w termodynamicznych na przestrzenne oraz czasowe korelacje moleku\u0142, analizowane np. przez funkcje charakteryzuj\u0105ce heterogeniczno\u015b\u0107 dynamiczn\u0105, jak r\u00f3wnie\u017c badanie ich zwi\u0105zku z oddzia\u0142ywaniami mi\u0119dzycz\u0105steczkowymi oraz specyficznymi w\u0142asno\u015bciami uk\u0142ad\u00f3w g\u0119stych, np. skalowaniem g\u0119sto\u015bciowym. Nasze zainteresowania badawcze obejmuj\u0105 r\u00f3\u017cne stany materii skondensowanej, takie jak ciecz, ciecz przech\u0142odzona, szk\u0142o i kryszta\u0142. Zgromadzona infrastruktura informatyczna zosta\u0142a zakupiona g\u0142\u00f3wnie ze \u015brodk\u00f3w projekt\u00f3w NCN, kierowanych przez Lidera grupy badawczej prof. Mariana Palucha. W\u015br\u00f3d projekt\u00f3w badawczych, wykorzystuj\u0105cych mo\u017cliwo\u015bci obliczeniowe PSK, nale\u017cy wymieni\u0107:<\/p>\n<ul>\n<li>Projekt badawczy pt. <em>Heterogeniczno\u015b\u0107 dynamiczna materia\u0142\u00f3w amorficznych w warunkach atmosferycznego i podwy\u017cszonego ci\u015bnienia<\/em>, (przyznany do realizacji w konkursie MAESTRO 2 NCN, kierownik projektu: prof. dr hab. Marian Paluch);<\/li>\n<li>Projekt badawczy pt. <em>Symulacyjne i eksperymentalne badania cieczy tworz\u0105cych szk\u0142a w oparciu o now\u0105 strategi\u0119 efektywnego modelowania molekularnego<\/em>, (przyznany do realizacji w konkursie MAESTRO 10 NCN, kierownik projektu: prof. dr hab. Marian Paluch);<\/li>\n<li>Projekt badawczy pt. <em>Indukowana ci\u015bnieniem separacja sk\u0142adowych kinetycznej i termodynamicznej jako nowa metoda bada\u0144 nad procesem krystalizacji<\/em>, (przyznany do realizacji w konkursie OPUS 8 NCN, kierownik projektu: prof. dr hab. Marian Paluch).<\/li>\n<\/ul>\n<p>\n<\/div>\r\n                    <\/div>\r\n                <\/div>[\/vc_column][\/vc_row][vc_row][vc_column]            \r\n                    <div class=\"container\">\r\n                        <div class=\"gallery gallery_2\" data-images-in-row=\"2\">\r\n                            \r\n                            <div class=\"row m-0\">\r\n                                <a data-fancybox-group=\"button\" title=\"\" data-fancybox=\"5175\" href=\"https:\/\/us.edu.pl\/instytut\/ifiz\/wp-content\/uploads\/sites\/39\/Laboratoria\/prac_sym_komp_1.jpg\" class=\"gallery__item thumbnail\"\r\n                                    style=\"background-image: url(https:\/\/us.edu.pl\/instytut\/ifiz\/wp-content\/uploads\/sites\/39\/Laboratoria\/prac_sym_komp_1-1024x768.jpg)\"> <span class=\"d-none\">https:\/\/us.edu.pl\/instytut\/ifiz\/wp-content\/uploads\/sites\/39\/Laboratoria\/prac_sym_komp_1.jpg<\/span> <\/a><a data-fancybox-group=\"button\" title=\"\" data-fancybox=\"5175\" href=\"https:\/\/us.edu.pl\/instytut\/ifiz\/wp-content\/uploads\/sites\/39\/Laboratoria\/prac_sym_komp_2.jpg\" class=\"gallery__item thumbnail\"\r\n                                    style=\"background-image: url(https:\/\/us.edu.pl\/instytut\/ifiz\/wp-content\/uploads\/sites\/39\/Laboratoria\/prac_sym_komp_2-1024x768.jpg)\"> <span class=\"d-none\">https:\/\/us.edu.pl\/instytut\/ifiz\/wp-content\/uploads\/sites\/39\/Laboratoria\/prac_sym_komp_2.jpg<\/span> <\/a>\r\n                            <\/div>\r\n                    <\/div>\r\n                <\/div>[\/vc_column][\/vc_row]<\/p>","protected":false},"excerpt":{"rendered":"<p>[vc_row][vc_column][\/vc_column][\/vc_row][vc_row][vc_column][\/vc_column][\/vc_row] [&#8230;]<\/p>\n<p><a class=\"btn btn-secondary understrap-read-more-link\" href=\"https:\/\/us.edu.pl\/instytut\/ifiz\/nauka\/laboratoria\/pracownia-symulacji-komputerowych\/\">Read More&#8230;<\/a><\/p>\n","protected":false},"author":104,"featured_media":0,"parent":1177,"menu_order":280,"comment_status":"closed","ping_status":"closed","template":"","meta":{"_expiration-date-status":"","_expiration-date":0,"_expiration-date-type":"","_expiration-date-categories":[],"_expiration-date-options":[]},"acf":[],"_links":{"self":[{"href":"https:\/\/us.edu.pl\/instytut\/ifiz\/wp-json\/wp\/v2\/pages\/1268"}],"collection":[{"href":"https:\/\/us.edu.pl\/instytut\/ifiz\/wp-json\/wp\/v2\/pages"}],"about":[{"href":"https:\/\/us.edu.pl\/instytut\/ifiz\/wp-json\/wp\/v2\/types\/page"}],"author":[{"embeddable":true,"href":"https:\/\/us.edu.pl\/instytut\/ifiz\/wp-json\/wp\/v2\/users\/104"}],"replies":[{"embeddable":true,"href":"https:\/\/us.edu.pl\/instytut\/ifiz\/wp-json\/wp\/v2\/comments?post=1268"}],"version-history":[{"count":0,"href":"https:\/\/us.edu.pl\/instytut\/ifiz\/wp-json\/wp\/v2\/pages\/1268\/revisions"}],"up":[{"embeddable":true,"href":"https:\/\/us.edu.pl\/instytut\/ifiz\/wp-json\/wp\/v2\/pages\/1177"}],"wp:attachment":[{"href":"https:\/\/us.edu.pl\/instytut\/ifiz\/wp-json\/wp\/v2\/media?parent=1268"}],"curies":[{"name":"wp","href":"https:\/\/api.w.org\/{rel}","templated":true}]}}