{"id":135,"date":"2019-11-14T15:19:10","date_gmt":"2019-11-14T14:19:10","guid":{"rendered":"http:\/\/us.edu.pl\/instytut\/ifiz\/?page_id=135"},"modified":"2026-03-12T09:58:58","modified_gmt":"2026-03-12T08:58:58","slug":"rada-naukowa","status":"publish","type":"page","link":"https:\/\/us.edu.pl\/instytut\/ifiz\/strona-glowna-ifiz\/rada-naukowa\/","title":{"rendered":"Rada Naukowa"},"content":{"rendered":"<p>[vc_row][vc_column]\r\n                <div class=\"text-modules\">\r\n                    <div class=\"container\">\r\n                        <h3 class=\"page-title text__title\">Rada Naukowa Instytutu Fizyki im. Augusta Che\u0142kowskiego<\/h3>\r\n                        <div class=\"text-modules__content\"><\/p>\n<h2><span style=\"color: #003366;\"><strong>Kadencja 2024-2028<\/strong><\/span><\/h2>\n<p>\n<\/div>\r\n                    <\/div>\r\n                <\/div>[vc_separator][vc_empty_space][vc_row_inner equal_height=&#8221;yes&#8221; gap=&#8221;5&#8243;][vc_column_inner width=&#8221;1\/2&#8243;][vc_column_text]<\/p>\n<h4><span style=\"color: #003366;\"><strong>Przewodnicz\u0105cy Rady Naukowej<\/strong><\/span><\/h4>\n<p>[\/vc_column_text][vc_column_text css=&#8221;.vc_custom_1773303866185{padding-top: 25px !important;padding-right: 20px !important;padding-bottom: 15px !important;padding-left: 20px !important;background-color: #ececec !important;border-radius: 2px !important;}&#8221;]<\/p>\n<h5><strong>prof. dr hab. Sebastian Pawlus \u2013 Dyrektor Instytutu<\/strong><\/h5>\n<p>e-mail: sebastian.pawlus@us.edu.pl[\/vc_column_text][vc_empty_space][vc_column_text]<\/p>\n<h4><span style=\"color: #003366;\"><strong><span class=\"a_GcMg font-feature-liga-off font-feature-clig-off font-feature-calt-off text-decoration-none text-strikethrough-none\">Zast\u0119pca Przewodnicz\u0105cego Rady Naukowej<\/span><\/strong><\/span><\/h4>\n<p>[\/vc_column_text][vc_column_text css=&#8221;.vc_custom_1773303857553{padding-top: 25px !important;padding-right: 20px !important;padding-bottom: 15px !important;padding-left: 20px !important;background-color: #ececec !important;border-radius: 2px !important;}&#8221;]<\/p>\n<h5><strong>prof. dr Katarzyna Schmidt, prof. U\u015a \u2013 Zast\u0119pca Dyrektora Instytutu<\/strong><\/h5>\n<p>e-mail: katarzyna.schmidt@us.edu.pl[\/vc_column_text][\/vc_column_inner][vc_column_inner width=&#8221;1\/2&#8243;][\/vc_column_inner][\/vc_row_inner][\/vc_column][\/vc_row][vc_row][vc_column][vc_column_text]<\/p>\n<h4 style=\"text-align: left;\"><span style=\"color: #003366;\"><strong><span class=\"a_GcMg font-feature-liga-off font-feature-clig-off font-feature-calt-off text-decoration-none text-strikethrough-none\">Cz\u0142onkowie Rady Naukowej<\/span><\/strong><\/span><\/h4>\n<p>[\/vc_column_text][vc_row_inner gap=&#8221;5&#8243;][vc_column_inner width=&#8221;1\/2&#8243;][vc_column_text css=&#8221;.vc_custom_1773305157641{padding-top: 25px !important;padding-right: 20px !important;padding-bottom: 15px !important;padding-left: 20px !important;background-color: #ececec !important;border-radius: 2px !important;}&#8221;]<\/p>\n<h5>prof. dr hab. in\u017c. Karolina Adrjanowicz<\/h5>\n<p>e-mail: karolina.adrjanowicz@us.edu.pl[\/vc_column_text][vc_column_text css=&#8221;.vc_custom_1773305190984{padding-top: 25px !important;padding-right: 20px !important;padding-bottom: 15px !important;padding-left: 20px !important;background-color: #ececec !important;border-radius: 2px !important;}&#8221;]<\/p>\n<h5>prof. dr hab. Janusz Gluza<\/h5>\n<p>e-mail: janusz.gluza@us.edu.pl[\/vc_column_text][vc_column_text css=&#8221;.vc_custom_1773305218105{padding-top: 25px !important;padding-right: 20px !important;padding-bottom: 15px !important;padding-left: 20px !important;background-color: #ececec !important;border-radius: 2px !important;}&#8221;]<\/p>\n<h5>prof. dr hab. Jan Kisiel<\/h5>\n<p>e-mail: jan.kisiel@us.edu.pl[\/vc_column_text][vc_column_text css=&#8221;.vc_custom_1773305240241{padding-top: 25px !important;padding-right: 20px !important;padding-bottom: 15px !important;padding-left: 20px !important;background-color: #ececec !important;border-radius: 2px !important;}&#8221;]<\/p>\n<h5>prof. dr hab. Marian Paluch<\/h5>\n<p>e-mail: marian.paluch@us.edu.pl[\/vc_column_text][vc_column_text css=&#8221;.vc_custom_1773305276768{padding-top: 25px !important;padding-right: 20px !important;padding-bottom: 15px !important;padding-left: 20px !important;background-color: #ececec !important;border-radius: 2px !important;}&#8221;]<\/p>\n<h5>prof. dr hab. \u017baneta Wojnarowska<\/h5>\n<p>e-mail: zaneta.wojnarowska@us.edu.pl[\/vc_column_text][vc_column_text css=&#8221;.vc_custom_1773305318185{padding-top: 25px !important;padding-right: 20px !important;padding-bottom: 15px !important;padding-left: 20px !important;background-color: #ececec !important;border-radius: 2px !important;}&#8221;]<\/p>\n<h5>dr hab. Anna Bajorek, prof. U\u015a<\/h5>\n<p>e-mail: anna.bajorek@us.edu.pl[\/vc_column_text][vc_column_text css=&#8221;.vc_custom_1773305344337{padding-top: 25px !important;padding-right: 20px !important;padding-bottom: 15px !important;padding-left: 20px !important;background-color: #ececec !important;border-radius: 2px !important;}&#8221;]<\/p>\n<h5>dr hab. Jakub Spiechowicz, prof. U\u015a<\/h5>\n<p>e-mail: jakub.spiechowicz@us.edu.pl[\/vc_column_text][vc_column_text css=&#8221;.vc_custom_1773305371656{padding-top: 25px !important;padding-right: 20px !important;padding-bottom: 15px !important;padding-left: 20px !important;background-color: #ececec !important;border-radius: 2px !important;}&#8221;]<\/p>\n<h5>dr Katarzyna Balin, prof. U\u015a<\/h5>\n<p>e-mail: katarzyna.balin@us.edu.pl[\/vc_column_text][vc_column_text css=&#8221;.vc_custom_1773305392849{padding-top: 25px !important;padding-right: 20px !important;padding-bottom: 15px !important;padding-left: 20px !important;background-color: #ececec !important;border-radius: 2px !important;}&#8221;]<\/p>\n<h5>dr Justyna Knapik-Kowalczuk, prof. U\u015a<\/h5>\n<p>e-mail: justyna.knapik-kowalczuk@us.edu.pl[\/vc_column_text][vc_column_text css=&#8221;.vc_custom_1773305512001{padding-top: 25px !important;padding-right: 20px !important;padding-bottom: 15px !important;padding-left: 20px !important;background-color: #ececec !important;border-radius: 2px !important;}&#8221;]<\/p>\n<h5>dr hab. Anna Mrozek-Wilczkiewicz, prof. U\u015a<\/h5>\n<p>e-mail: anna.mrozek-wilczkiewicz@us.edu.pl[\/vc_column_text][vc_column_text css=&#8221;.vc_custom_1773305466088{padding-top: 25px !important;padding-right: 20px !important;padding-bottom: 15px !important;padding-left: 20px !important;background-color: #ececec !important;border-radius: 2px !important;}&#8221;]<\/p>\n<h5>dr Marzena Rams-Baron, prof. U\u015a<\/h5>\n<p>e-mail: marzena.rams-baron@us.edu.pl[\/vc_column_text][vc_column_text css=&#8221;.vc_custom_1773305485801{padding-top: 25px !important;padding-right: 20px !important;padding-bottom: 15px !important;padding-left: 20px !important;background-color: #ececec !important;border-radius: 2px !important;}&#8221;]<\/p>\n<h5>dr hab. El\u017cbieta Stephan, prof. U\u015a<\/h5>\n<p>e-mail: elzbieta.stephan@us.edu.pl[\/vc_column_text][\/vc_column_inner][vc_column_inner width=&#8221;1\/2&#8243;][vc_column_text css=&#8221;.vc_custom_1773305170745{padding-top: 25px !important;padding-right: 20px !important;padding-bottom: 15px !important;padding-left: 20px !important;background-color: #ececec !important;border-radius: 2px !important;}&#8221;]<\/p>\n<h5>prof. dr hab. Jerzy Dajka<\/h5>\n<p>e-mail: jerzy.dajka@us.edu.pl[\/vc_column_text][vc_column_text css=&#8221;.vc_custom_1773305206284{padding-top: 25px !important;padding-right: 20px !important;padding-bottom: 15px !important;padding-left: 20px !important;background-color: #ececec !important;border-radius: 2px !important;}&#8221;]<\/p>\n<h5>prof. dr hab. Kamil Kami\u0144ski<\/h5>\n<p>e-mail: kamil.kaminski@us.edu.pl[\/vc_column_text][vc_column_text css=&#8221;.vc_custom_1773305231289{padding-top: 25px !important;padding-right: 20px !important;padding-bottom: 15px !important;padding-left: 20px !important;background-color: #ececec !important;border-radius: 2px !important;}&#8221;]<\/p>\n<h5>prof. dr hab. Karol Ko\u0142odziej<\/h5>\n<p>e-mail: karol.kolodziej@us.edu.pl[\/vc_column_text][vc_column_text css=&#8221;.vc_custom_1773305255673{padding-top: 25px !important;padding-right: 20px !important;padding-bottom: 15px !important;padding-left: 20px !important;background-color: #ececec !important;border-radius: 2px !important;}&#8221;]<\/p>\n<h5>prof. dr hab. Jan S\u0142adkowski<\/h5>\n<p>e-mail: jan.sladkowski@us.edu.pl[\/vc_column_text][vc_column_text css=&#8221;.vc_custom_1773305305201{padding-top: 25px !important;padding-right: 20px !important;padding-bottom: 15px !important;padding-left: 20px !important;background-color: #ececec !important;border-radius: 2px !important;}&#8221;]<\/p>\n<h5>dr hab. Seweryn Kowalski, prof. U\u015a<\/h5>\n<p>e-mail: seweryn.kowalski@us.edu.pl[\/vc_column_text][vc_column_text css=&#8221;.vc_custom_1773305331655{padding-top: 25px !important;padding-right: 20px !important;padding-bottom: 15px !important;padding-left: 20px !important;background-color: #ececec !important;border-radius: 2px !important;}&#8221;]<\/p>\n<h5>dr hab. Jaros\u0142aw Paturej, prof. U\u015a<\/h5>\n<p>e-mail: jaroslaw.paturej@us.edu.pl[\/vc_column_text][vc_column_text css=&#8221;.vc_custom_1773305358599{padding-top: 25px !important;padding-right: 20px !important;padding-bottom: 15px !important;padding-left: 20px !important;background-color: #ececec !important;border-radius: 2px !important;}&#8221;]<\/p>\n<h5>dr hab. Magdalena Tarnacka, prof. U\u015a<\/h5>\n<p>e-mail: magdalena.tarnacka@us.edu.pl[\/vc_column_text][vc_column_text css=&#8221;.vc_custom_1773305382065{padding-top: 25px !important;padding-right: 20px !important;padding-bottom: 15px !important;padding-left: 20px !important;background-color: #ececec !important;border-radius: 2px !important;}&#8221;]<\/p>\n<h5>dr in\u017c. Karolina Jurkiewicz, prof. U\u015a<\/h5>\n<p>e-mail: karolina.jurkiewicz@us.edu.pl[\/vc_column_text][vc_column_text css=&#8221;.vc_custom_1773305423872{padding-top: 25px !important;padding-right: 20px !important;padding-bottom: 15px !important;padding-left: 20px !important;background-color: #ececec !important;border-radius: 2px !important;}&#8221;]<\/p>\n<h5>dr Marcin Kurpas, prof. U\u015a<\/h5>\n<p>e-mail: marcin.kurpas@us.edu.pl[\/vc_column_text][vc_column_text css=&#8221;.vc_custom_1773305522817{padding-top: 25px !important;padding-right: 20px !important;padding-bottom: 15px !important;padding-left: 20px !important;background-color: #ececec !important;border-radius: 2px !important;}&#8221;]<\/p>\n<h5>dr Katarzyna Malarz, prof. U\u015a<\/h5>\n<p>e-mail: katarzyna.malarz@us.edu.pl[\/vc_column_text][vc_column_text css=&#8221;.vc_custom_1773305474481{padding-top: 25px !important;padding-right: 20px !important;padding-bottom: 15px !important;padding-left: 20px !important;background-color: #ececec !important;border-radius: 2px !important;}&#8221;]<\/p>\n<h5>dr hab. Pawe\u0142 Zajdel, prof. U\u015a<\/h5>\n<p>e-mail: pawel.zajdel@us.edu.pl[\/vc_column_text][vc_column_text css=&#8221;.vc_custom_1773305498961{padding-top: 25px !important;padding-right: 20px !important;padding-bottom: 15px !important;padding-left: 20px !important;background-color: #ececec !important;border-radius: 2px !important;}&#8221;]<\/p>\n<h5>dr hab. Arkadiusz Bubak, prof. U\u015a<\/h5>\n<p>e-mail: arkadiusz.bubak@us.edu.pl[\/vc_column_text][\/vc_column_inner][\/vc_row_inner][\/vc_column][\/vc_row][vc_row][vc_column][vc_column_text]<span style=\"font-size: 14pt;\">Zapraszamy do korzystania z formularza, umo\u017cliwiaj\u0105cego zg\u0142aszanie temat\u00f3w na posiedzenia Rady Naukowej IF. Formularz pozostaje otwarty przez 3 tygodnie od dnia zako\u0144czenia poprzedniego posiedzenia rady, a mo\u017cliwo\u015b\u0107 zg\u0142aszania zostaje zako\u0144czona na tydzie\u0144 przed kolejnym spotkaniem. Serdecznie zapraszamy do zg\u0142aszania swoich propozycji!<\/span><\/p>\n<p>&nbsp;<\/p>\n<p style=\"text-align: center;\"><span style=\"font-size: 18pt;\"><a href=\"https:\/\/forms.office.com\/Pages\/ResponsePage.aspx?id=kWLHUIAMRESi-0-KsWjDEXrbA5HNKwVEsk5BXIrgEAtUNVpJNjVCWTJLUDBVS09HQ0JVTUVZMk0xUC4u\">Formularz: Zg\u0142o\u015b temat na posiedzenie Rady Naukowej IF<\/a><\/span><\/p>\n<p>[\/vc_column_text][\/vc_column][\/vc_row]<\/p>","protected":false},"excerpt":{"rendered":"<p>[vc_row][vc_column][vc_separator][vc_empty_space][vc_row_inner equal_height=&#8221;yes&#8221; gap=&#8221;5&#8243;][vc_column_inner width=&#8221;1\/2&#8243;][vc_column_text] Przewodnicz\u0105cy Rady Naukowej [\/vc_column_text][vc_column_text css=&#8221;.vc_custom_1773303866185{padding-top: 25px !important;padding-right: 20px !important;padding-bottom: 15px !important;padding-left: 20px !important;background-color: #ececec !important;border-radius: 2px !important;}&#8221;] prof. dr hab. Sebastian Pawlus \u2013 Dyrektor Instytutu e-mail: sebastian.pawlus@us.edu.pl[\/vc_column_text][vc_empty_space][vc_column_text] Zast\u0119pca Przewodnicz\u0105cego Rady Naukowej [\/vc_column_text][vc_column_text css=&#8221;.vc_custom_1773303857553{padding-top: 25px !important;padding-right: 20px !important;padding-bottom: 15px !important;padding-left: 20px !important;background-color: #ececec !important;border-radius: 2px !important;}&#8221;] prof. dr Katarzyna Schmidt, prof. U\u015a [&#8230;]<\/p>\n<p><a class=\"btn btn-secondary understrap-read-more-link\" href=\"https:\/\/us.edu.pl\/instytut\/ifiz\/strona-glowna-ifiz\/rada-naukowa\/\">Read More&#8230;<\/a><\/p>\n","protected":false},"author":104,"featured_media":0,"parent":4,"menu_order":10,"comment_status":"closed","ping_status":"closed","template":"page-templates\/inner-page.php","meta":{"_expiration-date-status":"","_expiration-date":0,"_expiration-date-type":"","_expiration-date-categories":[],"_expiration-date-options":[]},"acf":[],"_links":{"self":[{"href":"https:\/\/us.edu.pl\/instytut\/ifiz\/wp-json\/wp\/v2\/pages\/135"}],"collection":[{"href":"https:\/\/us.edu.pl\/instytut\/ifiz\/wp-json\/wp\/v2\/pages"}],"about":[{"href":"https:\/\/us.edu.pl\/instytut\/ifiz\/wp-json\/wp\/v2\/types\/page"}],"author":[{"embeddable":true,"href":"https:\/\/us.edu.pl\/instytut\/ifiz\/wp-json\/wp\/v2\/users\/104"}],"replies":[{"embeddable":true,"href":"https:\/\/us.edu.pl\/instytut\/ifiz\/wp-json\/wp\/v2\/comments?post=135"}],"version-history":[{"count":0,"href":"https:\/\/us.edu.pl\/instytut\/ifiz\/wp-json\/wp\/v2\/pages\/135\/revisions"}],"up":[{"embeddable":true,"href":"https:\/\/us.edu.pl\/instytut\/ifiz\/wp-json\/wp\/v2\/pages\/4"}],"wp:attachment":[{"href":"https:\/\/us.edu.pl\/instytut\/ifiz\/wp-json\/wp\/v2\/media?parent=135"}],"curies":[{"name":"wp","href":"https:\/\/api.w.org\/{rel}","templated":true}]}}