{"id":1397,"date":"2020-04-17T18:51:30","date_gmt":"2020-04-17T16:51:30","guid":{"rendered":"http:\/\/us.edu.pl\/instytut\/ifiz\/?page_id=1397"},"modified":"2026-03-06T14:17:02","modified_gmt":"2026-03-06T13:17:02","slug":"laboratorium-spektroskopii-fotoelektronow","status":"publish","type":"page","link":"https:\/\/us.edu.pl\/instytut\/ifiz\/nauka\/laboratoria\/laboratorium-spektroskopii-fotoelektronow\/","title":{"rendered":"Laboratorium Spektroskopii Fotoelektron\u00f3w"},"content":{"rendered":"<p>[vc_row][vc_column]\r\n                <div class=\"text-modules\">\r\n                    <div class=\"container\">\r\n                        <h3 class=\"page-title text__title\">Laboratorium Spektroskopii Fotoelektron\u00f3w<\/h3>\r\n                        <div class=\"text-modules__content\"><p><strong>Kierownik:<\/strong> dr Micha\u0142 Pilch, <a href=\"mailto:michal.pilch@us.edu.pl\">michal.pilch@us.edu.pl<\/a><\/p>\n<p><strong>Tel\/Phone<\/strong>: + 48 32 349 75 64,<\/p>\n<p><strong>Lokalizacja:<\/strong> E\/-1\/11<\/p>\n<p>&nbsp;<\/p>\n<h3>O NAS<\/h3>\n<p>Specjalizacja laboratorium obejmuje charakteryzacj\u0119 materia\u0142\u00f3w funkcjonalnych dla informatyki, elektroniki, ale tak\u017ce pr\u00f3bek \u015brodowiskowych (ska\u017cenia \u015brodowiska). Analizy s\u0142u\u017c\u0105 optymalizacji proces\u00f3w katalizy, adsorpcji\u00a0 i desorpcji gaz\u00f3w, zabezpieczaniu r\u00f3\u017cnych materia\u0142\u00f3w przed korozj\u0105, badaniu biomateria\u0142\u00f3w, cienkich warstw i z\u0142\u0105cz.<\/p>\n<h3>NASZA APARATURA<\/h3>\n<ul>\n<li>Wielofunkcyjny Spektrometr Elektron\u00f3w XPS (X-Ray Photoelectron Spectrometry) PHI 5600 firmy \u00a0 Physical\u00a0 Electronics (U.S.A.);<\/li>\n<li>komora preparacyjna in-situ: wygrzewanie, utlenianie, redukcja, pomiary elektryczne;<\/li>\n<li>pomiary prowadzone s\u0105 w \u015brodowisku ultra wysokiej pr\u00f3\u017cni (\u223c10<sup>-10<\/sup>Tora);<\/li>\n<li>dzia\u0142o jonowe do oczyszczania powierzchni pr\u00f3bek lub\/i profili wg\u0142\u0119bnych (Ar);<\/li>\n<li>lampa rentgenowska standardowa z podw\u00f3jn\u0105 anod\u0105 Mg i Al;<\/li>\n<li>lampa rentgenowska z anod\u0105 Al z monochromatorem;<\/li>\n<li>rozdzielczo\u015b\u0107 energetyczna dla \u017ar\u00f3d\u0142a monochromatyzowanego jest rz\u0119du 0,35eV;<\/li>\n<li>obszar analizy: przes\u0142ony o \u015brednicy 800, 400, 120, 30 \u00b5m oraz przes\u0142ona;<\/li>\n<li>g\u0142\u0119boko\u015b\u0107 analizy 1-10 monowarstw;<\/li>\n<li>oprogramowanie do sterowania pomiarami (PC Access) i analizy wynik\u00f3w pomiar\u00f3w (Multipak).<\/li>\n<\/ul>\n<h3>TEMATYKA BADAWCZA<\/h3>\n<p>Badanie proces\u00f3w zachodz\u0105cych w takich materia\u0142ach jak:<\/p>\n<ul>\n<li>ferroelektryki, biomateria\u0142y, materia\u0142y inteligentne;<\/li>\n<li>izolatory, metale, nadprzewodniki i p\u00f3\u0142przewodniki;<\/li>\n<li>kryszta\u0142y, cienkie warstwy, ceramiki, w\u0142\u00f3kna, szk\u0142a, polimery, materia\u0142y porowate, proszki oraz inne cia\u0142a sta\u0142e.<\/li>\n<\/ul>\n<h3>ZAKRES US\u0141UG<\/h3>\n<ul>\n<li>identyfikacj\u0119 stan\u00f3w chemicznych (warto\u015bciowo\u015b\u0107, energia wi\u0105zania);<\/li>\n<li>okre\u015blenie struktury elektronowej oraz analiz\u0119 pasma walencyjnego;<\/li>\n<li>stwierdzenie, jakie jest u\u0142o\u017cenie atom\u00f3w w warstwach przypowierzchniowych oraz na powierzchni;<\/li>\n<li>okre\u015blenie rozk\u0142adu atom\u00f3w i zwi\u0105zk\u00f3w adsorbowanych na powierzchni, a tak\u017ce zbadanie ich stan\u00f3w elektronowych;<\/li>\n<li>znalezienie rozk\u0142adu pierwiastk\u00f3w i faz ze zmian\u0105 g\u0142\u0119boko\u015bci;<\/li>\n<li>otrzymanie obrazu badanej powierzchni w funkcji rozk\u0142adu zadanego pierwiastka.<\/li>\n<\/ul>\n<p>\n<\/div>\r\n                    <\/div>\r\n                <\/div>[\/vc_column][\/vc_row]<\/p>","protected":false},"excerpt":{"rendered":"<p>[vc_row][vc_column][\/vc_column][\/vc_row] [&#8230;]<\/p>\n<p><a class=\"btn btn-secondary understrap-read-more-link\" href=\"https:\/\/us.edu.pl\/instytut\/ifiz\/nauka\/laboratoria\/laboratorium-spektroskopii-fotoelektronow\/\">Read More&#8230;<\/a><\/p>\n","protected":false},"author":104,"featured_media":0,"parent":1177,"menu_order":55,"comment_status":"closed","ping_status":"closed","template":"","meta":{"_expiration-date-status":"","_expiration-date":0,"_expiration-date-type":"","_expiration-date-categories":[],"_expiration-date-options":[]},"acf":[],"_links":{"self":[{"href":"https:\/\/us.edu.pl\/instytut\/ifiz\/wp-json\/wp\/v2\/pages\/1397"}],"collection":[{"href":"https:\/\/us.edu.pl\/instytut\/ifiz\/wp-json\/wp\/v2\/pages"}],"about":[{"href":"https:\/\/us.edu.pl\/instytut\/ifiz\/wp-json\/wp\/v2\/types\/page"}],"author":[{"embeddable":true,"href":"https:\/\/us.edu.pl\/instytut\/ifiz\/wp-json\/wp\/v2\/users\/104"}],"replies":[{"embeddable":true,"href":"https:\/\/us.edu.pl\/instytut\/ifiz\/wp-json\/wp\/v2\/comments?post=1397"}],"version-history":[{"count":0,"href":"https:\/\/us.edu.pl\/instytut\/ifiz\/wp-json\/wp\/v2\/pages\/1397\/revisions"}],"up":[{"embeddable":true,"href":"https:\/\/us.edu.pl\/instytut\/ifiz\/wp-json\/wp\/v2\/pages\/1177"}],"wp:attachment":[{"href":"https:\/\/us.edu.pl\/instytut\/ifiz\/wp-json\/wp\/v2\/media?parent=1397"}],"curies":[{"name":"wp","href":"https:\/\/api.w.org\/{rel}","templated":true}]}}