{"id":1593,"date":"2020-04-23T12:37:08","date_gmt":"2020-04-23T10:37:08","guid":{"rendered":"http:\/\/us.edu.pl\/instytut\/ifiz\/?page_id=1593"},"modified":"2026-03-06T15:18:34","modified_gmt":"2026-03-06T14:18:34","slug":"pracownia-mikroskopowa-ii","status":"publish","type":"page","link":"https:\/\/us.edu.pl\/instytut\/ifiz\/nauka\/laboratoria\/pracownia-mikroskopowa-ii\/","title":{"rendered":"Pracownia mikroskopowa"},"content":{"rendered":"<p>[vc_row][vc_column]\r\n                <div class=\"text-modules\">\r\n                    <div class=\"container\">\r\n                        <h3 class=\"page-title text__title\">Pracownia mikroskopowa<\/h3>\r\n                        <div class=\"text-modules__content\"><p><strong>Kierownik:<\/strong> dr hab. Anna Mrozek-Wilczkiewicz, <a href=\"mailto:anna.mrozek-wilczkiewicz@us.edu.pl\">anna.mrozek-wilczkiewicz@us.edu.pl<\/a><\/p>\n<p><strong>Opiekun: <\/strong>dr Katarzyna Malarz, <a href=\"mailto:katarzyna.malarz@us.edu.pl\">malarz@us.edu.pl<\/a><\/p>\n<p><strong>Tel.\/Phone:<\/strong> + 32 349 76 69<\/p>\n<p><strong>Lokalizacja:<\/strong> H\/0\/12<\/p>\n<p>&nbsp;<\/p>\n<h3>O NAS<\/h3>\n<p>Prace badawcze realizowane w pracowni mikroskopii obejmuj\u0105 lokalizacj\u0119 nowych pochodnych z grupy tiosemikarbazon\u00f3w, chinolin oraz fenotiazyn w organellach kom\u00f3rkowych. Ponadto, niekt\u00f3re badania z zakresu mechanizmu dzia\u0142ania badanych zwi\u0105zk\u00f3w pozwalaj\u0105 na ich obrazowanie, przyk\u0142adem mo\u017ce by\u0107 wykrywanie generowanych reaktywnych form tlenu w odpowiedzi na czynniki stresowe.<\/p>\n<h3>NASZA APARATURA<\/h3>\n<ul>\n<li>odwr\u00f3cony mikroskop fluorescencyjny Zeiss Observer.Z1;<\/li>\n<li>odwr\u00f3cony mikroskop fluorescencyjny Zeiss AXIO Vert.A1;<\/li>\n<li>mikroskop kontrastowo-fazowy Olympus CX41;<\/li>\n<li>odwr\u00f3cony mikroskop fluorescencyjny Olympus IX51.<\/li>\n<\/ul>\n<h3>TEMATYKA BADAWCZA<\/h3>\n<ul>\n<li>Lokalizacja badanych zwi\u0105zk\u00f3w w organellach kom\u00f3rkowych;<\/li>\n<li>Wykrywanie reaktywnych form tlenu i innych moleku\u0142 w nast\u0119pstwie indukcji stresu oksydacyjnego;<\/li>\n<li>Obrazowanie zmian strukturalnych cytoszkieletu.<\/li>\n<\/ul>\n<h3>ZAKRES US\u0141UG<\/h3>\n<ul>\n<li>Lokalizacja badanych zwi\u0105zk\u00f3w w organellach kom\u00f3rkowych;<\/li>\n<li>Obrazowanie zmian strukturalnych oraz metabolicznych w kom\u00f3rkach ludzkich i zwierz\u0119cych.<\/li>\n<\/ul>\n<p>\n<\/div>\r\n                    <\/div>\r\n                <\/div>            \r\n                    <div class=\"container\">\r\n                        <div class=\"gallery gallery_3\" data-images-in-row=\"3\">\r\n                            \r\n                            <div class=\"row m-0\">\r\n                                <a data-fancybox-group=\"button\" title=\"\" data-fancybox=\"8357\" href=\"https:\/\/us.edu.pl\/instytut\/ifiz\/wp-content\/uploads\/sites\/39\/Laboratoria\/Pracownia-mikroskopowa-2_2.jpg\" class=\"gallery__item thumbnail\"\r\n                                    style=\"background-image: url(https:\/\/us.edu.pl\/instytut\/ifiz\/wp-content\/uploads\/sites\/39\/Laboratoria\/Pracownia-mikroskopowa-2_2-1024x576.jpg)\"> <span class=\"d-none\">https:\/\/us.edu.pl\/instytut\/ifiz\/wp-content\/uploads\/sites\/39\/Laboratoria\/Pracownia-mikroskopowa-2_2.jpg<\/span> <\/a><a data-fancybox-group=\"button\" title=\"\" data-fancybox=\"8357\" href=\"https:\/\/us.edu.pl\/instytut\/ifiz\/wp-content\/uploads\/sites\/39\/Laboratoria\/Pracownia-mikroskopowa-2_1.jpg\" class=\"gallery__item thumbnail\"\r\n                                    style=\"background-image: url(https:\/\/us.edu.pl\/instytut\/ifiz\/wp-content\/uploads\/sites\/39\/Laboratoria\/Pracownia-mikroskopowa-2_1-1024x576.jpg)\"> <span class=\"d-none\">https:\/\/us.edu.pl\/instytut\/ifiz\/wp-content\/uploads\/sites\/39\/Laboratoria\/Pracownia-mikroskopowa-2_1.jpg<\/span> <\/a><a data-fancybox-group=\"button\" title=\"\" data-fancybox=\"8357\" href=\"https:\/\/us.edu.pl\/instytut\/ifiz\/wp-content\/uploads\/sites\/39\/Laboratoria\/Pracownia-mikroskopowa-2_3-e1587638097888.jpg\" class=\"gallery__item thumbnail\"\r\n                                    style=\"background-image: url(https:\/\/us.edu.pl\/instytut\/ifiz\/wp-content\/uploads\/sites\/39\/Laboratoria\/Pracownia-mikroskopowa-2_3-e1587638039644-576x1024.jpg)\"> <span class=\"d-none\">https:\/\/us.edu.pl\/instytut\/ifiz\/wp-content\/uploads\/sites\/39\/Laboratoria\/Pracownia-mikroskopowa-2_3-e1587638097888.jpg<\/span> <\/a>\r\n                            <\/div>\r\n                    <\/div>\r\n                <\/div>[\/vc_column][\/vc_row]<\/p>","protected":false},"excerpt":{"rendered":"<p>[vc_row][vc_column][\/vc_column][\/vc_row] [&#8230;]<\/p>\n<p><a class=\"btn btn-secondary understrap-read-more-link\" href=\"https:\/\/us.edu.pl\/instytut\/ifiz\/nauka\/laboratoria\/pracownia-mikroskopowa-ii\/\">Read More&#8230;<\/a><\/p>\n","protected":false},"author":104,"featured_media":0,"parent":1177,"menu_order":271,"comment_status":"closed","ping_status":"closed","template":"","meta":{"_expiration-date-status":"","_expiration-date":0,"_expiration-date-type":"","_expiration-date-categories":[],"_expiration-date-options":[]},"acf":[],"_links":{"self":[{"href":"https:\/\/us.edu.pl\/instytut\/ifiz\/wp-json\/wp\/v2\/pages\/1593"}],"collection":[{"href":"https:\/\/us.edu.pl\/instytut\/ifiz\/wp-json\/wp\/v2\/pages"}],"about":[{"href":"https:\/\/us.edu.pl\/instytut\/ifiz\/wp-json\/wp\/v2\/types\/page"}],"author":[{"embeddable":true,"href":"https:\/\/us.edu.pl\/instytut\/ifiz\/wp-json\/wp\/v2\/users\/104"}],"replies":[{"embeddable":true,"href":"https:\/\/us.edu.pl\/instytut\/ifiz\/wp-json\/wp\/v2\/comments?post=1593"}],"version-history":[{"count":0,"href":"https:\/\/us.edu.pl\/instytut\/ifiz\/wp-json\/wp\/v2\/pages\/1593\/revisions"}],"up":[{"embeddable":true,"href":"https:\/\/us.edu.pl\/instytut\/ifiz\/wp-json\/wp\/v2\/pages\/1177"}],"wp:attachment":[{"href":"https:\/\/us.edu.pl\/instytut\/ifiz\/wp-json\/wp\/v2\/media?parent=1593"}],"curies":[{"name":"wp","href":"https:\/\/api.w.org\/{rel}","templated":true}]}}