{"id":162,"date":"2019-11-14T16:48:31","date_gmt":"2019-11-14T15:48:31","guid":{"rendered":"http:\/\/us.edu.pl\/instytut\/ifiz\/?page_id=162"},"modified":"2026-02-09T13:48:19","modified_gmt":"2026-02-09T12:48:19","slug":"nauka","status":"publish","type":"page","link":"https:\/\/us.edu.pl\/instytut\/ifiz\/nauka\/","title":{"rendered":"Nauka"},"content":{"rendered":"<p>[vc_row][vc_column]\r\n                <div class=\"text-modules \">\r\n                    <div class=\"container\">\r\n                        <h3 class=\"section-title section-title_border-bottom\">Nauka i badania w Instytucie Fizyki im. Augusta Che\u0142kowskiego <\/h3> <h3 class=\"subtitle text-modules__subtitle\">\u2013 \u0142\u0105czymy nauki \u015bcis\u0142e i technologie przysz\u0142o\u015bci, prowadz\u0105c interdyscyplinarne badania od fundament\u00f3w po innowacyjne zastosowania, rozpoznawalne w Polsce i na \u015bwiecie.<\/h3>\r\n                        <div class=\"row m-0\">\r\n                            <div class=\"text-modules__content\">\r\n                                <\/p>\n<h1><span style=\"font-size: 12pt;\"><strong>Wyzwania wsp\u00f3\u0142czesnej nauki i interdyscyplinarno\u015b\u0107 bada\u0144<\/strong><\/span><\/h1>\n<p>W chwili obecnej, gdy nast\u0119puje gwa\u0142towny post\u0119p techniki nap\u0119dzany rozwojem nauki, zmianie ulega rola instytucji zajmuj\u0105cych si\u0119 badaniami naukowymi i kszta\u0142ceniem w zakresie nauk \u015bcis\u0142ych. W szczeg\u00f3lno\u015bci, coraz cz\u0119\u015bciej prace badawcze prowadzone s\u0105 na styku r\u00f3\u017cnych dyscyplin nauki: fizyki, chemii, informatyki i in\u017cynierii materia\u0142owej oraz na pograniczu tzw. bada\u0144 podstawowych oraz aplikacyjnych. \r\n                                <div class=\"mt-3\"><\/div>\r\n                            <\/div>\r\n                            \r\n                            <div class=\"text-modules__img\"><img src=\"https:\/\/us.edu.pl\/instytut\/ifiz\/wp-content\/uploads\/sites\/39\/Bez-kategorii\/fot.-Tomasz-Kielkowski-63-1024x683.jpg\" alt=\"img\"><\/div>\r\n                        <\/div>\r\n                    <\/div>\r\n                <\/div>[\/vc_column][\/vc_row][vc_row][vc_column]\r\n                <div class=\"text-modules\">\r\n                    <div class=\"container\">\r\n                        \r\n                        <div class=\"text-modules__content\"><\/p>\n<h1><span style=\"font-size: 12pt;\"><strong>Kluczowe obszary badawcze<\/strong><\/span><\/h1>\n<p>Instytut Fizyki im. Augusta Che\u0142kowskiego b\u0119d\u0105cy cz\u0119\u015bci\u0105 Wydzia\u0142u Nauk \u015acis\u0142ych i Technicznych, ulokowany w chorzowskim kampusie Uniwersytetu \u015al\u0105skiego wychodzi na przeciw tym zmianom, co sprawia, \u017ce jest instytucj\u0105 rozpoznawaln\u0105 tak w Polsce jak i na \u015awiecie. Nale\u017cy podkre\u015bli\u0107, \u017ce o tej rozpoznawalno\u015bci Instytutu w \u015bwiecie nauki w du\u017cej mierze decyduje w\u0142a\u015bciwy dob\u00f3r temat\u00f3w badawczych realizowanych przez jego pracownik\u00f3w s\u0105 to m.in.: fizyka teoretyczna cz\u0105stek elementarnych i do\u015bwiadczalna fizyka j\u0105drowa, fizyka materii skondensowanej, biofizyka i fizyka medyczna, modelowanie i otrzymywanie substancji farmakologicznych oraz tworzenie nowatorskich lek\u00f3w amorficznych, komputerowe modelowanie w\u0142asno\u015bci materii mi\u0119kkiej, fizykochemia reakcji syntezy i polimeryzacji wysokoci\u015bnieniowej czy fizyczne aspekty kwantowych metod przetwarzania informacji.<\/p>\n<p>\n<\/div>\r\n                    <\/div>\r\n                <\/div>[\/vc_column][\/vc_row][vc_row][vc_column]\r\n                <div class=\"text-modules reverse\">\r\n                    <div class=\"container\">\r\n                         \r\n                        <div class=\"row m-0\">\r\n                            <div class=\"text-modules__content\">\r\n                                <\/p>\n<h1><span style=\"font-size: 12pt;\"><strong>Zespo\u0142y badawcze i wsp\u00f3\u0142praca<\/strong><\/span><\/h1>\n<p>Wszystkie prace badawcze prowadzone s\u0105 w kilkunastu Zespo\u0142ach Badawczych, w sk\u0142ad kt\u00f3rych wchodz\u0105 zar\u00f3wno pracownicy Wydzia\u0142u jak i doktoranci i studenci oraz przez indywidualnych badaczy. \r\n                                <div class=\"mt-3\"><\/div>\r\n                            <\/div>\r\n                            \r\n                            <div class=\"text-modules__img\"><img src=\"https:\/\/us.edu.pl\/instytut\/ifiz\/wp-content\/uploads\/sites\/39\/Bez-kategorii\/KampusChorzow-300x156.png\" alt=\"img\"><\/div>\r\n                        <\/div>\r\n                    <\/div>\r\n                <\/div>[\/vc_column][\/vc_row]<\/p>","protected":false},"excerpt":{"rendered":"<p>[vc_row][vc_column][\/vc_column][\/vc_row][vc_row][vc_column][\/vc_column][\/vc_row][vc_row][vc_column][\/vc_column][\/vc_row] [&#8230;]<\/p>\n<p><a class=\"btn btn-secondary understrap-read-more-link\" href=\"https:\/\/us.edu.pl\/instytut\/ifiz\/nauka\/\">Read More&#8230;<\/a><\/p>\n","protected":false},"author":104,"featured_media":0,"parent":0,"menu_order":10,"comment_status":"closed","ping_status":"closed","template":"page-templates\/inner-page.php","meta":{"_expiration-date-status":"saved","_expiration-date":0,"_expiration-date-type":"","_expiration-date-categories":[],"_expiration-date-options":[]},"acf":[],"_links":{"self":[{"href":"https:\/\/us.edu.pl\/instytut\/ifiz\/wp-json\/wp\/v2\/pages\/162"}],"collection":[{"href":"https:\/\/us.edu.pl\/instytut\/ifiz\/wp-json\/wp\/v2\/pages"}],"about":[{"href":"https:\/\/us.edu.pl\/instytut\/ifiz\/wp-json\/wp\/v2\/types\/page"}],"author":[{"embeddable":true,"href":"https:\/\/us.edu.pl\/instytut\/ifiz\/wp-json\/wp\/v2\/users\/104"}],"replies":[{"embeddable":true,"href":"https:\/\/us.edu.pl\/instytut\/ifiz\/wp-json\/wp\/v2\/comments?post=162"}],"version-history":[{"count":0,"href":"https:\/\/us.edu.pl\/instytut\/ifiz\/wp-json\/wp\/v2\/pages\/162\/revisions"}],"wp:attachment":[{"href":"https:\/\/us.edu.pl\/instytut\/ifiz\/wp-json\/wp\/v2\/media?parent=162"}],"curies":[{"name":"wp","href":"https:\/\/api.w.org\/{rel}","templated":true}]}}