{"id":165,"date":"2019-11-14T16:50:29","date_gmt":"2019-11-14T15:50:29","guid":{"rendered":"http:\/\/us.edu.pl\/instytut\/ifiz\/?page_id=165"},"modified":"2023-07-19T11:54:41","modified_gmt":"2023-07-19T09:54:41","slug":"kontakt","status":"publish","type":"page","link":"https:\/\/us.edu.pl\/instytut\/ifiz\/kontakt\/","title":{"rendered":"Kontakt"},"content":{"rendered":"<p>[vc_row el_class=&#8221;container&#8221;][vc_column]\r\n                <div class=\"text-modules\">\r\n                    <div class=\"container\">\r\n                        \r\n                        <div class=\"text-modules__content\"><p><strong>Adresy:<\/strong><\/p>\n<p><strong>BIURO EWALUACJI I OBS\u0141UGI INSTYTUTU<\/strong><\/p>\n<p><strong>mgr Agnieszka Jankowska<\/strong><\/p>\n<p>Instytut Fizyki im. Augusta Che\u0142kowskiego<br \/>\nUniwersytetu \u015al\u0105skiego<br \/>\nul. 75 Pu\u0142ku Piechoty 1<br \/>\n41-500 Chorz\u00f3w<br \/>\ntel: 32 349 38 75<br \/>\ne-mail: <a href=\"mailto:ifiz.wnst@us.edu.pl\">ifiz.wnst@us.edu.pl<\/a><\/p>\n<p><strong>DZIEKANAT<\/strong><\/p>\n<p><strong>mgr Anna Milejska<\/strong><\/p>\n<p>Instytut Fizyki im. Augusta Che\u0142kowskiego<br \/>\nUniwersytetu \u015al\u0105skiego<br \/>\nul. 75 Pu\u0142ku Piechoty 1a, pok. P\/0\/12<br \/>\n41-500 Chorz\u00f3w<br \/>\ntel: 32 349 76 08<br \/>\ne-mail: <a href=\"mailto:anna.milejska@us.edu.pl\">anna.milejska@us.edu.pl<\/a><\/p>\n<p><a href=\"https:\/\/www.google.pl\/maps\/@50.2947406,18.93335,17.5z\/data=!4m3!11m2!2sak7NFaV9rcVwfPUnqYPXK3dBpcmo2g!3e3\">Lokalizacja na mapie Google<\/a><\/p>\n<\/div>\r\n                    <\/div>\r\n                <\/div>\r\n                <div class=\"text-modules\">\r\n                    <div class=\"container\">\r\n                        \r\n                        <div class=\"text-modules__content\"><p>Dojazd z Katowic autobusami linii:<\/p>\n<ul>\n<li>840 z przystanku <em>Katowice Mickiewicza<\/em> &#8211; nale\u017cy wysi\u0105\u015b\u0107 na przystanku <em>Chorz\u00f3w Centrum Edukacji<\/em><\/li>\n<li>M24 z przystanku <em>Katowice Mickiewicza<\/em> &#8211; nale\u017cy wysi\u0105\u015b\u0107 na przystanku <em>Chorz\u00f3w Nomiarki\u00a0<\/em>i 5 min. pieszo w kierunku ul. 75 Pu\u0142ku Piechoty<\/li>\n<li>632 z\u00a0przystanku\u00a0<em>Katowice\u00a0plac\u00a0Andrzeja<\/em>\u00a0\u00a0&#8211; nale\u017cy wysi\u0105\u015b\u0107 na przystanku <em>Chorz\u00f3w Gwarecka<\/em><\/li>\n<\/ul>\n<p>Aktualne rozk\u0142ady jazdy mo\u017cna znale\u017a\u0107 na stronie <a href=\"https:\/\/rj.metropoliaztm.pl\/\">ZTM<\/a><\/p>\n<\/div>\r\n                    <\/div>\r\n                <\/div>[\/vc_column][\/vc_row]<\/p>","protected":false},"excerpt":{"rendered":"<p>[vc_row el_class=&#8221;container&#8221;][vc_column][\/vc_column][\/vc_row] [&#8230;]<\/p>\n<p><a class=\"btn btn-secondary understrap-read-more-link\" href=\"https:\/\/us.edu.pl\/instytut\/ifiz\/kontakt\/\">Read More&#8230;<\/a><\/p>\n","protected":false},"author":104,"featured_media":0,"parent":0,"menu_order":20,"comment_status":"closed","ping_status":"closed","template":"","meta":{"_expiration-date-status":"","_expiration-date":0,"_expiration-date-type":"","_expiration-date-categories":[],"_expiration-date-options":[]},"acf":[],"_links":{"self":[{"href":"https:\/\/us.edu.pl\/instytut\/ifiz\/wp-json\/wp\/v2\/pages\/165"}],"collection":[{"href":"https:\/\/us.edu.pl\/instytut\/ifiz\/wp-json\/wp\/v2\/pages"}],"about":[{"href":"https:\/\/us.edu.pl\/instytut\/ifiz\/wp-json\/wp\/v2\/types\/page"}],"author":[{"embeddable":true,"href":"https:\/\/us.edu.pl\/instytut\/ifiz\/wp-json\/wp\/v2\/users\/104"}],"replies":[{"embeddable":true,"href":"https:\/\/us.edu.pl\/instytut\/ifiz\/wp-json\/wp\/v2\/comments?post=165"}],"version-history":[{"count":0,"href":"https:\/\/us.edu.pl\/instytut\/ifiz\/wp-json\/wp\/v2\/pages\/165\/revisions"}],"wp:attachment":[{"href":"https:\/\/us.edu.pl\/instytut\/ifiz\/wp-json\/wp\/v2\/media?parent=165"}],"curies":[{"name":"wp","href":"https:\/\/api.w.org\/{rel}","templated":true}]}}