{"id":1759,"date":"2020-06-01T13:03:34","date_gmt":"2020-06-01T11:03:34","guid":{"rendered":"https:\/\/us.edu.pl\/instytut\/ifiz\/?page_id=1759"},"modified":"2021-01-20T19:51:23","modified_gmt":"2021-01-20T18:51:23","slug":"badania-ukladow-kilku-nukleonow","status":"publish","type":"page","link":"https:\/\/us.edu.pl\/instytut\/ifiz\/nauka\/zespoly-badawcze\/fizyka-jadrowa-w-badaniach-oddzialywan-i-jej-zastosowania\/badania-ukladow-kilku-nukleonow\/","title":{"rendered":"Badania uk\u0142ad\u00f3w kilku nukleon\u00f3w"},"content":{"rendered":"<p><\/p>\n<p>[vc_row el_class=&#8221;container&#8221;][vc_column][vc_row_inner][vc_column_inner width=&#8221;1\/4&#8243;]\r\n                <div class=\"text-modules\">\r\n                    <div class=\"container\">\r\n                        \r\n                        <div class=\"text-modules__content\"><p>Grupa badawcza:<\/p>\n<ul>\n<li><a href=\"https:\/\/ab.us.edu.pl\/emp?id=26042\">dr hab. El\u017cbieta Stephan<\/a><\/li>\n<li><a href=\"https:\/\/ab.us.edu.pl\/emp?id=14822\">dr hab. Barbara K\u0142os<\/a><\/li>\n<li><a href=\"https:\/\/ab.us.edu.pl\/emp?id=52492\">dr Andrzej Wilczek<\/a><\/li>\n<li>mgr in\u017c. Angelina \u0141obejko<\/li>\n<li>mgr in\u017c. Albert Szadzi\u0144ski<\/li>\n<\/ul>\n<p>\n<\/div>\r\n                    <\/div>\r\n                <\/div>[\/vc_column_inner][vc_column_inner width=&#8221;3\/4&#8243;]\r\n                <div class=\"text-modules\">\r\n                    <div class=\"container\">\r\n                        \r\n                        <div class=\"text-modules__content\"><\/p>\n<h4>Badania uk\u0142ad\u00f3w kilku nukleon\u00f3w<\/h4>\n<p>Badania uk\u0142ad\u00f3w kilku nukleon\u00f3w le\u017c\u0105 u podstaw fizyki j\u0105drowej i s\u0105 niezb\u0119dne dla zrozumienia oddzia\u0142ywa\u0144 j\u0105drowych, w\u0142asno\u015bci j\u0105der i mechanizm\u00f3w reakcji j\u0105drowych. Nasza grupa zajmuje si\u0119 eksperymentalnymi badaniami uk\u0142ad\u00f3w trzech i czterech nukleon\u00f3w.<\/p>\n<p>G\u0142\u00f3wnym przedmiotem zainteresowa\u0144 s\u0105 tzw. reakcje breakupu, w kt\u00f3rych deuteron ulega rozbiciu w wyniku zderzenia z protonem lub deuteronem i rola, jak\u0105 odgrywa w tych procesach tzw. si\u0142a 3-nukleonowa. Pomiary obserwabli by\u0142y wykonywane przy pomocy detektora BINA w o\u015brodku KVI (obecnie KVI-CART, Groningen, Holandia) oraz przy pomocy detektora WASA na akceleratorze COSY (FZ-Juelich, Niemcy), a teraz s\u0105 kontynuowane w Centrum Cyklotronowym Bronowice IFJ PAN w Krakowie z wykorzystaniem przeniesionego z Holandii uk\u0142adu detekcyjnego BINA<\/p>\n<p>&nbsp;<\/p>\n<h4>Wi\u0119cej informacji na stronie:<\/h4>\n<p><a href=\"https:\/\/fenu-exp.us.edu.pl\/\">https:\/\/fenu-exp.us.edu.pl\/<\/a><\/p>\n<p>&nbsp;<\/p>\n<h4>Tematy prac dyplomowych:<\/h4>\n<ul>\n<li><a href=\"https:\/\/fenu-exp.us.edu.pl\/pl\/students.html\">Informatyka Stosowana (in\u017c.)<\/a><\/li>\n<li><a href=\"https:\/\/us.edu.pl\/instytut\/ifiz\/wp-content\/uploads\/sites\/39\/Nieprzypisane\/fizyka_tematyPrac2020_21.pdf\" class=\"mtli_attachment mtli_pdf\" data-mtli=\"mtli_filesize51,79kB\" class=\"mtli_attachment mtli_pdf\" data-mtli=\"mtli_filesize51,79kB\">Fizyka, Fizyka Medyczna etc.<\/a><\/li>\n<\/ul>\n<p>\n<style type=\"text\/css\">a[data-mtli~=\"mtli_filesize51,79kB\"]:after {content:\" (51,79 kB)\"}<\/style><\/div>\r\n                    <\/div>\r\n                <\/div>[\/vc_column_inner][\/vc_row_inner][\/vc_column][\/vc_row]<\/p>\n<p><\/p>\n<style type=\"text\/css\">a[data-mtli~=\"mtli_filesize51,79kB\"]:after {content:\" (51,79 kB)\"}<\/style>","protected":false},"excerpt":{"rendered":"<p>[vc_row el_class=&#8221;container&#8221;][vc_column][vc_row_inner][vc_column_inner width=&#8221;1\/4&#8243;][\/vc_column_inner][vc_column_inner width=&#8221;3\/4&#8243;][\/vc_column_inner][\/vc_row_inner][\/vc_column][\/vc_row] [&#8230;]<\/p>\n<p><a class=\"btn btn-secondary understrap-read-more-link\" href=\"https:\/\/us.edu.pl\/instytut\/ifiz\/nauka\/zespoly-badawcze\/fizyka-jadrowa-w-badaniach-oddzialywan-i-jej-zastosowania\/badania-ukladow-kilku-nukleonow\/\">Read More&#8230;<\/a><\/p>\n","protected":false},"author":104,"featured_media":0,"parent":1416,"menu_order":0,"comment_status":"closed","ping_status":"closed","template":"","meta":{"_expiration-date-status":"saved","_expiration-date":0,"_expiration-date-type":"","_expiration-date-categories":[],"_expiration-date-options":[]},"acf":[],"_links":{"self":[{"href":"https:\/\/us.edu.pl\/instytut\/ifiz\/wp-json\/wp\/v2\/pages\/1759"}],"collection":[{"href":"https:\/\/us.edu.pl\/instytut\/ifiz\/wp-json\/wp\/v2\/pages"}],"about":[{"href":"https:\/\/us.edu.pl\/instytut\/ifiz\/wp-json\/wp\/v2\/types\/page"}],"author":[{"embeddable":true,"href":"https:\/\/us.edu.pl\/instytut\/ifiz\/wp-json\/wp\/v2\/users\/104"}],"replies":[{"embeddable":true,"href":"https:\/\/us.edu.pl\/instytut\/ifiz\/wp-json\/wp\/v2\/comments?post=1759"}],"version-history":[{"count":0,"href":"https:\/\/us.edu.pl\/instytut\/ifiz\/wp-json\/wp\/v2\/pages\/1759\/revisions"}],"up":[{"embeddable":true,"href":"https:\/\/us.edu.pl\/instytut\/ifiz\/wp-json\/wp\/v2\/pages\/1416"}],"wp:attachment":[{"href":"https:\/\/us.edu.pl\/instytut\/ifiz\/wp-json\/wp\/v2\/media?parent=1759"}],"curies":[{"name":"wp","href":"https:\/\/api.w.org\/{rel}","templated":true}]}}