{"id":1905,"date":"2020-07-13T11:45:07","date_gmt":"2020-07-13T09:45:07","guid":{"rendered":"https:\/\/us.edu.pl\/instytut\/ifiz\/?page_id=1905"},"modified":"2026-03-06T15:13:57","modified_gmt":"2026-03-06T14:13:57","slug":"pracownia-syntezy-ceramik-i-hodowli-krysztalow","status":"publish","type":"page","link":"https:\/\/us.edu.pl\/instytut\/ifiz\/nauka\/laboratoria\/pracownia-syntezy-ceramik-i-hodowli-krysztalow\/","title":{"rendered":"Pracownia syntezy ceramik i hodowli kryszta\u0142\u00f3w"},"content":{"rendered":"<p>[vc_row][vc_column]\r\n                <div class=\"text-modules\">\r\n                    <div class=\"container\">\r\n                        <h3 class=\"page-title text__title\">Pracownia syntezy ceramik i hodowli kryszta\u0142\u00f3w<\/h3>\r\n                        <div class=\"text-modules__content\"><p><strong>Kierownik:<\/strong>\u00a0 prof. dr hab. Krystian Roleder, <a href=\"mailto:krystian.roleder@us.edu.pl\">krystian.roleder@us.edu.pl<\/a><\/p>\n<p><strong>Opiekun: <\/strong>mgr Irena Gruszka, <a href=\"mailto:irena.gruszka@us.edu.pl\">irena.gruszka@us.edu.pl<\/a><\/p>\n<p><strong>Tel.\/Phone:<\/strong> +32 349 3811<\/p>\n<p><strong>Lokalizacja:<\/strong> 006 (budynek L)<\/p>\n<p>&nbsp;<\/p>\n<h3>O NAS<\/h3>\n<p>W pracowni uzyskuje si\u0119 z\u0142o\u017cone materia\u0142y tlenkowe w postaci monokrystalicznej, jak r\u00f3wnie\u017c polikrystalicznej. W tym celu wykorzystuje si\u0119 r\u00f3\u017cne metody syntezy ceramik oraz hodowli kryszta\u0142\u00f3w. Prowadzone badania charakteryzuje interdyscyplinarno\u015b\u0107 \u0142\u0105cz\u0105ca wiedz\u0119<br \/>\ni umiej\u0119tno\u015bci z pogranicza chemii i fizyki.<\/p>\n<h3>NASZA APARATURA<\/h3>\n<ul>\n<li>Piec kantalowy VMK 1600;<\/li>\n<li>Piec laboratoryjny komorowy FCF 10HM;<\/li>\n<li>Piece sylitowe.<\/li>\n<\/ul>\n<h3>TEMATYKA BADAWCZA<\/h3>\n<ul>\n<li>Synteza polikrystalicznych materia\u0142\u00f3w ceramicznych o strukturze perowskitu typu ABO<sub>3 <\/sub>oraz o strukturze szelitu (wolframitu) typu ABO<sub>4,<\/sub><\/li>\n<li>Synteza ferrolelektryk\u00f3w z rozmyt\u0105 przemian\u0105 fazow\u0105 oraz relaksor\u00f3w,<\/li>\n<li>Przeprowadzanie skomplikowanych hodowli monokryszta\u0142\u00f3w na bazie podw\u00f3jnych tlenk\u00f3w (np. PbHfO<sub>3<\/sub>, PbZrO<sub>3<\/sub> ) i roztwor\u00f3w sta\u0142ych (np. PbZr<sub>(1-x)<\/sub>Ti<sub>x<\/sub>O<sub>3<\/sub>)<br \/>\nz zastosowaniem odpowiedniego systemu rozpuszczalnik\u00f3w.<\/li>\n<\/ul>\n<h3>ZAKRES US\u0141UG<\/h3>\n<p>Pracownia jest wyposa\u017cona w wysokotemperaturowe piece sylitowe i kantalowe. W wyniku przeprowadzenia reakcji syntezy w fazie sta\u0142ej otrzymuje si\u0119 polikrystaliczne materia\u0142y ceramiczne. Ponadto mo\u017cliwa jest wysokotemperaturowa hodowla monokryszta\u0142\u00f3w zar\u00f3wno w kr\u00f3tkim jak i d\u0142ugim przedziale czasowym.<\/p>\n<\/div>\r\n                    <\/div>\r\n                <\/div>            \r\n                    <div class=\"container\">\r\n                        <div class=\"gallery gallery_3\" data-images-in-row=\"3\">\r\n                            \r\n                            <div class=\"row m-0\">\r\n                                <a data-fancybox-group=\"button\" title=\"\" data-fancybox=\"7049\" href=\"https:\/\/us.edu.pl\/instytut\/ifiz\/wp-content\/uploads\/sites\/39\/Laboratoria\/Pracownia-syntezy-ceramik-i-hodowli-kryszta\u0142\u00f3w_1.jpg\" class=\"gallery__item thumbnail\"\r\n                                    style=\"background-image: url(https:\/\/us.edu.pl\/instytut\/ifiz\/wp-content\/uploads\/sites\/39\/Laboratoria\/Pracownia-syntezy-ceramik-i-hodowli-kryszta\u0142\u00f3w_1-1024x544.jpg)\"> <span class=\"d-none\">https:\/\/us.edu.pl\/instytut\/ifiz\/wp-content\/uploads\/sites\/39\/Laboratoria\/Pracownia-syntezy-ceramik-i-hodowli-kryszta\u0142\u00f3w_1.jpg<\/span> <\/a>\r\n                            <\/div>\r\n                    <\/div>\r\n                <\/div>[\/vc_column][\/vc_row]<\/p>","protected":false},"excerpt":{"rendered":"<p>[vc_row][vc_column][\/vc_column][\/vc_row] [&#8230;]<\/p>\n<p><a class=\"btn btn-secondary understrap-read-more-link\" href=\"https:\/\/us.edu.pl\/instytut\/ifiz\/nauka\/laboratoria\/pracownia-syntezy-ceramik-i-hodowli-krysztalow\/\">Read More&#8230;<\/a><\/p>\n","protected":false},"author":104,"featured_media":0,"parent":1177,"menu_order":283,"comment_status":"closed","ping_status":"closed","template":"","meta":{"_expiration-date-status":"","_expiration-date":0,"_expiration-date-type":"","_expiration-date-categories":[],"_expiration-date-options":[]},"acf":[],"_links":{"self":[{"href":"https:\/\/us.edu.pl\/instytut\/ifiz\/wp-json\/wp\/v2\/pages\/1905"}],"collection":[{"href":"https:\/\/us.edu.pl\/instytut\/ifiz\/wp-json\/wp\/v2\/pages"}],"about":[{"href":"https:\/\/us.edu.pl\/instytut\/ifiz\/wp-json\/wp\/v2\/types\/page"}],"author":[{"embeddable":true,"href":"https:\/\/us.edu.pl\/instytut\/ifiz\/wp-json\/wp\/v2\/users\/104"}],"replies":[{"embeddable":true,"href":"https:\/\/us.edu.pl\/instytut\/ifiz\/wp-json\/wp\/v2\/comments?post=1905"}],"version-history":[{"count":0,"href":"https:\/\/us.edu.pl\/instytut\/ifiz\/wp-json\/wp\/v2\/pages\/1905\/revisions"}],"up":[{"embeddable":true,"href":"https:\/\/us.edu.pl\/instytut\/ifiz\/wp-json\/wp\/v2\/pages\/1177"}],"wp:attachment":[{"href":"https:\/\/us.edu.pl\/instytut\/ifiz\/wp-json\/wp\/v2\/media?parent=1905"}],"curies":[{"name":"wp","href":"https:\/\/api.w.org\/{rel}","templated":true}]}}