{"id":2102,"date":"2020-10-20T11:51:37","date_gmt":"2020-10-20T09:51:37","guid":{"rendered":"https:\/\/us.edu.pl\/instytut\/ifiz\/?page_id=2102"},"modified":"2021-02-28T20:06:24","modified_gmt":"2021-02-28T19:06:24","slug":"rok-fizyki-2020","status":"publish","type":"page","link":"https:\/\/us.edu.pl\/instytut\/ifiz\/rok-fizyki-2020\/","title":{"rendered":"Rok Fizyki 2020"},"content":{"rendered":"<p>[vc_row el_class=&#8221;container&#8221;][vc_column]\r\n                <div class=\"text-modules\">\r\n                    <div class=\"container\">\r\n                        <h3 class=\"page-title text__title\">2020 Rokiem Fizyki \u2013 panel dyskusyjny<\/h3>\r\n                        <div class=\"text-modules__content\"><\/p>\n<p style=\"text-align: justify\">Fizyka jest nauk\u0105, kt\u00f3rej koncepcje i techniki stanowi\u0105 baz\u0119 rozwoju wielu innych ga\u0142\u0119zi nauki i gospodarki, w tym sektora zdrowia, rolnictwa, energii czy technologii informacyjnych. Odkrycia, poszukiwanie pierwotnych przyczyn obserwowanych zjawisk i g\u0142\u0119bia ich wyja\u015bnienia ale tak\u017ce kwestionowanie otrzymanej wiedzy i krytyczne artyku\u0142owanie nowych idei to codzienno\u015b\u0107 pracy fizyk\u00f3w na ca\u0142ym \u015bwiecie. To w\u0142a\u015bnie odkrywanie z\u0142o\u017cono\u015bci wszech\u015bwiata od najmniejszej do najwi\u0119kszej skali w tym rozwi\u0105zywanie fundamentalnych problem\u00f3w fizyki s\u0105 podstaw\u0105 rozwoju technologicznego naszej cywilizacji.<\/p>\n<p>\n<\/div>\r\n                    <\/div>\r\n                <\/div>[vc_single_image image=&#8221;2169&#8243; img_size=&#8221;large&#8221; alignment=&#8221;center&#8221; onclick=&#8221;link_image&#8221; css_animation=&#8221;none&#8221;]\r\n                <div class=\"text-modules\">\r\n                    <div class=\"container\">\r\n                        \r\n                        <div class=\"text-modules__content\"><\/p>\n<p style=\"text-align: justify\">Ostatnie dziesi\u0119ciolecia obfitowa\u0142y w wielkie odkrycia, prze\u0142omowe teorie i wynikaj\u0105cy z nich niewiarygodnie szybki rozw\u00f3j r\u00f3\u017cnorakich technologii \u2013 technologii, z kt\u00f3rych aktualnie korzystamy. Niemniej jednak nie oznacza to zbli\u017cania si\u0119 do granic poznawczych fizyki. Wr\u0119cz przeciwnie, ju\u017c nie tylko ciekawo\u015b\u0107 praw natury ale tak\u017ce potrzeby cywilizacyjne s\u0105 si\u0142\u0105 nap\u0119dow\u0105 dalszego rozwoju. Niezmiernie pomocne w procesie zg\u0142\u0119biania natury \u015bwiata i zaspokajania potrzeb spo\u0142ecze\u0144stwa s\u0105 wsp\u00f3\u0142czesne mo\u017cliwo\u015bci analityczne i rozwi\u0105zania technologiczne. Obecnie badania naukowe prowadzone s\u0105 w szerokim spektrum tematycznym; od bada\u0144 egzotycznych materia\u0142\u00f3w i ich zastosowa\u0144 w medycynie, rolnictwie, ochronie \u015brodowiska czy elektronice, poprzez bardziej fundamentalne badania kwantowej teorii grawitacji, cz\u0105stek elementarnych, natury ciemnej materii i ciemnej energii, czy optyk\u0119 kwantow\u0105, sztuczn\u0105 inteligencj\u0119, uczenie maszynowe i Internet rzeczy (IoT).<\/p>\n<p style=\"text-align: justify\">R\u00f3wnie\u017c polscy naukowcy maj\u0105 sw\u00f3j udzia\u0142 w prze\u0142omowych odkryciach i aktualnych badaniach naukowych. W roku 2020 obchodzimy <strong>100 lecie dzia\u0142alno\u015bci Polskiego Towarzystwa Fizycznego<\/strong>, z tej okazji odby\u0142 si\u0119 Nadzwyczajny Zjazd Fizyk\u00f3w Polskich w trakcie, kt\u00f3rego uhonorowano wybitnych polskich naukowc\u00f3w i podsumowano dzia\u0142alno\u015b\u0107 Polskiego Towarzystwa Fizycznego. <strong>Rok 2020<\/strong> zosta\u0142 ustanowiony przez Senat Rzeczpospolitej Polskiej <strong>Rokiem Fizyki w Polce<\/strong>, rok 2020 zgodnie z brzmieniem <a href=\"http:\/\/isap.sejm.gov.pl\/isap.nsf\/download.xsp\/WMP20190001043\/O\/M20191043.pdf\" class=\"mtli_attachment mtli_pdf\" class=\"mtli_attachment mtli_pdf\">Uchwa\u0142y Senatu<\/a> jest \u201e<em>uhonorowaniem polskich fizyk\u00f3w i\u00a0ich osi\u0105gni\u0119\u0107, a\u00a0tak\u017ce docenieniem cywilizacyjnego znaczenia tej dziedziny nauki<\/em>\u201d.<\/p>\n<p style=\"text-align: justify\"><strong>Z tej okazji Instytut Fizyki im. Augusta Che\u0142kowskiego oraz Katowicki Oddzia\u0142 Polskiego Towarzystwa Fizycznego zapraszaj\u0105 na dwudniow\u0105 konferencj\u0119 \u201e2020 Rokiem Fizyki \u2013 panel dyskusyjny\u201d.<\/strong><\/p>\n<p style=\"text-align: justify\">Konferencja odb\u0119dzie si\u0119 w dniach <strong>3-4.12.2020 r.<\/strong>, wydarzenie transmitowane b\u0119dzie online poprzez kana\u0142 YouTube telewizji Uniwersytetu \u015al\u0105skiego \u2013 U\u015a TV.<\/p>\n<p style=\"text-align: justify\"><strong>Program wydarzenia<\/strong> obejmuje <strong>szereg wyk\u0142ad\u00f3w<\/strong> naukowc\u00f3w z Uniwersytetu \u015al\u0105skiego oraz zaproszonych go\u015bci z kraju i zagranicy dotycz\u0105cych najnowszych bada\u0144 naukowych z fizyki i nauk pokrewnych realizowanych w Instytucie Fizyki U\u015a, w Polsce i na \u015bwiecie. W programie przewidziano r\u00f3wnie\u017c\u00a0 <strong>dyskusj\u0119 panelow\u0105<\/strong> podsumowuj\u0105c\u0105 rok 2020 i bie\u017c\u0105ce badania naukowe z zakresu szeroko rozumianej fizyki.<\/p>\n<p style=\"text-align: justify\">Honorowy patronat nad wydarzeniem obj\u0119li JM Rektor Uniwersytetu \u015al\u0105skiego w Katowicach Prof. dr hab. Ryszard Kozio\u0142ek, oraz Dziekan Wydzia\u0142u Nauk \u015acis\u0142ych i Technicznych Prof. dr hab. Danuta Str\u00f3\u017c.<\/p>\n<p>&nbsp;<\/p>\n<p>Zapraszamy do udzia\u0142u w wydarzeniu!<\/p>\n<p>Dyrekcja Instytutu Fizyki<br \/>\nDr hab. Sebastian Pawlus, Prof. U\u015a &#8211; Dyrektor Instytutu Fizyki<br \/>\nDr hab. El\u017cbieta Stephan, Prof. U\u015a &#8211; Zast\u0119pca Dyrektora Instytutu Fizyki<\/p>\n<p>Komitet organizacyjny<br \/>\nProf. dr hab. Janusz Gluza<br \/>\nDr hab. Seweryn Kowalski, Prof. U\u015a<br \/>\nDr Katarzyna Balin<\/p>\n<\/div>\r\n                    <\/div>\r\n                <\/div>\r\n                <div class=\"text-modules\">\r\n                    <div class=\"container\">\r\n                        \r\n                        <div class=\"text-modules__content\"><\/p>\n<h2>Patronat medialny<\/h2>\n<table style=\"border-collapse: collapse;width: 100%;height: 111px\">\n<tbody>\n<tr style=\"height: 111px\">\n<td style=\"width: 33.3333%;height: 111px\"><img class=\"size-medium wp-image-2219 aligncenter\" src=\"https:\/\/us.edu.pl\/instytut\/ifiz\/wp-content\/uploads\/sites\/39\/logotypy\/gazeta-uniwer-nowe-logo-300x80.png\" alt=\"\" width=\"300\" height=\"80\" srcset=\"https:\/\/us.edu.pl\/instytut\/ifiz\/wp-content\/uploads\/sites\/39\/logotypy\/gazeta-uniwer-nowe-logo-300x80.png 300w, https:\/\/us.edu.pl\/instytut\/ifiz\/wp-content\/uploads\/sites\/39\/logotypy\/gazeta-uniwer-nowe-logo-768x204.png 768w, https:\/\/us.edu.pl\/instytut\/ifiz\/wp-content\/uploads\/sites\/39\/logotypy\/gazeta-uniwer-nowe-logo-1024x272.png 1024w, https:\/\/us.edu.pl\/instytut\/ifiz\/wp-content\/uploads\/sites\/39\/logotypy\/gazeta-uniwer-nowe-logo-575x153.png 575w, https:\/\/us.edu.pl\/instytut\/ifiz\/wp-content\/uploads\/sites\/39\/logotypy\/gazeta-uniwer-nowe-logo.png 1176w\" sizes=\"(max-width: 300px) 100vw, 300px\" \/><\/td>\n<td style=\"width: 33.3333%;height: 111px\"><img class=\"size-medium wp-image-2221 aligncenter\" src=\"https:\/\/us.edu.pl\/instytut\/ifiz\/wp-content\/uploads\/sites\/39\/logotypy\/U\u015a-TV-logo-300x107.jpg\" alt=\"\" width=\"300\" height=\"107\" srcset=\"https:\/\/us.edu.pl\/instytut\/ifiz\/wp-content\/uploads\/sites\/39\/logotypy\/U\u015a-TV-logo-300x107.jpg 300w, https:\/\/us.edu.pl\/instytut\/ifiz\/wp-content\/uploads\/sites\/39\/logotypy\/U\u015a-TV-logo-768x273.jpg 768w, https:\/\/us.edu.pl\/instytut\/ifiz\/wp-content\/uploads\/sites\/39\/logotypy\/U\u015a-TV-logo-575x204.jpg 575w, https:\/\/us.edu.pl\/instytut\/ifiz\/wp-content\/uploads\/sites\/39\/logotypy\/U\u015a-TV-logo.jpg 900w\" sizes=\"(max-width: 300px) 100vw, 300px\" \/><\/td>\n<td style=\"width: 33.3333%;height: 111px\"><img class=\"wp-image-2220 aligncenter\" src=\"https:\/\/us.edu.pl\/instytut\/ifiz\/wp-content\/uploads\/sites\/39\/logotypy\/PN-web-300x167.jpg\" alt=\"\" width=\"180\" height=\"100\" srcset=\"https:\/\/us.edu.pl\/instytut\/ifiz\/wp-content\/uploads\/sites\/39\/logotypy\/PN-web-300x167.jpg 300w, https:\/\/us.edu.pl\/instytut\/ifiz\/wp-content\/uploads\/sites\/39\/logotypy\/PN-web-768x428.jpg 768w, https:\/\/us.edu.pl\/instytut\/ifiz\/wp-content\/uploads\/sites\/39\/logotypy\/PN-web-1024x570.jpg 1024w, https:\/\/us.edu.pl\/instytut\/ifiz\/wp-content\/uploads\/sites\/39\/logotypy\/PN-web-575x320.jpg 575w, https:\/\/us.edu.pl\/instytut\/ifiz\/wp-content\/uploads\/sites\/39\/logotypy\/PN-web.jpg 1751w\" sizes=\"(max-width: 180px) 100vw, 180px\" \/><\/td>\n<\/tr>\n<\/tbody>\n<\/table>\n<p>\n<\/div>\r\n                    <\/div>\r\n                <\/div>[\/vc_column][\/vc_row]<\/p>","protected":false},"excerpt":{"rendered":"<p>[vc_row el_class=&#8221;container&#8221;][vc_column][vc_single_image image=&#8221;2169&#8243; img_size=&#8221;large&#8221; alignment=&#8221;center&#8221; onclick=&#8221;link_image&#8221; css_animation=&#8221;none&#8221;][\/vc_column][\/vc_row] [&#8230;]<\/p>\n<p><a class=\"btn btn-secondary understrap-read-more-link\" href=\"https:\/\/us.edu.pl\/instytut\/ifiz\/rok-fizyki-2020\/\">Read More&#8230;<\/a><\/p>\n","protected":false},"author":104,"featured_media":0,"parent":0,"menu_order":40,"comment_status":"closed","ping_status":"closed","template":"page-templates\/inner-page.php","meta":{"_expiration-date-status":"saved","_expiration-date":0,"_expiration-date-type":"","_expiration-date-categories":[],"_expiration-date-options":[]},"acf":[],"_links":{"self":[{"href":"https:\/\/us.edu.pl\/instytut\/ifiz\/wp-json\/wp\/v2\/pages\/2102"}],"collection":[{"href":"https:\/\/us.edu.pl\/instytut\/ifiz\/wp-json\/wp\/v2\/pages"}],"about":[{"href":"https:\/\/us.edu.pl\/instytut\/ifiz\/wp-json\/wp\/v2\/types\/page"}],"author":[{"embeddable":true,"href":"https:\/\/us.edu.pl\/instytut\/ifiz\/wp-json\/wp\/v2\/users\/104"}],"replies":[{"embeddable":true,"href":"https:\/\/us.edu.pl\/instytut\/ifiz\/wp-json\/wp\/v2\/comments?post=2102"}],"version-history":[{"count":0,"href":"https:\/\/us.edu.pl\/instytut\/ifiz\/wp-json\/wp\/v2\/pages\/2102\/revisions"}],"wp:attachment":[{"href":"https:\/\/us.edu.pl\/instytut\/ifiz\/wp-json\/wp\/v2\/media?parent=2102"}],"curies":[{"name":"wp","href":"https:\/\/api.w.org\/{rel}","templated":true}]}}