{"id":2135,"date":"2020-11-02T12:36:19","date_gmt":"2020-11-02T11:36:19","guid":{"rendered":"https:\/\/us.edu.pl\/instytut\/ifiz\/?page_id=2135"},"modified":"2020-12-02T13:41:45","modified_gmt":"2020-12-02T12:41:45","slug":"program","status":"publish","type":"page","link":"https:\/\/us.edu.pl\/instytut\/ifiz\/rok-fizyki-2020\/program\/","title":{"rendered":"Program"},"content":{"rendered":"<p>[vc_row][vc_column]\r\n                <div class=\"text-modules\">\r\n                    <div class=\"container\">\r\n                        <h3 class=\"page-title text__title\">Organizatorzy:<\/h3>\r\n                        <div class=\"text-modules__content\"><\/p>\n<table style=\"border-collapse: collapse;width: 100%\">\n<tbody>\n<tr>\n<td style=\"width: 56.425%\"><img class=\"aligncenter wp-image-423\" src=\"https:\/\/us.edu.pl\/instytut\/ifiz\/wp-content\/uploads\/sites\/39\/logotypy\/uniwersytet-slaski_WNST_IF_logo_poziome_cmyk-1024x225.png\" alt=\"\" width=\"400\" height=\"88\" srcset=\"https:\/\/us.edu.pl\/instytut\/ifiz\/wp-content\/uploads\/sites\/39\/logotypy\/uniwersytet-slaski_WNST_IF_logo_poziome_cmyk-1024x225.png 1024w, https:\/\/us.edu.pl\/instytut\/ifiz\/wp-content\/uploads\/sites\/39\/logotypy\/uniwersytet-slaski_WNST_IF_logo_poziome_cmyk-300x66.png 300w, https:\/\/us.edu.pl\/instytut\/ifiz\/wp-content\/uploads\/sites\/39\/logotypy\/uniwersytet-slaski_WNST_IF_logo_poziome_cmyk-768x169.png 768w, https:\/\/us.edu.pl\/instytut\/ifiz\/wp-content\/uploads\/sites\/39\/logotypy\/uniwersytet-slaski_WNST_IF_logo_poziome_cmyk-575x126.png 575w\" sizes=\"(max-width: 400px) 100vw, 400px\" \/><\/td>\n<td style=\"width: 43.575%\"><img class=\"aligncenter wp-image-360 size-medium\" src=\"https:\/\/us.edu.pl\/instytut\/ifiz\/wp-content\/uploads\/sites\/39\/logotypy\/logo_PTF_margines_400x400-300x300.png\" alt=\"\" width=\"300\" height=\"300\" srcset=\"https:\/\/us.edu.pl\/instytut\/ifiz\/wp-content\/uploads\/sites\/39\/logotypy\/logo_PTF_margines_400x400-300x300.png 300w, https:\/\/us.edu.pl\/instytut\/ifiz\/wp-content\/uploads\/sites\/39\/logotypy\/logo_PTF_margines_400x400-150x150.png 150w, https:\/\/us.edu.pl\/instytut\/ifiz\/wp-content\/uploads\/sites\/39\/logotypy\/logo_PTF_margines_400x400.png 400w\" sizes=\"(max-width: 300px) 100vw, 300px\" \/><\/td>\n<\/tr>\n<\/tbody>\n<\/table>\n<p>\n<\/div>\r\n                    <\/div>\r\n                <\/div>\r\n                <div class=\"text-modules\">\r\n                    <div class=\"container\">\r\n                        <h3 class=\"page-title text__title\">3.12.2020<\/h3>\r\n                        <div class=\"text-modules__content\"><\/p>\n<table style=\"border-collapse: collapse;width: 100%\">\n<tbody>\n<tr style=\"height: 18px\">\n<td style=\"width: 12.1782%;height: 18px\">16:30-16:40<\/td>\n<td style=\"width: 51.1881%;height: 18px\">Otwarcie spotkania<\/p>\n<p>Prodziekan ds. bada\u0144 naukowych i wsp\u00f3\u0142pracy z zagranic\u0105 Wydzia\u0142u Nauk \u015acis\u0142ych i Technicznych U\u015a<\/p>\n<p><strong>Dr hab. Seweryn Kowalski, Prof. U\u015a<\/strong><\/p>\n<p>Dyrektor Instytutu Fizyki im. A. Che\u0142kowskiego<\/p>\n<p><strong>Dr hab. Sebastian Pawlus, Prof. U\u015a<\/strong><\/td>\n<\/tr>\n<\/tbody>\n<\/table>\n<p>\n<\/div>\r\n                    <\/div>\r\n                <\/div>[vc_separator color=&#8221;blue&#8221;]\r\n                <div class=\"text-modules\">\r\n                    <div class=\"container\">\r\n                        \r\n                        <div class=\"text-modules__content\"><\/p>\n<table style=\"border-collapse: collapse;width: 100%;height: 17px\">\n<tbody>\n<tr style=\"height: 18px\">\n<td style=\"width: 12.1782%;height: 18px\">16:40-17:00<\/td>\n<td style=\"width: 51.1881%;height: 18px\"><strong>JM Rektor Uniwersytetu \u015al\u0105skiego<\/strong><\/p>\n<p><strong>Prof. dr hab. <\/strong><strong>Ryszard Kozio\u0142ek<\/strong><\/p>\n<p><a href=\"https:\/\/us.edu.pl\/instytut\/ifiz\/demon-maxwella-jako-metafora-egzystencjalna\/\">Demon Maxwella jako metafora egzystencjalna<\/a><\/td>\n<\/tr>\n<\/tbody>\n<\/table>\n<p>\n<\/div>\r\n                    <\/div>\r\n                <\/div>[vc_separator color=&#8221;blue&#8221;]\r\n                <div class=\"text-modules\">\r\n                    <div class=\"container\">\r\n                        \r\n                        <div class=\"text-modules__content\"><\/p>\n<table style=\"border-collapse: collapse;width: 100%;height: 17px\">\n<tbody>\n<tr style=\"height: 18px\">\n<td style=\"width: 12.1782%;height: 18px\">17:00-17:30<\/td>\n<td style=\"width: 51.1881%;height: 18px\"><strong>Prof. dr hab. Marian Paluch<\/strong><\/p>\n<p><a href=\"https:\/\/us.edu.pl\/instytut\/ifiz\/okiem-fizyka-na-problem-slabej-biodostepnosci-farmaceutykow\/\"><em>Okiem fizyka na problem s\u0142abej biodost\u0119pno\u015bci farmaceutyk\u00f3w<\/em><\/a><\/td>\n<\/tr>\n<\/tbody>\n<\/table>\n<p>\n<\/div>\r\n                    <\/div>\r\n                <\/div>[vc_separator color=&#8221;blue&#8221;]\r\n                <div class=\"text-modules\">\r\n                    <div class=\"container\">\r\n                        \r\n                        <div class=\"text-modules__content\"><\/p>\n<table style=\"border-collapse: collapse;width: 100%;height: 17px\">\n<tbody>\n<tr style=\"height: 18px\">\n<td style=\"width: 12.1782%;height: 18px\">17:30-18:00<\/td>\n<td style=\"width: 51.1881%;height: 18px\"><strong>Prof. dr hab. Jacek Szade<\/strong><\/p>\n<p><a href=\"https:\/\/us.edu.pl\/instytut\/ifiz\/synchrotron-solaris-najwieksze-polskie-narzedzie-badawcze\/\"><em>Synchrotron SOLARIS \u2013 najwi\u0119ksze polskie narz\u0119dzie badawcze<\/em><\/a><\/td>\n<\/tr>\n<\/tbody>\n<\/table>\n<p>\n<\/div>\r\n                    <\/div>\r\n                <\/div>[vc_separator color=&#8221;blue&#8221;]\r\n                <div class=\"text-modules\">\r\n                    <div class=\"container\">\r\n                        \r\n                        <div class=\"text-modules__content\"><\/p>\n<table style=\"border-collapse: collapse;width: 100%;height: 17px\">\n<tbody>\n<tr style=\"height: 18px\">\n<td style=\"width: 12.1782%;height: 18px\">18:00-18:30<\/td>\n<td style=\"width: 51.1881%;height: 18px\"><strong>Prof. dr hab. Jerzy \u0141uczka<\/strong><\/p>\n<p><a href=\"https:\/\/us.edu.pl\/instytut\/ifiz\/twierdzenie-o-ekwipartycji-energii-klasyczne-vs-kwantowe-uklady\/\"><em>Twierdzenie o (ekwi)partycji energii: klasyczne vs. Kwantowe uk\u0142ady<\/em><\/a><\/td>\n<\/tr>\n<\/tbody>\n<\/table>\n<p>\n<\/div>\r\n                    <\/div>\r\n                <\/div>[vc_separator color=&#8221;blue&#8221;]\r\n                <div class=\"text-modules\">\r\n                    <div class=\"container\">\r\n                        \r\n                        <div class=\"text-modules__content\"><\/p>\n<table style=\"border-collapse: collapse;width: 100%;height: 17px\">\n<tbody>\n<tr style=\"height: 18px\">\n<td style=\"width: 12.1782%;height: 18px\">18:30<\/td>\n<td style=\"width: 51.1881%;height: 18px\"><em>Panel dyskusyjny<\/em><\/p>\n<p>Moderacja:\u00a0<strong>Dr hab. Seweryn Kowalski, Prof. U\u015a,<\/strong><br \/>\n<strong>dr Katarzyna Balin (czat)<\/strong><\/td>\n<\/tr>\n<\/tbody>\n<\/table>\n<p>\n<\/div>\r\n                    <\/div>\r\n                <\/div>[vc_separator color=&#8221;blue&#8221;][vc_empty_space height=&#8221;24px&#8221;]\r\n                <div class=\"text-modules\">\r\n                    <div class=\"container\">\r\n                        <h3 class=\"page-title text__title\">4.12.2020<\/h3>\r\n                        <div class=\"text-modules__content\"><\/p>\n<table style=\"border-collapse: collapse;width: 100%;height: 17px\">\n<tbody>\n<tr style=\"height: 18px\">\n<td style=\"width: 12.1782%;height: 18px\">16:30-16:40<\/td>\n<td style=\"width: 51.1881%;height: 18px\">Otwarcie drugiego dnia spotkania<\/p>\n<p>Prodziekan ds. bada\u0144 naukowych i wsp\u00f3\u0142pracy z zagranic\u0105 Wydzia\u0142u Nauk \u015acis\u0142ych i Technicznych U\u015a<\/p>\n<p><em><strong>Dr hab. Seweryn Kowalski, Prof. U\u015a<\/strong><\/em><\/td>\n<\/tr>\n<\/tbody>\n<\/table>\n<p>\n<\/div>\r\n                    <\/div>\r\n                <\/div>[vc_separator color=&#8221;blue&#8221;]\r\n                <div class=\"text-modules\">\r\n                    <div class=\"container\">\r\n                        \r\n                        <div class=\"text-modules__content\"><\/p>\n<table style=\"border-collapse: collapse;width: 100%;height: 17px\">\n<tbody>\n<tr style=\"height: 18px\">\n<td style=\"width: 12.1782%;height: 18px\">16:40-17:10<\/td>\n<td style=\"width: 51.1881%;height: 18px\"><strong>Prof. dr hab. Jan Kisiel<\/strong><\/p>\n<p><a href=\"https:\/\/us.edu.pl\/instytut\/ifiz\/czy-warto-badan-neutrina\/\"><em>Czy warto bada\u0107 neutrina?<\/em><\/a><\/td>\n<\/tr>\n<\/tbody>\n<\/table>\n<p>\n<\/div>\r\n                    <\/div>\r\n                <\/div>[vc_separator color=&#8221;blue&#8221;]\r\n                <div class=\"text-modules\">\r\n                    <div class=\"container\">\r\n                        \r\n                        <div class=\"text-modules__content\"><\/p>\n<table style=\"border-collapse: collapse;width: 100%;height: 17px\">\n<tbody>\n<tr style=\"height: 18px\">\n<td style=\"width: 12.1782%;height: 18px\">17:10-17:40<\/td>\n<td style=\"width: 51.1881%;height: 18px\"><strong>Dr hab. Micha\u0142 Tomza<\/strong><\/p>\n<p><a href=\"https:\/\/us.edu.pl\/instytut\/ifiz\/ultrazimne-kontrolowane-zderzenia-jonow-i-atomow\/\"><em>Ultrazimne kontrolowane zderzenia jon\u00f3w i atom\u00f3w<\/em><\/a><\/td>\n<\/tr>\n<\/tbody>\n<\/table>\n<p>\n<\/div>\r\n                    <\/div>\r\n                <\/div>[vc_separator color=&#8221;blue&#8221;]\r\n                <div class=\"text-modules\">\r\n                    <div class=\"container\">\r\n                        \r\n                        <div class=\"text-modules__content\"><\/p>\n<table style=\"border-collapse: collapse;width: 100%;height: 17px\">\n<tbody>\n<tr style=\"height: 18px\">\n<td style=\"width: 12.1782%;height: 18px\">17:40-18:10<\/td>\n<td style=\"width: 51.1881%;height: 18px\"><strong>Prof. dr hab. Janusz Gluza<\/strong><\/p>\n<p><a href=\"https:\/\/us.edu.pl\/instytut\/ifiz\/czas-przestrzen-proznia-i-przyszle-akceleratory-wysokich-energii\/\"><em>Czas, przestrze\u0144, pr\u00f3\u017cnia i przysz\u0142e akceleratory wysokich energii<\/em><\/a><\/td>\n<\/tr>\n<\/tbody>\n<\/table>\n<p>\n<\/div>\r\n                    <\/div>\r\n                <\/div>[vc_separator color=&#8221;blue&#8221;]\r\n                <div class=\"text-modules\">\r\n                    <div class=\"container\">\r\n                        \r\n                        <div class=\"text-modules__content\"><\/p>\n<table style=\"border-collapse: collapse;width: 100%;height: 17px\">\n<tbody>\n<tr style=\"height: 18px\">\n<td style=\"width: 12.1782%;height: 18px\">18:10-18:40<\/td>\n<td style=\"width: 51.1881%;height: 18px\"><strong>Prof. Martiros Khurhsudyan<\/strong><\/p>\n<p><a href=\"https:\/\/us.edu.pl\/instytut\/ifiz\/we-and-universe-before-and-after-2020\/\"><em>We and Universe &#8211; before and after 2020<\/em><\/a><\/td>\n<\/tr>\n<\/tbody>\n<\/table>\n<p>\n<\/div>\r\n                    <\/div>\r\n                <\/div>[vc_separator color=&#8221;blue&#8221;]\r\n                <div class=\"text-modules\">\r\n                    <div class=\"container\">\r\n                        \r\n                        <div class=\"text-modules__content\"><\/p>\n<table style=\"border-collapse: collapse;width: 100%;height: 17px\">\n<tbody>\n<tr style=\"height: 18px\">\n<td style=\"width: 12.1782%;height: 18px\">18:40<\/td>\n<td style=\"width: 87.7517%\" width=\"662\"><em>Panel dyskusyjny<\/em><\/p>\n<p>Moderacja:\u00a0<strong>Dr hab. Seweryn Kowalski, Prof. U\u015a,<\/strong><br \/>\n<strong>dr Katarzyna Balin (czat)<\/strong><\/td>\n<\/tr>\n<\/tbody>\n<\/table>\n<p>\n<\/div>\r\n                    <\/div>\r\n                <\/div>\r\n                <div class=\"text-modules\">\r\n                    <div class=\"container\">\r\n                        \r\n                        <div class=\"text-modules__content\"><\/p>\n<h2>Patronat medialny<\/h2>\n<table style=\"border-collapse: collapse;width: 100%;height: 111px\">\n<tbody>\n<tr style=\"height: 111px\">\n<td style=\"width: 33.3333%;height: 111px\"><img class=\"size-medium wp-image-2219 aligncenter\" src=\"https:\/\/us.edu.pl\/instytut\/ifiz\/wp-content\/uploads\/sites\/39\/logotypy\/gazeta-uniwer-nowe-logo-300x80.png\" alt=\"\" width=\"300\" height=\"80\" srcset=\"https:\/\/us.edu.pl\/instytut\/ifiz\/wp-content\/uploads\/sites\/39\/logotypy\/gazeta-uniwer-nowe-logo-300x80.png 300w, https:\/\/us.edu.pl\/instytut\/ifiz\/wp-content\/uploads\/sites\/39\/logotypy\/gazeta-uniwer-nowe-logo-768x204.png 768w, https:\/\/us.edu.pl\/instytut\/ifiz\/wp-content\/uploads\/sites\/39\/logotypy\/gazeta-uniwer-nowe-logo-1024x272.png 1024w, https:\/\/us.edu.pl\/instytut\/ifiz\/wp-content\/uploads\/sites\/39\/logotypy\/gazeta-uniwer-nowe-logo-575x153.png 575w, https:\/\/us.edu.pl\/instytut\/ifiz\/wp-content\/uploads\/sites\/39\/logotypy\/gazeta-uniwer-nowe-logo.png 1176w\" sizes=\"(max-width: 300px) 100vw, 300px\" \/><\/td>\n<td style=\"width: 33.3333%;height: 111px\"><img class=\"size-medium wp-image-2221 aligncenter\" src=\"https:\/\/us.edu.pl\/instytut\/ifiz\/wp-content\/uploads\/sites\/39\/logotypy\/U\u015a-TV-logo-300x107.jpg\" alt=\"\" width=\"300\" height=\"107\" srcset=\"https:\/\/us.edu.pl\/instytut\/ifiz\/wp-content\/uploads\/sites\/39\/logotypy\/U\u015a-TV-logo-300x107.jpg 300w, https:\/\/us.edu.pl\/instytut\/ifiz\/wp-content\/uploads\/sites\/39\/logotypy\/U\u015a-TV-logo-768x273.jpg 768w, https:\/\/us.edu.pl\/instytut\/ifiz\/wp-content\/uploads\/sites\/39\/logotypy\/U\u015a-TV-logo-575x204.jpg 575w, https:\/\/us.edu.pl\/instytut\/ifiz\/wp-content\/uploads\/sites\/39\/logotypy\/U\u015a-TV-logo.jpg 900w\" sizes=\"(max-width: 300px) 100vw, 300px\" \/><\/td>\n<td style=\"width: 33.3333%;height: 111px\"><img class=\"wp-image-2220 aligncenter\" src=\"https:\/\/us.edu.pl\/instytut\/ifiz\/wp-content\/uploads\/sites\/39\/logotypy\/PN-web-300x167.jpg\" alt=\"\" width=\"180\" height=\"100\" srcset=\"https:\/\/us.edu.pl\/instytut\/ifiz\/wp-content\/uploads\/sites\/39\/logotypy\/PN-web-300x167.jpg 300w, https:\/\/us.edu.pl\/instytut\/ifiz\/wp-content\/uploads\/sites\/39\/logotypy\/PN-web-768x428.jpg 768w, https:\/\/us.edu.pl\/instytut\/ifiz\/wp-content\/uploads\/sites\/39\/logotypy\/PN-web-1024x570.jpg 1024w, https:\/\/us.edu.pl\/instytut\/ifiz\/wp-content\/uploads\/sites\/39\/logotypy\/PN-web-575x320.jpg 575w, https:\/\/us.edu.pl\/instytut\/ifiz\/wp-content\/uploads\/sites\/39\/logotypy\/PN-web.jpg 1751w\" sizes=\"(max-width: 180px) 100vw, 180px\" \/><\/td>\n<\/tr>\n<\/tbody>\n<\/table>\n<p>\n<\/div>\r\n                    <\/div>\r\n                <\/div>[\/vc_column][\/vc_row]<\/p>","protected":false},"excerpt":{"rendered":"<p>[vc_row][vc_column][vc_separator color=&#8221;blue&#8221;][vc_separator color=&#8221;blue&#8221;][vc_separator color=&#8221;blue&#8221;][vc_separator color=&#8221;blue&#8221;][vc_separator color=&#8221;blue&#8221;][vc_separator color=&#8221;blue&#8221;][vc_empty_space height=&#8221;24px&#8221;][vc_separator color=&#8221;blue&#8221;][vc_separator color=&#8221;blue&#8221;][vc_separator color=&#8221;blue&#8221;][vc_separator color=&#8221;blue&#8221;][vc_separator color=&#8221;blue&#8221;][\/vc_column][\/vc_row] [&#8230;]<\/p>\n<p><a class=\"btn btn-secondary understrap-read-more-link\" href=\"https:\/\/us.edu.pl\/instytut\/ifiz\/rok-fizyki-2020\/program\/\">Read More&#8230;<\/a><\/p>\n","protected":false},"author":104,"featured_media":0,"parent":2102,"menu_order":0,"comment_status":"closed","ping_status":"closed","template":"page-templates\/inner-page.php","meta":{"_expiration-date-status":"saved","_expiration-date":0,"_expiration-date-type":"","_expiration-date-categories":[],"_expiration-date-options":[]},"acf":[],"_links":{"self":[{"href":"https:\/\/us.edu.pl\/instytut\/ifiz\/wp-json\/wp\/v2\/pages\/2135"}],"collection":[{"href":"https:\/\/us.edu.pl\/instytut\/ifiz\/wp-json\/wp\/v2\/pages"}],"about":[{"href":"https:\/\/us.edu.pl\/instytut\/ifiz\/wp-json\/wp\/v2\/types\/page"}],"author":[{"embeddable":true,"href":"https:\/\/us.edu.pl\/instytut\/ifiz\/wp-json\/wp\/v2\/users\/104"}],"replies":[{"embeddable":true,"href":"https:\/\/us.edu.pl\/instytut\/ifiz\/wp-json\/wp\/v2\/comments?post=2135"}],"version-history":[{"count":0,"href":"https:\/\/us.edu.pl\/instytut\/ifiz\/wp-json\/wp\/v2\/pages\/2135\/revisions"}],"up":[{"embeddable":true,"href":"https:\/\/us.edu.pl\/instytut\/ifiz\/wp-json\/wp\/v2\/pages\/2102"}],"wp:attachment":[{"href":"https:\/\/us.edu.pl\/instytut\/ifiz\/wp-json\/wp\/v2\/media?parent=2135"}],"curies":[{"name":"wp","href":"https:\/\/api.w.org\/{rel}","templated":true}]}}