{"id":2227,"date":"2020-11-06T11:48:12","date_gmt":"2020-11-06T10:48:12","guid":{"rendered":"https:\/\/us.edu.pl\/instytut\/ifiz\/?page_id=2227"},"modified":"2020-12-29T13:04:22","modified_gmt":"2020-12-29T12:04:22","slug":"okiem-fizyka-na-problem-slabej-biodostepnosci-farmaceutykow","status":"publish","type":"page","link":"https:\/\/us.edu.pl\/instytut\/ifiz\/okiem-fizyka-na-problem-slabej-biodostepnosci-farmaceutykow\/","title":{"rendered":"Okiem fizyka na problem s\u0142abej biodost\u0119pno\u015bci farmaceutyk\u00f3w"},"content":{"rendered":"<p>[vc_row][vc_column]\r\n                <div class=\"text-modules\">\r\n                    <div class=\"container\">\r\n                        <h3 class=\"page-title text__title\">Okiem fizyka na problem s\u0142abej biodost\u0119pno\u015bci farmaceutyk\u00f3w<\/h3>\r\n                        <div class=\"text-modules__content\"><p>Zawarte w tabletkach substancje lecznicze \u2013 API (z ang. Active Pharmaceutical Ingredient) maj\u0105 zwykle posta\u0107 krystaliczn\u0105. Podyktowane jest to faktem, \u017ce krystaliczne formy substancji leczniczych s\u0105 stabilne fizykochemicznie i mo\u017cna je w spos\u00f3b powtarzalny zsyntetyzowa\u0107, i scharakteryzowa\u0107 metodami analitycznymi. Niestety bardzo wiele spo\u015br\u00f3d tych substancji charakteryzuje si\u0119 nisk\u0105 biodost\u0119pno\u015bci\u0105 spowodowan\u0105 s\u0142ab\u0105 rozpuszczalno\u015bci\u0105 w wodzie (s\u0105 to g\u0142\u00f3wnie leki z II i IV grupy klasyfikacji BCS). Niezwykle skuteczn\u0105 metod\u0105, kt\u00f3ra prowadzi do poprawy rozpuszczalno\u015bci i szybko\u015bci uwalniania API jest ich fizyczna modyfikacja, polegaj\u0105ca na przekszta\u0142caniu formy krystalicznej do amorficznej. Niestety w przypadku amorficznych lek\u00f3w lepsz\u0105 rozpuszczalno\u015b\u0107 w wodzie uzyskuje si\u0119 kosztem utraty fizycznej stabilno\u015bci. Z pomoc\u0105 w rozwi\u0105zywaniu wspomnianych problem\u00f3w, jak to zostanie przedstawione w tej prezentacji, przychodzi nam fizyka.<\/p>\n<p><a href=\"https:\/\/us.edu.pl\/instytut\/ifiz\/wp-content\/uploads\/sites\/39\/Rok_Fizyki_2020\/Paluch_Rok_Fizyki.pdf\" class=\"mtli_attachment mtli_pdf\" data-mtli=\"mtli_filesize2,89MB\" class=\"mtli_attachment mtli_pdf\" data-mtli=\"mtli_filesize2,89MB\">Link do prezentacji<\/a><\/p>\n<style type=\"text\/css\">a[data-mtli~=\"mtli_filesize2,89MB\"]:after {content:\" (2,89 MB)\"}<\/style><\/div>\r\n                    <\/div>\r\n                <\/div>\r\n                <div class=\"text-modules\">\r\n                    <div class=\"container\">\r\n                        <h3 class=\"page-title text__title\">Marian Paluch<\/h3>\r\n                        <div class=\"text-modules__content\"><p><img class=\"alignnone size-medium wp-image-2168\" src=\"https:\/\/us.edu.pl\/instytut\/ifiz\/wp-content\/uploads\/sites\/39\/Rok_Fizyki_2020\/Paluch-o-300x300.jpg\" alt=\"\" width=\"300\" height=\"300\" srcset=\"https:\/\/us.edu.pl\/instytut\/ifiz\/wp-content\/uploads\/sites\/39\/Rok_Fizyki_2020\/Paluch-o-300x300.jpg 300w, https:\/\/us.edu.pl\/instytut\/ifiz\/wp-content\/uploads\/sites\/39\/Rok_Fizyki_2020\/Paluch-o-150x150.jpg 150w, https:\/\/us.edu.pl\/instytut\/ifiz\/wp-content\/uploads\/sites\/39\/Rok_Fizyki_2020\/Paluch-o-768x768.jpg 768w, https:\/\/us.edu.pl\/instytut\/ifiz\/wp-content\/uploads\/sites\/39\/Rok_Fizyki_2020\/Paluch-o-575x575.jpg 575w, https:\/\/us.edu.pl\/instytut\/ifiz\/wp-content\/uploads\/sites\/39\/Rok_Fizyki_2020\/Paluch-o.jpg 910w\" sizes=\"(max-width: 300px) 100vw, 300px\" \/><\/p>\n<p>Dyrektor \u015al\u0105skiego Mi\u0119dzyuczelnianego Centrum Edukacji i Bada\u0144 Interdyscyplinarnych, a tak\u017ce lider zespo\u0142u badawczego &#8222;Badanie struktury, dynamiki i przej\u015b\u0107 fazowych z\u0142o\u017conych uk\u0142ad\u00f3w molekulkarnych i nanouk\u0142ad\u00f3w&#8221;. Jego dzia\u0142alno\u015b\u0107 naukowa skupia si\u0119 wok\u00f3\u0142 dynamiki molekularnej cieczy przech\u0142odzonych oraz stop\u00f3w polimer\u00f3w, w\u0142asno\u015bci dielektrycznych cieczy i cia\u0142 sta\u0142ych, kinetyki proces\u00f3w krystalizacji, tautomeryzacji oraz mutarotacji, zjawiska przewodnictwa elektrycznego w cieczach jonowych oraz spolimeryzowanych cieczach jonowych, przej\u015b\u0107 fazowych w materii skondensowanej indukowanych wysokim ci\u015bnieniem hydrostatycznym. W ostatnim czasie wiod\u0105cym tematem badawczym sta\u0142y si\u0119 leki amorficzne. Przez dwa lata pracowa\u0142 w Instytucie Bada\u0144 Polimer\u00f3w, w zespole prof. E.W. Fischera w Instytucie Maxa Plancka w Moguncji. Pe\u0142ni\u0142 te\u017c funkcj\u0119 profesora wizytuj\u0105cego w Naval Research Laboratory w Waszyngtonie, Uniwersytecie w Akron, Uniwersytecie Hebrajskim, Uniwersytecie w Pizie i Uniwersytecie Tennessee.<\/p>\n<\/div>\r\n                    <\/div>\r\n                <\/div>[\/vc_column][\/vc_row]<\/p>\n<style type=\"text\/css\">a[data-mtli~=\"mtli_filesize2,89MB\"]:after {content:\" (2,89 MB)\"}<\/style>","protected":false},"excerpt":{"rendered":"<p>[vc_row][vc_column][\/vc_column][\/vc_row] [&#8230;]<\/p>\n<p><a class=\"btn btn-secondary understrap-read-more-link\" href=\"https:\/\/us.edu.pl\/instytut\/ifiz\/okiem-fizyka-na-problem-slabej-biodostepnosci-farmaceutykow\/\">Read More&#8230;<\/a><\/p>\n","protected":false},"author":104,"featured_media":0,"parent":0,"menu_order":10,"comment_status":"closed","ping_status":"closed","template":"","meta":{"_expiration-date-status":"saved","_expiration-date":0,"_expiration-date-type":"","_expiration-date-categories":[],"_expiration-date-options":[]},"acf":[],"_links":{"self":[{"href":"https:\/\/us.edu.pl\/instytut\/ifiz\/wp-json\/wp\/v2\/pages\/2227"}],"collection":[{"href":"https:\/\/us.edu.pl\/instytut\/ifiz\/wp-json\/wp\/v2\/pages"}],"about":[{"href":"https:\/\/us.edu.pl\/instytut\/ifiz\/wp-json\/wp\/v2\/types\/page"}],"author":[{"embeddable":true,"href":"https:\/\/us.edu.pl\/instytut\/ifiz\/wp-json\/wp\/v2\/users\/104"}],"replies":[{"embeddable":true,"href":"https:\/\/us.edu.pl\/instytut\/ifiz\/wp-json\/wp\/v2\/comments?post=2227"}],"version-history":[{"count":0,"href":"https:\/\/us.edu.pl\/instytut\/ifiz\/wp-json\/wp\/v2\/pages\/2227\/revisions"}],"wp:attachment":[{"href":"https:\/\/us.edu.pl\/instytut\/ifiz\/wp-json\/wp\/v2\/media?parent=2227"}],"curies":[{"name":"wp","href":"https:\/\/api.w.org\/{rel}","templated":true}]}}