{"id":2238,"date":"2020-11-06T12:04:58","date_gmt":"2020-11-06T11:04:58","guid":{"rendered":"https:\/\/us.edu.pl\/instytut\/ifiz\/?page_id=2238"},"modified":"2020-12-29T13:19:56","modified_gmt":"2020-12-29T12:19:56","slug":"czas-przestrzen-proznia-i-przyszle-akceleratory-wysokich-energii","status":"publish","type":"page","link":"https:\/\/us.edu.pl\/instytut\/ifiz\/czas-przestrzen-proznia-i-przyszle-akceleratory-wysokich-energii\/","title":{"rendered":"Czas, przestrze\u0144, pr\u00f3\u017cnia i przysz\u0142e akceleratory wysokich energii"},"content":{"rendered":"<p>[vc_row][vc_column]\r\n                <div class=\"text-modules\">\r\n                    <div class=\"container\">\r\n                        <h3 class=\"page-title text__title\">Czas, przestrze\u0144, pr\u00f3\u017cnia i przysz\u0142e akceleratory wysokich energii<\/h3>\r\n                        <div class=\"text-modules__content\"><p>Od czas\u00f3w Newtona koncepcje czasu, przestrzeni jak i pr\u00f3\u017cni uleg\u0142y drastycznej ewolucji. Czas i przestrze\u0144 nie s\u0105 ju\u017c poj\u0119ciami absolutnymi, niezale\u017cnymi od siebie, a pr\u00f3\u017cnia to skomplikowany, dynamiczny obiekt fizyczny ze wzgl\u0119du na efekty kwantowe objawiaj\u0105ce si\u0119 w mikroskali. Paradoksalnie, wyja\u015bnienie dynamiki pr\u00f3\u017cni i wirtualnych efekt\u00f3w w niej zachodz\u0105cych wi\u0105\u017ce si\u0119 z dynamik\u0105 ewolucji Wszech\u015bwiata w makroskali.<\/p>\n<p>Podczas wyk\u0142adu om\u00f3wi\u0119 jak akceleratory pomagaj\u0105 zrozumie\u0107 i testowa\u0107 fizyczny \u015bwiat w mikroskali i jaka jest strategia tych bada\u0144 w Europie i na \u015bwiecie na nast\u0119pne dekady. Poka\u017c\u0119 i\u017c skale energii i jako\u015b\u0107 planowanego do budowy akceleratora FCC w CERN-ie pozwoli zaatakowa\u0107 problem elementarno\u015bci cz\u0105stek elementarnych, czyli mo\u017cliwego istnienia podstruktur tych cz\u0105stek.<\/p>\n<p>W kontek\u015bcie budowy nowych akcelerator\u00f3w podam r\u00f3wnie\u017c argumenty pokazuj\u0105ce i\u017c badania podstawowe nie tylko zaspokajaj\u0105 nasze potrzeby zrozumienia otaczaj\u0105cego nas \u015bwiata fizycznego i opisuj\u0105cej go matematyki, lecz maj\u0105 tak\u017ce wymierne znaczenie u\u017cytkowe przyczyniaj\u0105c si\u0119 do rozwoju wielu ga\u0142\u0119zi gospodarki, niemo\u017cliwych do osi\u0105gni\u0119cia bez tych bada\u0144.<\/p>\n<p><a href=\"https:\/\/us.edu.pl\/instytut\/ifiz\/wp-content\/uploads\/sites\/39\/Rok_Fizyki_2020\/Rok_Fizyki_2020_gluza.pdf\" class=\"mtli_attachment mtli_pdf\" data-mtli=\"mtli_filesize16,15MB\" class=\"mtli_attachment mtli_pdf\" data-mtli=\"mtli_filesize16,15MB\">Link do prezentacji<\/a><\/p>\n<style type=\"text\/css\">a[data-mtli~=\"mtli_filesize16,15MB\"]:after {content:\" (16,15 MB)\"}<\/style><\/div>\r\n                    <\/div>\r\n                <\/div>\r\n                <div class=\"text-modules\">\r\n                    <div class=\"container\">\r\n                        <h3 class=\"page-title text__title\">Janusz Gluza<\/h3>\r\n                        <div class=\"text-modules__content\"><\/p>\n<p><em><img class=\"alignnone size-medium wp-image-2171\" src=\"https:\/\/us.edu.pl\/instytut\/ifiz\/wp-content\/uploads\/sites\/39\/Rok_Fizyki_2020\/Prof-Gluza-o-300x300.jpg\" alt=\"\" width=\"300\" height=\"300\" srcset=\"https:\/\/us.edu.pl\/instytut\/ifiz\/wp-content\/uploads\/sites\/39\/Rok_Fizyki_2020\/Prof-Gluza-o-300x300.jpg 300w, https:\/\/us.edu.pl\/instytut\/ifiz\/wp-content\/uploads\/sites\/39\/Rok_Fizyki_2020\/Prof-Gluza-o-150x150.jpg 150w, https:\/\/us.edu.pl\/instytut\/ifiz\/wp-content\/uploads\/sites\/39\/Rok_Fizyki_2020\/Prof-Gluza-o.jpg 341w\" sizes=\"(max-width: 300px) 100vw, 300px\" \/> <\/em><\/p>\n<p>Prof. Janusz Gluza zajmuje si\u0119 fizyk\u0105 neutrin, modelami niestandardowymi oddzia\u0142ywa\u0144 elementarnych, fizyk\u0105 niskich energii, precyzyjnymi obliczeniami perturbacyjnymi w ramach Modelu Standardowego.\u00a0 Stypendysta Fundacji na Rzecz Nauki Polskiej oraz Fundacji\u00a0 Alexandra von Humboldta. Odby\u0142 trzyletni sta\u017c naukowy w o\u015brodku DESY (Niemcy), wsp\u00f3\u0142pracuje z naukowcami z wiod\u0105cych o\u015brodk\u00f3w naukowych na \u015bwiecie. Od kilku lat zaanga\u017cowany we wsp\u00f3\u0142prac\u0119\u00a0 z o\u015brodkiem CERN w Genewie i kolaboracj\u0105 FCC. Wielokrotnie uczestniczy\u0142 w mi\u0119dzynarodowych sieciach naukowych, kierownik grant\u00f3w NCN. Obecnie jest liderem grupy roboczej \u201eAssessing the discovery potential of future high energy colliders\u201d w sieci EU COST \u201eUnraveling new physics at the LHC through the precision frontier\u201d.\u00a0 Wyr\u00f3\u017cniony w konkursie \u201eLider umi\u0119dzynarodowienia U\u015a\u201d w 2015 roku za koordynacj\u0119 presti\u017cowych, naukowych projekt\u00f3w mi\u0119dzynarodowych realizowanych na <em>Wydziale Matematyki, Fizyki i Chemii U\u015a<\/em><em>. Od trzech kadencji przewodnicz\u0105cy oddzia\u0142u katowickiego Polskiego Towarzystwa Fi<\/em><em>zycznego.<\/em><\/p>\n<p>\n<\/div>\r\n                    <\/div>\r\n                <\/div>[\/vc_column][\/vc_row]<\/p>\n<style type=\"text\/css\">a[data-mtli~=\"mtli_filesize16,15MB\"]:after {content:\" (16,15 MB)\"}<\/style>","protected":false},"excerpt":{"rendered":"<p>[vc_row][vc_column][\/vc_column][\/vc_row] [&#8230;]<\/p>\n<p><a class=\"btn btn-secondary understrap-read-more-link\" href=\"https:\/\/us.edu.pl\/instytut\/ifiz\/czas-przestrzen-proznia-i-przyszle-akceleratory-wysokich-energii\/\">Read More&#8230;<\/a><\/p>\n","protected":false},"author":104,"featured_media":0,"parent":0,"menu_order":60,"comment_status":"closed","ping_status":"closed","template":"","meta":{"_expiration-date-status":"saved","_expiration-date":0,"_expiration-date-type":"","_expiration-date-categories":[],"_expiration-date-options":[]},"acf":[],"_links":{"self":[{"href":"https:\/\/us.edu.pl\/instytut\/ifiz\/wp-json\/wp\/v2\/pages\/2238"}],"collection":[{"href":"https:\/\/us.edu.pl\/instytut\/ifiz\/wp-json\/wp\/v2\/pages"}],"about":[{"href":"https:\/\/us.edu.pl\/instytut\/ifiz\/wp-json\/wp\/v2\/types\/page"}],"author":[{"embeddable":true,"href":"https:\/\/us.edu.pl\/instytut\/ifiz\/wp-json\/wp\/v2\/users\/104"}],"replies":[{"embeddable":true,"href":"https:\/\/us.edu.pl\/instytut\/ifiz\/wp-json\/wp\/v2\/comments?post=2238"}],"version-history":[{"count":0,"href":"https:\/\/us.edu.pl\/instytut\/ifiz\/wp-json\/wp\/v2\/pages\/2238\/revisions"}],"wp:attachment":[{"href":"https:\/\/us.edu.pl\/instytut\/ifiz\/wp-json\/wp\/v2\/media?parent=2238"}],"curies":[{"name":"wp","href":"https:\/\/api.w.org\/{rel}","templated":true}]}}