{"id":2239,"date":"2020-11-06T12:04:17","date_gmt":"2020-11-06T11:04:17","guid":{"rendered":"https:\/\/us.edu.pl\/instytut\/ifiz\/?page_id=2239"},"modified":"2020-12-29T13:18:11","modified_gmt":"2020-12-29T12:18:11","slug":"czy-warto-badan-neutrina","status":"publish","type":"page","link":"https:\/\/us.edu.pl\/instytut\/ifiz\/czy-warto-badan-neutrina\/","title":{"rendered":"Czy warto bada\u0144 neutrina?"},"content":{"rendered":"<p>[vc_row][vc_column]\r\n                <div class=\"text-modules\">\r\n                    <div class=\"container\">\r\n                        <h3 class=\"page-title text__title\">Czy warto bada\u0144 neutrina?<\/h3>\r\n                        <div class=\"text-modules__content\"><p>Neutrina s\u0105, obok foton\u00f3w, najbardziej rozpowszechnionymi cz\u0105stkami we Wszech\u015bwiecie. W ka\u017cdej sekundzie tryliony neutrin przelatuj\u0105 przez ka\u017cdy centymetr kwadratowy powierzchni Ziemi nie pozostawiaj\u0105c praktycznie \u017cadnego \u015bladu. Pomimo tego, \u017ce neutrina s\u0105 wsz\u0119dzie i jest ich bardzo du\u017co to badanie ich w\u0142asno\u015bci jest mo\u017cliwe jedynie przy pomocy olbrzymich detektor\u00f3w pracuj\u0105cych zazwyczaj w podziemnych laboratoriach. W trakcie wyk\u0142adu zostan\u0105 przybli\u017cone w\u0142asno\u015bci tych zagadkowych cz\u0105stek oraz b\u0119d\u0105 om\u00f3wione wyniki wybranych eksperyment\u00f3w neutrinowych.<\/p>\n<p><a href=\"https:\/\/us.edu.pl\/instytut\/ifiz\/wp-content\/uploads\/sites\/39\/Rok_Fizyki_2020\/panel_kisiel_20201204.pdf\" class=\"mtli_attachment mtli_pdf\" data-mtli=\"mtli_filesize1,33MB\" class=\"mtli_attachment mtli_pdf\" data-mtli=\"mtli_filesize1,33MB\">Link do prezentacji<\/a><\/p>\n<style type=\"text\/css\">a[data-mtli~=\"mtli_filesize1,33MB\"]:after {content:\" (1,33 MB)\"}<\/style><\/div>\r\n                    <\/div>\r\n                <\/div>\r\n                <div class=\"text-modules\">\r\n                    <div class=\"container\">\r\n                        <h3 class=\"page-title text__title\">Jan Kisiel<\/h3>\r\n                        <div class=\"text-modules__content\"><p><img class=\"alignnone size-full wp-image-2175\" src=\"https:\/\/us.edu.pl\/instytut\/ifiz\/wp-content\/uploads\/sites\/39\/Rok_Fizyki_2020\/Prof-Kisiel-o.jpg\" alt=\"\" width=\"300\" height=\"300\" srcset=\"https:\/\/us.edu.pl\/instytut\/ifiz\/wp-content\/uploads\/sites\/39\/Rok_Fizyki_2020\/Prof-Kisiel-o.jpg 300w, https:\/\/us.edu.pl\/instytut\/ifiz\/wp-content\/uploads\/sites\/39\/Rok_Fizyki_2020\/Prof-Kisiel-o-150x150.jpg 150w\" sizes=\"(max-width: 300px) 100vw, 300px\" \/><\/p>\n<p>Zainteresowania badawcze prof. Jana Kisiela dotycz\u0105 do\u015bwiadczalnej fizyki j\u0105drowej i fizyki cz\u0105stek elementarnych, zw\u0142aszcza badania w\u0142asno\u015bci neutrin w eksperymentach z tzw. d\u0142ug\u0105 baz\u0105 z wykorzystaniem r\u00f3\u017cnych uk\u0142ad\u00f3w detekcyjnych, a tak\u017ce pomiar\u00f3w charakterystyk podziemnych laboratori\u00f3w fizyki, w szczeg\u00f3lno\u015bci badania promieniotw\u00f3rczo\u015bci naturalnej wyst\u0119puj\u0105cej w tych laboratoriach, stanowi\u0105cej istotne t\u0142o dla eksperyment\u00f3w fizycznych poszukuj\u0105cych rzadkich proces\u00f3w. Jest wsp\u00f3\u0142za\u0142o\u017cycielem Polskiej Grupy Neutrinowej, powsta\u0142ej w 2000 r., do kt\u00f3rej nale\u017c\u0105 zespo\u0142y badawcze z Katowic, Krakowa, Warszawy i Wroc\u0142awia. Jest inicjatorem udzia\u0142u fizyk\u00f3w z Uniwersytetu \u015al\u0105skiego w eksperymentach z fizyki cz\u0105stek elementarnych przeprowadzanych w wiod\u0105cych laboratoriach \u2013 eksperymenty Crystal Barrel (CERN), ICARUS T600 w LNGS (W\u0142ochy) i T2K w J-PARC (Japonia).<\/p>\n<\/div>\r\n                    <\/div>\r\n                <\/div>[\/vc_column][\/vc_row]<\/p>\n<style type=\"text\/css\">a[data-mtli~=\"mtli_filesize1,33MB\"]:after {content:\" (1,33 MB)\"}<\/style>","protected":false},"excerpt":{"rendered":"<p>[vc_row][vc_column][\/vc_column][\/vc_row] [&#8230;]<\/p>\n<p><a class=\"btn btn-secondary understrap-read-more-link\" href=\"https:\/\/us.edu.pl\/instytut\/ifiz\/czy-warto-badan-neutrina\/\">Read More&#8230;<\/a><\/p>\n","protected":false},"author":104,"featured_media":0,"parent":0,"menu_order":50,"comment_status":"closed","ping_status":"closed","template":"","meta":{"_expiration-date-status":"saved","_expiration-date":0,"_expiration-date-type":"","_expiration-date-categories":[],"_expiration-date-options":[]},"acf":[],"_links":{"self":[{"href":"https:\/\/us.edu.pl\/instytut\/ifiz\/wp-json\/wp\/v2\/pages\/2239"}],"collection":[{"href":"https:\/\/us.edu.pl\/instytut\/ifiz\/wp-json\/wp\/v2\/pages"}],"about":[{"href":"https:\/\/us.edu.pl\/instytut\/ifiz\/wp-json\/wp\/v2\/types\/page"}],"author":[{"embeddable":true,"href":"https:\/\/us.edu.pl\/instytut\/ifiz\/wp-json\/wp\/v2\/users\/104"}],"replies":[{"embeddable":true,"href":"https:\/\/us.edu.pl\/instytut\/ifiz\/wp-json\/wp\/v2\/comments?post=2239"}],"version-history":[{"count":0,"href":"https:\/\/us.edu.pl\/instytut\/ifiz\/wp-json\/wp\/v2\/pages\/2239\/revisions"}],"wp:attachment":[{"href":"https:\/\/us.edu.pl\/instytut\/ifiz\/wp-json\/wp\/v2\/media?parent=2239"}],"curies":[{"name":"wp","href":"https:\/\/api.w.org\/{rel}","templated":true}]}}