{"id":2243,"date":"2020-11-06T12:07:22","date_gmt":"2020-11-06T11:07:22","guid":{"rendered":"https:\/\/us.edu.pl\/instytut\/ifiz\/?page_id=2243"},"modified":"2020-12-29T13:18:51","modified_gmt":"2020-12-29T12:18:51","slug":"ultrazimne-kontrolowane-zderzenia-jonow-i-atomow","status":"publish","type":"page","link":"https:\/\/us.edu.pl\/instytut\/ifiz\/ultrazimne-kontrolowane-zderzenia-jonow-i-atomow\/","title":{"rendered":"Ultrazimne kontrolowane zderzenia jon\u00f3w i atom\u00f3w"},"content":{"rendered":"<p>[vc_row][vc_column]\r\n                <div class=\"text-modules\">\r\n                    <div class=\"container\">\r\n                        <h3 class=\"page-title text__title\">Ultrazimne kontrolowane zderzenia jon\u00f3w i atom\u00f3w<\/h3>\r\n                        <div class=\"text-modules__content\"><p>Ultrazimne atomy, jony i cz\u0105steczki oraz ich mieszaniny otrzymywane i kontrolowane w temperaturze bliskiej zera bezwzgl\u0119dnego s\u0142u\u017c\u0105 do bada\u0144 fundamentalnych, dotycz\u0105cych w\u0142asno\u015bci kwantowych materii oraz oddzia\u0142ywa\u0144 materii ze \u015bwiat\u0142em, a tak\u017ce otwieraj\u0105 drog\u0119 do wykorzystania technologii kwantowych w praktyce. W moim wyst\u0105pieniu przedstawi\u0119 ostatnie osi\u0105gni\u0119cia otrzymane w ch\u0142odzeniu pojedynczych jon\u00f3w zanurzonych w ultrazimnych gazach atomowych do re\u017cimu kwantowego zderze\u0144 [1]. Poka\u017c\u0119 jak wsp\u00f3lnie z grup\u0105 do\u015bwiadczaln\u0105 z Amsterdamu dokonali\u015bmy pierwszej obserwacji rezonans\u00f3w kszta\u0142tu w ultrazimnych zderzeniach pomi\u0119dzy pojedynczym jonem i atomami [2] oraz opowiem o najnowszych wynikach otrzymanych wsp\u00f3lnie z grup\u0105 do\u015bwiadczaln\u0105 z Freiburga dotycz\u0105cych obserwacji magnetycznych rezonans\u00f3w Feshbacha oraz mo\u017cliwo\u015bci kontroli zderze\u0144 przy u\u017cyciu pola magnetycznego w ultrazimnych mieszaninach pojedynczego jonu z atomami.<\/p>\n<p><a href=\"https:\/\/us.edu.pl\/instytut\/ifiz\/wp-content\/uploads\/sites\/39\/Rok_Fizyki_2020\/Tomza_US.pdf\" class=\"mtli_attachment mtli_pdf\" data-mtli=\"mtli_filesize7,48MB\" class=\"mtli_attachment mtli_pdf\" data-mtli=\"mtli_filesize7,48MB\">Link do prezentacji<\/a><\/p>\n<p>[1] M. Tomza, et al, Cold hybrid ion-atom systems, Rev. Mod. Phys. 91, 035001 (2019)<\/p>\n<p>[2] T. Feldker, et al, Buffer gas cooling of a trapped ion to the quantum regime, Nature Phys. 16, 413 (2020)<\/p>\n<style type=\"text\/css\">a[data-mtli~=\"mtli_filesize7,48MB\"]:after {content:\" (7,48 MB)\"}<\/style><\/div>\r\n                    <\/div>\r\n                <\/div>\r\n                <div class=\"text-modules\">\r\n                    <div class=\"container\">\r\n                        <h3 class=\"page-title text__title\">Micha\u0142 Tomza<\/h3>\r\n                        <div class=\"text-modules__content\"><p><img class=\"alignnone size-medium wp-image-2164\" src=\"https:\/\/us.edu.pl\/instytut\/ifiz\/wp-content\/uploads\/sites\/39\/Rok_Fizyki_2020\/Dr-Tomza-o-300x300.jpg\" alt=\"\" width=\"300\" height=\"300\" srcset=\"https:\/\/us.edu.pl\/instytut\/ifiz\/wp-content\/uploads\/sites\/39\/Rok_Fizyki_2020\/Dr-Tomza-o-300x300.jpg 300w, https:\/\/us.edu.pl\/instytut\/ifiz\/wp-content\/uploads\/sites\/39\/Rok_Fizyki_2020\/Dr-Tomza-o-150x150.jpg 150w, https:\/\/us.edu.pl\/instytut\/ifiz\/wp-content\/uploads\/sites\/39\/Rok_Fizyki_2020\/Dr-Tomza-o-768x768.jpg 768w, https:\/\/us.edu.pl\/instytut\/ifiz\/wp-content\/uploads\/sites\/39\/Rok_Fizyki_2020\/Dr-Tomza-o-575x575.jpg 575w, https:\/\/us.edu.pl\/instytut\/ifiz\/wp-content\/uploads\/sites\/39\/Rok_Fizyki_2020\/Dr-Tomza-o.jpg 828w\" sizes=\"(max-width: 300px) 100vw, 300px\" \/><\/p>\n<p>Dr hab. Micha\u0142 Tomza, adiunkt w Instytucie Fizyki Teoretycznej Wydzia\u0142u Fizyki Uniwersytetu Warszawskiego. Specjalizuje si\u0119 w kwantowym opisie materii w ultraniskich temperaturach, w tym teorii oddzia\u0142ywa\u0144 i zderze\u0144 ultrazimnych atom\u00f3w, jon\u00f3w i cz\u0105steczek. W 2009 r. uko\u0144czy\u0142 z wyr\u00f3\u017cnieniem Mi\u0119dzywydzia\u0142owe Indywidualne Studia Matematyczno-Przyrodnicze na Uniwersytecie Warszawskim, w ramach kt\u00f3rych studiowa\u0142 fizyk\u0119 i chemi\u0119. W 2014 r. uko\u0144czy\u0142 z wyr\u00f3\u017cnieniem studia doktorskie z chemii kwantowej i fizyki teoretycznej w systemie co-tutelle na Uniwersytecie Warszawskim oraz Uniwersytecie w Kassel w Niemczech. Nast\u0119pnie odby\u0142 dwuletni sta\u017c podoktorski w Instytucie Nauk Fotonicznych w Barcelonie. W ramach kr\u00f3tszych sta\u017cy naukowych prowadzi\u0142 r\u00f3wnie\u017c badania naukowe na Uniwersytecie w Granadzie, Uniwersytecie Kolumbii Brytyjskiej w Vancouver, Uniwersytecie Harvarda, Uniwersytecie Kolorado w Boulder, Uniwersytecie Kalifornijskim w Santa Barbara oraz Uniwersytecie w Innsbrucku. W 2017 r. stworzy\u0142 w\u0142asn\u0105 grup\u0119 badawcz\u0105 na Uniwersytecie Warszawskim. Zdobywca grant\u00f3w naukowych SONATA i OPUS NCN oraz Homing i First Team FNP. Opiekun naukowy kilkunastu magistrant\u00f3w i doktorant\u00f3w. W 2020 r. uzyska\u0142 habilitacj\u0119 z fizyki.<br \/>\nLaureat nagr\u00f3d i stypendi\u00f3w, w tym Nagrody Narodowego Centrum Nauki, Stypendi\u00f3w START z Fundacji na rzecz Nauki Polskiej oraz Stypendium dla Wybitnych M\u0142odych Naukowc\u00f3w z Ministerstwa Nauki i Szkolnictwa Wy\u017cszego. Zwyci\u0119zca konkursu popularyzatorskiego Falling Walls Lab Warsaw. Finalista Nagr\u00f3d Naukowych Tygodnika \u201ePolityka\u201d<\/p>\n<\/div>\r\n                    <\/div>\r\n                <\/div>[\/vc_column][\/vc_row]<\/p>\n<style type=\"text\/css\">a[data-mtli~=\"mtli_filesize7,48MB\"]:after {content:\" (7,48 MB)\"}<\/style>","protected":false},"excerpt":{"rendered":"<p>[vc_row][vc_column][\/vc_column][\/vc_row] [&#8230;]<\/p>\n<p><a class=\"btn btn-secondary understrap-read-more-link\" href=\"https:\/\/us.edu.pl\/instytut\/ifiz\/ultrazimne-kontrolowane-zderzenia-jonow-i-atomow\/\">Read More&#8230;<\/a><\/p>\n","protected":false},"author":104,"featured_media":0,"parent":0,"menu_order":70,"comment_status":"closed","ping_status":"closed","template":"","meta":{"_expiration-date-status":"saved","_expiration-date":0,"_expiration-date-type":"","_expiration-date-categories":[],"_expiration-date-options":[]},"acf":[],"_links":{"self":[{"href":"https:\/\/us.edu.pl\/instytut\/ifiz\/wp-json\/wp\/v2\/pages\/2243"}],"collection":[{"href":"https:\/\/us.edu.pl\/instytut\/ifiz\/wp-json\/wp\/v2\/pages"}],"about":[{"href":"https:\/\/us.edu.pl\/instytut\/ifiz\/wp-json\/wp\/v2\/types\/page"}],"author":[{"embeddable":true,"href":"https:\/\/us.edu.pl\/instytut\/ifiz\/wp-json\/wp\/v2\/users\/104"}],"replies":[{"embeddable":true,"href":"https:\/\/us.edu.pl\/instytut\/ifiz\/wp-json\/wp\/v2\/comments?post=2243"}],"version-history":[{"count":0,"href":"https:\/\/us.edu.pl\/instytut\/ifiz\/wp-json\/wp\/v2\/pages\/2243\/revisions"}],"wp:attachment":[{"href":"https:\/\/us.edu.pl\/instytut\/ifiz\/wp-json\/wp\/v2\/media?parent=2243"}],"curies":[{"name":"wp","href":"https:\/\/api.w.org\/{rel}","templated":true}]}}