{"id":2315,"date":"2020-11-08T13:56:29","date_gmt":"2020-11-08T12:56:29","guid":{"rendered":"https:\/\/us.edu.pl\/instytut\/ifiz\/?page_id=2315"},"modified":"2020-11-10T18:57:41","modified_gmt":"2020-11-10T17:57:41","slug":"demon-maxwella-jako-metafora-egzystencjalna","status":"publish","type":"page","link":"https:\/\/us.edu.pl\/instytut\/ifiz\/demon-maxwella-jako-metafora-egzystencjalna\/","title":{"rendered":"Demon Maxwella jako metafora egzystencjalna"},"content":{"rendered":"<p>[vc_row][vc_column]\r\n                <div class=\"text-modules\">\r\n                    <div class=\"container\">\r\n                        <h3 class=\"page-title text__title\">Demon Maxwella jako metafora egzystencjalna<\/h3>\r\n                        <div class=\"text-modules__content\"><p>Przedmiotem wyk\u0142adu b\u0119dzie om\u00f3wienie procesu metaforyzacji poj\u0119\u0107 fizycznych na przyk\u0142adzie powie\u015bci Maxa Frisha &#8222;Homo Faber&#8221;.<\/p>\n<\/div>\r\n                    <\/div>\r\n                <\/div>\r\n                <div class=\"text-modules\">\r\n                    <div class=\"container\">\r\n                        <h3 class=\"page-title text__title\">Ryszard Kozio\u0142ek<\/h3>\r\n                        <div class=\"text-modules__content\"><p><img class=\"alignnone size-medium wp-image-2323\" src=\"https:\/\/us.edu.pl\/instytut\/ifiz\/wp-content\/uploads\/sites\/39\/Rok_Fizyki_2020\/Ryszard_Koziolek-300x300.jpg\" alt=\"\" width=\"300\" height=\"300\" srcset=\"https:\/\/us.edu.pl\/instytut\/ifiz\/wp-content\/uploads\/sites\/39\/Rok_Fizyki_2020\/Ryszard_Koziolek-300x300.jpg 300w, https:\/\/us.edu.pl\/instytut\/ifiz\/wp-content\/uploads\/sites\/39\/Rok_Fizyki_2020\/Ryszard_Koziolek-150x150.jpg 150w, https:\/\/us.edu.pl\/instytut\/ifiz\/wp-content\/uploads\/sites\/39\/Rok_Fizyki_2020\/Ryszard_Koziolek.jpg 350w\" sizes=\"(max-width: 300px) 100vw, 300px\" \/><\/p>\n<p>Literaturoznawca, eseista, profesor w Instytucie Literaturoznawstwa Uniwersytetu \u015al\u0105skiego, rektor U\u015a na kadencj\u0119 2020 \u2013 2024. W 2010 roku otrzyma\u0142 Nagrod\u0119 Literack\u0105 Gdynia w kategorii \u201eEseistyka\u201d za ksi\u0105\u017ck\u0119 Cia\u0142a Sienkiewicza. Studia o p\u0142ci i przemocy. Cz\u0142onek jury Nagrody Literackiej Nike w latach 2012-2015. Sta\u0142y wsp\u00f3\u0142pracownik \u201eTygodnika Powszechnego\u201d. W 2016 jego ksi\u0105\u017cka <em>Dobrze si\u0119 my\u015bli literatur\u0105<\/em> zosta\u0142a uhonorowana \u015al\u0105skim Wawrzynem Literackim. W 2017 r. otrzyma\u0142 Nagrod\u0119 im. Kazimierza Wyki za wybitne osi\u0105gni\u0119cia w dziedzinie eseistyki oraz krytyki literackiej i artystycznej. Ostatnio wyda\u0142 ksi\u0105\u017ck\u0119 <em>Wiele tytu\u0142\u00f3w<\/em> (2019).<\/p>\n<\/div>\r\n                    <\/div>\r\n                <\/div>[\/vc_column][\/vc_row]<\/p>","protected":false},"excerpt":{"rendered":"<p>[vc_row][vc_column][\/vc_column][\/vc_row] [&#8230;]<\/p>\n<p><a class=\"btn btn-secondary understrap-read-more-link\" href=\"https:\/\/us.edu.pl\/instytut\/ifiz\/demon-maxwella-jako-metafora-egzystencjalna\/\">Read More&#8230;<\/a><\/p>\n","protected":false},"author":104,"featured_media":0,"parent":0,"menu_order":0,"comment_status":"closed","ping_status":"closed","template":"","meta":{"_expiration-date-status":"saved","_expiration-date":0,"_expiration-date-type":"","_expiration-date-categories":[],"_expiration-date-options":[]},"acf":[],"_links":{"self":[{"href":"https:\/\/us.edu.pl\/instytut\/ifiz\/wp-json\/wp\/v2\/pages\/2315"}],"collection":[{"href":"https:\/\/us.edu.pl\/instytut\/ifiz\/wp-json\/wp\/v2\/pages"}],"about":[{"href":"https:\/\/us.edu.pl\/instytut\/ifiz\/wp-json\/wp\/v2\/types\/page"}],"author":[{"embeddable":true,"href":"https:\/\/us.edu.pl\/instytut\/ifiz\/wp-json\/wp\/v2\/users\/104"}],"replies":[{"embeddable":true,"href":"https:\/\/us.edu.pl\/instytut\/ifiz\/wp-json\/wp\/v2\/comments?post=2315"}],"version-history":[{"count":0,"href":"https:\/\/us.edu.pl\/instytut\/ifiz\/wp-json\/wp\/v2\/pages\/2315\/revisions"}],"wp:attachment":[{"href":"https:\/\/us.edu.pl\/instytut\/ifiz\/wp-json\/wp\/v2\/media?parent=2315"}],"curies":[{"name":"wp","href":"https:\/\/api.w.org\/{rel}","templated":true}]}}