{"id":2574,"date":"2021-01-24T16:02:30","date_gmt":"2021-01-24T15:02:30","guid":{"rendered":"https:\/\/us.edu.pl\/instytut\/ifiz\/?page_id=2574"},"modified":"2026-02-17T12:27:27","modified_gmt":"2026-02-17T11:27:27","slug":"publikacje","status":"publish","type":"page","link":"https:\/\/us.edu.pl\/instytut\/ifiz\/nauka\/publikacje\/","title":{"rendered":"Publikacje"},"content":{"rendered":"<p>[vc_row][vc_column width=&#8221;2\/3&#8243;]\r\n                <div class=\"text-modules \">\r\n                    <div class=\"container\">\r\n                        <h3 class=\"section-title section-title_border-bottom\">Repozytorium publikacji naukowych U\u015a - OPUS<\/h3> <h3 class=\"subtitle text-modules__subtitle\">Pe\u0142na i aktualna lista publikacji dost\u0119pna w repozytorium Uniwersytetu \u015al\u0105skiego.<\/h3>\r\n                        <div class=\"row m-0\">\r\n                            <div class=\"text-modules__content\">\r\n                                <\/p>\n<p><strong>OPUS<\/strong> to baza dorobku naukowego Uniwersytetu \u015al\u0105skiego, prezentuj\u0105ca dorobek badawczy pracownik\u00f3w naukowych. Baza umo\u017cliwia zapoznanie si\u0119 z pe\u0142n\u0105 i aktualn\u0105 list\u0105 publikacji naukowc\u00f3w z Instytutu Fizyki wraz z informacjami bibliograficznymi oraz zapewnia dost\u0119p do pe\u0142nych tekst\u00f3w publikacji, kt\u00f3re s\u0105 udost\u0119pnione w modelu open access. \r\n                                <div class=\"mt-3\"><a href=\"https:\/\/opus.us.edu.pl\/info\/domain\/USLee89cbaccce14159af5ac5d857495fd9?tab=publications&title=Profil%2Bdyscypliny%2Bnauki%2B%25E2%2580%2593%2BNauki%2Bfizyczne%2B%25E2%2580%2593%2BUniwersytet%2B%25C5%259Al%25C4%2585ski&lang=pl&pn=1\" class=\"link-button mr-3 \">Przejd\u017a do bazy OPUS<\/a><\/div>\r\n                            <\/div>\r\n                            \r\n                            \r\n                        <\/div>\r\n                    <\/div>\r\n                <\/div><div class=\"container\"><div class=\"separator\" style=\"background-color: #EBEBEB\"><\/div><\/div>[\/vc_column][vc_column width=&#8221;1\/3&#8243;][vc_row_inner][vc_column_inner][vc_empty_space height=&#8221;60px&#8221;][\/vc_column_inner][\/vc_row_inner][vc_single_image image=&#8221;7849&#8243; img_size=&#8221;900&#215;1800&#8243; alignment=&#8221;center&#8221;][\/vc_column][\/vc_row][vc_row][vc_column]\r\n                <div class=\"text-modules \">\r\n                    <div class=\"container\">\r\n                        <h3 class=\"section-title section-title_border-bottom\">Wyr\u00f3\u017cnione publikacje naszych naukowc\u00f3w \u2013 zapraszamy do lektury<\/h3> <h3 class=\"subtitle text-modules__subtitle\">\ud83d\udcc4Wsp\u00f3lna analiza eksperyment\u00f3w T2K i NOvA<\/h3>\r\n                        <div class=\"row m-0\">\r\n                            <div class=\"text-modules__content\">\r\n                                <\/p>\n<p><strong><em>Joint neutrino oscillation analysis from the T2K and NOvA experiments\u00a0<\/em><\/strong><\/p>\n<p>W pa\u017adzierniku 2025 r. opublikowano <strong>pierwsz\u0105 wsp\u00f3ln\u0105 analiz\u0119<\/strong> wynik\u00f3w dw\u00f3ch wiod\u0105cych eksperyment\u00f3w neutrinowych: T2K w Japonii oraz NOvA w Stanach Zjednoczonych. Wsp\u00f3\u0142praca mi\u0119dzynarodowych zespo\u0142\u00f3w, w tym pracownik\u00f3w <strong>Instytutu Fizyki im. Augusta Che\u0142kowskiego U\u015a<\/strong>, zaowocowa\u0142a artyku\u0142em pt. <em>\u201eJoint neutrino oscillation analysis from the T2K and NOvA experiments\u201d<\/em> w presti\u017cowym czasopi\u015bmie <strong>Nature<\/strong>.<\/p>\n<p>\u27a1\ufe0f Pe\u0142na informacja:<br \/>\n<a href=\"https:\/\/us.edu.pl\/pierwsza-wspolna-analiza-miedzynarodowych-eksperymentow-z-fizyki-t2k-i-nova\/?utm_source=chatgpt.com\">https:\/\/us.edu.pl\/pierwsza-wspolna-analiza-miedzynarodowych-eksperymentow-z-fizyki-t2k-i-nova\/<\/a> \r\n                                <div class=\"mt-3\"><a href=\"https:\/\/www.nature.com\/articles\/s41586-025-09599-3\" class=\"link-button mr-3 \">\ud83d\udd17pe\u0142ny tekst publikacji<\/a><\/div>\r\n                            <\/div>\r\n                            \r\n                            \r\n                        <\/div>\r\n                    <\/div>\r\n                <\/div>[\/vc_column][\/vc_row][vc_row][vc_column][vc_separator][\/vc_column][\/vc_row][vc_row][vc_column]\r\n                <div class=\"text-modules \">\r\n                    <div class=\"container\">\r\n                         <h3 class=\"subtitle text-modules__subtitle\">\ud83d\udcc4 Publikacja w Nature Communications<\/h3>\r\n                        <div class=\"row m-0\">\r\n                            <div class=\"text-modules__content\">\r\n                                <\/p>\n<p><strong><em>Evidence of isospin-symmetry violation in high-energy collisions of atomic nuclei<\/em><\/strong><\/p>\n<p>W marcu 2025 r. ukaza\u0142a si\u0119 publikacja dotycz\u0105ca nowatorskiej analizy danych z eksperymentu <strong>NA61\/SHINE w CERN<\/strong>, w kt\u00f3rej naukowcy zauwa\u017cyli <strong>nietypow\u0105 anomali\u0119<\/strong>. Wyniki tych bada\u0144 zosta\u0142y opublikowane w uznanym czasopi\u015bmie <strong>Nature Communications<\/strong> \u2014 to znacz\u0105cy sukces naukowy naszych badaczy.<\/p>\n<p>\u27a1\ufe0f Pe\u0142na informacja:<br \/>\n<a href=\"https:\/\/us.edu.pl\/instytut\/ifiz\/publikacja-naszych-naukowcow-w-nature-communications\/?utm_source=chatgpt.com\">https:\/\/us.edu.pl\/instytut\/ifiz\/publikacja-naszych-naukowcow-w-nature-communications\/<\/a> \r\n                                <div class=\"mt-3\"><a href=\"https:\/\/www.nature.com\/articles\/s41467-025-57234-6\" class=\"link-button mr-3 \">\ud83d\udd17pe\u0142ny tekst publikacji<\/a><\/div>\r\n                            <\/div>\r\n                            \r\n                            \r\n                        <\/div>\r\n                    <\/div>\r\n                <\/div>[\/vc_column][\/vc_row]<\/p>","protected":false},"excerpt":{"rendered":"<p>[vc_row][vc_column width=&#8221;2\/3&#8243;][\/vc_column][vc_column width=&#8221;1\/3&#8243;][vc_row_inner][vc_column_inner][vc_empty_space height=&#8221;60px&#8221;][\/vc_column_inner][\/vc_row_inner][vc_single_image image=&#8221;7849&#8243; img_size=&#8221;900&#215;1800&#8243; alignment=&#8221;center&#8221;][\/vc_column][\/vc_row][vc_row][vc_column][\/vc_column][\/vc_row][vc_row][vc_column][vc_separator][\/vc_column][\/vc_row][vc_row][vc_column][\/vc_column][\/vc_row] [&#8230;]<\/p>\n<p><a class=\"btn btn-secondary understrap-read-more-link\" href=\"https:\/\/us.edu.pl\/instytut\/ifiz\/nauka\/publikacje\/\">Read More&#8230;<\/a><\/p>\n","protected":false},"author":104,"featured_media":0,"parent":162,"menu_order":50,"comment_status":"closed","ping_status":"closed","template":"page-templates\/inner-page.php","meta":{"_expiration-date-status":"","_expiration-date":0,"_expiration-date-type":"","_expiration-date-categories":[],"_expiration-date-options":[]},"acf":[],"_links":{"self":[{"href":"https:\/\/us.edu.pl\/instytut\/ifiz\/wp-json\/wp\/v2\/pages\/2574"}],"collection":[{"href":"https:\/\/us.edu.pl\/instytut\/ifiz\/wp-json\/wp\/v2\/pages"}],"about":[{"href":"https:\/\/us.edu.pl\/instytut\/ifiz\/wp-json\/wp\/v2\/types\/page"}],"author":[{"embeddable":true,"href":"https:\/\/us.edu.pl\/instytut\/ifiz\/wp-json\/wp\/v2\/users\/104"}],"replies":[{"embeddable":true,"href":"https:\/\/us.edu.pl\/instytut\/ifiz\/wp-json\/wp\/v2\/comments?post=2574"}],"version-history":[{"count":0,"href":"https:\/\/us.edu.pl\/instytut\/ifiz\/wp-json\/wp\/v2\/pages\/2574\/revisions"}],"up":[{"embeddable":true,"href":"https:\/\/us.edu.pl\/instytut\/ifiz\/wp-json\/wp\/v2\/pages\/162"}],"wp:attachment":[{"href":"https:\/\/us.edu.pl\/instytut\/ifiz\/wp-json\/wp\/v2\/media?parent=2574"}],"curies":[{"name":"wp","href":"https:\/\/api.w.org\/{rel}","templated":true}]}}