{"id":2578,"date":"2021-01-24T16:13:11","date_gmt":"2021-01-24T15:13:11","guid":{"rendered":"https:\/\/us.edu.pl\/instytut\/ifiz\/?page_id=2578"},"modified":"2021-01-24T16:24:52","modified_gmt":"2021-01-24T15:24:52","slug":"modelowanie-wplywu-nanostruktur-na-uklady-biologiczne-i-agregaty-molekularne","status":"publish","type":"page","link":"https:\/\/us.edu.pl\/instytut\/ifiz\/nauka\/zespoly-badawcze\/teoria-oddzialywan-techniki-obliczeniowe-oraz-metody-i-modele-w-analizie-danych\/modelowanie-wplywu-nanostruktur-na-uklady-biologiczne-i-agregaty-molekularne\/","title":{"rendered":"Modelowanie wp\u0142ywu nanostruktur na uk\u0142ady biologiczne i agregaty molekularne"},"content":{"rendered":"<p>[vc_row el_class=&#8221;container&#8221;][vc_column][vc_row_inner][vc_column_inner width=&#8221;1\/4&#8243;]\r\n                <div class=\"text-modules\">\r\n                    <div class=\"container\">\r\n                        \r\n                        <div class=\"text-modules__content\"><p>Grupa badawcza:<\/p>\n<ul>\n<li><a href=\"https:\/\/ab.us.edu.pl\/emp?id=4292\">dr hab. Zbigniew Dendzik<\/a><\/li>\n<li>dr Przemys\u0142aw Raczy\u0144ski<\/li>\n<li>dr Krzysztof G\u00f3rny<\/li>\n<li>mgr Raczy\u0144ska Violetta<\/li>\n<\/ul>\n<p>\n<\/div>\r\n                    <\/div>\r\n                <\/div>[\/vc_column_inner][vc_column_inner width=&#8221;3\/4&#8243;]\r\n                <div class=\"text-modules\">\r\n                    <div class=\"container\">\r\n                        <h3 class=\"page-title text__title\">Modelowanie wp\u0142ywu nanostruktur na uk\u0142ady biologiczne i agregaty molekularne<\/h3>\r\n                        <div class=\"text-modules__content\"><p>Modelowanie molekularne to ciesz\u0105cy si\u0119 coraz wi\u0119ksz\u0105 popularno\u015bci\u0105 zbi\u00f3r metod i technik obliczeniowych s\u0142u\u017c\u0105cych do przewidywania w\u0142asno\u015bci cz\u0105steczek oraz struktur\u00a0 ponadcz\u0105steczkowych. Techniki modelowania takie jak symulacje MD (Molecular Dynamics), znajduj\u0105 szerokie zastosowanie od nauki o materia\u0142ach (na przyk\u0142ad przewidywanie w\u0142asno\u015bci polimer\u00f3w i nanostruktur) do projektowania nowych generacji lek\u00f3w i ich no\u015bnik\u00f3w. Wzrost popularno\u015bci i znaczenia metod modelowania molekularnego jest zwi\u0105zany przede wszystkim ze wzrostem mo\u017cliwo\u015bci obliczeniowych wsp\u00f3\u0142czesnych komputer\u00f3w. Zastosowanie coraz lepszych algorytm\u00f3w paralelizacji oblicze\u0144 oraz nowych technik obliczeniowych (na przyk\u0142ad coraz powszechniejsze wykorzystanie GPU), pozwala modelowa\u0107 na poziomie atomowym nie tylko proste uk\u0142ady sk\u0142adaj\u0105ce si\u0119 z paru tysi\u0119cy atom\u00f3w (ma\u0142e proteiny, fragmenty b\u0142ony kom\u00f3rkowej), ale tak\u017ce naprawd\u0119 z\u0142o\u017cone uk\u0142ady takie jak kompletny kapsyd wirusa, bioagregaty HDL czy liposomy.<\/p>\n<p>Prowadzone w naszym zespole badania koncentruj\u0105 si\u0119 na dw\u00f3ch g\u0142\u00f3wnych obszarach.<\/p>\n<ol>\n<li style=\"list-style-type: none\">\n<ol>\n<li>Potencjalne zastosowania nanostruktur (nanorurki, materia\u0142y 2D, fulereny i ich pochodne) w nanomedycynie (no\u015bniki lek\u00f3w w terapii celowej, nanoindentery)<br \/>\n<img class=\"aligncenter wp-image-2582 size-medium\" src=\"https:\/\/us.edu.pl\/instytut\/ifiz\/wp-content\/uploads\/sites\/39\/Zespoly-badawcze\/modelowanie_1-300x286.jpg\" alt=\"\" width=\"300\" height=\"286\" srcset=\"https:\/\/us.edu.pl\/instytut\/ifiz\/wp-content\/uploads\/sites\/39\/Zespoly-badawcze\/modelowanie_1-300x286.jpg 300w, https:\/\/us.edu.pl\/instytut\/ifiz\/wp-content\/uploads\/sites\/39\/Zespoly-badawcze\/modelowanie_1.jpg 496w\" sizes=\"(max-width: 300px) 100vw, 300px\" \/><\/li>\n<li>Zastosowania nanostruktur jako substrat\u00f3w faz ciek\u0142okrystalicznych o w\u0142asno\u015bciach interesuj\u0105cych ze wzgl\u0119du na potencjalne wykorzystanie w konstrukcji urz\u0105dze\u0144 optoelektronicznych nowej generacji.<br \/>\n<img class=\"size-medium wp-image-2581 aligncenter\" src=\"https:\/\/us.edu.pl\/instytut\/ifiz\/wp-content\/uploads\/sites\/39\/Zespoly-badawcze\/modelowanie_2-300x94.jpg\" alt=\"\" width=\"300\" height=\"94\" srcset=\"https:\/\/us.edu.pl\/instytut\/ifiz\/wp-content\/uploads\/sites\/39\/Zespoly-badawcze\/modelowanie_2-300x94.jpg 300w, https:\/\/us.edu.pl\/instytut\/ifiz\/wp-content\/uploads\/sites\/39\/Zespoly-badawcze\/modelowanie_2-575x180.jpg 575w, https:\/\/us.edu.pl\/instytut\/ifiz\/wp-content\/uploads\/sites\/39\/Zespoly-badawcze\/modelowanie_2.jpg 662w\" sizes=\"(max-width: 300px) 100vw, 300px\" \/><\/li>\n<\/ol>\n<p>\n<\/div>\r\n                    <\/div>\r\n                <\/div>[\/vc_column_inner][\/vc_row_inner][\/vc_column][\/vc_row]<\/li>\n<\/ol>\n<p><\/p>","protected":false},"excerpt":{"rendered":"<p>[vc_row el_class=&#8221;container&#8221;][vc_column][vc_row_inner][vc_column_inner width=&#8221;1\/4&#8243;][\/vc_column_inner][vc_column_inner width=&#8221;3\/4&#8243;][\/vc_column_inner][\/vc_row_inner][\/vc_column][\/vc_row] [&#8230;]<\/p>\n<p><a class=\"btn btn-secondary understrap-read-more-link\" href=\"https:\/\/us.edu.pl\/instytut\/ifiz\/nauka\/zespoly-badawcze\/teoria-oddzialywan-techniki-obliczeniowe-oraz-metody-i-modele-w-analizie-danych\/modelowanie-wplywu-nanostruktur-na-uklady-biologiczne-i-agregaty-molekularne\/\">Read More&#8230;<\/a><\/p>\n","protected":false},"author":104,"featured_media":0,"parent":1414,"menu_order":10,"comment_status":"closed","ping_status":"closed","template":"","meta":{"_expiration-date-status":"saved","_expiration-date":0,"_expiration-date-type":"","_expiration-date-categories":[],"_expiration-date-options":[]},"acf":[],"_links":{"self":[{"href":"https:\/\/us.edu.pl\/instytut\/ifiz\/wp-json\/wp\/v2\/pages\/2578"}],"collection":[{"href":"https:\/\/us.edu.pl\/instytut\/ifiz\/wp-json\/wp\/v2\/pages"}],"about":[{"href":"https:\/\/us.edu.pl\/instytut\/ifiz\/wp-json\/wp\/v2\/types\/page"}],"author":[{"embeddable":true,"href":"https:\/\/us.edu.pl\/instytut\/ifiz\/wp-json\/wp\/v2\/users\/104"}],"replies":[{"embeddable":true,"href":"https:\/\/us.edu.pl\/instytut\/ifiz\/wp-json\/wp\/v2\/comments?post=2578"}],"version-history":[{"count":0,"href":"https:\/\/us.edu.pl\/instytut\/ifiz\/wp-json\/wp\/v2\/pages\/2578\/revisions"}],"up":[{"embeddable":true,"href":"https:\/\/us.edu.pl\/instytut\/ifiz\/wp-json\/wp\/v2\/pages\/1414"}],"wp:attachment":[{"href":"https:\/\/us.edu.pl\/instytut\/ifiz\/wp-json\/wp\/v2\/media?parent=2578"}],"curies":[{"name":"wp","href":"https:\/\/api.w.org\/{rel}","templated":true}]}}