{"id":2805,"date":"2021-03-18T17:11:45","date_gmt":"2021-03-18T16:11:45","guid":{"rendered":"https:\/\/us.edu.pl\/instytut\/ifiz\/?page_id=2805"},"modified":"2021-03-24T13:47:35","modified_gmt":"2021-03-24T12:47:35","slug":"pomiary-przekrojow-czynnych-w-procesach-fragmentacji-niezbedne-do-interpretacji-oddzialywan-promieniowania-kosmicznego-wedrujacego-przez-galaktyke","status":"publish","type":"page","link":"https:\/\/us.edu.pl\/instytut\/ifiz\/pomiary-przekrojow-czynnych-w-procesach-fragmentacji-niezbedne-do-interpretacji-oddzialywan-promieniowania-kosmicznego-wedrujacego-przez-galaktyke\/","title":{"rendered":"Pomiary przekroj\u00f3w czynnych w procesach fragmentacji niezb\u0119dne do interpretacji oddzia\u0142ywa\u0144 promieniowania kosmicznego w\u0119druj\u0105cego przez Galaktyk\u0119"},"content":{"rendered":"<p>Cel Projektu:<\/p>\n<p>Celem projektu jest pomiar przekroj\u00f3w czynnych w procesach fragmentacji (podzia\u0142u) lekkich i \u015brednich j\u0105der atomowych. Wyniki tych eksperyment\u00f3w b\u0119d\u0105 przydatne w zrozumieniu i interpretacji danych zmierzonych przez eksperymenty badaj\u0105ce promieniowanie kosmiczne, a w szczeg\u00f3lno\u015bci jego w\u0119dr\u00f3wki przez Galaktyk\u0119.<br \/>\nGro nowych danych na temat propagacji Galaktycznych Promieniowania Kosmicznego zosta\u0142o ostatnio zebranych przez takie kosmiczne eksperymenty jak AMS czy PAMELA. Strumienie lepton\u00f3w, j\u0105der atomowych i antyproton\u00f3w od GeV do TeV s\u0105 obecnie znane z bardzo du\u017c\u0105 precyzj\u0105 (na poziomie procentowym) i zapewniaj\u0105 unikaln\u0105 diagnostyk\u0119 propagacji promieniowania kosmicznego w Galaktyce, a tak\u017ce mo\u017cliwo\u015b\u0107 znalezienia oznak istnienia ciemnej materii w Galaktyce. Niestety niepewno\u015bci zwi\u0105zane z modelowaniem propagacji promieniowania kosmicznego w Galaktyce s\u0105 wci\u0105\u017c bardzo du\u017ce w szczeg\u00f3lno\u015bci modelowania przej\u015bcia od tzw. pierwotnego do wt\u00f3rego promieniowania kosmicznego. St\u0105d precyzyjne pomiary przekroj\u00f3w mog\u0105 dramatycznie poprawi\u0107 sytuacj\u0119 eksperymentaln\u0105.<br \/>\nPonadto projekt zak\u0142ada uczestnictwo w rozwoju detektora NA61\/SHINE pracuj\u0105cego na akceleratorze SPS w CERN. Eksperyment NA61\/SHINE jest wa\u017cnym uzupe\u0142nieniem eksperyment\u00f3w prowadzonych przy wielkim zderzaczu hadron\u00f3w LHC dostarczaj\u0105c unikalnych danych niemo\u017cliwych do osi\u0105gni\u0119cia w innych obecnie prowadzonych eksperymentach. Przedmiotem bada\u0144 eksperymentu NA61\/SHINE s\u0105 zderzenia proton-proton, hadron-j\u0105dro oraz j\u0105dro-j\u0105dro przy relatywistycznych energiach.<\/p>\n<p>Projekt otrzyma\u0142 dofinasowanie w konkursie:<\/p>\n<pre><span style=\"font-size: 14pt\"><strong>BEETHOVEN Classic 3 -- Polish-German Funding Initiative<\/strong><\/span><\/pre>\n<p>Projekt jest realizowany we wsp\u00f3\u0142pracy z <strong>Karlsruhe Institute of Technology<\/strong><\/p>","protected":false},"excerpt":{"rendered":"<p>Cel Projektu: Celem projektu jest pomiar przekroj\u00f3w czynnych w procesach fragmentacji (podzia\u0142u) lekkich i \u015brednich j\u0105der atomowych. Wyniki tych eksperyment\u00f3w b\u0119d\u0105 przydatne w zrozumieniu i interpretacji danych zmierzonych przez eksperymenty badaj\u0105ce promieniowanie kosmiczne, a w szczeg\u00f3lno\u015bci jego w\u0119dr\u00f3wki przez Galaktyk\u0119. Gro nowych danych na temat propagacji Galaktycznych Promieniowania Kosmicznego zosta\u0142o ostatnio zebranych przez takie kosmiczne [&#8230;]<\/p>\n<p><a class=\"btn btn-secondary understrap-read-more-link\" href=\"https:\/\/us.edu.pl\/instytut\/ifiz\/pomiary-przekrojow-czynnych-w-procesach-fragmentacji-niezbedne-do-interpretacji-oddzialywan-promieniowania-kosmicznego-wedrujacego-przez-galaktyke\/\">Read More&#8230;<\/a><\/p>\n","protected":false},"author":104,"featured_media":0,"parent":0,"menu_order":0,"comment_status":"closed","ping_status":"closed","template":"","meta":{"_expiration-date-status":"saved","_expiration-date":0,"_expiration-date-type":"","_expiration-date-categories":[],"_expiration-date-options":[]},"acf":[],"_links":{"self":[{"href":"https:\/\/us.edu.pl\/instytut\/ifiz\/wp-json\/wp\/v2\/pages\/2805"}],"collection":[{"href":"https:\/\/us.edu.pl\/instytut\/ifiz\/wp-json\/wp\/v2\/pages"}],"about":[{"href":"https:\/\/us.edu.pl\/instytut\/ifiz\/wp-json\/wp\/v2\/types\/page"}],"author":[{"embeddable":true,"href":"https:\/\/us.edu.pl\/instytut\/ifiz\/wp-json\/wp\/v2\/users\/104"}],"replies":[{"embeddable":true,"href":"https:\/\/us.edu.pl\/instytut\/ifiz\/wp-json\/wp\/v2\/comments?post=2805"}],"version-history":[{"count":0,"href":"https:\/\/us.edu.pl\/instytut\/ifiz\/wp-json\/wp\/v2\/pages\/2805\/revisions"}],"wp:attachment":[{"href":"https:\/\/us.edu.pl\/instytut\/ifiz\/wp-json\/wp\/v2\/media?parent=2805"}],"curies":[{"name":"wp","href":"https:\/\/api.w.org\/{rel}","templated":true}]}}