{"id":2988,"date":"2021-10-06T13:57:40","date_gmt":"2021-10-06T11:57:40","guid":{"rendered":"https:\/\/us.edu.pl\/instytut\/ifiz\/?page_id=2988"},"modified":"2021-12-09T17:31:40","modified_gmt":"2021-12-09T16:31:40","slug":"rok-lema-2021","status":"publish","type":"page","link":"https:\/\/us.edu.pl\/instytut\/ifiz\/rok-lema-2021\/","title":{"rendered":"Fizyka Lema: wczoraj Fiction, dzisiaj Science"},"content":{"rendered":"<p>[vc_row][vc_column][vc_single_image image=&#8221;3296&#8243; img_size=&#8221;large&#8221; alignment=&#8221;center&#8221;]\r\n                <div class=\"text-modules\">\r\n                    <div class=\"container\">\r\n                        \r\n                        <div class=\"text-modules__content\"><p>W dniu 13 wrze\u015bnia 2021 roku min\u0119\u0142a setna rocznica urodzin Stanis\u0142awa Lema. Warto odnotowa\u0107 t\u0119 dat\u0119, poniewa\u017c ten, urodzony w Lwowie, autor licznych ksi\u0105\u017cek jest jednym z najlepiej rozpoznawalnych na \u015bwiecie polskich pisarzy; jego ksi\u0105\u017cki zosta\u0142y przet\u0142umaczone na ponad 40 j\u0119zyk\u00f3w i wydane w ponad 30 milionach egzemplarzy. Sejm RP zdecydowa\u0142 o upami\u0119tnieniu tej rocznicy ustanawiaj\u0105c rok 2021 Rokiem Lema.<\/p>\n<p>Trwaj\u0105ce w Polsce obchody obejmuj\u0105 szereg wydarze\u0144 popularyzuj\u0105cych tw\u00f3rczo\u015b\u0107 Stanis\u0142awa Lema. Ale nie tylko; wystawy, konferencje, festiwale, czy konkursy adresowane s\u0105 r\u00f3wnie\u017c do entuzjast\u00f3w szeroko rozumianej nauki czy nowych technologii. Wydarzenia po\u015bwi\u0119cone setnej rocznicy urodzin Stanis\u0142awa Lema zebrane zosta\u0142y w serwisie <a href=\"https:\/\/roklema.pl\/\">roklema.pl<\/a>.<\/p>\n<p><strong>Instytut Fizyki im. Augusta Che\u0142kowskiego w Uniwersytecie \u015al\u0105skim w Katowicach oraz\u00a0 PTF <\/strong><strong>Oddzia\u0142 w <\/strong><strong>Katowicach <\/strong><strong>w\u0142\u0105czaj\u0105c si\u0119 w trwaj\u0105ce obchody zapraszaj\u0105 na otwarte wydarzenie \u201eFizyka Lema: wczoraj Fiction, dzisiaj Science\u201d, kt\u00f3re odb\u0119dzie si\u0119 w dniu 9 grudnia 2021.<\/strong><\/p>\n<p>Spu\u015bcizna Stanis\u0142awa Lema to w przewa\u017caj\u0105cej cz\u0119\u015bci literatura zaliczaj\u0105ca si\u0119 do fantastyki naukowej. Jednak na tle innych ksi\u0105\u017cek z nurtu SF utwory Lema wyr\u00f3\u017cniaj\u0105 si\u0119 bliskim zwi\u0105zkiem z nauk\u0105. Autor by\u0142 na bie\u017c\u0105co z odkryciami i aktualnymi problemami naukowymi. W swoich ksi\u0105\u017ckach potrafi\u0142 wiarygodnie opisa\u0107 &#8211; tak bliskie fizykom &#8211; neutrino (\u201cG\u0142os Pana\u201d), jak i ruch w okolicy czarnej dziury (\u201cFiasko\u201d). Mia\u0142 te\u017c swoj\u0105, raczej ma\u0142o optymistyczn\u0105, wizj\u0119 kontaktu z pozaziemsk\u0105 inteligencj\u0105 (\u201cEden\u201d, \u201cSolaris\u201d). No i, oczywi\u015bcie, stworzy\u0142 nie\u015bmiertelne \u201cBajki robot\u00f3w\u201d czy \u201cOpowie\u015bci o pilocie Pirxie\u201d, kt\u00f3re tym lepiej si\u0119 rozumie, im wi\u0119cej ma si\u0119 \u017cyciowego do\u015bwiadczenia.<br \/>\nCiekawe jest r\u00f3wnie\u017c por\u00f3wnanie jego przewidywa\u0144 futurologicznych (\u201cSumma Technologiae\u201d, felietony z lat 90-tych) z nasz\u0105 dzisiejsz\u0105 rzeczywisto\u015bci\u0105 oraz stanem nauki. Stanis\u0142aw Lem nie tylko zapisa\u0142 si\u0119 w historii literatury, tworz\u0105c niezwyk\u0142e utwory w tak pozornie ma\u0142o szlachetnym gatunku jak fantastyka naukowa, ale r\u00f3wnie\u017c zainteresowa\u0142 nauk\u0105 licznych przysz\u0142ych student\u00f3w, m.in. fizyki.<\/p>\n<p>I w\u0142a\u015bnie okolice fizyki w kontek\u015bcie tw\u00f3rczo\u015bci Stanis\u0142awa Lema, a konkretnie odkrywanie z\u0142o\u017cono\u015bci wszech\u015bwiata, opracowywanie nowych technologii na potrzeby spo\u0142ecze\u0144stwa czy odnalezienie swojego miejsca w \u015bwiecie i wizje przysz\u0142o\u015bci zostan\u0105 om\u00f3wione w ramach konferencji \u201e<em><strong>Fizyka Lema: wczoraj Fiction, dzisiaj Science<\/strong><\/em>\u201d. Tematy te przybli\u017c\u0105 nam literaturoznawcy, pisarze i fizycy.<\/p>\n<p>Program wydarzenia obejmuje:<\/p>\n<ul>\n<li>wyk\u0142ady z zakresu tw\u00f3rczo\u015bci Stanis\u0142awa Lema, kosmologii, astrofizyki, biofizyki, komputer\u00f3w kwantowych czy uczenia maszynowego,<\/li>\n<li>wystaw\u0119 plakat\u00f3w dr hab. Tomasza Kipki, prof. U\u015a,<\/li>\n<li>rozmow\u0119 Prof. Janusza Gluzy z Prof. Abrahamem (Avi) Loebem astronomem i fizykiem teoretycznym z Uniwersytetu Harvarda, poszukiwaczem obcych cywilizacji, autorem ksi\u0105\u017cki <em>Pozaziemskie. Pierwsze \u015blady \u017cycia rozumnego poza Ziemi\u0105<\/em>,<\/li>\n<li>dyskusj\u0119 panelow\u0105.<\/li>\n<\/ul>\n<p>Wydarzenie odb\u0119dzie si\u0119 w czwartek, <strong>9 grudnia 2021 r.<\/strong> Transmisja wydarzenia b\u0119dzie dost\u0119pna na kanale Youtube Uniwersytetu \u015al\u0105skiego<\/p>\n<p><strong>Serdecznie zapraszamy do udzia\u0142u w wydarzeniu!<\/strong><\/p>\n<p>Dyrekcja Instytutu Fizyki<br \/>\ndr hab. Sebastian Pawlus, prof. U\u015a \u2013 Dyrektor Instytutu Fizyki<br \/>\ndr hab. El\u017cbieta Stephan, prof. U\u015a \u2013 Zast\u0119pca Dyrektora Instytutu Fizyki<\/p>\n<p>Przewodnicz\u0105cy PTF Oddzia\u0142 w Katowicach<br \/>\ndr hab. Pawe\u0142 Zajdel, prof. U\u015a<\/p>\n<table style=\"border-collapse: collapse; width: 100%;\">\n<tbody>\n<tr>\n<td style=\"width: 56.425%;\"><img class=\"aligncenter wp-image-423\" src=\"https:\/\/us.edu.pl\/instytut\/ifiz\/wp-content\/uploads\/sites\/39\/logotypy\/uniwersytet-slaski_WNST_IF_logo_poziome_cmyk-1024x225.png\" alt=\"\" width=\"400\" height=\"88\" srcset=\"https:\/\/us.edu.pl\/instytut\/ifiz\/wp-content\/uploads\/sites\/39\/logotypy\/uniwersytet-slaski_WNST_IF_logo_poziome_cmyk-1024x225.png 1024w, https:\/\/us.edu.pl\/instytut\/ifiz\/wp-content\/uploads\/sites\/39\/logotypy\/uniwersytet-slaski_WNST_IF_logo_poziome_cmyk-300x66.png 300w, https:\/\/us.edu.pl\/instytut\/ifiz\/wp-content\/uploads\/sites\/39\/logotypy\/uniwersytet-slaski_WNST_IF_logo_poziome_cmyk-768x169.png 768w, https:\/\/us.edu.pl\/instytut\/ifiz\/wp-content\/uploads\/sites\/39\/logotypy\/uniwersytet-slaski_WNST_IF_logo_poziome_cmyk-575x126.png 575w\" sizes=\"(max-width: 400px) 100vw, 400px\" \/><\/td>\n<td style=\"width: 43.575%;\"><img class=\"aligncenter wp-image-360 size-medium\" src=\"https:\/\/us.edu.pl\/instytut\/ifiz\/wp-content\/uploads\/sites\/39\/logotypy\/logo_PTF_margines_400x400-300x300.png\" alt=\"\" width=\"300\" height=\"300\" srcset=\"https:\/\/us.edu.pl\/instytut\/ifiz\/wp-content\/uploads\/sites\/39\/logotypy\/logo_PTF_margines_400x400-300x300.png 300w, https:\/\/us.edu.pl\/instytut\/ifiz\/wp-content\/uploads\/sites\/39\/logotypy\/logo_PTF_margines_400x400-150x150.png 150w, https:\/\/us.edu.pl\/instytut\/ifiz\/wp-content\/uploads\/sites\/39\/logotypy\/logo_PTF_margines_400x400.png 400w\" sizes=\"(max-width: 300px) 100vw, 300px\" \/><\/td>\n<\/tr>\n<\/tbody>\n<\/table>\n<p>Komitet organizacyjny<br \/>\nprof. dr hab. Janusz Gluza<br \/>\ndr hab. Seweryn Kowalski, prof. U\u015a<br \/>\ndr Katarzyna Balin<\/p>\n<\/div>\r\n                    <\/div>\r\n                <\/div>\r\n                <div class=\"text-modules\">\r\n                    <div class=\"container\">\r\n                        \r\n                        <div class=\"text-modules__content\"><\/p>\n<h2>Honorowy patronat nad wydarzeniem obj\u0119\u0142a<\/h2>\n<p>Dziekan Wydzia\u0142u Nauk \u015acis\u0142ych i Technicznych Prof. dr hab. Danuta Str\u00f3\u017c.<\/p>\n<\/div>\r\n                    <\/div>\r\n                <\/div>\r\n                <div class=\"text-modules\">\r\n                    <div class=\"container\">\r\n                        \r\n                        <div class=\"text-modules__content\"><p><img class=\"alignnone size-medium wp-image-3369\" src=\"https:\/\/us.edu.pl\/instytut\/ifiz\/wp-content\/uploads\/sites\/39\/logotypy\/uniwersytet-slaski_WNSiT_logo_poziome_rgb-300x42.jpg\" alt=\"\" width=\"300\" height=\"42\" srcset=\"https:\/\/us.edu.pl\/instytut\/ifiz\/wp-content\/uploads\/sites\/39\/logotypy\/uniwersytet-slaski_WNSiT_logo_poziome_rgb-300x42.jpg 300w, https:\/\/us.edu.pl\/instytut\/ifiz\/wp-content\/uploads\/sites\/39\/logotypy\/uniwersytet-slaski_WNSiT_logo_poziome_rgb-768x108.jpg 768w, https:\/\/us.edu.pl\/instytut\/ifiz\/wp-content\/uploads\/sites\/39\/logotypy\/uniwersytet-slaski_WNSiT_logo_poziome_rgb-1024x144.jpg 1024w, https:\/\/us.edu.pl\/instytut\/ifiz\/wp-content\/uploads\/sites\/39\/logotypy\/uniwersytet-slaski_WNSiT_logo_poziome_rgb-575x81.jpg 575w\" sizes=\"(max-width: 300px) 100vw, 300px\" \/><\/p>\n<\/div>\r\n                    <\/div>\r\n                <\/div>\r\n                <div class=\"text-modules\">\r\n                    <div class=\"container\">\r\n                        \r\n                        <div class=\"text-modules__content\"><\/p>\n<h2>Patronat medialny<\/h2>\n<table style=\"border-collapse: collapse; width: 100%; height: 111px;\">\n<tbody>\n<tr style=\"height: 111px;\">\n<td style=\"width: 25%; height: 111px;\"><img class=\"alignnone size-medium wp-image-3410\" src=\"https:\/\/us.edu.pl\/instytut\/ifiz\/wp-content\/uploads\/sites\/39\/logotypy\/Zysk1-krzywe-300x111.jpg\" alt=\"\" width=\"300\" height=\"111\" srcset=\"https:\/\/us.edu.pl\/instytut\/ifiz\/wp-content\/uploads\/sites\/39\/logotypy\/Zysk1-krzywe-300x111.jpg 300w, https:\/\/us.edu.pl\/instytut\/ifiz\/wp-content\/uploads\/sites\/39\/logotypy\/Zysk1-krzywe-768x284.jpg 768w, https:\/\/us.edu.pl\/instytut\/ifiz\/wp-content\/uploads\/sites\/39\/logotypy\/Zysk1-krzywe-1024x379.jpg 1024w, https:\/\/us.edu.pl\/instytut\/ifiz\/wp-content\/uploads\/sites\/39\/logotypy\/Zysk1-krzywe-575x213.jpg 575w\" sizes=\"(max-width: 300px) 100vw, 300px\" \/><\/td>\n<td style=\"width: 25%; height: 111px;\"><img class=\"alignnone size-medium wp-image-2221\" src=\"https:\/\/us.edu.pl\/instytut\/ifiz\/wp-content\/uploads\/sites\/39\/logotypy\/U\u015a-TV-logo-300x107.jpg\" alt=\"\" width=\"300\" height=\"107\" srcset=\"https:\/\/us.edu.pl\/instytut\/ifiz\/wp-content\/uploads\/sites\/39\/logotypy\/U\u015a-TV-logo-300x107.jpg 300w, https:\/\/us.edu.pl\/instytut\/ifiz\/wp-content\/uploads\/sites\/39\/logotypy\/U\u015a-TV-logo-768x273.jpg 768w, https:\/\/us.edu.pl\/instytut\/ifiz\/wp-content\/uploads\/sites\/39\/logotypy\/U\u015a-TV-logo-575x204.jpg 575w, https:\/\/us.edu.pl\/instytut\/ifiz\/wp-content\/uploads\/sites\/39\/logotypy\/U\u015a-TV-logo.jpg 900w\" sizes=\"(max-width: 300px) 100vw, 300px\" \/><\/td>\n<td style=\"width: 25%; height: 111px;\"><img class=\"alignnone size-medium wp-image-2219\" src=\"https:\/\/us.edu.pl\/instytut\/ifiz\/wp-content\/uploads\/sites\/39\/logotypy\/gazeta-uniwer-nowe-logo-300x80.png\" alt=\"\" width=\"300\" height=\"80\" srcset=\"https:\/\/us.edu.pl\/instytut\/ifiz\/wp-content\/uploads\/sites\/39\/logotypy\/gazeta-uniwer-nowe-logo-300x80.png 300w, https:\/\/us.edu.pl\/instytut\/ifiz\/wp-content\/uploads\/sites\/39\/logotypy\/gazeta-uniwer-nowe-logo-768x204.png 768w, https:\/\/us.edu.pl\/instytut\/ifiz\/wp-content\/uploads\/sites\/39\/logotypy\/gazeta-uniwer-nowe-logo-1024x272.png 1024w, https:\/\/us.edu.pl\/instytut\/ifiz\/wp-content\/uploads\/sites\/39\/logotypy\/gazeta-uniwer-nowe-logo-575x153.png 575w, https:\/\/us.edu.pl\/instytut\/ifiz\/wp-content\/uploads\/sites\/39\/logotypy\/gazeta-uniwer-nowe-logo.png 1176w\" sizes=\"(max-width: 300px) 100vw, 300px\" \/><\/td>\n<td style=\"width: 25%; height: 111px;\"><img class=\"alignnone size-medium wp-image-2220\" src=\"https:\/\/us.edu.pl\/instytut\/ifiz\/wp-content\/uploads\/sites\/39\/logotypy\/PN-web-300x167.jpg\" alt=\"\" width=\"300\" height=\"167\" srcset=\"https:\/\/us.edu.pl\/instytut\/ifiz\/wp-content\/uploads\/sites\/39\/logotypy\/PN-web-300x167.jpg 300w, https:\/\/us.edu.pl\/instytut\/ifiz\/wp-content\/uploads\/sites\/39\/logotypy\/PN-web-768x428.jpg 768w, https:\/\/us.edu.pl\/instytut\/ifiz\/wp-content\/uploads\/sites\/39\/logotypy\/PN-web-1024x570.jpg 1024w, https:\/\/us.edu.pl\/instytut\/ifiz\/wp-content\/uploads\/sites\/39\/logotypy\/PN-web-575x320.jpg 575w, https:\/\/us.edu.pl\/instytut\/ifiz\/wp-content\/uploads\/sites\/39\/logotypy\/PN-web.jpg 1751w\" sizes=\"(max-width: 300px) 100vw, 300px\" \/><\/td>\n<\/tr>\n<\/tbody>\n<\/table>\n<p>\n<\/div>\r\n                    <\/div>\r\n                <\/div>[\/vc_column][\/vc_row]<\/p>","protected":false},"excerpt":{"rendered":"<p>[vc_row][vc_column][vc_single_image image=&#8221;3296&#8243; img_size=&#8221;large&#8221; alignment=&#8221;center&#8221;][\/vc_column][\/vc_row] [&#8230;]<\/p>\n<p><a class=\"btn btn-secondary understrap-read-more-link\" href=\"https:\/\/us.edu.pl\/instytut\/ifiz\/rok-lema-2021\/\">Read More&#8230;<\/a><\/p>\n","protected":false},"author":104,"featured_media":0,"parent":0,"menu_order":50,"comment_status":"closed","ping_status":"closed","template":"page-templates\/inner-page.php","meta":{"_expiration-date-status":"saved","_expiration-date":0,"_expiration-date-type":"","_expiration-date-categories":[],"_expiration-date-options":[]},"acf":[],"_links":{"self":[{"href":"https:\/\/us.edu.pl\/instytut\/ifiz\/wp-json\/wp\/v2\/pages\/2988"}],"collection":[{"href":"https:\/\/us.edu.pl\/instytut\/ifiz\/wp-json\/wp\/v2\/pages"}],"about":[{"href":"https:\/\/us.edu.pl\/instytut\/ifiz\/wp-json\/wp\/v2\/types\/page"}],"author":[{"embeddable":true,"href":"https:\/\/us.edu.pl\/instytut\/ifiz\/wp-json\/wp\/v2\/users\/104"}],"replies":[{"embeddable":true,"href":"https:\/\/us.edu.pl\/instytut\/ifiz\/wp-json\/wp\/v2\/comments?post=2988"}],"version-history":[{"count":0,"href":"https:\/\/us.edu.pl\/instytut\/ifiz\/wp-json\/wp\/v2\/pages\/2988\/revisions"}],"wp:attachment":[{"href":"https:\/\/us.edu.pl\/instytut\/ifiz\/wp-json\/wp\/v2\/media?parent=2988"}],"curies":[{"name":"wp","href":"https:\/\/api.w.org\/{rel}","templated":true}]}}