{"id":3046,"date":"2021-11-20T15:19:33","date_gmt":"2021-11-20T14:19:33","guid":{"rendered":"https:\/\/us.edu.pl\/instytut\/ifiz\/?page_id=3046"},"modified":"2022-01-04T14:43:10","modified_gmt":"2022-01-04T13:43:10","slug":"uczenie-maszynowe-wczoraj-fiction-dzisiaj-science","status":"publish","type":"page","link":"https:\/\/us.edu.pl\/instytut\/ifiz\/uczenie-maszynowe-wczoraj-fiction-dzisiaj-science\/","title":{"rendered":"Uczenie maszynowe, wczoraj Fiction, dzisiaj Science"},"content":{"rendered":"<p><\/p>\n<p>[vc_row el_class=&#8221;container&#8221;][vc_column][vc_row_inner][vc_column_inner width=&#8221;1\/4&#8243;][vc_single_image image=&#8221;3291&#8243; img_size=&#8221;large&#8221; alignment=&#8221;center&#8221; style=&#8221;vc_box_circle_2&#8243; onclick=&#8221;link_image&#8221;]\r\n                <div class=\"text-modules\">\r\n                    <div class=\"container\">\r\n                        \r\n                        <div class=\"text-modules__content\"><\/p>\n<p style=\"text-align: center;\">dr Katarzyna Schmidt, prof. U\u015a<\/p>\n<p>\n<\/div>\r\n                    <\/div>\r\n                <\/div>[\/vc_column_inner][vc_column_inner width=&#8221;3\/4&#8243;]\r\n                <div class=\"text-modules\">\r\n                    <div class=\"container\">\r\n                        <h3 class=\"page-title text__title\">Uczenie maszynowe, wczoraj Fiction, dzisiaj Science<\/h3>\r\n                        <div class=\"text-modules__content\"><p>We wsp\u00f3\u0142czesnej erze technologii istnieje pewien zas\u00f3b, kt\u00f3rego ludzko\u015b\u0107 posiada ogromne pok\u0142ady. Zasobem tym s\u0105 niezliczone ilo\u015bci danych. W drugiej po\u0142owie XX wieku w wyniku bada\u0144 nad sztuczn\u0105 inteligencj\u0105, kt\u00f3rych celem by\u0142o opracowanie algorytm\u00f3w b\u0119d\u0105cych w stanie samodzielnie si\u0119 uczy\u0107 i pozyskiwa\u0107 wiedz\u0119 z danych oraz tworzy\u0107 na ich podstawie prognozy, powsta\u0142a dziedzina nauki zwana \u201cuczeniem maszynowym\u201d. Do tej pory okre\u015blaniem regu\u0142 i tworzeniem modeli przy pomocy analizy du\u017cych ilo\u015bci danych zajmowali si\u0119 specjalnie do tego zatrudnieni ludzie, co zajmowa\u0142o bardzo du\u017co czasu. Dzisiaj z pomoc\u0105 przychodzi uczenie maszynowe, dzi\u0119ki kt\u00f3remu w efektywniejszy spos\u00f3b rozwi\u0105zywane s\u0105 szeroko poj\u0119te problemy. Przy pomocy stopniowego poprawiania skuteczno\u015bci modeli predykcyjnych oraz podejmowania decyzji na podstawie informacji pozyskanych z analizy danych algorytmy uczenia maszynowego znacznie przyspieszaj\u0105 prace zwi\u0105zane z analiz\u0105 danych<sup>[1]<\/sup>. Rozw\u00f3j uczenia maszynowego staje si\u0119 coraz istotniejsz\u0105 dziedzin\u0105 dla nauk informatycznych, ale tak\u017ce dla u\u017cytku codziennego w innych dziedzinach \u017cycia. Dziedzinie tej zawdzi\u0119czamy wiele rozwi\u0105za\u0144, mi\u0119dzy innymi: filtry antyspamowe zaimplementowane w pocztach e-mail, efektywne wyszukiwanie tre\u015bci w przegl\u0105darkach internetowych, rozpoznawanie obiekt\u00f3w na zdj\u0119ciach lub w czasie rzeczywistym &#8211; co docelowo mo\u017ce doprowadzi\u0107 np. do powstania w pe\u0142ni bezpiecznych i wydajnych pojazd\u00f3w samojezdnych (autonomicznych). Uczenie maszynowe dzieli si\u0119 na trzy odmiany: uczenie nadzorowane, uczenie nienadzorowane oraz uczenie przez wzmocnienie. Ka\u017cdy z wymienionych rodzaj\u00f3w uczenia s\u0142u\u017cy do rozwi\u0105zywania innych problem\u00f3w<sup>[1]<\/sup>. Na wyk\u0142adzie om\u00f3wione zostan\u0105 w\/w odmiany oraz przyk\u0142ady ich zastosowania w \u017cyciu codziennym.<\/p>\n<p><sup>[1]<\/sup>\u00a0S.\u00a0Raschka, \u201cPython.\u00a0Uczenie\u00a0maszynowe\u201d,\u00a0Helion, 2018.<\/p>\n<\/div>\r\n                    <\/div>\r\n                <\/div>[\/vc_column_inner][\/vc_row_inner][\/vc_column][\/vc_row]<\/p>\n<p><\/p>","protected":false},"excerpt":{"rendered":"<p>[vc_row el_class=&#8221;container&#8221;][vc_column][vc_row_inner][vc_column_inner width=&#8221;1\/4&#8243;][vc_single_image image=&#8221;3291&#8243; img_size=&#8221;large&#8221; alignment=&#8221;center&#8221; style=&#8221;vc_box_circle_2&#8243; onclick=&#8221;link_image&#8221;][\/vc_column_inner][vc_column_inner width=&#8221;3\/4&#8243;][\/vc_column_inner][\/vc_row_inner][\/vc_column][\/vc_row] [&#8230;]<\/p>\n<p><a class=\"btn btn-secondary understrap-read-more-link\" href=\"https:\/\/us.edu.pl\/instytut\/ifiz\/uczenie-maszynowe-wczoraj-fiction-dzisiaj-science\/\">Read More&#8230;<\/a><\/p>\n","protected":false},"author":104,"featured_media":0,"parent":0,"menu_order":500,"comment_status":"closed","ping_status":"closed","template":"","meta":{"_expiration-date-status":"saved","_expiration-date":0,"_expiration-date-type":"","_expiration-date-categories":[],"_expiration-date-options":[]},"acf":[],"_links":{"self":[{"href":"https:\/\/us.edu.pl\/instytut\/ifiz\/wp-json\/wp\/v2\/pages\/3046"}],"collection":[{"href":"https:\/\/us.edu.pl\/instytut\/ifiz\/wp-json\/wp\/v2\/pages"}],"about":[{"href":"https:\/\/us.edu.pl\/instytut\/ifiz\/wp-json\/wp\/v2\/types\/page"}],"author":[{"embeddable":true,"href":"https:\/\/us.edu.pl\/instytut\/ifiz\/wp-json\/wp\/v2\/users\/104"}],"replies":[{"embeddable":true,"href":"https:\/\/us.edu.pl\/instytut\/ifiz\/wp-json\/wp\/v2\/comments?post=3046"}],"version-history":[{"count":0,"href":"https:\/\/us.edu.pl\/instytut\/ifiz\/wp-json\/wp\/v2\/pages\/3046\/revisions"}],"wp:attachment":[{"href":"https:\/\/us.edu.pl\/instytut\/ifiz\/wp-json\/wp\/v2\/media?parent=3046"}],"curies":[{"name":"wp","href":"https:\/\/api.w.org\/{rel}","templated":true}]}}