{"id":3066,"date":"2021-11-20T15:45:33","date_gmt":"2021-11-20T14:45:33","guid":{"rendered":"https:\/\/us.edu.pl\/instytut\/ifiz\/?page_id=3066"},"modified":"2022-01-04T14:43:19","modified_gmt":"2022-01-04T13:43:19","slug":"pomiedzy-science-fiction-futurologia-i-dystopia-przypadek-stanislawa-lema","status":"publish","type":"page","link":"https:\/\/us.edu.pl\/instytut\/ifiz\/pomiedzy-science-fiction-futurologia-i-dystopia-przypadek-stanislawa-lema\/","title":{"rendered":"Pomi\u0119dzy science fiction, futurologi\u0105 i dystopi\u0105. Przypadek Stanis\u0142awa Lema"},"content":{"rendered":"<p>[vc_row el_class=&#8221;container&#8221;][vc_column][vc_row_inner][vc_column_inner width=&#8221;1\/4&#8243;][vc_single_image image=&#8221;3051&#8243; img_size=&#8221;large&#8221; alignment=&#8221;center&#8221; style=&#8221;vc_box_circle_2&#8243; onclick=&#8221;link_image&#8221;]\r\n                <div class=\"text-modules\">\r\n                    <div class=\"container\">\r\n                        \r\n                        <div class=\"text-modules__content\"><\/p>\n<p style=\"text-align: center;\">dr Piotr Kucik-Gorli\u0144ski<\/p>\n<p>\n<\/div>\r\n                    <\/div>\r\n                <\/div>[\/vc_column_inner][vc_column_inner width=&#8221;3\/4&#8243;]\r\n                <div class=\"text-modules\">\r\n                    <div class=\"container\">\r\n                        <h3 class=\"page-title text__title\">Pomi\u0119dzy\u202fscience fiction, futurologi\u0105 i dystopi\u0105. Przypadek Stanis\u0142awa Lema<\/h3>\r\n                        <div class=\"text-modules__content\"><p><span class=\"TextRun BCX0 SCXW4310024\" lang=\"PL-PL\" xml:lang=\"PL-PL\" data-contrast=\"none\"><span class=\"NormalTextRun BCX0 SCXW4310024\">Gdyby Stanis\u0142aw Lem m\u00f3g\u0142 dokonywa\u0107 \u017cyciowych wybor\u00f3w niezale\u017cnie od swojej biografii i brutalnej historii XX wieku, zosta\u0142by albo profesorem uniwersytetu paraj\u0105cym si\u0119 futurologi\u0105, albo &#8211; faktycznie &#8211; pisarzem, jednak niekoniecznie uprawiaj\u0105cym\u202f<\/span><\/span><span class=\"TextRun BCX0 SCXW4310024\" lang=\"PL-PL\" xml:lang=\"PL-PL\" data-contrast=\"none\"><span class=\"NormalTextRun BCX0 SCXW4310024\">science\u00a0<\/span><span class=\"SpellingError BCX0 SCXW4310024\">fiction<\/span><\/span><span class=\"TextRun BCX0 SCXW4310024\" lang=\"PL-PL\" xml:lang=\"PL-PL\" data-contrast=\"none\"><span class=\"NormalTextRun BCX0 SCXW4310024\">. Problem polega\u0142 na tym, \u017ce futurologia pod\u00f3wczas w zasadzie nie istnia\u0142a, a jej poprzedniczka, cybernetyka, nie zyska\u0142a aprobaty politycznej. Za to jako prozaik mia\u0142 Lem nieustanne problemy z cenzur\u0105.<\/span><\/span><span class=\"LineBreakBlob BlobObject DragDrop BCX0 SCXW4310024\"><span class=\"BCX0 SCXW4310024\">\u00a0<\/span><br class=\"BCX0 SCXW4310024\" \/><\/span><span class=\"LineBreakBlob BlobObject DragDrop BCX0 SCXW4310024\"><span class=\"BCX0 SCXW4310024\">\u00a0<\/span><br class=\"BCX0 SCXW4310024\" \/><\/span><span class=\"TextRun BCX0 SCXW4310024\" lang=\"PL-PL\" xml:lang=\"PL-PL\" data-contrast=\"none\"><span class=\"NormalTextRun BCX0 SCXW4310024\">Wszystko to sprawi\u0142o, \u017ce zosta\u0142 pisarzem SF, futurologiem bez katedry, naukoznawc\u0105-erudyt\u0105 i filozofem. Wyj\u0105tkowo\u015b\u0107 jego spojrzenia na \u015bwiat, ewolucj\u0119 techniki i przysz\u0142o\u015b\u0107 naszej cywilizacji jest efektem jego nieszablonowych do\u015bwiadcze\u0144 tak intelektualnych, jak i \u017cyciowych. I ta wyj\u0105tkowo\u015b\u0107 zosta\u0142a doceniona przez czytelnik\u00f3w: sprzedano jak dot\u0105d 41 milion\u00f3w ksi\u0105\u017cek Stanis\u0142awa Lema, t\u0142umaczonych na 52 j\u0119zyki.<\/span><\/span><span class=\"LineBreakBlob BlobObject DragDrop BCX0 SCXW4310024\"><span class=\"BCX0 SCXW4310024\">\u00a0<\/span><br class=\"BCX0 SCXW4310024\" \/><\/span><span class=\"LineBreakBlob BlobObject DragDrop BCX0 SCXW4310024\"><span class=\"BCX0 SCXW4310024\">\u00a0<\/span><br class=\"BCX0 SCXW4310024\" \/><\/span><span class=\"TextRun BCX0 SCXW4310024\" lang=\"PL-PL\" xml:lang=\"PL-PL\" data-contrast=\"none\"><span class=\"NormalTextRun BCX0 SCXW4310024\">Jak Lem widzia\u0142 przysz\u0142o\u015b\u0107 naszej technologicznej cywilizacji? Zdecydowanie pesymistycznie. Jego pionierskie teksty ju\u017c w latach sze\u015b\u0107dziesi\u0105tych trafnie przewiduj\u0105 kolejne etapy\u00a0<\/span><span class=\"SpellingError BCX0 SCXW4310024\">technoewolucji<\/span><span class=\"NormalTextRun BCX0 SCXW4310024\">, ale autor\u202f<\/span><\/span><span class=\"TextRun BCX0 SCXW4310024\" lang=\"PL-PL\" xml:lang=\"PL-PL\" data-contrast=\"none\"><span class=\"NormalTextRun BCX0 SCXW4310024\">Solaris<\/span><\/span><span class=\"TextRun BCX0 SCXW4310024\" lang=\"PL-PL\" xml:lang=\"PL-PL\" data-contrast=\"none\"><span class=\"NormalTextRun BCX0 SCXW4310024\">\u202fnie wierzy&#8230; w cz\u0142owieka. Czy s\u0142usznie?<\/span><\/span><span class=\"LineBreakBlob BlobObject DragDrop BCX0 SCXW4310024\"><br class=\"BCX0 SCXW4310024\" \/><\/span><\/p>\n<\/div>\r\n                    <\/div>\r\n                <\/div>[vc_separator color=&#8221;blue&#8221;]\r\n                <div class=\"text-modules\">\r\n                    <div class=\"container\">\r\n                        <h3 class=\"page-title text__title\">Biogram<\/h3>\r\n                        <div class=\"text-modules__content\"><p>Piotr\u00a0Gorli\u0144ski-Kucik, doktor nauk humanistycznych, literaturoznawca, pracuje w Instytucie Literaturoznawstwa na Wydziale Humanistycznym Uniwersytetu \u015al\u0105skiego w Katowicach; zajmuje si\u0119 polsk\u0105 proz\u0105 wsp\u00f3\u0142czesn\u0105, literatur\u0105\u202fscience\u00a0fiction\u202foraz edytorstwem; autor monografii\u202f<em>TechGnoza<\/em>,\u00a0uchronia, science\u00a0fiction. Proza Jacka\u00a0Dukaja\u202f(Katowice 2017), publikowa\u0142 m.in. w \u201eFA-arcie\u201d, \u201ePami\u0119tniku Literackim\u201d, \u201eWielog\u0142osie\u201d, \u201eForum Poetyki\u201d. Kontakt:\u202f<a class=\"Hyperlink BCX0 SCXW4310024\" href=\"mailto:piotr.gorlinski-kucik@us.edu.pl\" target=\"_blank\" rel=\"noreferrer noopener\">piotr.gorlinski-kucik@us.edu.pl<\/a><\/p>\n<\/div>\r\n                    <\/div>\r\n                <\/div>[\/vc_column_inner][\/vc_row_inner][\/vc_column][\/vc_row]<\/p>","protected":false},"excerpt":{"rendered":"<p>[vc_row el_class=&#8221;container&#8221;][vc_column][vc_row_inner][vc_column_inner width=&#8221;1\/4&#8243;][vc_single_image image=&#8221;3051&#8243; img_size=&#8221;large&#8221; alignment=&#8221;center&#8221; style=&#8221;vc_box_circle_2&#8243; onclick=&#8221;link_image&#8221;][\/vc_column_inner][vc_column_inner width=&#8221;3\/4&#8243;][vc_separator color=&#8221;blue&#8221;][\/vc_column_inner][\/vc_row_inner][\/vc_column][\/vc_row] [&#8230;]<\/p>\n<p><a class=\"btn btn-secondary understrap-read-more-link\" href=\"https:\/\/us.edu.pl\/instytut\/ifiz\/pomiedzy-science-fiction-futurologia-i-dystopia-przypadek-stanislawa-lema\/\">Read More&#8230;<\/a><\/p>\n","protected":false},"author":104,"featured_media":0,"parent":0,"menu_order":501,"comment_status":"closed","ping_status":"closed","template":"","meta":{"_expiration-date-status":"saved","_expiration-date":0,"_expiration-date-type":"","_expiration-date-categories":[],"_expiration-date-options":[]},"acf":[],"_links":{"self":[{"href":"https:\/\/us.edu.pl\/instytut\/ifiz\/wp-json\/wp\/v2\/pages\/3066"}],"collection":[{"href":"https:\/\/us.edu.pl\/instytut\/ifiz\/wp-json\/wp\/v2\/pages"}],"about":[{"href":"https:\/\/us.edu.pl\/instytut\/ifiz\/wp-json\/wp\/v2\/types\/page"}],"author":[{"embeddable":true,"href":"https:\/\/us.edu.pl\/instytut\/ifiz\/wp-json\/wp\/v2\/users\/104"}],"replies":[{"embeddable":true,"href":"https:\/\/us.edu.pl\/instytut\/ifiz\/wp-json\/wp\/v2\/comments?post=3066"}],"version-history":[{"count":0,"href":"https:\/\/us.edu.pl\/instytut\/ifiz\/wp-json\/wp\/v2\/pages\/3066\/revisions"}],"wp:attachment":[{"href":"https:\/\/us.edu.pl\/instytut\/ifiz\/wp-json\/wp\/v2\/media?parent=3066"}],"curies":[{"name":"wp","href":"https:\/\/api.w.org\/{rel}","templated":true}]}}