{"id":3067,"date":"2021-11-20T15:45:47","date_gmt":"2021-11-20T14:45:47","guid":{"rendered":"https:\/\/us.edu.pl\/instytut\/ifiz\/?page_id=3067"},"modified":"2022-01-04T14:43:32","modified_gmt":"2022-01-04T13:43:32","slug":"in-computers-we-trust-o-kryptografii-pre-kwantowej-kwantowej-i-post-kwantowej","status":"publish","type":"page","link":"https:\/\/us.edu.pl\/instytut\/ifiz\/in-computers-we-trust-o-kryptografii-pre-kwantowej-kwantowej-i-post-kwantowej\/","title":{"rendered":"In comp(uter)s we trust: o kryptografii pre-kwantowej, kwantowej i post-kwantowej"},"content":{"rendered":"<p>[vc_row el_class=&#8221;container&#8221;][vc_column][vc_row_inner][vc_column_inner width=&#8221;1\/4&#8243;][vc_single_image image=&#8221;3050&#8243; img_size=&#8221;large&#8221; alignment=&#8221;center&#8221; style=&#8221;vc_box_circle_2&#8243; onclick=&#8221;link_image&#8221;]\r\n                <div class=\"text-modules\">\r\n                    <div class=\"container\">\r\n                        \r\n                        <div class=\"text-modules__content\"><\/p>\n<p style=\"text-align: center;\">prof. dr hab. Jerzy Dajka<\/p>\n<p>\n<\/div>\r\n                    <\/div>\r\n                <\/div>[\/vc_column_inner][vc_column_inner width=&#8221;3\/4&#8243;]\r\n                <div class=\"text-modules\">\r\n                    <div class=\"container\">\r\n                        <h3 class=\"page-title text__title\">In comp(uter)s we trust: o kryptografii pre-kwantowej, kwantowej i post-kwantowej<\/h3>\r\n                        <div class=\"text-modules__content\"><p>&#8222;Pirx poczu\u0142, \u017ce blednie (&#8230;)<br \/>\n&#8211; Rozumiem &#8211; powiedzia\u0142. &#8211; Klyne i ja nale\u017cymy do dw\u00f3ch r\u00f3\u017cnych generacji. Kiedy zaczyna\u0142em lata\u0107, zawodno\u015b\u0107 procedur automatycznych by\u0142a daleko wi\u0119ksza\u2026<br \/>\nTo si\u0119 utrwala w zachowaniu. My\u015bl\u0119, \u017ce\u2026 ufa\u0142 im do ko\u0144ca.<br \/>\n&#8211; S\u0105dzi\u0142, \u017ce komputer dysponuje lepszym rozeznaniem? \u017be opanuje sytuacj\u0119?<br \/>\n&#8211; Nie musia\u0142 liczy\u0107 na to, \u017ce j\u0105 opanuje\u2026 a tylko, \u017ce je\u015bli nie potrafi, tym bardziej nie dokona tego cz\u0142owiek.<br \/>\nPirx odetchn\u0105\u0142. Powiedzia\u0142, co my\u015bla\u0142&#8230;&#8221; (Lem,\u202fAnanke)<\/p>\n<p>Nasze bezpiecze\u0144stwo powierzamy dzi\u015b komputerom. Czy ryzykujemy? Czym ryzykujemy?<br \/>\nOpowiem, jak rozw\u00f3j informatyki kwantowej mo\u017ce zagrozi\u0107 naszemu bezpiecze\u0144stwu i &#8211; jednocze\u015bnie, cho\u0107 nie paradoksalnie &#8211; jak bezpiecze\u0144stwo nam zapewni\u0107.<br \/>\nSpr\u00f3buj\u0119 przekona\u0107, \u017ce to nie karmiona mistycyzmem nieufno\u015b\u0107, lecz rozumienie mechanizm\u00f3w dzia\u0142ania zapewnia badaczom bezpieczn\u0105 egzystencj\u0119 w towarzystwie maszyn.<\/p>\n<\/div>\r\n                    <\/div>\r\n                <\/div>[vc_separator color=&#8221;blue&#8221;]\r\n                <div class=\"text-modules\">\r\n                    <div class=\"container\">\r\n                        <h3 class=\"page-title text__title\">Biogram<\/h3>\r\n                        <div class=\"text-modules__content\"><p><span data-contrast=\"none\">Jerzy Dajka, fizyk, zajmuje si\u0119 podstawami i zastosowaniami komunikacji kwantowej (ze szczeg\u00f3lnym upodobaniem do teleportacji),<\/span><span data-ccp-props=\"{&quot;201341983&quot;:0,&quot;335559739&quot;:200,&quot;335559740&quot;:240}\">\u00a0<\/span><span data-contrast=\"none\">dynamik\u0105 kwantow\u0105 oraz statystyczn\u0105 analiz\u0105 danych biomedycznych.<\/span><\/p>\n<p>Wi\u0119cej informacji znajdziesz <a href=\"http:\/\/zft.us.edu.pl\/index.php\/people\/13-staff\/26-dr-hab-prof-us-jerzy-dajka\">tutaj<\/a>.<\/p>\n<p>\n<\/div>\r\n                    <\/div>\r\n                <\/div>[\/vc_column_inner][\/vc_row_inner][vc_separator color=&#8221;blue&#8221;]\r\n                <div class=\"text-modules\">\r\n                    <div class=\"container\">\r\n                        \r\n                        <div class=\"text-modules__content\"><p><a href=\"https:\/\/us.edu.pl\/instytut\/ifiz\/rok-lema-2021\/link-do-transmisji\/\">Link do transmisji<\/a><\/p>\n<\/div>\r\n                    <\/div>\r\n                <\/div>[\/vc_column][\/vc_row]<\/p>","protected":false},"excerpt":{"rendered":"<p>[vc_row el_class=&#8221;container&#8221;][vc_column][vc_row_inner][vc_column_inner width=&#8221;1\/4&#8243;][vc_single_image image=&#8221;3050&#8243; img_size=&#8221;large&#8221; alignment=&#8221;center&#8221; style=&#8221;vc_box_circle_2&#8243; onclick=&#8221;link_image&#8221;][\/vc_column_inner][vc_column_inner width=&#8221;3\/4&#8243;][vc_separator color=&#8221;blue&#8221;][\/vc_column_inner][\/vc_row_inner][vc_separator color=&#8221;blue&#8221;][\/vc_column][\/vc_row] [&#8230;]<\/p>\n<p><a class=\"btn btn-secondary understrap-read-more-link\" href=\"https:\/\/us.edu.pl\/instytut\/ifiz\/in-computers-we-trust-o-kryptografii-pre-kwantowej-kwantowej-i-post-kwantowej\/\">Read More&#8230;<\/a><\/p>\n","protected":false},"author":104,"featured_media":0,"parent":0,"menu_order":502,"comment_status":"closed","ping_status":"closed","template":"","meta":{"_expiration-date-status":"saved","_expiration-date":0,"_expiration-date-type":"","_expiration-date-categories":[],"_expiration-date-options":[]},"acf":[],"_links":{"self":[{"href":"https:\/\/us.edu.pl\/instytut\/ifiz\/wp-json\/wp\/v2\/pages\/3067"}],"collection":[{"href":"https:\/\/us.edu.pl\/instytut\/ifiz\/wp-json\/wp\/v2\/pages"}],"about":[{"href":"https:\/\/us.edu.pl\/instytut\/ifiz\/wp-json\/wp\/v2\/types\/page"}],"author":[{"embeddable":true,"href":"https:\/\/us.edu.pl\/instytut\/ifiz\/wp-json\/wp\/v2\/users\/104"}],"replies":[{"embeddable":true,"href":"https:\/\/us.edu.pl\/instytut\/ifiz\/wp-json\/wp\/v2\/comments?post=3067"}],"version-history":[{"count":0,"href":"https:\/\/us.edu.pl\/instytut\/ifiz\/wp-json\/wp\/v2\/pages\/3067\/revisions"}],"wp:attachment":[{"href":"https:\/\/us.edu.pl\/instytut\/ifiz\/wp-json\/wp\/v2\/media?parent=3067"}],"curies":[{"name":"wp","href":"https:\/\/api.w.org\/{rel}","templated":true}]}}