{"id":3069,"date":"2021-11-20T15:46:02","date_gmt":"2021-11-20T14:46:02","guid":{"rendered":"https:\/\/us.edu.pl\/instytut\/ifiz\/?page_id=3069"},"modified":"2022-01-04T14:43:41","modified_gmt":"2022-01-04T13:43:41","slug":"leki-przeciwnowotworowe-w-jakim-miejscu-jestesmy-teraz-i-co-nas-czeka-w-przyszlosci","status":"publish","type":"page","link":"https:\/\/us.edu.pl\/instytut\/ifiz\/leki-przeciwnowotworowe-w-jakim-miejscu-jestesmy-teraz-i-co-nas-czeka-w-przyszlosci\/","title":{"rendered":"Leki przeciwnowotworowe \u2013 w jakim miejscu jeste\u015bmy teraz i co nas czeka w przysz\u0142o\u015bci"},"content":{"rendered":"<p>[vc_row el_class=&#8221;container&#8221;][vc_column][vc_row_inner][vc_column_inner width=&#8221;1\/4&#8243;][vc_single_image image=&#8221;3052&#8243; img_size=&#8221;large&#8221; alignment=&#8221;center&#8221; style=&#8221;vc_box_circle_2&#8243; onclick=&#8221;link_image&#8221;]\r\n                <div class=\"text-modules\">\r\n                    <div class=\"container\">\r\n                        \r\n                        <div class=\"text-modules__content\"><\/p>\n<p style=\"text-align: center;\">dr hab. <span class=\"NormalTextRun SCXW82594969 BCX0\">Anna Mrozek-<\/span><span class=\"SpellingError SCXW82594969 BCX0\">Wilczkiewicz<\/span><span class=\"NormalTextRun SCXW82594969 BCX0\">, prof. U\u015a<\/span><\/p>\n<p>\n<\/div>\r\n                    <\/div>\r\n                <\/div>[\/vc_column_inner][vc_column_inner width=&#8221;3\/4&#8243;]\r\n                <div class=\"text-modules\">\r\n                    <div class=\"container\">\r\n                        <h3 class=\"page-title text__title\">Leki przeciwnowotworowe \u2013 w jakim miejscu jeste\u015bmy teraz i co nas czeka w przysz\u0142o\u015bci<\/h3>\r\n                        <div class=\"text-modules__content\"><p><span class=\"NormalTextRun BCX0 SCXW154791494\">Na wyk\u0142adzie poruszymy tematy zwi\u0105zane z poszukiwaniem nowych lek\u00f3w przeciwnowotworowych. Si\u0119gniemy do historii, przedstawimy obecny stan wiedzy na ten temat oraz\u00a0<\/span><span class=\"NormalTextRun BCX0 SCXW154791494\">zastanowimy<\/span><span class=\"NormalTextRun BCX0 SCXW154791494\">\u00a0si\u0119 jakie s\u0105 perspektywy.\u00a0<\/span><span class=\"NormalTextRun BCX0 SCXW154791494\">Czy jeste\u015bmy w stanie zaufa\u0107 osi\u0105gnieciom naukowc\u00f3w, w sytuacji gdy nadal wiele typ\u00f3w nowotwor\u00f3w jest nieuleczalnych?\u00a0<\/span><span class=\"NormalTextRun BCX0 SCXW154791494\">Czy warto nadal poszukiwa\u0107 nowych lek\u00f3w, skoro pomimo szerokiej dost\u0119pno\u015bci, wiele z nich jest nieskutecznych?\u00a0<\/span><span class=\"NormalTextRun BCX0 SCXW154791494\">Na te oraz inne pytania postaramy si\u0119 odpowiedzie\u0107 podczas wyk\u0142adu. Zapraszamy!<\/span><\/p>\n<\/div>\r\n                    <\/div>\r\n                <\/div>[vc_single_image image=&#8221;3053&#8243; img_size=&#8221;large&#8221; alignment=&#8221;center&#8221;]\r\n                <div class=\"text-modules\">\r\n                    <div class=\"container\">\r\n                        \r\n                        <div class=\"text-modules__content\"><\/p>\n<p style=\"text-align: center;\">Dr hab. Anna Mrozek-Wilczkiewicz, prof. U\u015a \u2013 lider zespo\u0142u Biofizyka Farmaceutyczna<\/p>\n<p>\n<\/div>\r\n                    <\/div>\r\n                <\/div>\r\n                <div class=\"text-modules\">\r\n                    <div class=\"container\">\r\n                        \r\n                        <div class=\"text-modules__content\"><p>Wyk\u0142ad b\u0119dzie dotyczy\u0142 bada\u0144 prowadzonych w zespole zajmuj\u0105cym si\u0119 badaniem potencjalnych cytostatyk\u00f3w. W swojej pracy zajmujemy si\u0119 szerokim wachlarzem typ\u00f3w nowotwor\u00f3w, jednak w szczeg\u00f3lno\u015bci interesuj\u0105 nas te najtrudniejsze do wyleczenia; jak nowotw\u00f3r m\u00f3zgu czy trzustki. W naszej pracy testujemy zupe\u0142nie nowe substancje oraz znane leki. Tym sposobem staramy si\u0119 wype\u0142ni\u0107 luki w wiedzy na temat mechanizmu dzia\u0142ania popularnych cytostatyk\u00f3w oraz substancji kt\u00f3re by\u0107 mo\u017ce w przysz\u0142o\u015bci stan\u0105 si\u0119 lekiem. Zesp\u00f3\u0142 sk\u0142ada si\u0119 z ma\u0142ej liczby m\u0142odych zapale\u0144c\u00f3w, kt\u00f3rzy dzi\u0119ki pasji brn\u0105 przez d\u0142ugotrwa\u0142e procedury \u017cmudnych eksperyment\u00f3w i wymy\u015blaj\u0105 coraz to nowe cele. Dzi\u0119ki wsparciu kilku grant\u00f3w NCN mo\u017cemy prowadzi\u0107 badania na wysokim poziomie i ch\u0119tnie dzielimy si\u0119 wiedz\u0105 z m\u0142odymi ludzi. Je\u015bli zainteresowa\u0142 Ci\u0119 powy\u017cszy opis zapraszamy na wyk\u0142ad\/warsztaty\/ko\u0142a naukowe, na kt\u00f3rych mo\u017cna zobaczy\u0107 nasz\u0105 prac\u0119 i do\u0142\u0105czy\u0107 do zespo\u0142u.<\/p>\n<\/div>\r\n                    <\/div>\r\n                <\/div>[\/vc_column_inner][\/vc_row_inner][\/vc_column][\/vc_row]<\/p>","protected":false},"excerpt":{"rendered":"<p>[vc_row el_class=&#8221;container&#8221;][vc_column][vc_row_inner][vc_column_inner width=&#8221;1\/4&#8243;][vc_single_image image=&#8221;3052&#8243; img_size=&#8221;large&#8221; alignment=&#8221;center&#8221; style=&#8221;vc_box_circle_2&#8243; onclick=&#8221;link_image&#8221;][\/vc_column_inner][vc_column_inner width=&#8221;3\/4&#8243;][vc_single_image image=&#8221;3053&#8243; img_size=&#8221;large&#8221; alignment=&#8221;center&#8221;][\/vc_column_inner][\/vc_row_inner][\/vc_column][\/vc_row] [&#8230;]<\/p>\n<p><a class=\"btn btn-secondary understrap-read-more-link\" href=\"https:\/\/us.edu.pl\/instytut\/ifiz\/leki-przeciwnowotworowe-w-jakim-miejscu-jestesmy-teraz-i-co-nas-czeka-w-przyszlosci\/\">Read More&#8230;<\/a><\/p>\n","protected":false},"author":104,"featured_media":0,"parent":0,"menu_order":503,"comment_status":"closed","ping_status":"closed","template":"","meta":{"_expiration-date-status":"saved","_expiration-date":0,"_expiration-date-type":"","_expiration-date-categories":[],"_expiration-date-options":[]},"acf":[],"_links":{"self":[{"href":"https:\/\/us.edu.pl\/instytut\/ifiz\/wp-json\/wp\/v2\/pages\/3069"}],"collection":[{"href":"https:\/\/us.edu.pl\/instytut\/ifiz\/wp-json\/wp\/v2\/pages"}],"about":[{"href":"https:\/\/us.edu.pl\/instytut\/ifiz\/wp-json\/wp\/v2\/types\/page"}],"author":[{"embeddable":true,"href":"https:\/\/us.edu.pl\/instytut\/ifiz\/wp-json\/wp\/v2\/users\/104"}],"replies":[{"embeddable":true,"href":"https:\/\/us.edu.pl\/instytut\/ifiz\/wp-json\/wp\/v2\/comments?post=3069"}],"version-history":[{"count":0,"href":"https:\/\/us.edu.pl\/instytut\/ifiz\/wp-json\/wp\/v2\/pages\/3069\/revisions"}],"wp:attachment":[{"href":"https:\/\/us.edu.pl\/instytut\/ifiz\/wp-json\/wp\/v2\/media?parent=3069"}],"curies":[{"name":"wp","href":"https:\/\/api.w.org\/{rel}","templated":true}]}}