{"id":3073,"date":"2021-11-20T15:46:37","date_gmt":"2021-11-20T14:46:37","guid":{"rendered":"https:\/\/us.edu.pl\/instytut\/ifiz\/?page_id=3073"},"modified":"2022-01-04T14:44:00","modified_gmt":"2022-01-04T13:44:00","slug":"nie-tylko-solaris-w-poszukiwaniu-planet-poza-ukladem-slonecznym","status":"publish","type":"page","link":"https:\/\/us.edu.pl\/instytut\/ifiz\/nie-tylko-solaris-w-poszukiwaniu-planet-poza-ukladem-slonecznym\/","title":{"rendered":"Nie tylko Solaris: w poszukiwaniu planet poza Uk\u0142adem S\u0142onecznym"},"content":{"rendered":"<p>[vc_row el_class=&#8221;container&#8221;][vc_column][vc_row_inner][vc_column_inner width=&#8221;1\/4&#8243;][vc_single_image image=&#8221;3047&#8243; img_size=&#8221;large&#8221; alignment=&#8221;center&#8221; style=&#8221;vc_box_circle_2&#8243; onclick=&#8221;link_image&#8221;]\r\n                <div class=\"text-modules\">\r\n                    <div class=\"container\">\r\n                        \r\n                        <div class=\"text-modules__content\"><\/p>\n<p style=\"text-align: center;\">dr Aleksandra Pi\u00f3rkowska-Kurpas<\/p>\n<p>\n<\/div>\r\n                    <\/div>\r\n                <\/div>[\/vc_column_inner][vc_column_inner width=&#8221;3\/4&#8243;]\r\n                <div class=\"text-modules\">\r\n                    <div class=\"container\">\r\n                        <h3 class=\"page-title text__title\">Nie tylko Solaris: w poszukiwaniu planet poza Uk\u0142adem S\u0142onecznym<\/h3>\r\n                        <div class=\"text-modules__content\"><p>Uk\u0142ad planetarny\u202fBD +14 4559,\u202fznajduj\u0105cy si\u0119 w gwiazdozbiorze Pegaza w odleg\u0142o\u015bci 161 lat \u015bwietlnych od Ziemi,zosta\u0142 odkryty\u202fw 2009 roku\u202fprzez\u202fzesp\u00f3\u0142 astronom\u00f3w\u202fpracuj\u0105cych w\u202fCentrum Astronomii Uniwersytetu Miko\u0142aja Kopernika w\u202fToruniu, pod kierunkiem\u202fprofesora Andrzeja Niedzielskiego. Uk\u0142ad stanowi gwiazda mniejsza i ch\u0142odniejsza od S\u0142o\u0144ca, wok\u00f3\u0142 kt\u00f3rej kr\u0105\u017cy planeta o masie i rozmiarach\u202fniecowi\u0119kszych od Jowisza.\u202fW 2019 roku, w wyniku konkursu og\u0142oszonego przez Mi\u0119dzynarodow\u0105 Uni\u0119 Astronomiczn\u0105 z okazji stulecia istnienia\u202ftej organizacji\u202f(<em>IAU100 NameExoWorlds<\/em>), gwiazda uk\u0142adu\u202fBD +14 4559\u202fzyska\u0142a nazw\u0119\u202fw\u0142asn\u0105\u202fSolaris\u202fa kr\u0105\u017c\u0105ca wok\u00f3\u0142 niej planeta\u202fzosta\u0142a nazwana\u202fPirx.\u202fObie nazwy upami\u0119tniaj\u0105 Stanis\u0142awa Lema -\u202fznakomitego polskiego pisarza\u202fscience fiction,\u202ffilozofa i krytyka,\u202fkt\u00f3rego tw\u00f3rczo\u015b\u0107 zaliczana jest do kanonu\u202fliteratury \u015bwiatowej. Uk\u0142ad Solaris nie jest jedynym odkrytym\u202fpozas\u0142onecznym uk\u0142adem planetarnym.\u202fWraz z odkryciem trzech planet\u202fnale\u017c\u0105cych do uk\u0142adu pulsara PSR 1257+12,\u202fdokonanym na pocz\u0105tku lat 90-tych ubieg\u0142ego wieku przez polskiego radioastronoma, profesora Aleksandra Wolszczana,\u202fastronomia wesz\u0142a\u202fw\u202fczas nowych mo\u017cliwo\u015bci,\u202fkiedy to odpowiednie techniki badawcze pozwalaj\u0105 na odkrywanie coraz to kolejnych planet pozas\u0142onecznych i tym samym, na lepsze zrozumienie otaczaj\u0105cego nas \u015bwiata.<\/p>\n<p>Wyk\u0142ad zostanie po\u015bwi\u0119cony na dok\u0142adniejsze om\u00f3wienie zagadnie\u0144 zwi\u0105zanych\u202fz\u202fodkrywaniem planet poza Uk\u0142adem S\u0142onecznym, w szczeg\u00f3lno\u015bci, technikom pozwalaj\u0105cym na owe odkrycia.<\/p>\n<\/div>\r\n                    <\/div>\r\n                <\/div>[\/vc_column_inner][\/vc_row_inner][vc_separator color=&#8221;blue&#8221;]\r\n                <div class=\"text-modules\">\r\n                    <div class=\"container\">\r\n                        \r\n                        <div class=\"text-modules__content\"><p><a href=\"https:\/\/us.edu.pl\/instytut\/ifiz\/rok-lema-2021\/link-do-transmisji\/\">Link do transmisji<\/a><\/p>\n<\/div>\r\n                    <\/div>\r\n                <\/div>[\/vc_column][\/vc_row]<\/p>","protected":false},"excerpt":{"rendered":"<p>[vc_row el_class=&#8221;container&#8221;][vc_column][vc_row_inner][vc_column_inner width=&#8221;1\/4&#8243;][vc_single_image image=&#8221;3047&#8243; img_size=&#8221;large&#8221; alignment=&#8221;center&#8221; style=&#8221;vc_box_circle_2&#8243; onclick=&#8221;link_image&#8221;][\/vc_column_inner][vc_column_inner width=&#8221;3\/4&#8243;][\/vc_column_inner][\/vc_row_inner][vc_separator color=&#8221;blue&#8221;][\/vc_column][\/vc_row] [&#8230;]<\/p>\n<p><a class=\"btn btn-secondary understrap-read-more-link\" href=\"https:\/\/us.edu.pl\/instytut\/ifiz\/nie-tylko-solaris-w-poszukiwaniu-planet-poza-ukladem-slonecznym\/\">Read More&#8230;<\/a><\/p>\n","protected":false},"author":104,"featured_media":0,"parent":0,"menu_order":504,"comment_status":"closed","ping_status":"closed","template":"","meta":{"_expiration-date-status":"saved","_expiration-date":0,"_expiration-date-type":"","_expiration-date-categories":[],"_expiration-date-options":[]},"acf":[],"_links":{"self":[{"href":"https:\/\/us.edu.pl\/instytut\/ifiz\/wp-json\/wp\/v2\/pages\/3073"}],"collection":[{"href":"https:\/\/us.edu.pl\/instytut\/ifiz\/wp-json\/wp\/v2\/pages"}],"about":[{"href":"https:\/\/us.edu.pl\/instytut\/ifiz\/wp-json\/wp\/v2\/types\/page"}],"author":[{"embeddable":true,"href":"https:\/\/us.edu.pl\/instytut\/ifiz\/wp-json\/wp\/v2\/users\/104"}],"replies":[{"embeddable":true,"href":"https:\/\/us.edu.pl\/instytut\/ifiz\/wp-json\/wp\/v2\/comments?post=3073"}],"version-history":[{"count":0,"href":"https:\/\/us.edu.pl\/instytut\/ifiz\/wp-json\/wp\/v2\/pages\/3073\/revisions"}],"wp:attachment":[{"href":"https:\/\/us.edu.pl\/instytut\/ifiz\/wp-json\/wp\/v2\/media?parent=3073"}],"curies":[{"name":"wp","href":"https:\/\/api.w.org\/{rel}","templated":true}]}}