{"id":3078,"date":"2021-11-20T15:52:21","date_gmt":"2021-11-20T14:52:21","guid":{"rendered":"https:\/\/us.edu.pl\/instytut\/ifiz\/?page_id=3078"},"modified":"2021-12-21T11:02:44","modified_gmt":"2021-12-21T10:02:44","slug":"fizyka-lema-program","status":"publish","type":"page","link":"https:\/\/us.edu.pl\/instytut\/ifiz\/rok-lema-2021\/fizyka-lema-program\/","title":{"rendered":"Program"},"content":{"rendered":"<p>[vc_row el_class=&#8221;container&#8221;][vc_column]\r\n                <div class=\"text-modules\">\r\n                    <div class=\"container\">\r\n                        <h3 class=\"page-title text__title\">9.12.2021<\/h3>\r\n                        <div class=\"text-modules__content\"><\/div>\r\n                    <\/div>\r\n                <\/div>\r\n                <div class=\"text-modules\">\r\n                    <div class=\"container\">\r\n                        <h3 class=\"page-title text__title\">Sesja poranna<\/h3>\r\n                        <div class=\"text-modules__content\"><\/p>\n<table style=\"border-collapse: collapse; width: 100%;\">\n<tbody>\n<tr style=\"height: 18px;\">\n<td style=\"width: 12.1782%; height: 18px;\"><strong>11:00-11:10<\/strong><\/td>\n<td style=\"width: 51.1881%; height: 18px;\"><strong>dr hab. Sebastian Pawlus, prof. U\u015a<\/strong> Dyrektor Instytutu Fizyki im. A. Che\u0142kowskiego<br \/>\n<strong>prof. dr hab. Danuta Str\u00f3\u017c<\/strong> Dziekan Wydzia\u0142u Nauk \u015acis\u0142ych i Technicznych<br \/>\nOtwarcie panelu<br \/>\n<strong>dr hab. Jakub Spiechowicz, prof. U\u015a<\/strong>, prowadzenie sesji porannej<\/td>\n<\/tr>\n<\/tbody>\n<\/table>\n<p>\n<\/div>\r\n                    <\/div>\r\n                <\/div>[vc_separator color=&#8221;blue&#8221;]\r\n                <div class=\"text-modules\">\r\n                    <div class=\"container\">\r\n                        \r\n                        <div class=\"text-modules__content\"><\/p>\n<table style=\"border-collapse: collapse; width: 100%; height: 17px;\">\n<tbody>\n<tr style=\"height: 18px;\">\n<td style=\"width: 12.1782%; height: 18px;\">11:10-11:40<\/td>\n<td style=\"width: 51.1881%; height: 18px;\"><strong>dr Piotr Kucik-Gorli\u0144ski <\/strong><\/p>\n<p><a href=\"https:\/\/us.edu.pl\/instytut\/ifiz\/pomiedzy-science-fiction-futurologia-i-dystopia-przypadek-stanislawa-lema\/\"><em>Pomi\u0119dzy science fiction, futurologi\u0105 i dystopi\u0105. Przypadek Stanis\u0142awa Lema <\/em><\/a><\/td>\n<\/tr>\n<\/tbody>\n<\/table>\n<p>\n<\/div>\r\n                    <\/div>\r\n                <\/div>\r\n                <div class=\"text-modules\">\r\n                    <div class=\"container\">\r\n                        \r\n                        <div class=\"text-modules__content\"><\/p>\n<table style=\"border-collapse: collapse; width: 100%; height: 17px;\">\n<tbody>\n<tr style=\"height: 18px;\">\n<td style=\"width: 12.1782%; height: 18px;\">11:40-12:10<\/td>\n<td style=\"width: 51.1881%; height: 18px;\"><strong>prof. dr hab. Marek Biesiada <\/strong><\/p>\n<p><a href=\"https:\/\/us.edu.pl\/instytut\/ifiz\/lem-kosmologia-post-empiryzm\/\"><em>Lem, kosmologia, post-empiryzm <\/em><\/a><\/td>\n<\/tr>\n<\/tbody>\n<\/table>\n<p>\n<\/div>\r\n                    <\/div>\r\n                <\/div>\r\n                <div class=\"text-modules\">\r\n                    <div class=\"container\">\r\n                        \r\n                        <div class=\"text-modules__content\"><\/p>\n<table style=\"border-collapse: collapse; width: 100%; height: 17px;\">\n<tbody>\n<tr style=\"height: 18px;\">\n<td style=\"width: 12.1782%; height: 18px;\">12:10-12:40<\/td>\n<td style=\"width: 51.1881%; height: 18px;\"><strong>dr hab. Anna Mrozek-Wilczkiewicz, prof. U\u015a<\/strong><\/p>\n<p><a href=\"https:\/\/us.edu.pl\/instytut\/ifiz\/leki-przeciwnowotworowe-w-jakim-miejscu-jestesmy-teraz-i-co-nas-czeka-w-przyszlosci\/\"><em>Leki przeciwnowotworowe \u2013 w jakim miejscu jeste\u015bmy teraz i co nas czeka w przysz\u0142o\u015bci<\/em><\/a><\/td>\n<\/tr>\n<\/tbody>\n<\/table>\n<p>\n<\/div>\r\n                    <\/div>\r\n                <\/div>\r\n                <div class=\"text-modules\">\r\n                    <div class=\"container\">\r\n                        \r\n                        <div class=\"text-modules__content\"><\/p>\n<table style=\"border-collapse: collapse; width: 100%; height: 17px;\">\n<tbody>\n<tr style=\"height: 18px;\">\n<td style=\"width: 12.1782%; height: 18px;\">12:40-13:10<\/td>\n<td style=\"width: 51.1881%; height: 18px;\"><strong>dr Katarzyna Schmidt, prof. U\u015a <\/strong><\/p>\n<p><a href=\"https:\/\/us.edu.pl\/instytut\/ifiz\/uczenie-maszynowe-wczoraj-fiction-dzisiaj-science\/\"><em>Uczenie maszynowe, wczoraj Fiction, dzisiaj Science<\/em><\/a><\/td>\n<\/tr>\n<\/tbody>\n<\/table>\n<p>\n<\/div>\r\n                    <\/div>\r\n                <\/div>[vc_separator color=&#8221;blue&#8221;]\r\n                <div class=\"text-modules\">\r\n                    <div class=\"container\">\r\n                        \r\n                        <div class=\"text-modules__content\"><p>Wystawa plakat\u00f3w zlokalizowana b\u0119dzie na terenie chorzowskiego kampusu Uniwersytetu \u015al\u0105skiego w budynku \u015al\u0105skiego Mi\u0119dzyuczelnianego Centrum Edukacji i Bada\u0144 Interdyscyplinarnych na antresoli przy auli P\/0\/05. Wystawa b\u0119dzie dost\u0119pna dla odwiedzaj\u0105cych do ko\u0144ca stycznia 2022 roku.<\/p>\n<table style=\"border-collapse: collapse; width: 100%; height: 17px;\">\n<tbody>\n<tr style=\"height: 18px;\">\n<td style=\"width: 12.1782%; height: 18px;\">13:10-13:45<\/td>\n<td style=\"width: 51.1881%; height: 18px;\"><strong>dr hab. Tomasz Kipka, prof. U\u015a<\/strong><\/p>\n<p><a href=\"https:\/\/us.edu.pl\/instytut\/ifiz\/wystawa-plakatow\/\">Wystawa plakat\u00f3w<\/a><\/td>\n<\/tr>\n<\/tbody>\n<\/table>\n<p>\n<\/div>\r\n                    <\/div>\r\n                <\/div>[vc_separator color=&#8221;blue&#8221;]\r\n                <div class=\"text-modules\">\r\n                    <div class=\"container\">\r\n                        <h3 class=\"page-title text__title\">Sesja popo\u0142udniowa<\/h3>\r\n                        <div class=\"text-modules__content\"><\/p>\n<table style=\"border-collapse: collapse; width: 100%; height: 17px;\">\n<tbody>\n<tr style=\"height: 18px;\">\n<td style=\"width: 12.1782%; height: 18px;\">13:45-13-50<\/td>\n<td style=\"width: 51.1881%; height: 18px;\"><strong>dr hab. Pawe\u0142 Zajdel, prof. U\u015a, Przewodnicz\u0105cy k.o. PTF<\/strong><br \/>\nOtwarcie sesji popo\u0142udniowej<strong><br \/>\ndr hab. El\u017cbieta Stephan, prof. U\u015a<\/strong>,\u00a0 prowadzenie sesji popo\u0142udniowej<\/td>\n<\/tr>\n<\/tbody>\n<\/table>\n<p>\n<\/div>\r\n                    <\/div>\r\n                <\/div>[vc_separator color=&#8221;blue&#8221;]\r\n                <div class=\"text-modules\">\r\n                    <div class=\"container\">\r\n                        \r\n                        <div class=\"text-modules__content\"><\/p>\n<table style=\"border-collapse: collapse; width: 100%; height: 17px;\">\n<tbody>\n<tr style=\"height: 18px;\">\n<td style=\"width: 12.1782%; height: 18px;\">13:50-14:20<\/td>\n<td style=\"width: 51.1881%; height: 18px;\"><strong>prof. dr hab. Jerzy Dajka <\/strong><\/p>\n<p><a href=\"https:\/\/us.edu.pl\/instytut\/ifiz\/in-computers-we-trust-o-kryptografii-pre-kwantowej-kwantowej-i-post-kwantowej\/\"><em>In comp(uter)s we trust: o kryptografii pre-kwantowej, kwantowej i post-kwantowej<\/em><\/a><\/td>\n<\/tr>\n<\/tbody>\n<\/table>\n<p>\n<\/div>\r\n                    <\/div>\r\n                <\/div>\r\n                <div class=\"text-modules\">\r\n                    <div class=\"container\">\r\n                        \r\n                        <div class=\"text-modules__content\"><\/p>\n<table style=\"border-collapse: collapse; width: 100%; height: 17px;\">\n<tbody>\n<tr style=\"height: 18px;\">\n<td style=\"width: 12.1782%; height: 18px;\">14:20-15:20<\/td>\n<td style=\"width: 51.1881%; height: 18px;\"><strong>dr Aleksandra Pi\u00f3rkowska-Kurpas<\/strong><\/p>\n<p><a href=\"https:\/\/us.edu.pl\/instytut\/ifiz\/nie-tylko-solaris-w-poszukiwaniu-planet-poza-ukladem-slonecznym\/\"><em>Nie tylko Solaris: w poszukiwaniu planet poza Uk\u0142adem S\u0142onecznym <\/em><\/a><\/td>\n<\/tr>\n<\/tbody>\n<\/table>\n<p>\n<\/div>\r\n                    <\/div>\r\n                <\/div>[vc_separator color=&#8221;blue&#8221;]\r\n                <div class=\"text-modules\">\r\n                    <div class=\"container\">\r\n                        <h3 class=\"page-title text__title\">Wywiad<\/h3>\r\n                        <div class=\"text-modules__content\"><p>Zapraszamy do wys\u0142uchania wywiadu z Profesorem Abrahamem (Avi)\u202fLoebem\u202fastronomem i fizykiem teoretycznym z Uniwersytetu Harvarda, poszukiwaczem obcych cywilizacji, autorem ksi\u0105\u017cki <em>Pozaziemskie. Pierwsze \u015blady \u017cycia rozumnego poza Ziemi\u0105.<\/em> Rozmow\u0119 poprowadzi Profesor Janusz Gluza, teoretyk fizyki cz\u0105stek elementarnych z Instytutu Fizyki Uniwersytetu \u015al\u0105skiego.<\/p>\n<p>Rozmowa prowadzona b\u0119dzie w j\u0119zyku angielskim.<\/p>\n<table style=\"border-collapse: collapse; width: 100%; height: 17px;\">\n<tbody>\n<tr style=\"height: 18px;\">\n<td style=\"width: 12.1782%; height: 18px;\">15:30-16:15<\/td>\n<td style=\"width: 51.1881%; height: 18px;\"><strong>prof. Abraham (Avi) Loeb<\/strong><\/p>\n<p><a href=\"https:\/\/us.edu.pl\/instytut\/ifiz\/strona-glowna-ifiz\/istoty-pozaziemskie-nastepna-rewolucja-kopernikanska\/\">Istoty Pozaziemskie: Nast\u0119pna rewolucja kopernika\u0144ska. Je\u015bli odwa\u017cymy si\u0119 spojrze\u0107 przez nowe teleskopy, mo\u017ce je znajdziemy.<\/a><\/p>\n<p><a href=\"https:\/\/us.edu.pl\/instytut\/ifiz\/extraterrestrials-the-next-copernican-revolution\/\">Extraterrestrials: The Next Copernican Revolution. If we dare to look through new telescopes, we might find them.<\/a><\/p>\n<p><a href=\"https:\/\/us.edu.pl\/instytut\/ifiz\/wp-content\/uploads\/sites\/39\/Rok_Lema_2021\/Lem_Loeb_2021.pdf\" class=\"mtli_attachment mtli_pdf\" data-mtli=\"mtli_filesize12,22MB\" class=\"mtli_attachment mtli_pdf\" data-mtli=\"mtli_filesize12,22MB\">Prezentacja<\/a><\/td>\n<\/tr>\n<\/tbody>\n<\/table>\n<p>\n<style type=\"text\/css\">a[data-mtli~=\"mtli_filesize12,22MB\"]:after {content:\" (12,22 MB)\"}<\/style><\/div>\r\n                    <\/div>\r\n                <\/div>[vc_separator color=&#8221;blue&#8221;]\r\n                <div class=\"text-modules\">\r\n                    <div class=\"container\">\r\n                        <h3 class=\"page-title text__title\">Panel dyskusyjny<\/h3>\r\n                        <div class=\"text-modules__content\"><p>Dyskusja panelowa jest ostatnim punktem programu wydarzenia \u201eFizyka Lema: wczoraj Fiction, dzisiaj Science\u201d. Czy literatura jest prorokiem dla nauki, jak b\u0119dzie\u202fwygl\u0105da\u0142 \u015bwiat\u202fw najbli\u017cszej i dalszej przysz\u0142o\u015bci, jakie s\u0105 obawy i oczekiwania zwi\u0105zane z rozwojem nauki? Zach\u0119camy do wys\u0142uchania dyskusji i zadawania pyta\u0144 poprzez dost\u0119pny na stronie wydarzenia <a href=\"https:\/\/us.edu.pl\/instytut\/ifiz\/rok-lema-2021\/zadaj-pytanie-wykladowcy-lem\/\">formularz<\/a>.<\/p>\n<table style=\"border-collapse: collapse; width: 100%; height: 17px;\">\n<tbody>\n<tr style=\"height: 18px;\">\n<td style=\"width: 12.1782%; height: 18px;\">16:30-18:00<\/td>\n<td style=\"width: 51.1881%; height: 18px;\"><strong>Prowadzenie dr hab. Seweryn Kowalski, prof. U\u015a, Prodziekan ds. bada\u0144 naukowych i wsp\u00f3\u0142pracy z zagranic\u0105 Wydzia\u0142u Nauk \u015acis\u0142ych i Technicznych U\u015a<\/strong><\/p>\n<ul>\n<li style=\"list-style-type: none;\">\n<ul>\n<li><a href=\"https:\/\/stanislaw-kistryn.pracownicy.uj.edu.pl\/biogram\"><strong>prof. dr hab. Stanis\u0142aw Kistryn<\/strong><\/a> (Instytut Fizyki im. Mariana Smoluchowskiego Wydzia\u0142u Fizyki, Astronomii i Informatyki Stosowanej Uniwersytetu Jagiello\u0144skiego)<\/li>\n<li><a href=\"https:\/\/pl.wikipedia.org\/wiki\/Marek_S._Huberath\"><strong>prof. dr hab. Hubert Hara\u0144czyk<\/strong><\/a> (Instytut Fizyki im. Mariana Smoluchowskiego Wydzia\u0142u Fizyki, Astronomii i Informatyki Stosowanej Uniwersytetu Jagiello\u0144skiego)<\/li>\n<li><a href=\"https:\/\/us.edu.pl\/instytut\/ifiz\/pomiedzy-science-fiction-futurologia-i-dystopia-przypadek-stanislawa-lema\/\"><strong>dr Piotr Gorli\u0144ski-Kucik<\/strong><\/a> (Instytut Literaturoznawstwa Wydzia\u0142u Humanistycznego Uniwersytetu \u015al\u0105skiego)<\/li>\n<li><strong>prof. dr hab. Krystian Roleder<\/strong> (Instytut Fizyki im. A. Che\u0142kowskiego Wydzia\u0142u Nauk \u015acis\u0142ych i Technicznych Uniwersytetu \u015al\u0105skiego)<\/li>\n<li><strong>dr hab. El\u017cbieta Stephan, prof. U\u015a<\/strong> (Instytut Fizyki im. A. Che\u0142kowskiego Wydzia\u0142u Nauk \u015acis\u0142ych i Technicznych Uniwersytetu \u015al\u0105skiego)<\/li>\n<li><strong>dr hab. Jakub\u202fSpiechowicz, prof. U\u015a<\/strong> (Instytut Fizyki im. A. Che\u0142kowskiego Wydzia\u0142u Nauk \u015acis\u0142ych i Technicznych Uniwersytetu \u015al\u0105skiego)<\/li>\n<\/ul>\n<\/li>\n<\/ul>\n<\/td>\n<\/tr>\n<\/tbody>\n<\/table>\n<p>\n<\/div>\r\n                    <\/div>\r\n                <\/div>[vc_separator color=&#8221;blue&#8221;]\r\n                <div class=\"text-modules\">\r\n                    <div class=\"container\">\r\n                        \r\n                        <div class=\"text-modules__content\"><\/p>\n<h2>Patronat medialny<\/h2>\n<table style=\"border-collapse: collapse; width: 100%; height: 111px;\">\n<tbody>\n<tr style=\"height: 111px;\">\n<td style=\"width: 25%; height: 111px;\"><img class=\"alignnone size-medium wp-image-3410\" src=\"https:\/\/us.edu.pl\/instytut\/ifiz\/wp-content\/uploads\/sites\/39\/logotypy\/Zysk1-krzywe-300x111.jpg\" alt=\"\" width=\"300\" height=\"111\" srcset=\"https:\/\/us.edu.pl\/instytut\/ifiz\/wp-content\/uploads\/sites\/39\/logotypy\/Zysk1-krzywe-300x111.jpg 300w, https:\/\/us.edu.pl\/instytut\/ifiz\/wp-content\/uploads\/sites\/39\/logotypy\/Zysk1-krzywe-768x284.jpg 768w, https:\/\/us.edu.pl\/instytut\/ifiz\/wp-content\/uploads\/sites\/39\/logotypy\/Zysk1-krzywe-1024x379.jpg 1024w, https:\/\/us.edu.pl\/instytut\/ifiz\/wp-content\/uploads\/sites\/39\/logotypy\/Zysk1-krzywe-575x213.jpg 575w\" sizes=\"(max-width: 300px) 100vw, 300px\" \/><\/td>\n<td style=\"width: 25%; height: 111px;\"><img class=\"alignnone size-medium wp-image-2221\" src=\"https:\/\/us.edu.pl\/instytut\/ifiz\/wp-content\/uploads\/sites\/39\/logotypy\/U\u015a-TV-logo-300x107.jpg\" alt=\"\" width=\"300\" height=\"107\" srcset=\"https:\/\/us.edu.pl\/instytut\/ifiz\/wp-content\/uploads\/sites\/39\/logotypy\/U\u015a-TV-logo-300x107.jpg 300w, https:\/\/us.edu.pl\/instytut\/ifiz\/wp-content\/uploads\/sites\/39\/logotypy\/U\u015a-TV-logo-768x273.jpg 768w, https:\/\/us.edu.pl\/instytut\/ifiz\/wp-content\/uploads\/sites\/39\/logotypy\/U\u015a-TV-logo-575x204.jpg 575w, https:\/\/us.edu.pl\/instytut\/ifiz\/wp-content\/uploads\/sites\/39\/logotypy\/U\u015a-TV-logo.jpg 900w\" sizes=\"(max-width: 300px) 100vw, 300px\" \/><\/td>\n<td style=\"width: 25%; height: 111px;\"><img class=\"alignnone size-medium wp-image-2219\" src=\"https:\/\/us.edu.pl\/instytut\/ifiz\/wp-content\/uploads\/sites\/39\/logotypy\/gazeta-uniwer-nowe-logo-300x80.png\" alt=\"\" width=\"300\" height=\"80\" srcset=\"https:\/\/us.edu.pl\/instytut\/ifiz\/wp-content\/uploads\/sites\/39\/logotypy\/gazeta-uniwer-nowe-logo-300x80.png 300w, https:\/\/us.edu.pl\/instytut\/ifiz\/wp-content\/uploads\/sites\/39\/logotypy\/gazeta-uniwer-nowe-logo-768x204.png 768w, https:\/\/us.edu.pl\/instytut\/ifiz\/wp-content\/uploads\/sites\/39\/logotypy\/gazeta-uniwer-nowe-logo-1024x272.png 1024w, https:\/\/us.edu.pl\/instytut\/ifiz\/wp-content\/uploads\/sites\/39\/logotypy\/gazeta-uniwer-nowe-logo-575x153.png 575w, https:\/\/us.edu.pl\/instytut\/ifiz\/wp-content\/uploads\/sites\/39\/logotypy\/gazeta-uniwer-nowe-logo.png 1176w\" sizes=\"(max-width: 300px) 100vw, 300px\" \/><\/td>\n<td style=\"width: 25%; height: 111px;\"><img class=\"alignnone size-medium wp-image-2220\" src=\"https:\/\/us.edu.pl\/instytut\/ifiz\/wp-content\/uploads\/sites\/39\/logotypy\/PN-web-300x167.jpg\" alt=\"\" width=\"300\" height=\"167\" srcset=\"https:\/\/us.edu.pl\/instytut\/ifiz\/wp-content\/uploads\/sites\/39\/logotypy\/PN-web-300x167.jpg 300w, https:\/\/us.edu.pl\/instytut\/ifiz\/wp-content\/uploads\/sites\/39\/logotypy\/PN-web-768x428.jpg 768w, https:\/\/us.edu.pl\/instytut\/ifiz\/wp-content\/uploads\/sites\/39\/logotypy\/PN-web-1024x570.jpg 1024w, https:\/\/us.edu.pl\/instytut\/ifiz\/wp-content\/uploads\/sites\/39\/logotypy\/PN-web-575x320.jpg 575w, https:\/\/us.edu.pl\/instytut\/ifiz\/wp-content\/uploads\/sites\/39\/logotypy\/PN-web.jpg 1751w\" sizes=\"(max-width: 300px) 100vw, 300px\" \/><\/td>\n<\/tr>\n<\/tbody>\n<\/table>\n<p>\n<\/div>\r\n                    <\/div>\r\n                <\/div>[\/vc_column][\/vc_row]<\/p>\n<style type=\"text\/css\">a[data-mtli~=\"mtli_filesize12,22MB\"]:after {content:\" (12,22 MB)\"}<\/style>","protected":false},"excerpt":{"rendered":"<p>[vc_row el_class=&#8221;container&#8221;][vc_column][vc_separator color=&#8221;blue&#8221;][vc_separator color=&#8221;blue&#8221;][vc_separator color=&#8221;blue&#8221;][vc_separator color=&#8221;blue&#8221;][vc_separator color=&#8221;blue&#8221;][vc_separator color=&#8221;blue&#8221;][vc_separator color=&#8221;blue&#8221;][\/vc_column][\/vc_row] [&#8230;]<\/p>\n<p><a class=\"btn btn-secondary understrap-read-more-link\" href=\"https:\/\/us.edu.pl\/instytut\/ifiz\/rok-lema-2021\/fizyka-lema-program\/\">Read More&#8230;<\/a><\/p>\n","protected":false},"author":104,"featured_media":0,"parent":2988,"menu_order":51,"comment_status":"closed","ping_status":"closed","template":"page-templates\/inner-page.php","meta":{"_expiration-date-status":"saved","_expiration-date":0,"_expiration-date-type":"","_expiration-date-categories":[],"_expiration-date-options":[]},"acf":[],"_links":{"self":[{"href":"https:\/\/us.edu.pl\/instytut\/ifiz\/wp-json\/wp\/v2\/pages\/3078"}],"collection":[{"href":"https:\/\/us.edu.pl\/instytut\/ifiz\/wp-json\/wp\/v2\/pages"}],"about":[{"href":"https:\/\/us.edu.pl\/instytut\/ifiz\/wp-json\/wp\/v2\/types\/page"}],"author":[{"embeddable":true,"href":"https:\/\/us.edu.pl\/instytut\/ifiz\/wp-json\/wp\/v2\/users\/104"}],"replies":[{"embeddable":true,"href":"https:\/\/us.edu.pl\/instytut\/ifiz\/wp-json\/wp\/v2\/comments?post=3078"}],"version-history":[{"count":0,"href":"https:\/\/us.edu.pl\/instytut\/ifiz\/wp-json\/wp\/v2\/pages\/3078\/revisions"}],"up":[{"embeddable":true,"href":"https:\/\/us.edu.pl\/instytut\/ifiz\/wp-json\/wp\/v2\/pages\/2988"}],"wp:attachment":[{"href":"https:\/\/us.edu.pl\/instytut\/ifiz\/wp-json\/wp\/v2\/media?parent=3078"}],"curies":[{"name":"wp","href":"https:\/\/api.w.org\/{rel}","templated":true}]}}