{"id":327,"date":"2019-11-15T14:15:56","date_gmt":"2019-11-15T13:15:56","guid":{"rendered":"http:\/\/us.edu.pl\/instytut\/ifiz\/?page_id=327"},"modified":"2026-02-09T10:30:23","modified_gmt":"2026-02-09T09:30:23","slug":"pracownicy","status":"publish","type":"page","link":"https:\/\/us.edu.pl\/instytut\/ifiz\/strona-glowna-ifiz\/pracownicy\/","title":{"rendered":"Pracownicy"},"content":{"rendered":"<p>[vc_row][vc_column][vc_column_text]Wykaz alfabetyczny[\/vc_column_text][\/vc_column][\/vc_row][vc_row][vc_column]<div class=\"AZ\"><div class=\"container\"> <div class=\"AZ__letters\"><a href=\"#AZ-A\"> A <\/a><a href=\"#AZ-B\"> B <\/a><a href=\"#AZ-C\"> C <\/a><a href=\"#AZ-D\"> D <\/a><a href=\"#AZ-F\"> F <\/a><a href=\"#AZ-G\"> G <\/a><a href=\"#AZ-H\"> H <\/a><a href=\"#AZ-J\"> J <\/a><a href=\"#AZ-K\"> K <\/a><a href=\"#AZ-L\"> L <\/a><a href=\"#AZ-\u0141\"> \u0141 <\/a><a href=\"#AZ-M\"> M <\/a><a href=\"#AZ-N\"> N <\/a><a href=\"#AZ-O\"> O <\/a><a href=\"#AZ-P\"> P <\/a><a href=\"#AZ-R\"> R <\/a><a href=\"#AZ-S\"> S <\/a><a href=\"#AZ-T\"> T <\/a><a href=\"#AZ-U\"> U <\/a><a href=\"#AZ-W\"> W <\/a><a href=\"#AZ-Z\"> Z <\/a><\/div><div class=\"AZ-content\"><div class=\"AZ__section\" data-section=\"#AZ-A\"><a href=\"#\" class=\"AZ__section-name\">A<\/a><a href=\"https:\/\/ab.us.edu.pl\/emp?id=52613\" target=\"_blank\"> Adrjanowicz Karolina <\/a><\/div><div class=\"AZ__section\" data-section=\"#AZ-B\"><a href=\"#\" class=\"AZ__section-name\">B<\/a><a href=\"https:\/\/ab.us.edu.pl\/emp?id=582\" target=\"_blank\"> Bajorek Anna <\/a><a href=\"https:\/\/ab.us.edu.pl\/emp?id=48122\" target=\"_blank\"> Balin Katarzyna <\/a><a href=\"https:\/\/ab.us.edu.pl\/emp?id=1132\" target=\"_blank\"> Bednarek Ilona <\/a><a href=\"https:\/\/ab.us.edu.pl\/emp?id=PE218160\" target=\"_blank\"> Beena Unni Aparna <\/a><a href=\"https:\/\/ab.us.edu.pl\/emp?id=2222\" target=\"_blank\"> Bubak Arkadiusz <\/a><\/div><div class=\"AZ__section\" data-section=\"#AZ-C\"><a href=\"#\" class=\"AZ__section-name\">C<\/a><a href=\"https:\/\/ab.us.edu.pl\/emp?id=51072\" target=\"_blank\"> Che\u0142kowska Gra\u017cyna <\/a><\/div><div class=\"AZ__section\" data-section=\"#AZ-D\"><a href=\"#\" class=\"AZ__section-name\">D<\/a><a href=\"https:\/\/ab.us.edu.pl\/emp?id=4102\" target=\"_blank\"> Dajka Jerzy <\/a><a href=\"https:\/\/ab.us.edu.pl\/emp?id=PE259667\" target=\"_blank\"> Delorme Stephane <\/a><a href=\"https:\/\/ab.us.edu.pl\/emp?id=4292\" target=\"_blank\"> Dendzik Zbigniew <\/a><a href=\"https:\/\/ab.us.edu.pl\/emp?id=62733\" target=\"_blank\"> Dubovyk Ievgen <\/a><a href=\"https:\/\/ab.us.edu.pl\/emp?id=49362\" target=\"_blank\"> Dziewit Bartosz <\/a><\/div><div class=\"AZ__section\" data-section=\"#AZ-F\"><a href=\"#\" class=\"AZ__section-name\">F<\/a><a href=\"https:\/\/ab.us.edu.pl\/emp?id=5672\" target=\"_blank\"> Fija\u0142kowski Marcin <\/a><\/div><div class=\"AZ__section\" data-section=\"#AZ-G\"><a href=\"#\" class=\"AZ__section-name\">G<\/a><a href=\"https:\/\/ab.us.edu.pl\/emp?id=6972\" target=\"_blank\"> Gluza Janusz <\/a><a href=\"https:\/\/ab.us.edu.pl\/emp?id=42861\" target=\"_blank\"> Goraus Jerzy <\/a><a href=\"https:\/\/ab.us.edu.pl\/emp?id=53553\" target=\"_blank\"> G\u00f3rny Krzysztof <\/a><a href=\"https:\/\/ab.us.edu.pl\/emp?id=7732\" target=\"_blank\"> Gruszka Irena <\/a><a href=\"https:\/\/ab.us.edu.pl\/emp?id=7872\" target=\"_blank\"> Grzybowska Katarzyna <\/a><a href=\"https:\/\/ab.us.edu.pl\/emp?id=8042\" target=\"_blank\"> Guzik Adam <\/a><\/div><div class=\"AZ__section\" data-section=\"#AZ-H\"><a href=\"#\" class=\"AZ__section-name\">H<\/a><a href=\"https:\/\/ab.us.edu.pl\/emp?id=8802\" target=\"_blank\"> Holeczek Jacek <\/a><\/div><div class=\"AZ__section\" data-section=\"#AZ-J\"><a href=\"#\" class=\"AZ__section-name\">J<\/a><a href=\"https:\/\/ab.us.edu.pl\/emp?id=9672\" target=\"_blank\"> Jarosz Jerzy <\/a><a href=\"https:\/\/ab.us.edu.pl\/emp?id=58193\" target=\"_blank\"> Jesionek Katarzyna <\/a><a href=\"https:\/\/ab.us.edu.pl\/emp?id=63213\" target=\"_blank\"> Jurkiewicz Karolina <\/a><\/div><div class=\"AZ__section\" data-section=\"#AZ-K\"><a href=\"#\" class=\"AZ__section-name\">K<\/a><a href=\"https:\/\/ab.us.edu.pl\/emp?id=10312\" target=\"_blank\"> Kajewski Dariusz <\/a><a href=\"https:\/\/ab.us.edu.pl\/emp?id=10512\" target=\"_blank\"> Kami\u0144ski Kamil <\/a><a href=\"https:\/\/ab.us.edu.pl\/emp?id=PE239335\" target=\"_blank\"> Karmakar Biswajit <\/a><a href=\"https:\/\/ab.us.edu.pl\/emp?id=14732\" target=\"_blank\"> K\u0105dzio\u0142ka-Gawe\u0142 Mariola <\/a><a href=\"https:\/\/ab.us.edu.pl\/emp?id=11222\" target=\"_blank\"> Kisiel Jan <\/a><a href=\"https:\/\/ab.us.edu.pl\/emp?id=11562\" target=\"_blank\"> Klimontko Joanna <\/a><a href=\"https:\/\/ab.us.edu.pl\/emp?id=14822\" target=\"_blank\"> K\u0142os Barbara <\/a><a href=\"https:\/\/ab.us.edu.pl\/emp?id=55823\" target=\"_blank\"> Knapik-Kowalczuk Justyna <\/a><a href=\"https:\/\/ab.us.edu.pl\/emp?id=13092\" target=\"_blank\"> Ko\u0142odziej Karol <\/a><a href=\"https:\/\/ab.us.edu.pl\/emp?id=12132\" target=\"_blank\"> Konefa\u0142 Adam <\/a><a href=\"https:\/\/ab.us.edu.pl\/emp?id=53603\" target=\"_blank\"> Koperwas Kajetan <\/a><a href=\"https:\/\/ab.us.edu.pl\/emp?id=12602\" target=\"_blank\"> Kostur Marcin <\/a><a href=\"https:\/\/ab.us.edu.pl\/emp?id=12832\" target=\"_blank\"> Kowalski Seweryn <\/a><a href=\"https:\/\/ab.us.edu.pl\/emp?id=13022\" target=\"_blank\"> Koz\u0142owska Beata <\/a><a href=\"https:\/\/ab.us.edu.pl\/emp?id=43871\" target=\"_blank\"> Ksi\u0105\u017cek Maria <\/a><a href=\"https:\/\/ab.us.edu.pl\/emp?id=13692\" target=\"_blank\"> Kubacki Jerzy <\/a><a href=\"https:\/\/ab.us.edu.pl\/emp?id=14112\" target=\"_blank\"> Kuku\u0142a Zenon <\/a><a href=\"https:\/\/ab.us.edu.pl\/emp?id=14212\" target=\"_blank\"> Kulpa Marek <\/a><a href=\"https:\/\/ab.us.edu.pl\/emp?id=42921\" target=\"_blank\"> Kurpas Marcin <\/a><\/div><div class=\"AZ__section\" data-section=\"#AZ-L\"><a href=\"#\" class=\"AZ__section-name\">L<\/a><a href=\"https:\/\/ab.us.edu.pl\/emp?id=38401\" target=\"_blank\"> Lazar Iwona <\/a><\/div><div class=\"AZ__section\" data-section=\"#AZ-\u0141\"><a href=\"#\" class=\"AZ__section-name\">\u0141<\/a><a href=\"https:\/\/ab.us.edu.pl\/emp?id=42691\" target=\"_blank\"> \u0141aciak Marcin <\/a><a href=\"https:\/\/ab.us.edu.pl\/emp?id=33082\" target=\"_blank\"> \u0141uczka Jerzy <\/a><\/div><div class=\"AZ__section\" data-section=\"#AZ-M\"><a href=\"#\" class=\"AZ__section-name\">M<\/a><a href=\"https:\/\/ab.us.edu.pl\/emp?id=15832\" target=\"_blank\"> Machura \u0141ukasz <\/a><a href=\"https:\/\/ab.us.edu.pl\/emp?id=58633\" target=\"_blank\"> Malarz Katarzyna <\/a><a href=\"https:\/\/ab.us.edu.pl\/emp?id=PE240138\" target=\"_blank\"> Marchenko Ivan <\/a><a href=\"https:\/\/ab.us.edu.pl\/emp?id=17642\" target=\"_blank\"> Mierzwa Micha\u0142 <\/a><a href=\"https:\/\/ab.us.edu.pl\/emp?id=46961\" target=\"_blank\"> Mrozek-Wilczkiewicz Anna <\/a><\/div><div class=\"AZ__section\" data-section=\"#AZ-N\"><a href=\"#\" class=\"AZ__section-name\">N<\/a><a href=\"https:\/\/ab.us.edu.pl\/emp?id=PE252980\" target=\"_blank\"> Nowak Witold <\/a><\/div><div class=\"AZ__section\" data-section=\"#AZ-O\"><a href=\"#\" class=\"AZ__section-name\">O<\/a><a href=\"https:\/\/ab.us.edu.pl\/emp?id=37771\" target=\"_blank\"> Oboz Monika <\/a><\/div><div class=\"AZ__section\" data-section=\"#AZ-P\"><a href=\"#\" class=\"AZ__section-name\">P<\/a><a href=\"https:\/\/ab.us.edu.pl\/emp?id=20272\" target=\"_blank\"> Paluch Marian <\/a><a href=\"https:\/\/ab.us.edu.pl\/emp?id=62273\" target=\"_blank\"> Paturej Jaros\u0142aw <\/a><a href=\"https:\/\/ab.us.edu.pl\/emp?id=20702\" target=\"_blank\"> Pawlus Sebastian <\/a><a href=\"https:\/\/ab.us.edu.pl\/emp?id=55083\" target=\"_blank\"> Piecha Julita <\/a><a href=\"https:\/\/ab.us.edu.pl\/emp?id=36391\" target=\"_blank\"> Pilch Micha\u0142 <\/a><a href=\"https:\/\/ab.us.edu.pl\/emp?id=45671\" target=\"_blank\"> Pi\u00f3rkowska-Kurpas Aleksandra <\/a><a href=\"https:\/\/ab.us.edu.pl\/emp?id=52943\" target=\"_blank\"> Pu\u0142awski Szymon <\/a><\/div><div class=\"AZ__section\" data-section=\"#AZ-R\"><a href=\"#\" class=\"AZ__section-name\">R<\/a><a href=\"https:\/\/ab.us.edu.pl\/emp?id=35971\" target=\"_blank\"> Raczy\u0144ski Przemys\u0142aw <\/a><a href=\"https:\/\/ab.us.edu.pl\/emp?id=43211\" target=\"_blank\"> Rams-Baron Marzena <\/a><a href=\"https:\/\/ab.us.edu.pl\/emp?id=PE23930\" target=\"_blank\"> Rawicka Patrycja <\/a><a href=\"https:\/\/ab.us.edu.pl\/emp?id=PE8206\" target=\"_blank\"> Roleder Krystian <\/a><\/div><div class=\"AZ__section\" data-section=\"#AZ-S\"><a href=\"#\" class=\"AZ__section-name\">S<\/a><a href=\"https:\/\/ab.us.edu.pl\/emp?id=PE259665\" target=\"_blank\"> Salone Nora <\/a><a href=\"https:\/\/ab.us.edu.pl\/emp?id=24242\" target=\"_blank\"> Sawicki Bogdan <\/a><a href=\"https:\/\/ab.us.edu.pl\/emp?id=PE194175\" target=\"_blank\"> Scheller \u0141ukasz <\/a><a href=\"https:\/\/ab.us.edu.pl\/emp?id=43041\" target=\"_blank\"> Schmidt Katarzyna <\/a><a href=\"https:\/\/ab.us.edu.pl\/emp?id=57363\" target=\"_blank\"> Siemianowicz Anna <\/a><a href=\"https:\/\/ab.us.edu.pl\/emp?id=PE128420\" target=\"_blank\"> Sikora Marcin <\/a><a href=\"https:\/\/ab.us.edu.pl\/emp?id=52292\" target=\"_blank\"> Spiechowicz Jakub <\/a><a href=\"https:\/\/ab.us.edu.pl\/emp?id=27842\" target=\"_blank\"> S\u0142adkowski Jan <\/a><a href=\"https:\/\/ab.us.edu.pl\/emp?id=PE258423\" target=\"_blank\"> Soko\u0142owski Grzegorz <\/a><a href=\"https:\/\/ab.us.edu.pl\/emp?id=25512\" target=\"_blank\"> Soszy\u0144ski Andrzej <\/a><a href=\"https:\/\/ab.us.edu.pl\/emp?id=26042\" target=\"_blank\"> Stephan El\u017cbieta <\/a><a href=\"https:\/\/ab.us.edu.pl\/emp?id=26662\" target=\"_blank\"> Syska Jacek <\/a><a href=\"https:\/\/ab.us.edu.pl\/emp?id=26942\" target=\"_blank\"> Szczygielska-\u0141aciak Aneta <\/a><a href=\"https:\/\/ab.us.edu.pl\/emp?id=60933\" target=\"_blank\"> Szeremeta Anna <\/a><a href=\"https:\/\/ab.us.edu.pl\/emp?id=PE102352\" target=\"_blank\"> Szkliniarz Katarzyna <\/a><a href=\"https:\/\/ab.us.edu.pl\/emp?id=27262\" target=\"_blank\"> Szot Krzysztof <\/a><a href=\"https:\/\/ab.us.edu.pl\/emp?id=27402\" target=\"_blank\"> Szubka Magdalena <\/a><a href=\"https:\/\/ab.us.edu.pl\/emp?id=27732\" target=\"_blank\"> Szymczyk Arkadiusz <\/a><\/div><div class=\"AZ__section\" data-section=\"#AZ-T\"><a href=\"#\" class=\"AZ__section-name\">T<\/a><a href=\"https:\/\/ab.us.edu.pl\/emp?id=54043\" target=\"_blank\"> Tarnacka Magdalena <\/a><a href=\"https:\/\/ab.us.edu.pl\/emp?id=62413\" target=\"_blank\"> Trybek Paulina <\/a><a href=\"https:\/\/ab.us.edu.pl\/emp?id=28692\" target=\"_blank\"> Trzcionka Bogumi\u0142 <\/a><\/div><div class=\"AZ__section\" data-section=\"#AZ-U\"><a href=\"#\" class=\"AZ__section-name\">U<\/a><a href=\"https:\/\/ab.us.edu.pl\/emp?id=PE176850\" target=\"_blank\"> Urbaniak Marta <\/a><a href=\"https:\/\/ab.us.edu.pl\/emp?id=29152\" target=\"_blank\"> Urbanowicz Piotr <\/a><\/div><div class=\"AZ__section\" data-section=\"#AZ-W\"><a href=\"#\" class=\"AZ__section-name\">W<\/a><a href=\"https:\/\/ab.us.edu.pl\/emp?id=34761\" target=\"_blank\"> Walencik-\u0141ata Agata <\/a><a href=\"https:\/\/ab.us.edu.pl\/emp?id=52492\" target=\"_blank\"> Wilczek Andrzej <\/a><a href=\"https:\/\/ab.us.edu.pl\/emp?id=43281\" target=\"_blank\"> Wojnarowska \u017baneta <\/a><a href=\"https:\/\/ab.us.edu.pl\/emp?id=63603\" target=\"_blank\"> W\u00f3jcik Kamil <\/a><\/div><div class=\"AZ__section\" data-section=\"#AZ-Z\"><a href=\"#\" class=\"AZ__section-name\">Z<\/a><a href=\"https:\/\/ab.us.edu.pl\/emp?id=31922\" target=\"_blank\"> Zajdel Pawe\u0142 <\/a><a href=\"https:\/\/ab.us.edu.pl\/emp?id=PE257651\" target=\"_blank\"> Zelosko Robert <\/a><a href=\"https:\/\/ab.us.edu.pl\/emp?id=62503\" target=\"_blank\"> Zygad\u0142o Dorota <\/a><\/div><\/div> <\/div><\/div>[\/vc_column][\/vc_row]<\/p>","protected":false},"excerpt":{"rendered":"<p>[vc_row][vc_column][vc_column_text]Wykaz alfabetyczny[\/vc_column_text][\/vc_column][\/vc_row][vc_row][vc_column][\/vc_column][\/vc_row] [&#8230;]<\/p>\n<p><a class=\"btn btn-secondary understrap-read-more-link\" href=\"https:\/\/us.edu.pl\/instytut\/ifiz\/strona-glowna-ifiz\/pracownicy\/\">Read More&#8230;<\/a><\/p>\n","protected":false},"author":104,"featured_media":0,"parent":4,"menu_order":20,"comment_status":"closed","ping_status":"closed","template":"page-templates\/inner-page.php","meta":{"_expiration-date-status":"","_expiration-date":0,"_expiration-date-type":"","_expiration-date-categories":[],"_expiration-date-options":[]},"acf":[],"_links":{"self":[{"href":"https:\/\/us.edu.pl\/instytut\/ifiz\/wp-json\/wp\/v2\/pages\/327"}],"collection":[{"href":"https:\/\/us.edu.pl\/instytut\/ifiz\/wp-json\/wp\/v2\/pages"}],"about":[{"href":"https:\/\/us.edu.pl\/instytut\/ifiz\/wp-json\/wp\/v2\/types\/page"}],"author":[{"embeddable":true,"href":"https:\/\/us.edu.pl\/instytut\/ifiz\/wp-json\/wp\/v2\/users\/104"}],"replies":[{"embeddable":true,"href":"https:\/\/us.edu.pl\/instytut\/ifiz\/wp-json\/wp\/v2\/comments?post=327"}],"version-history":[{"count":0,"href":"https:\/\/us.edu.pl\/instytut\/ifiz\/wp-json\/wp\/v2\/pages\/327\/revisions"}],"up":[{"embeddable":true,"href":"https:\/\/us.edu.pl\/instytut\/ifiz\/wp-json\/wp\/v2\/pages\/4"}],"wp:attachment":[{"href":"https:\/\/us.edu.pl\/instytut\/ifiz\/wp-json\/wp\/v2\/media?parent=327"}],"curies":[{"name":"wp","href":"https:\/\/api.w.org\/{rel}","templated":true}]}}