{"id":330,"date":"2019-11-15T14:15:13","date_gmt":"2019-11-15T13:15:13","guid":{"rendered":"http:\/\/us.edu.pl\/instytut\/ifiz\/?page_id=330"},"modified":"2026-03-12T13:14:21","modified_gmt":"2026-03-12T12:14:21","slug":"professores_emeriti","status":"publish","type":"page","link":"https:\/\/us.edu.pl\/instytut\/ifiz\/strona-glowna-ifiz\/professores_emeriti\/","title":{"rendered":"Professores emeriti"},"content":{"rendered":"<p>[vc_row][vc_column]\r\n                <div class=\"text-modules\">\r\n                    <div class=\"container\">\r\n                        <h3 class=\"page-title text__title\">Profesores emeriti<\/h3>\r\n                        <div class=\"text-modules__content\"><p>to zas\u0142u\u017ceni profesorowie Instytutu Fizyki. Niekt\u00f3rzy nadal wsp\u00f3\u0142pracuj\u0105 z Instytutem oraz s\u0105 dost\u0119pni do kontaktu w sprawach naukowych.<\/p>\n<\/div>\r\n                    <\/div>\r\n                <\/div>[\/vc_column][\/vc_row][vc_row gap=&#8221;5&#8243; equal_height=&#8221;yes&#8221;][vc_column width=&#8221;1\/2&#8243; css=&#8221;.vc_custom_1773226189560{background-color: #ececec !important;border-radius: 2px !important;}&#8221;][vc_column_text css=&#8221;.vc_custom_1773226433481{padding-top: 25px !important;padding-right: 20px !important;padding-bottom: 5px !important;padding-left: 20px !important;}&#8221;]<strong><span style=\"color: #003366;\">prof. dr hab.\u00a0W\u0142adys\u0142aw Borgie\u0142<\/span><\/strong><\/p>\n<p><span style=\"color: #003366;\"><strong>Instytut Fizyki:<\/strong> <\/span>Zak\u0142ad Fizyki Teoretycznej[\/vc_column_text][\/vc_column][vc_column width=&#8221;1\/2&#8243; css=&#8221;.vc_custom_1773226285522{background-color: #ececec !important;border-radius: 2px !important;}&#8221;][vc_column_text css=&#8221;.vc_custom_1773226463528{padding-top: 25px !important;padding-right: 20px !important;padding-bottom: 5px !important;padding-left: 20px !important;}&#8221;]<span style=\"color: #003366;\"><strong>prof. dr hab. Zofia Drzazga<\/strong><\/span><\/p>\n<p><span style=\"color: #003366;\"><strong>Instytut Fizyki:<\/strong><\/span> Zak\u0142ad Fizyki Medycznej[\/vc_column_text][\/vc_column][\/vc_row][vc_row gap=&#8221;5&#8243; equal_height=&#8221;yes&#8221;][vc_column width=&#8221;1\/2&#8243; css=&#8221;.vc_custom_1773226189560{background-color: #ececec !important;border-radius: 2px !important;}&#8221;][vc_column_text css=&#8221;.vc_custom_1773226477672{padding-top: 25px !important;padding-right: 20px !important;padding-bottom: 5px !important;padding-left: 20px !important;}&#8221;]<span style=\"color: #003366;\"><strong>prof. dr hab. Bogus\u0142aw Fugiel<\/strong><\/span><\/p>\n<p><span style=\"color: #003366;\"><strong>Instytut Fizyki:<\/strong> <\/span>Zak\u0142ad Fizyki Ferroelektryk\u00f3w[\/vc_column_text][\/vc_column][vc_column width=&#8221;1\/2&#8243; css=&#8221;.vc_custom_1773226285522{background-color: #ececec !important;border-radius: 2px !important;}&#8221;][vc_column_text css=&#8221;.vc_custom_1773226487792{padding-top: 25px !important;padding-right: 20px !important;padding-bottom: 5px !important;padding-left: 20px !important;}&#8221;]<span style=\"color: #003366;\"><strong>prof. dr hab.\u00a0Zygmunt Gburski<\/strong><\/span><\/p>\n<p><span style=\"color: #003366;\"><strong>Instytut Fizyki:<\/strong><\/span> Zak\u0142ad\u00a0Metod Komputerowych Fizyki<br \/>\n<span style=\"color: #003366;\"><strong>e-mail:<\/strong><\/span>\u00a0<a href=\"mailto:zygmunt.gburski@us.edu.pl\">zygmunt.gburski@us.edu.pl<\/a>[\/vc_column_text][\/vc_column][\/vc_row][vc_row gap=&#8221;5&#8243; equal_height=&#8221;yes&#8221;][vc_column width=&#8221;1\/2&#8243; css=&#8221;.vc_custom_1773226189560{background-color: #ececec !important;border-radius: 2px !important;}&#8221;][vc_column_text css=&#8221;.vc_custom_1773226521441{padding-top: 25px !important;padding-right: 20px !important;padding-bottom: 5px !important;padding-left: 20px !important;}&#8221;]<span style=\"color: #003366;\"><strong>prof. dr hab.\u00a0Jan Ha\u0144derek<\/strong><\/span><\/p>\n<p><span style=\"color: #003366;\"><strong>Instytut Fizyki:<\/strong><\/span> Zak\u0142ad\u00a0Fizyki Do\u015bwiadczalnej[\/vc_column_text][\/vc_column][vc_column width=&#8221;1\/2&#8243; css=&#8221;.vc_custom_1773226285522{background-color: #ececec !important;border-radius: 2px !important;}&#8221;][vc_column_text css=&#8221;.vc_custom_1773226541553{padding-top: 25px !important;padding-right: 20px !important;padding-bottom: 5px !important;padding-left: 20px !important;}&#8221;]<span style=\"color: #003366;\"><strong>prof. dr hab. Antoni Kocot<\/strong><\/span><\/p>\n<p><span style=\"color: #003366;\"><strong>Instytut Fizyki:<\/strong><\/span> Zak\u0142ad Biofizyki i Fizyki Molekularnej[\/vc_column_text][\/vc_column][\/vc_row][vc_row gap=&#8221;5&#8243; equal_height=&#8221;yes&#8221;][vc_column width=&#8221;1\/2&#8243; css=&#8221;.vc_custom_1773226189560{background-color: #ececec !important;border-radius: 2px !important;}&#8221;][vc_column_text css=&#8221;.vc_custom_1773226563299{padding-top: 25px !important;padding-right: 20px !important;padding-bottom: 5px !important;padding-left: 20px !important;}&#8221;]<span style=\"color: #003366;\"><strong>prof. dr hab. in\u017c. Joachim Kusz<\/strong><\/span><\/p>\n<p><span style=\"color: #003366;\"><strong>Instytut Fizyki:<\/strong><\/span> Zak\u0142ad Fizyki Kryszta\u0142\u00f3w[\/vc_column_text][\/vc_column][vc_column width=&#8221;1\/2&#8243; css=&#8221;.vc_custom_1773226285522{background-color: #ececec !important;border-radius: 2px !important;}&#8221;][vc_column_text css=&#8221;.vc_custom_1773226581681{padding-top: 25px !important;padding-right: 20px !important;padding-bottom: 5px !important;padding-left: 20px !important;}&#8221;]<span style=\"color: #003366;\"><strong>prof. dr hab. Micha\u0142 Matlak<\/strong><\/span><\/p>\n<p><span style=\"color: #003366;\"><strong>Instytut Fizyki:<\/strong><\/span> Zak\u0142ad Fizyki Teoretycznej[\/vc_column_text][\/vc_column][\/vc_row][vc_row gap=&#8221;5&#8243; equal_height=&#8221;yes&#8221;][vc_column width=&#8221;1\/2&#8243; css=&#8221;.vc_custom_1773226189560{background-color: #ececec !important;border-radius: 2px !important;}&#8221;][vc_column_text css=&#8221;.vc_custom_1773226607697{padding-top: 25px !important;padding-right: 20px !important;padding-bottom: 5px !important;padding-left: 20px !important;}&#8221;]<span style=\"color: #003366;\"><strong>prof. dr hab. Alicja Ratuszna<\/strong><\/span><\/p>\n<p><span style=\"color: #003366;\"><strong>Instytut Fizyki:<\/strong><\/span> Zak\u0142ad Fizyki Cia\u0142a Sta\u0142ego<br \/>\n<span style=\"color: #003366;\"><strong>e-mail:<\/strong><\/span>\u00a0<a href=\"mailto:alicja.ratuszna@us.edu.pl\">alicja.ratuszna@us.edu.pl<\/a>[\/vc_column_text][\/vc_column][vc_column width=&#8221;1\/2&#8243; css=&#8221;.vc_custom_1773226285522{background-color: #ececec !important;border-radius: 2px !important;}&#8221;][vc_column_text css=&#8221;.vc_custom_1773226628216{padding-top: 25px !important;padding-right: 20px !important;padding-bottom: 5px !important;padding-left: 20px !important;}&#8221;]<span style=\"color: #003366;\"><strong>prof. dr hab.\u00a0Lech Tomawski<\/strong><\/span><\/p>\n<p><span style=\"color: #003366;\"><strong>Instytut Fizyki:<\/strong> <\/span>Zak\u0142ad\u00a0Metod Komputerowych Fizyki[\/vc_column_text][\/vc_column][\/vc_row][vc_row gap=&#8221;5&#8243; equal_height=&#8221;yes&#8221;][vc_column width=&#8221;1\/2&#8243; css=&#8221;.vc_custom_1773226189560{background-color: #ececec !important;border-radius: 2px !important;}&#8221;][vc_column_text css=&#8221;.vc_custom_1773226653392{padding-top: 25px !important;padding-right: 20px !important;padding-bottom: 5px !important;padding-left: 20px !important;}&#8221;]<span style=\"color: #003366;\"><strong>prof. dr hab.\u00a0Zbigniew Ujma<\/strong><\/span><\/p>\n<p><span style=\"color: #003366;\"><strong>Instytut Fizyki:<\/strong><\/span> Zak\u0142ad\u00a0Fizyki Ferroelektryk\u00f3w[\/vc_column_text][\/vc_column][vc_column width=&#8221;1\/2&#8243; css=&#8221;.vc_custom_1773226285522{background-color: #ececec !important;border-radius: 2px !important;}&#8221;][vc_column_text css=&#8221;.vc_custom_1773226672616{padding-top: 25px !important;padding-right: 20px !important;padding-bottom: 5px !important;padding-left: 20px !important;}&#8221;]<span style=\"color: #003366;\"><strong>prof. dr hab. Jerzy Warczewski<\/strong><\/span><\/p>\n<p><span style=\"color: #003366;\"><strong>Instytut Fizyki:<\/strong><\/span> Zak\u0142ad Fizyki Kryszta\u0142\u00f3w[\/vc_column_text][\/vc_column][\/vc_row][vc_row gap=&#8221;5&#8243; equal_height=&#8221;yes&#8221;][vc_column width=&#8221;1\/2&#8243; css=&#8221;.vc_custom_1773226189560{background-color: #ececec !important;border-radius: 2px !important;}&#8221;][vc_column_text css=&#8221;.vc_custom_1773226695504{padding-top: 25px !important;padding-right: 20px !important;padding-bottom: 5px !important;padding-left: 20px !important;}&#8221;]<span style=\"color: #003366;\"><strong>prof. dr hab. Bogumi\u0142 Westwa\u0144ski<\/strong><\/span><\/p>\n<p><span style=\"color: #003366;\"><strong>Instytut Fizyki:<\/strong><\/span> Zak\u0142ad Fizyki Teoretycznej[\/vc_column_text][\/vc_column][vc_column width=&#8221;1\/2&#8243; css=&#8221;.vc_custom_1773226285522{background-color: #ececec !important;border-radius: 2px !important;}&#8221;][vc_column_text css=&#8221;.vc_custom_1773226715952{padding-top: 25px !important;padding-right: 20px !important;padding-bottom: 5px !important;padding-left: 20px !important;}&#8221;]<span style=\"color: #003366;\"><strong>prof. dr hab. Jerzy Zio\u0142o<\/strong><\/span><\/p>\n<p><span style=\"color: #003366;\"><strong>Instytut Fizyki:<\/strong> <\/span>Zak\u0142ad Biofizyki i Fizyki Molekularnej<br \/>\n<span style=\"color: #003366;\"><strong>e-mail:<\/strong><\/span>\u00a0<a href=\"mailto:jerzy.ziolo@us.edu.pl\">jerzy.ziolo@us.edu.pl<\/a>[\/vc_column_text][\/vc_column][\/vc_row][vc_row gap=&#8221;5&#8243; equal_height=&#8221;yes&#8221;][vc_column width=&#8221;1\/2&#8243; css=&#8221;.vc_custom_1773226189560{background-color: #ececec !important;border-radius: 2px !important;}&#8221;][vc_column_text css=&#8221;.vc_custom_1773228399360{padding-top: 25px !important;padding-right: 20px !important;padding-bottom: 5px !important;padding-left: 20px !important;}&#8221;]<span style=\"color: #003366;\"><strong>prof. dr hab.\u00a0El\u017cbieta\u00a0Zipper<\/strong><\/span><\/p>\n<p><span style=\"color: #003366;\"><strong>Instytut Fizyki:<\/strong><\/span> Zak\u0142ad Fizyki Teoretycznej[\/vc_column_text][\/vc_column][vc_column width=&#8221;1\/2&#8243; css=&#8221;.vc_custom_1773226285522{background-color: #ececec !important;border-radius: 2px !important;}&#8221;][vc_column_text css=&#8221;.vc_custom_1773228439031{padding-top: 25px !important;padding-right: 20px !important;padding-bottom: 5px !important;padding-left: 20px !important;}&#8221;]<span style=\"color: #003366;\"><strong>prof. dr hab. Wiktor Zipper<\/strong><\/span><\/p>\n<p><span style=\"color: #003366;\"><strong>Instytut Fizyki:<\/strong> <\/span>Zak\u0142ad Fizyki J\u0105drowej i Jej Zastosowa\u0144<br \/>\n<span style=\"color: #003366;\"><strong>e-mail:<\/strong>\u00a0<\/span><a href=\"mailto:wiktor.zipper@us.edu.pl\">wiktor.zipper@us.edu.pl<\/a>[\/vc_column_text][\/vc_column][\/vc_row][vc_row gap=&#8221;5&#8243; equal_height=&#8221;yes&#8221;][vc_column width=&#8221;1\/2&#8243; css=&#8221;.vc_custom_1773226189560{background-color: #ececec !important;border-radius: 2px !important;}&#8221;][vc_column_text css=&#8221;.vc_custom_1773228476736{padding-top: 25px !important;padding-right: 20px !important;padding-bottom: 5px !important;padding-left: 20px !important;}&#8221;]<span style=\"color: #003366;\"><strong>prof. dr hab. Wies\u0142awa Zarek<\/strong><\/span><\/p>\n<p><span style=\"color: #003366;\"><strong>Instytut Fizyki:<\/strong><\/span> Zak\u0142ad Fizyki Cia\u0142a Sta\u0142ego[\/vc_column_text][\/vc_column][vc_column width=&#8221;1\/2&#8243; css=&#8221;.vc_custom_1773226285522{background-color: #ececec !important;border-radius: 2px !important;}&#8221;][vc_column_text css=&#8221;.vc_custom_1773228503063{padding-top: 25px !important;padding-right: 20px !important;padding-bottom: 5px !important;padding-left: 20px !important;}&#8221;]<span style=\"color: #003366;\"><strong>prof. dr hab. Marek Zra\u0142ek<\/strong><\/span><\/p>\n<p><strong>Instytut Fizyki:<\/strong> Zak\u0142ad Teorii Pola Cz\u0105stek Elementarnych[\/vc_column_text][\/vc_column][\/vc_row]<\/p>","protected":false},"excerpt":{"rendered":"<p>[vc_row][vc_column][\/vc_column][\/vc_row][vc_row gap=&#8221;5&#8243; equal_height=&#8221;yes&#8221;][vc_column width=&#8221;1\/2&#8243; css=&#8221;.vc_custom_1773226189560{background-color: #ececec !important;border-radius: 2px !important;}&#8221;][vc_column_text css=&#8221;.vc_custom_1773226433481{padding-top: 25px !important;padding-right: 20px !important;padding-bottom: 5px !important;padding-left: 20px !important;}&#8221;]prof. dr hab.\u00a0W\u0142adys\u0142aw Borgie\u0142 Instytut Fizyki: Zak\u0142ad Fizyki Teoretycznej[\/vc_column_text][\/vc_column][vc_column width=&#8221;1\/2&#8243; css=&#8221;.vc_custom_1773226285522{background-color: #ececec !important;border-radius: 2px !important;}&#8221;][vc_column_text css=&#8221;.vc_custom_1773226463528{padding-top: 25px !important;padding-right: 20px !important;padding-bottom: 5px !important;padding-left: 20px !important;}&#8221;]prof. dr hab. Zofia Drzazga Instytut Fizyki: Zak\u0142ad Fizyki Medycznej[\/vc_column_text][\/vc_column][\/vc_row][vc_row gap=&#8221;5&#8243; equal_height=&#8221;yes&#8221;][vc_column width=&#8221;1\/2&#8243; css=&#8221;.vc_custom_1773226189560{background-color: #ececec [&#8230;]<\/p>\n<p><a class=\"btn btn-secondary understrap-read-more-link\" href=\"https:\/\/us.edu.pl\/instytut\/ifiz\/strona-glowna-ifiz\/professores_emeriti\/\">Read More&#8230;<\/a><\/p>\n","protected":false},"author":104,"featured_media":0,"parent":4,"menu_order":60,"comment_status":"closed","ping_status":"closed","template":"page-templates\/inner-page.php","meta":{"_expiration-date-status":"","_expiration-date":0,"_expiration-date-type":"","_expiration-date-categories":[],"_expiration-date-options":[]},"acf":[],"_links":{"self":[{"href":"https:\/\/us.edu.pl\/instytut\/ifiz\/wp-json\/wp\/v2\/pages\/330"}],"collection":[{"href":"https:\/\/us.edu.pl\/instytut\/ifiz\/wp-json\/wp\/v2\/pages"}],"about":[{"href":"https:\/\/us.edu.pl\/instytut\/ifiz\/wp-json\/wp\/v2\/types\/page"}],"author":[{"embeddable":true,"href":"https:\/\/us.edu.pl\/instytut\/ifiz\/wp-json\/wp\/v2\/users\/104"}],"replies":[{"embeddable":true,"href":"https:\/\/us.edu.pl\/instytut\/ifiz\/wp-json\/wp\/v2\/comments?post=330"}],"version-history":[{"count":0,"href":"https:\/\/us.edu.pl\/instytut\/ifiz\/wp-json\/wp\/v2\/pages\/330\/revisions"}],"up":[{"embeddable":true,"href":"https:\/\/us.edu.pl\/instytut\/ifiz\/wp-json\/wp\/v2\/pages\/4"}],"wp:attachment":[{"href":"https:\/\/us.edu.pl\/instytut\/ifiz\/wp-json\/wp\/v2\/media?parent=330"}],"curies":[{"name":"wp","href":"https:\/\/api.w.org\/{rel}","templated":true}]}}