{"id":3572,"date":"2021-12-07T12:04:54","date_gmt":"2021-12-07T11:04:54","guid":{"rendered":"https:\/\/us.edu.pl\/instytut\/ifiz\/?page_id=3572"},"modified":"2022-01-04T14:44:33","modified_gmt":"2022-01-04T13:44:33","slug":"wystawa-plakatow","status":"publish","type":"page","link":"https:\/\/us.edu.pl\/instytut\/ifiz\/wystawa-plakatow\/","title":{"rendered":"Wystawa plakat\u00f3w"},"content":{"rendered":"<p>[vc_row el_class=&#8221;container&#8221;][vc_column][vc_row_inner][vc_column_inner width=&#8221;1\/4&#8243;][vc_single_image image=&#8221;3573&#8243; img_size=&#8221;large&#8221; alignment=&#8221;center&#8221; style=&#8221;vc_box_circle_2&#8243; onclick=&#8221;link_image&#8221;]\r\n                <div class=\"text-modules\">\r\n                    <div class=\"container\">\r\n                        \r\n                        <div class=\"text-modules__content\"><\/p>\n<p style=\"text-align: center;\">dr hab. Tomasz Kipka, prof. U\u015a<\/p>\n<p>\n<\/div>\r\n                    <\/div>\r\n                <\/div>[vc_empty_space][vc_single_image image=&#8221;3580&#8243; img_size=&#8221;large&#8221; add_caption=&#8221;yes&#8221; style=&#8221;vc_box_rounded&#8221;][\/vc_column_inner][vc_column_inner width=&#8221;3\/4&#8243;]\r\n                <div class=\"text-modules\">\r\n                    <div class=\"container\">\r\n                        <h3 class=\"page-title text__title\">Wystawa plakat\u00f3w<\/h3>\r\n                        <div class=\"text-modules__content\"><p><strong>Od autora<\/strong><\/p>\n<p><em>4 grudnia min\u0105\u0142 rok od \u015bmierci Profesora Andrzeja Norasa. To za Jego spraw\u0105 i spraw\u0105 Profesora Krystiana Roledera przez 11 lat w Uniwersytecie \u015al\u0105skim odbywa\u0142y si\u0119 interdyscyplinarne seminaria \u201eProblem granic w filozofii i nauce\u201d. Na 22 edycje seminarium organizowanego przez Instytuty Filozofii i Fizyki z\u0142o\u017cy\u0142o si\u0119 116 wyk\u0142ad\u00f3w znanych i wybitnych naukowc\u00f3w i artyst\u00f3w, przedstawicieli wielu dyscyplin z ca\u0142ej Polski. Mia\u0142em zaszczyt projektowa\u0107 plakaty dla tego wydarzenia \u2013 od 9 grudnia b\u0119dzie mo\u017cna ogl\u0105da\u0107 je w chorzowskim Instytucie Fizyki im. Augusta Che\u0142kowskiego Uniwersytetu \u015al\u0105skiego. Wystaw\u0119 dedykuj\u0119 pami\u0119ci Andrzeja Norasa. Serdecznie zapraszam. Dzi\u0119kuj\u0119 dyrektorowi Instytutu Fizyki Profesorowi Sebastianowi Pawlusowi za zaproszenie. \u00a0<\/em><\/p>\n<\/div>\r\n                    <\/div>\r\n                <\/div>[vc_separator color=&#8221;blue&#8221;]\r\n                <div class=\"text-modules\">\r\n                    <div class=\"container\">\r\n                        <h3 class=\"page-title text__title\">Biogram<\/h3>\r\n                        <div class=\"text-modules__content\"><p><strong>dr hab. Tomasz Kipka, prof. U\u015a <\/strong>(1976) zajmuje si\u0119 komunikacj\u0105 i identyfikacj\u0105 wizualn\u0105. Profesor Uniwersytetu \u015al\u0105skiego. Pe\u0142nomocnik Rektora ds. Identyfikacji Wizualnej. Pracownik naukowo-dydaktyczny, jako nauczyciel akademicki zwi\u0105zany z Instytutem Sztuk Plastycznych cieszy\u0144skiego Wydzia\u0142u Sztuki i Nauk o Edukacji Uniwersytetu \u015al\u0105skiego. Z zami\u0142owaniem traktuje plakat i grafik\u0119 edytorsk\u0105. Swoje prace prezentowa\u0142 na wielu wystawach w Polsce i zagranic\u0105 (m.in. w: Boliwii, Chinach, Czechach, Ekwadorze, Finlandii, Francji, Niemczech, Hong Kongu, Iranie, Japonii, Korei Po\u0142udniowej, Litwie, Holandii, Rosji, S\u0142owacji, S\u0142owenii, Tajwanie, USA, Ukrainie, na W\u0119grzech). Uhonorowany nagrod\u0105 Mi\u0119dzynarodowej Rady Stowarzysze\u0144 Grafik\u00f3w Projektant\u00f3w ICOGRADA Excellence Award, laureat podw\u00f3jnego Grand Prix Mi\u0119dzynarodowego Triennale Plakatu Ekologicznego na S\u0142owacji, laureat Best Artwork Award (KSBDA, Korea Po\u0142udniowa), laureat konkursu \u201e\u015al\u0105ska Rzecz\u201d, The Fadjr International Festival of Visual Arts w Teheranie, wyr\u00f3\u017cnie\u0144 Taipei International Design Award (Tajwan), Biennale Plakatu Polskiego, Mi\u0119dzynarodowego Quadriennale Plakatu w Bardejovie na S\u0142owacji, Nagrody Senatora RP oraz nagr\u00f3d i wyr\u00f3\u017cnie\u0144 za znaki graficzne, identyfikacj\u0119 wizualn\u0105, plakaty i projektowanie ksi\u0105\u017cki. Juror w konkursach krajowych i zagranicznych, recenzent prac artystycznych i naukowych. Od 2006 roku w ramach bada\u0144 realizuje projekt cyklicznej wystawy plakatu ekologicznego \u201eEkoplakat\u201d oraz od 2009 roku<\/p>\n<\/div>\r\n                    <\/div>\r\n                <\/div>[\/vc_column_inner][\/vc_row_inner][\/vc_column][\/vc_row]<\/p>","protected":false},"excerpt":{"rendered":"<p>[vc_row el_class=&#8221;container&#8221;][vc_column][vc_row_inner][vc_column_inner width=&#8221;1\/4&#8243;][vc_single_image image=&#8221;3573&#8243; img_size=&#8221;large&#8221; alignment=&#8221;center&#8221; style=&#8221;vc_box_circle_2&#8243; onclick=&#8221;link_image&#8221;][vc_empty_space][vc_single_image image=&#8221;3580&#8243; img_size=&#8221;large&#8221; add_caption=&#8221;yes&#8221; style=&#8221;vc_box_rounded&#8221;][\/vc_column_inner][vc_column_inner width=&#8221;3\/4&#8243;][vc_separator color=&#8221;blue&#8221;][\/vc_column_inner][\/vc_row_inner][\/vc_column][\/vc_row] [&#8230;]<\/p>\n<p><a class=\"btn btn-secondary understrap-read-more-link\" href=\"https:\/\/us.edu.pl\/instytut\/ifiz\/wystawa-plakatow\/\">Read More&#8230;<\/a><\/p>\n","protected":false},"author":104,"featured_media":0,"parent":0,"menu_order":508,"comment_status":"closed","ping_status":"closed","template":"","meta":{"_expiration-date-status":"saved","_expiration-date":0,"_expiration-date-type":"","_expiration-date-categories":[],"_expiration-date-options":[]},"acf":[],"_links":{"self":[{"href":"https:\/\/us.edu.pl\/instytut\/ifiz\/wp-json\/wp\/v2\/pages\/3572"}],"collection":[{"href":"https:\/\/us.edu.pl\/instytut\/ifiz\/wp-json\/wp\/v2\/pages"}],"about":[{"href":"https:\/\/us.edu.pl\/instytut\/ifiz\/wp-json\/wp\/v2\/types\/page"}],"author":[{"embeddable":true,"href":"https:\/\/us.edu.pl\/instytut\/ifiz\/wp-json\/wp\/v2\/users\/104"}],"replies":[{"embeddable":true,"href":"https:\/\/us.edu.pl\/instytut\/ifiz\/wp-json\/wp\/v2\/comments?post=3572"}],"version-history":[{"count":0,"href":"https:\/\/us.edu.pl\/instytut\/ifiz\/wp-json\/wp\/v2\/pages\/3572\/revisions"}],"wp:attachment":[{"href":"https:\/\/us.edu.pl\/instytut\/ifiz\/wp-json\/wp\/v2\/media?parent=3572"}],"curies":[{"name":"wp","href":"https:\/\/api.w.org\/{rel}","templated":true}]}}