{"id":3592,"date":"2021-12-10T10:36:20","date_gmt":"2021-12-10T09:36:20","guid":{"rendered":"https:\/\/us.edu.pl\/instytut\/ifiz\/?page_id=3592"},"modified":"2021-12-10T11:12:41","modified_gmt":"2021-12-10T10:12:41","slug":"podsumowanie","status":"publish","type":"page","link":"https:\/\/us.edu.pl\/instytut\/ifiz\/rok-lema-2021\/podsumowanie\/","title":{"rendered":"Podsumowanie"},"content":{"rendered":"<p>[vc_row][vc_column]\r\n                <div class=\"text-modules\">\r\n                    <div class=\"container\">\r\n                        <h3 class=\"page-title text__title\">Podsumowanie<\/h3>\r\n                        <div class=\"text-modules__content\"><p>Za nami konferencja \u201eFizyka Lema: wczoraj Fiction, dzisiaj Science\u201d\u00a0 organizowana przez Instytut Fizyki Wydzia\u0142u Nauk \u015acis\u0142ych i Technicznych U\u015a oraz PTF oddzia\u0142 w Katowicach w ramach trwaj\u0105cych obchod\u00f3w upami\u0119tniaj\u0105cych setn\u0105 rocznic\u0119 urodzin Stanis\u0142awa Lema.<br \/>\nTematem wydarzenia by\u0142y aspekty, kt\u00f3rymi w swojej tw\u00f3rczo\u015bci interesowa\u0142 si\u0119 Lem: odkrywanie z\u0142o\u017cono\u015bci wszech\u015bwiata, opracowywanie nowych technologii na potrzeby spo\u0142ecze\u0144stwa czy odnalezienie swojego miejsca w \u015bwiecie . Dlatego te\u017c na powy\u017cszych zagadnieniach pochylali si\u0119 specjali\u015bci z dziedziny literaturoznawstwa, pisarze oraz fizycy.<\/p>\n<p>Program obejmowa\u0142 szereg wyk\u0142ad\u00f3w dotycz\u0105cych najnowszych bada\u0144 naukowych z fizyki i nauk pokrewnych, a ponad to: wyk\u0142ad o tw\u00f3rczo\u015bci Stanis\u0142awa Lema, wystawa plakat\u00f3w dedykowana pami\u0119ci prof. A. Norasa, wywiad z prof. Abrahamem Loebem, naukowcem z Uniwersytetu Harvarda i pisarzem popularyzatorem wiedzy. Spotkanie zako\u0144czy\u0142a dyskusja panelowa o oczekiwaniach i obawach zwi\u0105zanych z rozwojem nauki.<\/p>\n<p>Je\u015bli z r\u00f3\u017cnych wzgl\u0119d\u00f3w nie mogli\u015bcie uczestniczy\u0107 w wydarzeniu lub chcieliby\u015bcie ponownie pos\u0142ucha\u0107 wyk\u0142ad\u00f3w &#8211; zapraszamy:<\/p>\n<p>Link do transmisji wydarzenia:<br \/>\n<a href=\"https:\/\/www.youtube.com\/watch?v=1YdNuwodI3A\">https:\/\/www.youtube.com\/watch?v=1YdNuwodI3A<\/a><\/p>\n<\/div>\r\n                    <\/div>\r\n                <\/div>[\/vc_column][\/vc_row]<\/p>","protected":false},"excerpt":{"rendered":"<p>[vc_row][vc_column][\/vc_column][\/vc_row] [&#8230;]<\/p>\n<p><a class=\"btn btn-secondary understrap-read-more-link\" href=\"https:\/\/us.edu.pl\/instytut\/ifiz\/rok-lema-2021\/podsumowanie\/\">Read More&#8230;<\/a><\/p>\n","protected":false},"author":104,"featured_media":0,"parent":2988,"menu_order":500,"comment_status":"closed","ping_status":"closed","template":"page-templates\/inner-page.php","meta":{"_expiration-date-status":"saved","_expiration-date":0,"_expiration-date-type":"","_expiration-date-categories":[],"_expiration-date-options":[]},"acf":[],"_links":{"self":[{"href":"https:\/\/us.edu.pl\/instytut\/ifiz\/wp-json\/wp\/v2\/pages\/3592"}],"collection":[{"href":"https:\/\/us.edu.pl\/instytut\/ifiz\/wp-json\/wp\/v2\/pages"}],"about":[{"href":"https:\/\/us.edu.pl\/instytut\/ifiz\/wp-json\/wp\/v2\/types\/page"}],"author":[{"embeddable":true,"href":"https:\/\/us.edu.pl\/instytut\/ifiz\/wp-json\/wp\/v2\/users\/104"}],"replies":[{"embeddable":true,"href":"https:\/\/us.edu.pl\/instytut\/ifiz\/wp-json\/wp\/v2\/comments?post=3592"}],"version-history":[{"count":0,"href":"https:\/\/us.edu.pl\/instytut\/ifiz\/wp-json\/wp\/v2\/pages\/3592\/revisions"}],"up":[{"embeddable":true,"href":"https:\/\/us.edu.pl\/instytut\/ifiz\/wp-json\/wp\/v2\/pages\/2988"}],"wp:attachment":[{"href":"https:\/\/us.edu.pl\/instytut\/ifiz\/wp-json\/wp\/v2\/media?parent=3592"}],"curies":[{"name":"wp","href":"https:\/\/api.w.org\/{rel}","templated":true}]}}