{"id":3817,"date":"2022-03-08T13:31:34","date_gmt":"2022-03-08T12:31:34","guid":{"rendered":"https:\/\/us.edu.pl\/instytut\/ifiz\/?page_id=3817"},"modified":"2022-03-10T16:33:42","modified_gmt":"2022-03-10T15:33:42","slug":"pracownia-dozymetrii","status":"publish","type":"page","link":"https:\/\/us.edu.pl\/instytut\/ifiz\/nauka\/zespoly-badawcze\/poszukiwania-nowych-rozwiazan-w-interdyscyplinarnych-naukach-medycznych-przy-zastosowaniu-metod-fizyki-jadrowej\/pracownia-dozymetrii\/","title":{"rendered":"Pracownia dozymetrii"},"content":{"rendered":"<p><\/p>\n<p>[vc_row][vc_column]\r\n                <div class=\"text-modules\">\r\n                    <div class=\"container\">\r\n                        <h3 class=\"page-title text__title\">Pracownia dozymetrii<\/h3>\r\n                        <div class=\"text-modules__content\"><p><i>lokalizacja<\/i>: SMCEBI, H\/-1\/6<\/p>\n<p><i>Kierownik pracowni<\/i>: dr hab. Adam Konefa\u0142, prof. U\u015a<\/p>\n<ul style=\"text-align: justify;\">W pracowni prowadzone s\u0105 badania interdyscyplinarne obejmuj\u0105ce fizyk\u0119, ochron\u0119 radiologiczn\u0105 i medycyn\u0119 nuklearn\u0105, wykorzystuj\u0105ce metody fizyki j\u0105drowej do bada\u0144 promieniotw\u00f3rczo\u015bci wytworzonej w materia\u0142ach przeznaczonych do zastosowa\u0144 w medycynie.<\/ul>\n<p><i>Aparatura<\/i>:<\/p>\n<ul>\n<li>Detektor p\u00f3\u0142przewodnikowy HPGe przeznaczony do spektroskopii promieniowania gamma<\/li>\n<li>Uk\u0142ad detekcyjny z wbudowan\u0105 sond\u0105 scyntylacyjna i komor\u0105 helow\u0105<\/li>\n<li>Spektrometr promieniowania X wyposa\u017cony w detektor CdTe<\/li>\n<li>Uniwersalny radiometr z wbudowanym analizatorem wielokana\u0142owym<\/li>\n<li>Czytnik materia\u0142\u00f3w termoluminescencyjnych<\/li>\n<li>Radiometr Eko-C do identyfikacji ska\u017ce\u0144 promieniotw\u00f3rczych i pomiar\u00f3w mocy dawki promieniowania gamma<\/li>\n<li>Sonda do pomiaru mocy dawek promieniowania neutronowego<\/li>\n<\/ul>\n<p><i>Tematyka<\/i>:<\/p>\n<ul>\n<li style=\"text-align: justify;\">Badania promieniotw\u00f3rczo\u015bci wzbudzonej i reakcji j\u0105drowych \u2013 proces\u00f3w wt\u00f3rnych towarzysz\u0105cych emisji terapeutycznych wi\u0105zek promieniowania jonizuj\u0105cego.<\/li>\n<li style=\"text-align: justify;\">Projektowanie os\u0142on ekranuj\u0105cych promieniowanie neutronowe na implantowane urz\u0105dzenia kardiologiczne u pacjent\u00f3w poddanych leczeniu za pomoc\u0105 zewn\u0119trznych wi\u0105zek fotonowych.<\/li>\n<li style=\"text-align: justify;\">Badania mo\u017cliwo\u015bci wytworzenia nowych radionuklid\u00f3w, kt\u00f3re mog\u0105 znale\u017a\u0107 zastosowanie w \u015bwiatowej diagnostyce.<\/li>\n<\/ul>\n<p><i>Mo\u017cliwo\u015b\u0107 \u015bwiadczenia us\u0142ug w nast\u0119puj\u0105cym zakresie<\/i>:<\/p>\n<ul>\n<li>Spektroskopia gamma, analiza jako\u015bciowa i ilo\u015bciowa<\/li>\n<li>Pomiar mocy dawki promieniowania gamma<\/li>\n<li>Spektroskopia promieniowania X<\/li>\n<li>Identyfikacja p\u00f3l neutronowych<\/li>\n<\/ul>\n<div align=\"center\"><\/div>\n<p>\n<\/div>\r\n                    <\/div>\r\n                <\/div>[\/vc_column][\/vc_row]<\/p>\n<p><\/p>","protected":false},"excerpt":{"rendered":"<p>[vc_row][vc_column][\/vc_column][\/vc_row] [&#8230;]<\/p>\n<p><a class=\"btn btn-secondary understrap-read-more-link\" href=\"https:\/\/us.edu.pl\/instytut\/ifiz\/nauka\/zespoly-badawcze\/poszukiwania-nowych-rozwiazan-w-interdyscyplinarnych-naukach-medycznych-przy-zastosowaniu-metod-fizyki-jadrowej\/pracownia-dozymetrii\/\">Read More&#8230;<\/a><\/p>\n","protected":false},"author":104,"featured_media":0,"parent":1430,"menu_order":80,"comment_status":"closed","ping_status":"closed","template":"page-templates\/page-with-sidebar.php","meta":{"_expiration-date-status":"saved","_expiration-date":0,"_expiration-date-type":"","_expiration-date-categories":[],"_expiration-date-options":[]},"acf":[],"_links":{"self":[{"href":"https:\/\/us.edu.pl\/instytut\/ifiz\/wp-json\/wp\/v2\/pages\/3817"}],"collection":[{"href":"https:\/\/us.edu.pl\/instytut\/ifiz\/wp-json\/wp\/v2\/pages"}],"about":[{"href":"https:\/\/us.edu.pl\/instytut\/ifiz\/wp-json\/wp\/v2\/types\/page"}],"author":[{"embeddable":true,"href":"https:\/\/us.edu.pl\/instytut\/ifiz\/wp-json\/wp\/v2\/users\/104"}],"replies":[{"embeddable":true,"href":"https:\/\/us.edu.pl\/instytut\/ifiz\/wp-json\/wp\/v2\/comments?post=3817"}],"version-history":[{"count":0,"href":"https:\/\/us.edu.pl\/instytut\/ifiz\/wp-json\/wp\/v2\/pages\/3817\/revisions"}],"up":[{"embeddable":true,"href":"https:\/\/us.edu.pl\/instytut\/ifiz\/wp-json\/wp\/v2\/pages\/1430"}],"wp:attachment":[{"href":"https:\/\/us.edu.pl\/instytut\/ifiz\/wp-json\/wp\/v2\/media?parent=3817"}],"curies":[{"name":"wp","href":"https:\/\/api.w.org\/{rel}","templated":true}]}}