{"id":4100,"date":"2022-03-31T23:13:05","date_gmt":"2022-03-31T21:13:05","guid":{"rendered":"https:\/\/us.edu.pl\/instytut\/ifiz\/?page_id=4100"},"modified":"2022-03-31T23:20:47","modified_gmt":"2022-03-31T21:20:47","slug":"otrzymywanie-i-badania-podstawowych-wlasciwosci-ultra-cienkich-warstw-zawierajacych-izolatory-topologiczne","status":"publish","type":"page","link":"https:\/\/us.edu.pl\/instytut\/ifiz\/nauka\/zespoly-badawcze\/zespol-fizyki-fazy-skondensowanej\/otrzymywanie-i-badania-podstawowych-wlasciwosci-ultra-cienkich-warstw-zawierajacych-izolatory-topologiczne\/","title":{"rendered":"Otrzymywanie i badania podstawowych w\u0142a\u015bciwo\u015bci ultra-cienkich warstw zawieraj\u0105cych izolatory topologiczne"},"content":{"rendered":"<p><strong>Prof. dr hab. Jacek Szade<\/strong><\/p>\n<p><strong>Dr Katarzyna Balin<\/strong><\/p>\n<p>Opracowanie i rozw\u00f3j elektroniki opartej na spinie sta\u0142o si\u0119 w ostatnich latach technologicznym zapotrzebowaniem.\u00a0 W elektronice spinowej (urz\u0105dzeniach spintronicznych) opr\u00f3cz \u0142adunku elektronowego (na kt\u00f3rym oparte s\u0105 urz\u0105dzenia elektroniczne) wykorzystywany b\u0119dzie inny stopie\u0144 swobody elektron\u00f3w &#8211; spin. Oczekiwana poprawa wydajno\u015bci urz\u0105dze\u0144 spintronicznych obejmuje wi\u0119ksz\u0105 szybko\u015b\u0107 odczytu i zapisu, wi\u0119ksz\u0105 pojemno\u015b\u0107 pami\u0119ci, mniejsze rozpraszanie ciep\u0142a i mniejszy pob\u00f3r mocy w por\u00f3wnaniu z konwencjonalnymi urz\u0105dzeniami elektronicznymi.\u00a0 Jednak\u017ce, praktyczne zastosowania spintroniki wci\u0105\u017c stanowi\u0105 wyzwanie i wiele kwestii musi by\u0107 rozpoznanych i wyja\u015bnionych.<\/p>\n<p>&nbsp;<\/p>\n<p><strong>Obecne badania grupy koncentruj\u0105 si\u0119 na kryszta\u0142ach i cienkich warstwach zwi\u0105zku Bi<sub>2<\/sub>Te<sub>3<\/sub>. Badania ukierunkowane s\u0105 na rozstrzygni\u0119cie kilku kluczowych kwestii:<\/strong><\/p>\n<ul>\n<li>Wp\u0142ywu magnetycznych domieszek na struktur\u0119 elektronow\u0105 i w\u0142asno\u015bci izolatora topologicznego,<\/li>\n<li>Problemu stabilno\u015bci chemicznej wytworzonych uk\u0142ad\u00f3w, w szczeg\u00f3lno\u015bci wielowarstw IT z metalem stanowi\u0105cych z\u0142\u0105cze, i obserwacji zjawisk zachodz\u0105cych na z\u0142\u0105czu,<\/li>\n<li>Odkre\u015blenie struktury spinowej stan\u00f3w powierzchniowych i skorelowanie jej ze szczeg\u00f3\u0142ow\u0105 struktur\u0105 elektronow\u0105 z uwzgl\u0119dnieniem wk\u0142adu pochodz\u0105cego od domieszkowania metalem b\u0119d\u0105cym \u017ar\u00f3d\u0142em moment\u00f3w magnetycznych<\/li>\n<li>Ewolucji dynamiki no\u015bnik\u00f3w i fonon\u00f3w w wyniku zamkni\u0119cia kwantowego w cienkich warstwach zawieraj\u0105cych TI.<\/li>\n<\/ul>\n<p>Hodowla warstw i badania strukturalne realizowane s\u0105 w z wykorzystaniem technik badawczych (MBE, XPS, UPS, RHEED, LEED, TOF-SIMS) w Laboratorium Fizyki Powierzchni i oraz <a href=\"https:\/\/us.edu.pl\/instytut\/ifiz\/nauka\/laboratoria\/laboratorium-spektroskopii-elektronowej-l112-bio-farma\/\">Laboratorium Spektroskopii Elektronowej L112 BIO-FARMA<\/a>.<\/p>\n<p>Badania struktury elektronowej z wykorzystaniem technik UARPES na synchrotronie SOLARIS w Krakowie. \u00a0Pomiary dynamiki no\u015bnik\u00f3w realizowane z wykorzystaniem czasowo-rozdzielczych pomiar\u00f3w optycznych w\u00a0 Instytucie Moleku\u0142 i Materia\u0142\u00f3w w Le Mans oraz TR-ARPES w Laboratorium Optyki Kwantowej na Uniwersytecie Nova Gorica.<\/p>\n<p>&nbsp;<\/p>\n<p><strong>Badania realizowane w ramach projekt\u00f3w:<\/strong><\/p>\n<p>Kompleksowa fizyko-chemiczna charakteryzacja oraz badanie unikalnych zjawisk wyst\u0119puj\u0105cych na z\u0142\u0105czach izolatora topologicznego z metalem wytworzonych w postaci wielowarstwowych heterostruktur technik\u03c0\u0105 termicznego osadzania par<\/p>\n<p>07.02.2017 &#8211; 06.02.2021 NCN, OPUS<\/p>\n<p>Badania dynamiki no\u015bnik\u00f3w elektrycznych w pobli\u017cu interfejsu cienkich warstw izolatora topologicznego z warstwami metalicznymi, za pomoc\u0105 czasowo rozdzielczej spektroskopii femtosekundowej. Wraz z kompleksow\u0105 charakteryzacj\u0105 fizyczn\u0105 oraz chemiczn\u0105.<\/p>\n<p>21.02.2018 &#8211; 20.02.2020 NCN, Preludium<\/p>","protected":false},"excerpt":{"rendered":"<p>Prof. dr hab. Jacek Szade Dr Katarzyna Balin Opracowanie i rozw\u00f3j elektroniki opartej na spinie sta\u0142o si\u0119 w ostatnich latach technologicznym zapotrzebowaniem.\u00a0 W elektronice spinowej (urz\u0105dzeniach spintronicznych) opr\u00f3cz \u0142adunku elektronowego (na kt\u00f3rym oparte s\u0105 urz\u0105dzenia elektroniczne) wykorzystywany b\u0119dzie inny stopie\u0144 swobody elektron\u00f3w &#8211; spin. Oczekiwana poprawa wydajno\u015bci urz\u0105dze\u0144 spintronicznych obejmuje wi\u0119ksz\u0105 szybko\u015b\u0107 odczytu i zapisu, [&#8230;]<\/p>\n<p><a class=\"btn btn-secondary understrap-read-more-link\" href=\"https:\/\/us.edu.pl\/instytut\/ifiz\/nauka\/zespoly-badawcze\/zespol-fizyki-fazy-skondensowanej\/otrzymywanie-i-badania-podstawowych-wlasciwosci-ultra-cienkich-warstw-zawierajacych-izolatory-topologiczne\/\">Read More&#8230;<\/a><\/p>\n","protected":false},"author":2435,"featured_media":0,"parent":1422,"menu_order":0,"comment_status":"closed","ping_status":"closed","template":"page-templates\/page-with-sidebar.php","meta":{"_expiration-date-status":"saved","_expiration-date":0,"_expiration-date-type":"","_expiration-date-categories":[],"_expiration-date-options":[]},"acf":[],"_links":{"self":[{"href":"https:\/\/us.edu.pl\/instytut\/ifiz\/wp-json\/wp\/v2\/pages\/4100"}],"collection":[{"href":"https:\/\/us.edu.pl\/instytut\/ifiz\/wp-json\/wp\/v2\/pages"}],"about":[{"href":"https:\/\/us.edu.pl\/instytut\/ifiz\/wp-json\/wp\/v2\/types\/page"}],"author":[{"embeddable":true,"href":"https:\/\/us.edu.pl\/instytut\/ifiz\/wp-json\/wp\/v2\/users\/2435"}],"replies":[{"embeddable":true,"href":"https:\/\/us.edu.pl\/instytut\/ifiz\/wp-json\/wp\/v2\/comments?post=4100"}],"version-history":[{"count":0,"href":"https:\/\/us.edu.pl\/instytut\/ifiz\/wp-json\/wp\/v2\/pages\/4100\/revisions"}],"up":[{"embeddable":true,"href":"https:\/\/us.edu.pl\/instytut\/ifiz\/wp-json\/wp\/v2\/pages\/1422"}],"wp:attachment":[{"href":"https:\/\/us.edu.pl\/instytut\/ifiz\/wp-json\/wp\/v2\/media?parent=4100"}],"curies":[{"name":"wp","href":"https:\/\/api.w.org\/{rel}","templated":true}]}}