{"id":4123,"date":"2022-04-04T10:36:44","date_gmt":"2022-04-04T08:36:44","guid":{"rendered":"https:\/\/us.edu.pl\/instytut\/ifiz\/?page_id=4123"},"modified":"2026-03-06T14:41:20","modified_gmt":"2026-03-06T13:41:20","slug":"pracownia-rentgenowska","status":"publish","type":"page","link":"https:\/\/us.edu.pl\/instytut\/ifiz\/nauka\/laboratoria\/pracownia-rentgenowska\/","title":{"rendered":"Pracownia rentgenowska"},"content":{"rendered":"<p>[vc_row][vc_column]\r\n                <div class=\"text-modules\">\r\n                    <div class=\"container\">\r\n                        <h3 class=\"page-title text__title\">Laboratorium Spektroskopii Elektronowej L112 BIO-FARMA | Pracownia spektroskopii fotoelektron\u00f3w oraz Pracownia spektroskopii masowej<\/h3>\r\n                        <div class=\"text-modules__content\"><p><strong>Opiekun:<\/strong> dr Joanna Klimontko, <a href=\"mailto:joanna.klimontko@us.edu.pl\">joanna.klimontko@us.edu.pl<\/a><\/p>\n<p><strong>Lokalizacja:<\/strong> E\/0\/01<\/p>\n<p>&nbsp;<\/p>\n<h3>O NAS<\/h3>\n<p>W laboratorium prowadzone s\u0105 badania wykorzystuj\u0105ce metody dyfrakcji promieni rentgenowskich. Badane s\u0105 materia\u0142y <strong>polikrystaliczne<\/strong> dla r\u00f3\u017cnych dyscyplin: fizyki, chemii, in\u017cynierii materia\u0142owej i farmacji . Prowadzone s\u0105 tak\u017ce badania interdyscyplinarne.<\/p>\n<h3>NASZA APARATURA<\/h3>\n<p>Dyfraktometr rentgenowski firmy Siemens D5000 pracuj\u0105cy w uk\u0142adzie \u0398 &#8211; \u0398.<\/p>\n<p>Dyfraktometr jest wyposa\u017cony w przystawk\u0119 niskotemperaturow\u0105 He-TTK firmy Anton Paar (10K-300K) oraz przystawk\u0119 wysokotemperaturow\u0105 TCU 1000 Paar Physica (do 1000<sup>0<\/sup>C).<\/p>\n<h3>TEMATYKA BADAWCZA<\/h3>\n<ul>\n<li>badania strukturalne materia\u0142\u00f3w polikrystalicznych;<\/li>\n<li>identyfikacja faz;<\/li>\n<li>badania strukturalnych przej\u015b\u0107 fazowych.<\/li>\n<\/ul>\n<h3>ZAKRES BADA\u0143<\/h3>\n<ul>\n<li>badania struktury materia\u0142\u00f3w polikrystalicznych;<\/li>\n<li>analiza fazowa metod\u0105 dyfrakcji rentgenowskiej;<\/li>\n<li>temperaturowe pomiary rentgenowskiej dyfrakcji materia\u0142\u00f3w polikrystalicznych.<\/li>\n<\/ul>\n<p>\n<\/div>\r\n                    <\/div>\r\n                <\/div>[\/vc_column][\/vc_row]<\/p>","protected":false},"excerpt":{"rendered":"<p>[vc_row][vc_column][\/vc_column][\/vc_row] [&#8230;]<\/p>\n<p><a class=\"btn btn-secondary understrap-read-more-link\" href=\"https:\/\/us.edu.pl\/instytut\/ifiz\/nauka\/laboratoria\/pracownia-rentgenowska\/\">Read More&#8230;<\/a><\/p>\n","protected":false},"author":104,"featured_media":0,"parent":1177,"menu_order":250,"comment_status":"closed","ping_status":"closed","template":"","meta":{"_expiration-date-status":"","_expiration-date":0,"_expiration-date-type":"","_expiration-date-categories":[],"_expiration-date-options":[]},"acf":[],"_links":{"self":[{"href":"https:\/\/us.edu.pl\/instytut\/ifiz\/wp-json\/wp\/v2\/pages\/4123"}],"collection":[{"href":"https:\/\/us.edu.pl\/instytut\/ifiz\/wp-json\/wp\/v2\/pages"}],"about":[{"href":"https:\/\/us.edu.pl\/instytut\/ifiz\/wp-json\/wp\/v2\/types\/page"}],"author":[{"embeddable":true,"href":"https:\/\/us.edu.pl\/instytut\/ifiz\/wp-json\/wp\/v2\/users\/104"}],"replies":[{"embeddable":true,"href":"https:\/\/us.edu.pl\/instytut\/ifiz\/wp-json\/wp\/v2\/comments?post=4123"}],"version-history":[{"count":0,"href":"https:\/\/us.edu.pl\/instytut\/ifiz\/wp-json\/wp\/v2\/pages\/4123\/revisions"}],"up":[{"embeddable":true,"href":"https:\/\/us.edu.pl\/instytut\/ifiz\/wp-json\/wp\/v2\/pages\/1177"}],"wp:attachment":[{"href":"https:\/\/us.edu.pl\/instytut\/ifiz\/wp-json\/wp\/v2\/media?parent=4123"}],"curies":[{"name":"wp","href":"https:\/\/api.w.org\/{rel}","templated":true}]}}