{"id":4373,"date":"2022-11-28T16:04:18","date_gmt":"2022-11-28T15:04:18","guid":{"rendered":"https:\/\/us.edu.pl\/instytut\/ifiz\/?page_id=4373"},"modified":"2022-11-30T16:28:53","modified_gmt":"2022-11-30T15:28:53","slug":"portret-energetyczny-wszechswiata-zjawiska-o-najwyzszych-energiach-waznym-zrodlem-informacji","status":"publish","type":"page","link":"https:\/\/us.edu.pl\/instytut\/ifiz\/portret-energetyczny-wszechswiata-zjawiska-o-najwyzszych-energiach-waznym-zrodlem-informacji\/","title":{"rendered":"Portret energetyczny Wszech\u015bwiata. Zjawiska o najwy\u017cszych energiach wa\u017cnym \u017ar\u00f3d\u0142em informacji"},"content":{"rendered":"<p>[vc_row el_class=&#8221;container&#8221;][vc_column][vc_row_inner][vc_column_inner width=&#8221;1\/4&#8243;][\/vc_column_inner][vc_column_inner width=&#8221;3\/4&#8243;]\r\n                <div class=\"text-modules\">\r\n                    <div class=\"container\">\r\n                        <h3 class=\"page-title text__title\">Portret energetyczny Wszech\u015bwiata. Zjawiska o najwy\u017cszych energiach wa\u017cnym \u017ar\u00f3d\u0142em informacji<\/h3>\r\n                        <div class=\"text-modules__content\"><p>Zjawiska fizyczne wyst\u0119puj\u0105ce we Wszech\u015bwiecie s\u0105 bardzo zr\u00f3\u017cnicowane pod wzgl\u0119dem energetycznym. W czasie wyk\u0142adu przedstawione zostan\u0105 te, kt\u00f3re\u00a0 charakteryzuj\u0105\u00a0 si\u0119 najwi\u0119kszymi energiami.\u00a0 Nale\u017c\u0105 do nich mi\u0119dzy innymi zjawiska zachodz\u0105ce podczas niezwykle spektakularnych ko\u0144cowych moment\u00f3w \u017cycia gwiazd, ze szczeg\u00f3lnym uwzgl\u0119dnieniem etapu supernowej. Om\u00f3wione b\u0119d\u0105\u00a0 tak\u017ce wybrane typy osobliwych galaktyk, kt\u00f3re charakteryzuj\u0105 si\u0119\u00a0 bardzo du\u017c\u0105 energi\u0105 emitowan\u0105 z ich obszar\u00f3w centralnych.<\/p>\n<p>Zachodz\u0105ce wysokoenergetyczne zjawiska w odniesieniu do obserwowanych, konkretnych obiekt\u00f3w, s\u0105 wa\u017cne z wielu wzgl\u0119d\u00f3w mi\u0119dzy innymi dlatego, \u017ce umo\u017cliwiaj\u0105 badanie proces\u00f3w fizycznych zachodz\u0105cych w ekstremalnych warunkach.<\/p>\n<p>Eksploduj\u0105ca supernowa mo\u017ce przy\u0107mi\u0107 ca\u0142\u0105 galaktyk\u0119. Czarne dziury poch\u0142aniaj\u0105 materi\u0119 i wytwarzaj\u0105 wystarczaj\u0105c\u0105 ilo\u015b\u0107 promieniowania, aby mo\u017cna je by\u0142o zobaczy\u0107 w znacznej cz\u0119\u015bci Wszech\u015bwiata. Istotne jest wi\u0119c r\u00f3wnie\u017c to, \u017ce ze wzgl\u0119du na ich bardzo du\u017c\u0105 jasno\u015b\u0107 w\u00a0 wielu przypadkach mo\u017cemy obserwowa\u0107 obiekty, kt\u00f3re powsta\u0142y gdy Wszech\u015bwiat by\u0142 bardzo m\u0142ody.<\/p>\n<\/div>\r\n                    <\/div>\r\n                <\/div>[vc_separator color=&#8221;blue&#8221;]\r\n                <div class=\"text-modules\">\r\n                    <div class=\"container\">\r\n                        <h3 class=\"page-title text__title\">Biogram<\/h3>\r\n                        <div class=\"text-modules__content\"><p>Zainteresowania dr hab. Ilony Bednarek, prof. U\u015a zwi\u0105zane s\u0105 z astrofizyk\u0105, szczeg\u00f3lnie z zagadnieniami dotycz\u0105cymi w\u0142asno\u015bci g\u0119stej materii j\u0105drowej oraz z modelowaniem ewolucji gwiazd neutronowych.<\/p>\n<\/div>\r\n                    <\/div>\r\n                <\/div>[\/vc_column_inner][\/vc_row_inner][\/vc_column][\/vc_row]<\/p>","protected":false},"excerpt":{"rendered":"<p>[vc_row el_class=&#8221;container&#8221;][vc_column][vc_row_inner][vc_column_inner width=&#8221;1\/4&#8243;][\/vc_column_inner][vc_column_inner width=&#8221;3\/4&#8243;][vc_separator color=&#8221;blue&#8221;][\/vc_column_inner][\/vc_row_inner][\/vc_column][\/vc_row] [&#8230;]<\/p>\n<p><a class=\"btn btn-secondary understrap-read-more-link\" href=\"https:\/\/us.edu.pl\/instytut\/ifiz\/portret-energetyczny-wszechswiata-zjawiska-o-najwyzszych-energiach-waznym-zrodlem-informacji\/\">Read More&#8230;<\/a><\/p>\n","protected":false},"author":104,"featured_media":0,"parent":0,"menu_order":521,"comment_status":"closed","ping_status":"closed","template":"","meta":{"_expiration-date-status":"","_expiration-date":0,"_expiration-date-type":"","_expiration-date-categories":[],"_expiration-date-options":[]},"acf":[],"_links":{"self":[{"href":"https:\/\/us.edu.pl\/instytut\/ifiz\/wp-json\/wp\/v2\/pages\/4373"}],"collection":[{"href":"https:\/\/us.edu.pl\/instytut\/ifiz\/wp-json\/wp\/v2\/pages"}],"about":[{"href":"https:\/\/us.edu.pl\/instytut\/ifiz\/wp-json\/wp\/v2\/types\/page"}],"author":[{"embeddable":true,"href":"https:\/\/us.edu.pl\/instytut\/ifiz\/wp-json\/wp\/v2\/users\/104"}],"replies":[{"embeddable":true,"href":"https:\/\/us.edu.pl\/instytut\/ifiz\/wp-json\/wp\/v2\/comments?post=4373"}],"version-history":[{"count":0,"href":"https:\/\/us.edu.pl\/instytut\/ifiz\/wp-json\/wp\/v2\/pages\/4373\/revisions"}],"wp:attachment":[{"href":"https:\/\/us.edu.pl\/instytut\/ifiz\/wp-json\/wp\/v2\/media?parent=4373"}],"curies":[{"name":"wp","href":"https:\/\/api.w.org\/{rel}","templated":true}]}}