{"id":4375,"date":"2022-11-28T16:13:32","date_gmt":"2022-11-28T15:13:32","guid":{"rendered":"https:\/\/us.edu.pl\/instytut\/ifiz\/?page_id=4375"},"modified":"2022-11-28T17:42:53","modified_gmt":"2022-11-28T16:42:53","slug":"przemiany-energii-od-kryzysu-energetycznego-do-zrodel","status":"publish","type":"page","link":"https:\/\/us.edu.pl\/instytut\/ifiz\/przemiany-energii-od-kryzysu-energetycznego-do-zrodel\/","title":{"rendered":"Przemiany energii, od kryzysu energetycznego do \u017ar\u00f3de\u0142"},"content":{"rendered":"<p>[vc_row el_class=&#8221;container&#8221;][vc_column][vc_row_inner][vc_column_inner width=&#8221;1\/4&#8243;][vc_single_image image=&#8221;4369&#8243; img_size=&#8221;large&#8221; alignment=&#8221;center&#8221; style=&#8221;vc_box_circle_2&#8243; onclick=&#8221;link_image&#8221;]\r\n                <div class=\"text-modules\">\r\n                    <div class=\"container\">\r\n                        \r\n                        <div class=\"text-modules__content\"><\/p>\n<p style=\"text-align: center;\">prof. dr hab. Karol Ko\u0142odziej<\/p>\n<p>\n<\/div>\r\n                    <\/div>\r\n                <\/div>[\/vc_column_inner][vc_column_inner width=&#8221;3\/4&#8243;]\r\n                <div class=\"text-modules\">\r\n                    <div class=\"container\">\r\n                        <h3 class=\"page-title text__title\">Przemiany energii, od kryzysu energetycznego do \u017ar\u00f3de\u0142<\/h3>\r\n                        <div class=\"text-modules__content\"><\/p>\n<p class=\"Standard\">Spowodowany otwart\u0105 inwazj\u0105 Rosji na Ukrain\u0119 kryzys energetyczny wynika z niedoboru w\u0119glowodor\u00f3w kopalnych: w\u0119gla, ropy naftowej i gazu ziemnego. Zwi\u0119kszenie wykorzystania odnawialnych \u017ar\u00f3de\u0142 energii, takich jak energia wiatrowa, s\u0142oneczna czy wodna, nie do ko\u0144ca spe\u0142nia wszystkie nasze oczekiwania. Postaram si\u0119 przekona\u0107 s\u0142uchaczy, \u017ce w obecnej sytuacji bardzo dobrym rozwi\u0105zaniem jest wykorzystanie energii j\u0105drowej, bazuj\u0105ce na rozszczepieniu ci\u0119\u017ckich j\u0105der atomowych. To rozwi\u0105zanie te\u017c jednak wi\u0105\u017ce si\u0119 z problemami, z kt\u00f3rych najwa\u017cniejszym jest sk\u0142adowanie odpad\u00f3w promieniotw\u00f3rczych. Najlepszym rozwi\u0105zaniem problem\u00f3w energetycznych ludzko\u015bci by\u0142oby wykorzystanie reakcji fuzji termoj\u0105drowej, ale droga do celu, jakim by\u0142oby jej pe\u0142ne kontrolowanie w warunkach ziemskich, jest jeszcze bardzo daleka. Na koniec opowiem te\u017c o \u017ar\u00f3d\u0142ach ci\u0119\u017ckich pierwiastk\u00f3w i wodoru we Wszech\u015bwiecie.<\/p>\n<p>\n<\/div>\r\n                    <\/div>\r\n                <\/div>[vc_separator color=&#8221;blue&#8221;]\r\n                <div class=\"text-modules\">\r\n                    <div class=\"container\">\r\n                        <h3 class=\"page-title text__title\">Biogram<\/h3>\r\n                        <div class=\"text-modules__content\"><p>Prof. dr hab. Karol Ko\u0142odziej, fizyk teoretyk. Domena zainteresowa\u0144 naukowych \u2013 teoria cz\u0105stek elementarnych, a w szczeg\u00f3lno\u015bci fenomenologia modelu standardowego oddzia\u0142ywa\u0144 elektros\u0142abych i silnych oraz jego rozszerze\u0144 i automatyzacja oblicze\u0144 w ramach tego modelu. Studia fizyki w latach 1978\u20131983, doktorat 1989 r., habilitacja 1995 r.,\u00a0 tytu\u0142 profesora 2005 r. Zatrudniony w Instytucie Fizyki U\u015a od 1983 r. Badania naukowe za granic\u0105 \u2013 \u0142\u0105cznie ponad 6 lat \u2013\u00a0 na Uniwersytetach w Leiden w Holandii, w Bielefeld, Monachium i W\u00fcrzburgu w Niemczech, w Madison w USA i w laboratorium DESY Zeuthen w Niemczech. Dziekan Wydzia\u0142u Matematyki, Fizyki i Chemii Uniwersytetu \u015al\u0105skiego (2016\u20132019), dyrektor Mi\u0119dzywydzia\u0142owych Indywidualnych Studi\u00f3w Matematyczno-Przyrodniczych w Uniwersytecie \u015al\u0105skim (1998\u20132014), przewodnicz\u0105cy oddzia\u0142u katowickiego Polskiego Towarzystwa Fizycznego (2003 \u20132004).<\/p>\n<\/div>\r\n                    <\/div>\r\n                <\/div>[\/vc_column_inner][\/vc_row_inner][\/vc_column][\/vc_row]<\/p>","protected":false},"excerpt":{"rendered":"<p>[vc_row el_class=&#8221;container&#8221;][vc_column][vc_row_inner][vc_column_inner width=&#8221;1\/4&#8243;][vc_single_image image=&#8221;4369&#8243; img_size=&#8221;large&#8221; alignment=&#8221;center&#8221; style=&#8221;vc_box_circle_2&#8243; onclick=&#8221;link_image&#8221;][\/vc_column_inner][vc_column_inner width=&#8221;3\/4&#8243;][vc_separator color=&#8221;blue&#8221;][\/vc_column_inner][\/vc_row_inner][\/vc_column][\/vc_row] [&#8230;]<\/p>\n<p><a class=\"btn btn-secondary understrap-read-more-link\" href=\"https:\/\/us.edu.pl\/instytut\/ifiz\/przemiany-energii-od-kryzysu-energetycznego-do-zrodel\/\">Read More&#8230;<\/a><\/p>\n","protected":false},"author":104,"featured_media":0,"parent":0,"menu_order":522,"comment_status":"closed","ping_status":"closed","template":"","meta":{"_expiration-date-status":"","_expiration-date":0,"_expiration-date-type":"","_expiration-date-categories":[],"_expiration-date-options":[]},"acf":[],"_links":{"self":[{"href":"https:\/\/us.edu.pl\/instytut\/ifiz\/wp-json\/wp\/v2\/pages\/4375"}],"collection":[{"href":"https:\/\/us.edu.pl\/instytut\/ifiz\/wp-json\/wp\/v2\/pages"}],"about":[{"href":"https:\/\/us.edu.pl\/instytut\/ifiz\/wp-json\/wp\/v2\/types\/page"}],"author":[{"embeddable":true,"href":"https:\/\/us.edu.pl\/instytut\/ifiz\/wp-json\/wp\/v2\/users\/104"}],"replies":[{"embeddable":true,"href":"https:\/\/us.edu.pl\/instytut\/ifiz\/wp-json\/wp\/v2\/comments?post=4375"}],"version-history":[{"count":0,"href":"https:\/\/us.edu.pl\/instytut\/ifiz\/wp-json\/wp\/v2\/pages\/4375\/revisions"}],"wp:attachment":[{"href":"https:\/\/us.edu.pl\/instytut\/ifiz\/wp-json\/wp\/v2\/media?parent=4375"}],"curies":[{"name":"wp","href":"https:\/\/api.w.org\/{rel}","templated":true}]}}