{"id":4381,"date":"2022-11-28T16:23:33","date_gmt":"2022-11-28T15:23:33","guid":{"rendered":"https:\/\/us.edu.pl\/instytut\/ifiz\/?page_id=4381"},"modified":"2022-11-28T17:43:09","modified_gmt":"2022-11-28T16:43:09","slug":"zastosowanie-materialow-amorficznych-w-wodorowych-ogniwach-paliwowych","status":"publish","type":"page","link":"https:\/\/us.edu.pl\/instytut\/ifiz\/zastosowanie-materialow-amorficznych-w-wodorowych-ogniwach-paliwowych\/","title":{"rendered":"Zastosowanie materia\u0142\u00f3w amorficznych w wodorowych ogniwach paliwowych"},"content":{"rendered":"<p>[vc_row el_class=&#8221;container&#8221;][vc_column][vc_row_inner][vc_column_inner width=&#8221;1\/4&#8243;][\/vc_column_inner][vc_column_inner width=&#8221;3\/4&#8243;]\r\n                <div class=\"text-modules\">\r\n                    <div class=\"container\">\r\n                        <h3 class=\"page-title text__title\">Zastosowanie materia\u0142\u00f3w amorficznych w wodorowych ogniwach paliwowych<\/h3>\r\n                        <div class=\"text-modules__content\"><p>Generowanie i magazynowanie energii elektrycznej stanowi\u0105 jedno z wi\u0119kszych wyzwa\u0144\u202fwe wsp\u00f3\u0142czesnej energetyce. Ogniwa paliwowe wytwarzaj\u0105ce energi\u0119 elektryczn\u0105 w reakcji utleniania paliwa dostarczanego z zewn\u0105trz (np. wodoru), zyskuj\u0105 na popularno\u015bci i s\u0105 intensywnie rozwijane. Jako \u017ar\u00f3d\u0142a energii elektrycznej i ciep\u0142a mog\u0105 zast\u0105pi\u0107 ka\u017cde urz\u0105dzenie, kt\u00f3re jest wykorzystywane do produkcji pr\u0105du elektrycznego i ciep\u0142ej wody na cele grzewcze. Rozw\u00f3j obecnych technologii ogniw paliwowych jest nieodzowny, aby sta\u0142y si\u0119 one og\u00f3lnie dost\u0119pne. Jest to zadanie dla przedsi\u0119biorstw ale tak\u017ce jednostek badawczych. Badania nad nowoczesnymi elektrolitami ogniw paliwowych tj. amorficznymi polimerami przewodz\u0105cymi protonowo, prowadzone s\u0105 r\u00f3wnie\u017c na Uniwersytecie \u015al\u0105skim. W trakcie wyk\u0142adu om\u00f3wiona zostanie zasada dzia\u0142ania ogniw paliwowych, ich klasyfikacja oraz zastosowanie w przemy\u015ble, a tak\u017ce potencja\u0142 materia\u0142\u00f3w amorficznych (nieuporz\u0105dkowanych) jako nowoczesnych elektrolit\u00f3w.<\/p>\n<\/div>\r\n                    <\/div>\r\n                <\/div>[\/vc_column_inner][\/vc_row_inner][\/vc_column][\/vc_row]<\/p>","protected":false},"excerpt":{"rendered":"<p>[vc_row el_class=&#8221;container&#8221;][vc_column][vc_row_inner][vc_column_inner width=&#8221;1\/4&#8243;][\/vc_column_inner][vc_column_inner width=&#8221;3\/4&#8243;][\/vc_column_inner][\/vc_row_inner][\/vc_column][\/vc_row] [&#8230;]<\/p>\n<p><a class=\"btn btn-secondary understrap-read-more-link\" href=\"https:\/\/us.edu.pl\/instytut\/ifiz\/zastosowanie-materialow-amorficznych-w-wodorowych-ogniwach-paliwowych\/\">Read More&#8230;<\/a><\/p>\n","protected":false},"author":104,"featured_media":0,"parent":0,"menu_order":523,"comment_status":"closed","ping_status":"closed","template":"","meta":{"_expiration-date-status":"","_expiration-date":0,"_expiration-date-type":"","_expiration-date-categories":[],"_expiration-date-options":[]},"acf":[],"_links":{"self":[{"href":"https:\/\/us.edu.pl\/instytut\/ifiz\/wp-json\/wp\/v2\/pages\/4381"}],"collection":[{"href":"https:\/\/us.edu.pl\/instytut\/ifiz\/wp-json\/wp\/v2\/pages"}],"about":[{"href":"https:\/\/us.edu.pl\/instytut\/ifiz\/wp-json\/wp\/v2\/types\/page"}],"author":[{"embeddable":true,"href":"https:\/\/us.edu.pl\/instytut\/ifiz\/wp-json\/wp\/v2\/users\/104"}],"replies":[{"embeddable":true,"href":"https:\/\/us.edu.pl\/instytut\/ifiz\/wp-json\/wp\/v2\/comments?post=4381"}],"version-history":[{"count":0,"href":"https:\/\/us.edu.pl\/instytut\/ifiz\/wp-json\/wp\/v2\/pages\/4381\/revisions"}],"wp:attachment":[{"href":"https:\/\/us.edu.pl\/instytut\/ifiz\/wp-json\/wp\/v2\/media?parent=4381"}],"curies":[{"name":"wp","href":"https:\/\/api.w.org\/{rel}","templated":true}]}}