{"id":4388,"date":"2022-11-28T16:33:08","date_gmt":"2022-11-28T15:33:08","guid":{"rendered":"https:\/\/us.edu.pl\/instytut\/ifiz\/?page_id=4388"},"modified":"2022-11-28T17:44:11","modified_gmt":"2022-11-28T16:44:11","slug":"elektrownie-jadrowe-jak-dzialaja","status":"publish","type":"page","link":"https:\/\/us.edu.pl\/instytut\/ifiz\/elektrownie-jadrowe-jak-dzialaja\/","title":{"rendered":"Elektrownie j\u0105drowe \u2013 jak dzia\u0142aj\u0105?"},"content":{"rendered":"<p>[vc_row el_class=&#8221;container&#8221;][vc_column][vc_row_inner][vc_column_inner width=&#8221;1\/4&#8243;][vc_single_image image=&#8221;4370&#8243; img_size=&#8221;large&#8221; alignment=&#8221;center&#8221; style=&#8221;vc_box_circle_2&#8243; onclick=&#8221;link_image&#8221;]\r\n                <div class=\"text-modules\">\r\n                    <div class=\"container\">\r\n                        \r\n                        <div class=\"text-modules__content\"><\/p>\n<p style=\"text-align: center;\">dr hab. Arkadiusz Bubak, prof. U\u015a<\/p>\n<p>\n<\/div>\r\n                    <\/div>\r\n                <\/div>[\/vc_column_inner][vc_column_inner width=&#8221;3\/4&#8243;]\r\n                <div class=\"text-modules\">\r\n                    <div class=\"container\">\r\n                        <h3 class=\"page-title text__title\">Elektrownie j\u0105drowe \u2013 jak dzia\u0142aj\u0105?<\/h3>\r\n                        <div class=\"text-modules__content\"><\/p>\n<p class=\"Standard\"><span class=\"TextRun SCXW228953285 BCX9\" lang=\"PL-PL\" xml:lang=\"PL-PL\" data-contrast=\"auto\"><span class=\"NormalTextRun SCXW228953285 BCX9\">Atom &#8211; najmniejsza sk\u0142adowa zwyk\u0142ej materii. Najmniejsza, a jak\u017ce pot\u0119\u017cna. Posi\u0142kuj\u0105c si\u0119 s\u0142owami Johanna Wolfganga von Goethego: \u201e<\/span><span class=\"SpellingError SCXW228953285 BCX9\">Dass<\/span><span class=\"NormalTextRun SCXW228953285 BCX9\"> ich <\/span><span class=\"SpellingError SCXW228953285 BCX9\">erkenne<\/span><span class=\"NormalTextRun SCXW228953285 BCX9\">, was <\/span><span class=\"SpellingError SCXW228953285 BCX9\">die<\/span> <span class=\"SpellingError SCXW228953285 BCX9\">Welt<\/span><span class=\"NormalTextRun SCXW228953285 BCX9\"> \/ Im <\/span><span class=\"SpellingError SCXW228953285 BCX9\">Innersten<\/span> <span class=\"SpellingError SCXW228953285 BCX9\">zusammenh\u00e4lt<\/span><span class=\"NormalTextRun SCXW228953285 BCX9\">&#8221; w wolnym t\u0142umaczeniu: \u201eBym wreszcie pozna\u0142, czym jest ta pot\u0119ga, co wewn\u0119trzne si\u0142y \u015bwiata w jedno sprz\u0119ga&#8221;. Ludzko\u015b\u0107 krok po kroku poznaje te si\u0142y, staraj\u0105c si\u0119 je zrozumie\u0107, opisa\u0107 i wykorzysta\u0107. Czas niedokonany zosta\u0142 u\u017cyty z pe\u0142na premedytacja gdy\u017c mimo ogromu poznania materia ci\u0105gle skrywa przed nami tajemnice. Niemal\u017ce ka\u017cdego dnia dowiadujemy si\u0119 o niej czego\u015b nowego. Na wyk\u0142adzie tym nie b\u0119dzie jednak o odkrywaniu nieznanego, ale o zastosowaniu ku dobru ludzko\u015bci (aczkolwiek nie zawsze) tego co ju\u017c znane, a mianowicie si\u0142y drzemi\u0105cej w j\u0105drze atomowym i wykorzystaniu jej w elektrowni j\u0105drowej. <\/span><\/span><span class=\"TextRun SCXW228953285 BCX9\" lang=\"EN-GB\" xml:lang=\"EN-GB\" data-contrast=\"auto\"><span class=\"SpellingError SCXW228953285 BCX9\">Czyli<\/span><span class=\"NormalTextRun SCXW228953285 BCX9\"> w <\/span><span class=\"SpellingError SCXW228953285 BCX9\">skr\u00f3cie<\/span><span class=\"NormalTextRun SCXW228953285 BCX9\">: <\/span><span class=\"SpellingError SCXW228953285 BCX9\">Poznamy<\/span> <span class=\"SpellingError SCXW228953285 BCX9\">zasad\u0119<\/span> <span class=\"SpellingError SCXW228953285 BCX9\">dzia\u0142ania<\/span> <span class=\"SpellingError SCXW228953285 BCX9\">reaktora<\/span> <span class=\"SpellingError SCXW228953285 BCX9\">j\u0105drowego<\/span><span class=\"NormalTextRun SCXW228953285 BCX9\">.<\/span><\/span><\/p>\n<p>\n<\/div>\r\n                    <\/div>\r\n                <\/div>[\/vc_column_inner][\/vc_row_inner][\/vc_column][\/vc_row]<\/p>","protected":false},"excerpt":{"rendered":"<p>[vc_row el_class=&#8221;container&#8221;][vc_column][vc_row_inner][vc_column_inner width=&#8221;1\/4&#8243;][vc_single_image image=&#8221;4370&#8243; img_size=&#8221;large&#8221; alignment=&#8221;center&#8221; style=&#8221;vc_box_circle_2&#8243; onclick=&#8221;link_image&#8221;][\/vc_column_inner][vc_column_inner width=&#8221;3\/4&#8243;][\/vc_column_inner][\/vc_row_inner][\/vc_column][\/vc_row] [&#8230;]<\/p>\n<p><a class=\"btn btn-secondary understrap-read-more-link\" href=\"https:\/\/us.edu.pl\/instytut\/ifiz\/elektrownie-jadrowe-jak-dzialaja\/\">Read More&#8230;<\/a><\/p>\n","protected":false},"author":104,"featured_media":0,"parent":0,"menu_order":525,"comment_status":"closed","ping_status":"closed","template":"","meta":{"_expiration-date-status":"","_expiration-date":0,"_expiration-date-type":"","_expiration-date-categories":[],"_expiration-date-options":[]},"acf":[],"_links":{"self":[{"href":"https:\/\/us.edu.pl\/instytut\/ifiz\/wp-json\/wp\/v2\/pages\/4388"}],"collection":[{"href":"https:\/\/us.edu.pl\/instytut\/ifiz\/wp-json\/wp\/v2\/pages"}],"about":[{"href":"https:\/\/us.edu.pl\/instytut\/ifiz\/wp-json\/wp\/v2\/types\/page"}],"author":[{"embeddable":true,"href":"https:\/\/us.edu.pl\/instytut\/ifiz\/wp-json\/wp\/v2\/users\/104"}],"replies":[{"embeddable":true,"href":"https:\/\/us.edu.pl\/instytut\/ifiz\/wp-json\/wp\/v2\/comments?post=4388"}],"version-history":[{"count":0,"href":"https:\/\/us.edu.pl\/instytut\/ifiz\/wp-json\/wp\/v2\/pages\/4388\/revisions"}],"wp:attachment":[{"href":"https:\/\/us.edu.pl\/instytut\/ifiz\/wp-json\/wp\/v2\/media?parent=4388"}],"curies":[{"name":"wp","href":"https:\/\/api.w.org\/{rel}","templated":true}]}}