{"id":4412,"date":"2022-11-30T16:26:58","date_gmt":"2022-11-30T15:26:58","guid":{"rendered":"https:\/\/us.edu.pl\/instytut\/ifiz\/?page_id=4412"},"modified":"2022-11-30T16:26:58","modified_gmt":"2022-11-30T15:26:58","slug":"reaktor-wysokotemperaturowy-charakterystyka-i-zastosowanie","status":"publish","type":"page","link":"https:\/\/us.edu.pl\/instytut\/ifiz\/reaktor-wysokotemperaturowy-charakterystyka-i-zastosowanie\/","title":{"rendered":"Reaktor wysokotemperaturowy &#8211; charakterystyka i zastosowanie"},"content":{"rendered":"<p>[vc_row el_class=&#8221;container&#8221;][vc_column][vc_row_inner][vc_column_inner width=&#8221;1\/4&#8243;][\/vc_column_inner][vc_column_inner width=&#8221;3\/4&#8243;]\r\n                <div class=\"text-modules\">\r\n                    <div class=\"container\">\r\n                        <h3 class=\"page-title text__title\">Reaktor wysokotemperaturowy - charakterystyka i zastosowanie<\/h3>\r\n                        <div class=\"text-modules__content\"><\/p>\n<p class=\"Standard\"><span class=\"TextRun SCXW211348373 BCX9\" lang=\"PL-PL\" xml:lang=\"PL-PL\" data-contrast=\"auto\"><span class=\"NormalTextRun SCXW211348373 BCX9\">Reaktory j\u0105drowe, <\/span><span class=\"NormalTextRun SCXW211348373 BCX9\">w wyniku<\/span><span class=\"NormalTextRun SCXW211348373 BCX9\"> proces<\/span><\/span><span class=\"TextRun SCXW211348373 BCX9\" lang=\"PL-PL\" xml:lang=\"PL-PL\" data-contrast=\"auto\"><span class=\"NormalTextRun SCXW211348373 BCX9\">\u00f3w<\/span><\/span><span class=\"TextRun SCXW211348373 BCX9\" lang=\"PL-PL\" xml:lang=\"PL-PL\" data-contrast=\"auto\"><span class=\"NormalTextRun SCXW211348373 BCX9\"> rozszczepienia <\/span><span class=\"NormalTextRun SCXW211348373 BCX9\">j\u0105der <\/span><span class=\"NormalTextRun SCXW211348373 BCX9\">ci\u0119\u017ckich pierwiastk\u00f3w na l\u017cejsze, wytwarzaj\u0105 ciep\u0142o, kt\u00f3re mo\u017ce by\u0107 wykorzystane do r\u00f3\u017cnych cel\u00f3w. Obecnie <\/span><span class=\"NormalTextRun SCXW211348373 BCX9\">eksploatowane energetyczne <\/span><span class=\"NormalTextRun SCXW211348373 BCX9\">reaktory j\u0105drowe s\u0105 wykorzystywane <\/span><span class=\"NormalTextRun SCXW211348373 BCX9\">g\u0142\u00f3wnie <\/span><span class=\"NormalTextRun SCXW211348373 BCX9\">do produkcji pr\u0105du elektrycznego<\/span><span class=\"NormalTextRun SCXW211348373 BCX9\">. <\/span><span class=\"NormalTextRun SCXW211348373 BCX9\">Reaktor wysokotemperaturowy (z ang. <\/span><span class=\"NormalTextRun SCXW211348373 BCX9\">HTGR- High <\/span><span class=\"SpellingError SCXW211348373 BCX9\">Temperature<\/span> <span class=\"SpellingError SCXW211348373 BCX9\">Gas-cooled<\/span> <span class=\"SpellingError SCXW211348373 BCX9\">Reactor<\/span><span class=\"NormalTextRun SCXW211348373 BCX9\"> lub HTR- High <\/span><span class=\"SpellingError SCXW211348373 BCX9\">Temperature<\/span> <span class=\"SpellingError SCXW211348373 BCX9\">Reactor<\/span><span class=\"NormalTextRun SCXW211348373 BCX9\">)<\/span><span class=\"NormalTextRun SCXW211348373 BCX9\"> jest to reaktor j\u0105drowy ch\u0142odzony gazem (<\/span><span class=\"NormalTextRun SCXW211348373 BCX9\">np. <\/span><span class=\"NormalTextRun SCXW211348373 BCX9\">hel) z moderatorem grafitowym. <\/span><span class=\"NormalTextRun SCXW211348373 BCX9\">Cech\u0105 charakterystyczn\u0105 r<\/span><span class=\"NormalTextRun SCXW211348373 BCX9\">eaktor<\/span><\/span><span class=\"TextRun SCXW211348373 BCX9\" lang=\"PL-PL\" xml:lang=\"PL-PL\" data-contrast=\"auto\"><span class=\"NormalTextRun SCXW211348373 BCX9\">\u00f3w<\/span><\/span><span class=\"TextRun SCXW211348373 BCX9\" lang=\"PL-PL\" xml:lang=\"PL-PL\" data-contrast=\"auto\"><span class=\"NormalTextRun SCXW211348373 BCX9\"> wysokotemperaturo<\/span><span class=\"NormalTextRun SCXW211348373 BCX9\">wych <\/span><span class=\"NormalTextRun SCXW211348373 BCX9\">ch\u0142odzo<\/span><span class=\"NormalTextRun SCXW211348373 BCX9\">nych<\/span><span class=\"NormalTextRun SCXW211348373 BCX9\"> gazem<\/span> <span class=\"NormalTextRun SCXW211348373 BCX9\">jest mo\u017cliwo\u015b\u0107 wytworzenia ciep\u0142a<\/span><span class=\"NormalTextRun SCXW211348373 BCX9\"> w rdzeniu <\/span><span class=\"NormalTextRun SCXW211348373 BCX9\">o temperaturze <\/span><span class=\"NormalTextRun SCXW211348373 BCX9\">od ok. 750<\/span><\/span><span class=\"TextRun SCXW211348373 BCX9\" lang=\"EN-US\" xml:lang=\"EN-US\" data-contrast=\"auto\"><span class=\"NormalTextRun SCXW211348373 BCX9\">\u1d52<\/span><\/span><span class=\"TextRun SCXW211348373 BCX9\" lang=\"PL-PL\" xml:lang=\"PL-PL\" data-contrast=\"auto\"><span class=\"NormalTextRun SCXW211348373 BCX9\">C<\/span> <span class=\"NormalTextRun SCXW211348373 BCX9\">do<\/span><span class=\"NormalTextRun SCXW211348373 BCX9\"> nawet<\/span><span class=\"NormalTextRun SCXW211348373 BCX9\"> 1000<\/span><\/span><span class=\"TextRun SCXW211348373 BCX9\" lang=\"EN-US\" xml:lang=\"EN-US\" data-contrast=\"auto\"><span class=\"NormalTextRun SCXW211348373 BCX9\">\u1d52<\/span><\/span><span class=\"TextRun SCXW211348373 BCX9\" lang=\"PL-PL\" xml:lang=\"PL-PL\" data-contrast=\"auto\"><span class=\"NormalTextRun SCXW211348373 BCX9\">C. <\/span><span class=\"NormalTextRun SCXW211348373 BCX9\">Para o temperaturze <\/span><span class=\"NormalTextRun SCXW211348373 BCX9\">ok.<\/span><span class=\"NormalTextRun SCXW211348373 BCX9\"> 5<\/span><span class=\"NormalTextRun SCXW211348373 BCX9\">4<\/span><span class=\"NormalTextRun SCXW211348373 BCX9\">0\u00b0C jest standardowym no\u015bnikiem ciep\u0142a w wielu zak\u0142adach<\/span> <span class=\"NormalTextRun SCXW211348373 BCX9\">przemys\u0142owych, g\u0142\u00f3wnie chemicznych.<\/span> <span class=\"NormalTextRun SCXW211348373 BCX9\">Potrzebuj\u0105 go m.in. rafinerie, cementownie, zak\u0142ady chemiczne czy koksownie. <\/span><\/span><span class=\"TextRun SCXW211348373 BCX9\" lang=\"PL-PL\" xml:lang=\"PL-PL\" data-contrast=\"auto\"><span class=\"NormalTextRun SCXW211348373 BCX9\">\u0179r\u00f3d\u0142em pary wysokotemperaturowej<\/span><\/span><span class=\"TextRun SCXW211348373 BCX9\" lang=\"PL-PL\" xml:lang=\"PL-PL\" data-contrast=\"auto\"><span class=\"NormalTextRun SCXW211348373 BCX9\"> w tych zak\u0142adach<\/span><span class=\"NormalTextRun SCXW211348373 BCX9\"> mog\u0105 by\u0107 reaktory HTGR. <\/span><span class=\"NormalTextRun SCXW211348373 BCX9\">Dodatkowo, ciep\u0142o odpadowe, mo\u017ce znale\u017a\u0107 zastosowanie w ciep\u0142ownictwie komunalnym. <\/span><span class=\"NormalTextRun SCXW211348373 BCX9\">Dzi\u015b ciep\u0142o przemys\u0142owe otrzymywane jest g\u0142\u00f3wnie ze spalania w\u0119gla b\u0105d\u017a gazu ziemnego.<\/span><span class=\"NormalTextRun SCXW211348373 BCX9\"> Reaktory HTGR mog\u0105 stanowi\u0107 doskona\u0142e uzupe\u0142nienie wielkoskalowych elektrowni j\u0105drowych, kt\u00f3rych temperatury pracy s\u0105 znacznie ni\u017csze.<\/span><\/span><\/p>\n<p>\n<\/div>\r\n                    <\/div>\r\n                <\/div>[vc_separator color=&#8221;blue&#8221;]\r\n                <div class=\"text-modules\">\r\n                    <div class=\"container\">\r\n                        <h3 class=\"page-title text__title\">Biogram<\/h3>\r\n                        <div class=\"text-modules__content\"><p><span class=\"TextRun SCXW81151198 BCX9\" lang=\"PL-PL\" xml:lang=\"PL-PL\" data-contrast=\"auto\"><span class=\"NormalTextRun SCXW81151198 BCX9\">Agnieszka Boettcher<\/span><span class=\"NormalTextRun SCXW81151198 BCX9\">: <\/span><span class=\"NormalTextRun SCXW81151198 BCX9\">Studia magisterskie na Uniwersytecie \u015al\u0105skim w Katowicach, kierunek fizyka, specjalno\u015b\u0107 geofizyka (<\/span><span class=\"NormalTextRun SCXW81151198 BCX9\">2004-2009<\/span><span class=\"NormalTextRun SCXW81151198 BCX9\">, <\/span><span class=\"NormalTextRun SCXW81151198 BCX9\">uko\u0144czone obron\u0105 pracy magisterskiej). Studia magisterskie na Uniwersytecie \u015al\u0105skim w Sosnowcu, kierunek geologia, specjalno\u015b\u0107 geofizyka (<\/span><span class=\"NormalTextRun SCXW81151198 BCX9\">2004-2009, <\/span><span class=\"NormalTextRun SCXW81151198 BCX9\">uko\u0144czone obron\u0105 pracy). Doktorat z fizyki w 2019r,<\/span><span class=\"NormalTextRun SCXW81151198 BCX9\"> N<\/span><span class=\"NormalTextRun SCXW81151198 BCX9\">arodowe Centrum Bada\u0144 J\u0105drowych. <\/span><span class=\"NormalTextRun SCXW81151198 BCX9\">Kierownik Pracowni Oblicze\u0144 Neutronowych i Nowych Technologii w Zak\u0142adzie Energetyki J\u0105drowej i Analiz \u015arodowiska, <\/span><span class=\"NormalTextRun SCXW81151198 BCX9\">NCBJ<\/span><span class=\"NormalTextRun SCXW81151198 BCX9\"> (od <\/span><span class=\"NormalTextRun SCXW81151198 BCX9\">2016 r.), cz\u0142onek <\/span><span class=\"NormalTextRun SCXW81151198 BCX9\">Technical <\/span><span class=\"SpellingError SCXW81151198 BCX9\">Working<\/span> <span class=\"SpellingError SCXW81151198 BCX9\">Group<\/span><span class=\"NormalTextRun SCXW81151198 BCX9\"> for <\/span><span class=\"SpellingError SCXW81151198 BCX9\">Gas<\/span> <span class=\"SpellingError SCXW81151198 BCX9\">Cooled<\/span> <span class=\"SpellingError SCXW81151198 BCX9\">Reactor<\/span><span class=\"NormalTextRun SCXW81151198 BCX9\"> IAEA<\/span> <span class=\"NormalTextRun SCXW81151198 BCX9\">( od 2019r), <\/span><span class=\"NormalTextRun SCXW81151198 BCX9\">Reprezentant Komitetu Technicznego 266 Polskiego Komitetu Normalizacyjnego<\/span><span class=\"NormalTextRun SCXW81151198 BCX9\"> (od 2016r).<\/span><\/span><span class=\"EOP SCXW81151198 BCX9\" data-ccp-props=\"{&quot;201341983&quot;:0,&quot;335551550&quot;:6,&quot;335551620&quot;:6,&quot;335559739&quot;:200,&quot;335559740&quot;:276}\">\u00a0<\/span><\/p>\n<\/div>\r\n                    <\/div>\r\n                <\/div>[\/vc_column_inner][\/vc_row_inner][\/vc_column][\/vc_row]<\/p>","protected":false},"excerpt":{"rendered":"<p>[vc_row el_class=&#8221;container&#8221;][vc_column][vc_row_inner][vc_column_inner width=&#8221;1\/4&#8243;][\/vc_column_inner][vc_column_inner width=&#8221;3\/4&#8243;][vc_separator color=&#8221;blue&#8221;][\/vc_column_inner][\/vc_row_inner][\/vc_column][\/vc_row] [&#8230;]<\/p>\n<p><a class=\"btn btn-secondary understrap-read-more-link\" href=\"https:\/\/us.edu.pl\/instytut\/ifiz\/reaktor-wysokotemperaturowy-charakterystyka-i-zastosowanie\/\">Read More&#8230;<\/a><\/p>\n","protected":false},"author":104,"featured_media":0,"parent":0,"menu_order":525,"comment_status":"closed","ping_status":"closed","template":"","meta":{"_expiration-date-status":"","_expiration-date":0,"_expiration-date-type":"","_expiration-date-categories":[],"_expiration-date-options":[]},"acf":[],"_links":{"self":[{"href":"https:\/\/us.edu.pl\/instytut\/ifiz\/wp-json\/wp\/v2\/pages\/4412"}],"collection":[{"href":"https:\/\/us.edu.pl\/instytut\/ifiz\/wp-json\/wp\/v2\/pages"}],"about":[{"href":"https:\/\/us.edu.pl\/instytut\/ifiz\/wp-json\/wp\/v2\/types\/page"}],"author":[{"embeddable":true,"href":"https:\/\/us.edu.pl\/instytut\/ifiz\/wp-json\/wp\/v2\/users\/104"}],"replies":[{"embeddable":true,"href":"https:\/\/us.edu.pl\/instytut\/ifiz\/wp-json\/wp\/v2\/comments?post=4412"}],"version-history":[{"count":0,"href":"https:\/\/us.edu.pl\/instytut\/ifiz\/wp-json\/wp\/v2\/pages\/4412\/revisions"}],"wp:attachment":[{"href":"https:\/\/us.edu.pl\/instytut\/ifiz\/wp-json\/wp\/v2\/media?parent=4412"}],"curies":[{"name":"wp","href":"https:\/\/api.w.org\/{rel}","templated":true}]}}