{"id":5290,"date":"2024-10-29T14:03:30","date_gmt":"2024-10-29T13:03:30","guid":{"rendered":"https:\/\/us.edu.pl\/instytut\/ifiz\/?page_id=5290"},"modified":"2026-04-03T09:42:10","modified_gmt":"2026-04-03T07:42:10","slug":"zespol-badan-struktury-dynamiki-i-magnetyzmu-materii-dr-hab-pawel-zajdel-prof-us","status":"publish","type":"page","link":"https:\/\/us.edu.pl\/instytut\/ifiz\/nauka\/zespoly-badawcze\/zespol-badan-struktury-dynamiki-i-magnetyzmu-materii-dr-hab-pawel-zajdel-prof-us\/","title":{"rendered":"Zesp\u00f3\u0142 bada\u0144 struktury, dynamiki i magnetyzmu materii &#8211; dr hab. Pawe\u0142 Zajdel, prof. U\u015a"},"content":{"rendered":"<p>[vc_row][vc_column][vc_raw_html]JTNDZGl2JTIwY2xhc3MlM0QlMjJyZXNlYXJjaC10ZWFtLWNvbnRhaW5lciUyMiUzRSUwQSUyMCUyMCUyMCUyMCUwQSUyMCUyMCUyMCUyMCUzQ2hlYWRlciUyMGNsYXNzJTNEJTIydGVhbS1oZWFkZXItY2xlYW4lMjIlM0UlMEElMjAlMjAlMjAlMjAlMjAlMjAlMjAlMjAlM0NoMSUzRVplc3AlQzMlQjMlQzUlODIlMjBiYWRhJUM1JTg0JTIwc3RydWt0dXJ5JTJDJTIwZHluYW1pa2klMjBpJTIwbWFnbmV0eXptdSUyMG1hdGVyaWklM0MlMkZoMSUzRSUwQSUyMCUyMCUyMCUyMCUyMCUyMCUyMCUyMCUzQ3AlM0VCYWRhbmllJTIwc3RydWt0dXJ5JTJDJTIwZHluYW1pa2klMjBpJTIwbWFnbmV0eXptdSUyMG1hdGVyaWElQzUlODIlQzMlQjN3JTIwbWV0b2RhbWklMjByZW50Z2Vub3dza2ltaSUyQyUyMG5ldXRyb25vd3ltaSUyMGklMjBtYWduZXRvbWV0cnljem55bWklM0MlMkZwJTNFJTBBJTIwJTIwJTIwJTIwJTNDJTJGaGVhZGVyJTNFJTBBJTBBJTIwJTIwJTIwJTIwJTNDZGl2JTIwY2xhc3MlM0QlMjJ0ZWFtLWNvbnRlbnQtZ3JpZCUyMiUzRSUwQSUyMCUyMCUyMCUyMCUyMCUyMCUyMCUyMCUwQSUyMCUyMCUyMCUyMCUyMCUyMCUyMCUyMCUzQ2RpdiUyMGNsYXNzJTNEJTIydGVhbS1jb2wtbGVmdCUyMiUzRSUwQSUyMCUyMCUyMCUyMCUyMCUyMCUyMCUyMCUyMCUyMCUyMCUyMCUzQ2RpdiUyMGNsYXNzJTNEJTIydGVhbS1zZWN0aW9uLWJveCUyMiUzRSUwQSUyMCUyMCUyMCUyMCUyMCUyMCUyMCUyMCUyMCUyMCUyMCUyMCUyMCUyMCUyMCUyMCUzQ3NwYW4lMjBjbGFzcyUzRCUyMnRlYW0tbGFiZWwtdGl0bGUlMjIlM0VMaWRlciUyMFplc3BvJUM1JTgydSUzQyUyRnNwYW4lM0UlMEElMjAlMjAlMjAlMjAlMjAlMjAlMjAlMjAlMjAlMjAlMjAlMjAlMjAlMjAlMjAlMjAlM0NkaXYlMjBjbGFzcyUzRCUyMnRlYW0tbGVhZGVyLW5hbWUlMjIlM0VkciUyMGhhYi4lMjBQYXdlJUM1JTgyJTIwWmFqZGVsJTJDJTIwcHJvZi4lMjBVJUM1JTlBJTNDJTJGZGl2JTNFJTBBJTIwJTIwJTIwJTIwJTIwJTIwJTIwJTIwJTIwJTIwJTIwJTIwJTIwJTIwJTIwJTIwJTNDcCUyMGNsYXNzJTNEJTIydGVhbS1sZWFkZXItdGl0bGUlMjIlM0VLaWVyb3duaWslMjBncnVweSUyMGJhZGF3Y3plaiUzQyUyRnAlM0UlMEElMjAlMjAlMjAlMjAlMjAlMjAlMjAlMjAlMjAlMjAlMjAlMjAlM0MlMkZkaXYlM0UlMEElMEElMjAlMjAlMjAlMjAlMjAlMjAlMjAlMjAlMjAlMjAlMjAlMjAlM0NkaXYlMjBjbGFzcyUzRCUyMnRlYW0tc2VjdGlvbi1ib3glMjIlM0UlMEElMjAlMjAlMjAlMjAlMjAlMjAlMjAlMjAlMjAlMjAlMjAlMjAlMjAlMjAlMjAlMjAlM0NzcGFuJTIwY2xhc3MlM0QlMjJ0ZWFtLWxhYmVsLXRpdGxlJTIyJTNFQ3olQzUlODJvbmtvd2llJTIwemVzcG8lQzUlODJ1JTNDJTJGc3BhbiUzRSUwQSUyMCUyMCUyMCUyMCUyMCUyMCUyMCUyMCUyMCUyMCUyMCUyMCUyMCUyMCUyMCUyMCUzQ3VsJTIwY2xhc3MlM0QlMjJ0ZWFtLW1lbWJlcnMtbGlzdCUyMiUzRSUwQSUyMCUyMCUyMCUyMCUyMCUyMCUyMCUyMCUyMCUyMCUyMCUyMCUyMCUyMCUyMCUyMCUyMCUyMCUyMCUyMCUzQ2xpJTNFbWdyJTIwJUM1JTgxdWthc3olMjBTY2hlbGxlciUzQyUyRmxpJTNFJTBBJTIwJTIwJTIwJTIwJTIwJTIwJTIwJTIwJTIwJTIwJTIwJTIwJTIwJTIwJTIwJTIwJTIwJTIwJTIwJTIwJTNDbGklM0Vwcm9mLiUyMGRyJTIwaGFiLiUyMEplcnp5JTIwJUM1JTgxdWN6a2ElM0MlMkZsaSUzRSUwQSUyMCUyMCUyMCUyMCUyMCUyMCUyMCUyMCUyMCUyMCUyMCUyMCUyMCUyMCUyMCUyMCUyMCUyMCUyMCUyMCUzQ2xpJTNFZHIlMjBNb25pa2ElMjBPYm96JTNDJTJGbGklM0UlMEElMjAlMjAlMjAlMjAlMjAlMjAlMjAlMjAlMjAlMjAlMjAlMjAlMjAlMjAlMjAlMjAlMjAlMjAlMjAlMjAlM0NsaSUzRWRyJTIwTWFnZGFsZW5hJTIwU3p1YmthJTNDJTJGbGklM0UlMEElMjAlMjAlMjAlMjAlMjAlMjAlMjAlMjAlMjAlMjAlMjAlMjAlMjAlMjAlMjAlMjAlMjAlMjAlMjAlMjAlMjAlMjAlMjAlMjAlMjAlMjAlMjAlMjAlMjAlMjAlMjAlMjAlMjAlMjAlMjAlMjAlM0MlMkZ1bCUzRSUwQSUyMCUyMCUyMCUyMCUyMCUyMCUyMCUyMCUyMCUyMCUyMCUyMCUzQyUyRmRpdiUzRSUwQSUyMCUyMCUyMCUyMCUyMCUyMCUyMCUyMCUzQyUyRmRpdiUzRSUwQSUwQSUyMCUyMCUyMCUyMCUyMCUyMCUyMCUyMCUzQ2RpdiUyMGNsYXNzJTNEJTIydGVhbS1jb2wtcmlnaHQlMjIlM0UlMEElMjAlMjAlMjAlMjAlMjAlMjAlMjAlMjAlMjAlMjAlMjAlMjAlM0NkaXYlMjBjbGFzcyUzRCUyMnRlYW0tc2VjdGlvbi1ib3glMjIlM0UlMEElMjAlMjAlMjAlMjAlMjAlMjAlMjAlMjAlMjAlMjAlMjAlMjAlMjAlMjAlMjAlMjAlM0NzcGFuJTIwY2xhc3MlM0QlMjJ0ZWFtLWxhYmVsLXRpdGxlJTIyJTNFUmVhbGl6YWNqYSUyMHByb2pla3QlQzMlQjN3JTNDJTJGc3BhbiUzRSUwQSUyMCUyMCUyMCUyMCUyMCUyMCUyMCUyMCUyMCUyMCUyMCUyMCUyMCUyMCUyMCUyMCUzQ2RpdiUyMGNsYXNzJTNEJTIydGVhbS1nb2Fscy1ncmlkJTIyJTNFJTBBJTIwJTIwJTIwJTIwJTIwJTIwJTIwJTIwJTIwJTIwJTIwJTIwJTIwJTIwJTIwJTIwJTIwJTIwJTIwJTIwJTNDZGl2JTIwY2xhc3MlM0QlMjJ0ZWFtLWdvYWwtY2FyZCUyMiUzRSUwQSUyMCUyMCUyMCUyMCUyMCUyMCUyMCUyMCUyMCUyMCUyMCUyMCUyMCUyMCUyMCUyMCUyMCUyMCUyMCUyMCUyMCUyMCUyMCUyMCUzQ2RpdiUyMGNsYXNzJTNEJTIydGVhbS1nb2FsLXN0YXR1cyUyMHN0YXR1cy13b3JraW5nJTIyJTNFVyUyMFRSQUtDSUUlM0MlMkZkaXYlM0UlMEElMjAlMjAlMjAlMjAlMjAlMjAlMjAlMjAlMjAlMjAlMjAlMjAlMjAlMjAlMjAlMjAlMjAlMjAlMjAlMjAlMjAlMjAlMjAlMjAlM0NkaXYlMjBjbGFzcyUzRCUyMnRlYW0tZ29hbC1pdGVtJTIyJTNFVXRyenltYW5pZSUyMHN0YSVDNSU4MmVqJTIwd3NwJUMzJUIzJUM1JTgycHJhY3klMjB6JTIwemFncmFuaWN6bnltaSUyMG8lQzUlOUJyb2RrYW1pJTIwYmFkYXdjenltaSUzQSUwQWElMkYlMjBOYXRpb25hbCUyMEluc3RpdHV0ZSUyMG9mJTIwU3RhbmRhcmRzJTIwYW5kJTIwVGVjaG5vbG9neSUyMCUyOFVTQSUyOSUyMHclMjB6YWtyZXNpZSUyMGJhZGElQzUlODQlMjBuZXV0cm9ub3d5Y2glMjBzdHJ1a3R1cnklMjBpJTIwZHluYW1pa2klMjBtYXRlcmlhJUM1JTgyJUMzJUIzdy4lMjAlMEFiJTJGJTIwVW5pdmVyc2l0eSUyMG9mJTIwS2VudCUyQyUyMENhbnRlcmJ1cnklMkMlMjBVSyUyMHclMjB6YWtyZXNpZSUyMG1hdGVyaWElQzUlODIlQzMlQjN3JTIwZnVua2Nqb25hbG55Y2glMkMlMjB3JTIwc3pjemVnJUMzJUIzbG5vJUM1JTlCY2klMjBoeWJyeWRvd3ljaCUyMHBlcm93c2tpdCVDMyVCM3cuJTBBYyUyRiUyMFVuaXZlcnNpdHklMjBvZiUyME1hcnlsYW5kJTIwJTI4VVNBJTI5JTIwdyUyMHpha3Jlc2llJTIwYmFkYSVDNSU4NCUyMG1hZ25ldHljem55Y2glMjBpJTIwZWxla3RyeWN6bnljaC4lMEFOYXdpJUM0JTg1emFuaWUlMjBzdGElQzUlODJlaiUyMHdzcCVDMyVCMyVDNSU4MnByYWN5JTIweiUyMHN5bmNocm90cm9uZW0lMjBTb2xhcmlzJTIwdyUyMEtyYWtvd2llJTBBJTNDJTJGZGl2JTNFJTBBJTIwJTIwJTIwJTIwJTIwJTIwJTIwJTIwJTIwJTIwJTIwJTIwJTIwJTIwJTIwJTIwJTIwJTIwJTIwJTIwJTIwJTIwJTIwJTIwJTNDZGl2JTIwY2xhc3MlM0QlMjJ0ZWFtLWdvYWwtaXRlbSUyMiUzRU9wdWJsaWtvd2FuaWUlMjBwcmFjJTIwdyUyMHpha3Jlc2llJTIwYmFkYSVDNSU4NCUyMHclQzUlODJhc255Y2glMjBkb3R5Y3olQzQlODVjeWNoJTIwc3RydWt0dXJ5JTIwa3J5c3RhbGljem5laiUyQyUyMGVsZWt0cm9ub3dlaiUyMGklMjBtYWduZXR5Y3puZWolMjBtYXRlcmlhJUM1JTgyJUMzJUIzdyUyMGZ1bmtjam9uYWxueWNoJTIwb3JheiUyMHByYWMlMjB6JTIwZ3J1cGFtaSUyMGJhZGF3Y3p5bWklMjBuYSUyMFd5ZHppYWxlJTIwTmF1ayUyMCVDNSU5QWNpcyVDNSU4MnljaCUyMGklMjBUZWNobmljem55Y2glMkMlMjB3JTIwc3pjemVnJUMzJUIzbG5vJUM1JTlCY2klMjBkb3R5Y3olQzQlODVjeWNoJTNBJTBBYSUyRiUyMG1hdGVyaWElQzUlODIlQzMlQjN3JTIwbWklQzQlOTlkenltZXRhbGljem55Y2glMjB6JTIwd3lzb2tpbSUyMGVmZWt0ZW0lMjBtYWduZXRva2Fsb3J5Y3pueW0lMjAlMjAlMjh3JTIwdHltJTIwaG9kb3dsYSUyMG1vbm9rcnlzenRhJUM1JTgyJUMzJUIzdyUyMG1ldG9kJUM0JTg1JTIwQ3pvY2hyYWxza2llZ28lMjklMkMlMEFiJTJGJTIwbWF0ZXJpYSVDNSU4MiVDMyVCM3clMjBwZXJvd3NraXRvd3ljaCUyMG8lMjB3JUM1JTgyYXNubyVDNSU5QmNpYWNoJTIwJTI4YW50eSUyOWZlcnJvLSUyQyUyMHBpZXpvLSUyMGklMjBwaXJvZWxla3RyeWN6bnljaCUyQyUwQWMlMkYlMjBtYXRlcmlhJUM1JTgyJUMzJUIzdyUyMHBvcm93YXR5Y2glMjBkbyUyMHphc3Rvc293YSVDNSU4NCUyMHclMjBzayVDNSU4MmFkb3dhbml1JTIwaSUyMHByb2R1a2NqaSUyMGVuZXJnaWkuJTBBZCUyRiUyMG1hdGVyaWElQzUlODIlQzMlQjN3JTIwbmFkcHJ6ZXdvZHolQzQlODVjeWNoJTJDJTIwZSUyRiUyMG1hdGVyaWElQzUlODIlQzMlQjN3JTIwdHlwdSUyMEhpZ2glMjBFbnRyb3B5JTIwQWxsb3lzLiUwQSUzQyUyRmRpdiUzRSUwQSUyMCUyMCUyMCUyMCUyMCUyMCUyMCUyMCUyMCUyMCUyMCUyMCUyMCUyMCUyMCUyMCUyMCUyMCUyMCUyMCUyMCUyMCUyMCUyMCUzQ2RpdiUyMGNsYXNzJTNEJTIydGVhbS1nb2FsLWl0ZW0lMjIlM0VVdHJ6eW1hbmllJTIwZG9zdCVDNCU5OXBubyVDNSU5QmNpJTIwZG8lMjBkeWZyYWt0b21ldHIlQzMlQjN3JTIwcHJvc3prb3d5Y2glMjB1bW8lQzUlQkNsaXdpYWolQzQlODVjeWNoJTIwcG9taWFyeSUyMG1hJUM1JTgyeWNoJTIwaWxvJUM1JTlCY2klMjBwciVDMyVCM2JlayUyMHpuYWpkdWolQzQlODVjeWNoJTIwc2klQzQlOTklMjBuYSUyMG1vaW0lMjBzdGFuaWUuJTBBTW9kZXJuaXphY2phJTIwZHlmcmFrdG9tZXRydSUyMGRvJTIwcG9taWFyJUMzJUIzdyUyMHRlbXBlcmF0dXJvd3ljaCUyMG5hJTIwbWElQzUlODJ5Y2glMjBpbG8lQzUlOUJjaWFjaCUyMHByJUMzJUIzYmVrLiUwQVJvenclQzMlQjNqJTIwbWV0b2QlMjBwb21pYXJvd3ljaCUyMGluLXNpdHUlMjB3JTIwemFrcmVzaWUlMjBuaXNraWNoJTIwaSUyMCVDNSU5QnJlZG5pY2glMjBjaSVDNSU5Qm5pZSVDNSU4NCUyMCUyOCUzQyUyMDFrUGElMjkuc3ludGV6YSUyMGklMjBiYWRhbmlhJTIwbWFnbmV0eWN6bmUlMkMlMjBzdHJ1a3R1cmElMjBrcnlzdGFsaWN6bmElMjBpJTIwZWxla3Ryb25vd2ElMjBNb25va3J5c3p0YXklMjBuYWRwcnpld29kbmlrJUMzJUIzdyUyMCUyMFJlM05pNUFsMTklMjAlMjhSRSUyMCUzRCUyMFklMkMlMjBOZCUyQyUyMFNtJTJDJTIwR2QlMkMlMjBUYiUyQyUyMER5JTJDJTIwSG8lMjBpJTIwRXIlMjklMjBNaWtyb3Nrb3BpYSUyMGNyeW8tU0VNJTBBJTNDJTJGZGl2JTNFJTIwJTIwJTIwJTIwJTIwJTIwJTIwJTIwJTIwJTIwJTIwJTIwJTIwJTIwJTIwJTIwJTIwJTIwJTIwJTIwJTIwJTIwJTBBJTIwJTIwJTIwJTIwJTIwJTIwJTIwJTIwJTIwJTIwJTIwJTIwJTIwJTIwJTIwJTIwJTIwJTIwJTIwJTIwJTNDJTJGZGl2JTNFJTBBJTIwJTIwJTIwJTIwJTIwJTIwJTIwJTIwJTIwJTIwJTIwJTIwJTIwJTIwJTIwJTIwJTIwJTIwJTIwJTIwJTNDZGl2JTIwY2xhc3MlM0QlMjJ0ZWFtLWdvYWwtY2FyZCUyMiUzRSUwQSUyMCUyMCUyMCUyMCUyMCUyMCUyMCUyMCUyMCUyMCUyMCUyMCUyMCUyMCUyMCUyMCUyMCUyMCUyMCUyMCUyMCUyMCUyMCUyMCUzQ2RpdiUyMGNsYXNzJTNEJTIydGVhbS1nb2FsLXN0YXR1cyUyMHN0YXR1cy1jb21wbGV0ZWQlMjIlM0VaQUtPJUM1JTgzQ1pPTkUlM0MlMkZkaXYlM0UlMEElMjAlMjAlMjAlMjAlMjAlMjAlMjAlMjAlMjAlMjAlMjAlMjAlMjAlMjAlMjAlMjAlMjAlMjAlMjAlMjAlMjAlMjAlMjAlMjAlM0NkaXYlMjBjbGFzcyUzRCUyMnRlYW0tZ29hbC1pdGVtJTIyJTNFS29udHludWFjamElMjBncmFudCVDMyVCM3clMjBwb21pYXJvd3ljaCUyMHV6eXNraXdhbnljaCUyMG5hJTIwZHUlQzUlQkNlaiUyMGluZnJhc3RydWt0dXJ6ZSUyMHBvbWlhcm93ZWolMkMlMjBjenklMjBzeW5jaHJvdHJvbnklMjBTb2xhcmlzJTJDJTIwRVNSRiUyMGklMjAlQzUlQkFyJUMzJUIzZCVDNSU4MmElMjBuZXV0cm9ub3dlJTIwU05TJTJDJTIwTkNOUi4lMjBCYWRhbmlhJTIwdGUlMjBiJUM0JTk5ZCVDNCU4NSUyMGZpbmFuc293YW5lJTIwemUlMjAlQzUlOUJyb2RrJUMzJUIzdyUyMHpld24lQzQlOTl0cnpueWNoLiUzQyUyRmRpdiUzRSUwQSUyMCUyMCUyMCUyMCUyMCUyMCUyMCUyMCUyMCUyMCUyMCUyMCUyMCUyMCUyMCUyMCUyMCUyMCUyMCUyMCUyMCUyMCUyMCUyMCUyMCUyMCUyMCUyMCUyMCUyMCUyMCUyMCUyMCUyMCUyMCUyMCUyMCUyMCUyMCUyMCUyMCUyMCUyMCUyMCUzQyUyRmRpdiUzRSUwQSUyMCUyMCUyMCUyMCUyMCUyMCUyMCUyMCUyMCUyMCUyMCUyMCUyMCUyMCUyMCUyMCUzQyUyRmRpdiUzRSUwQSUyMCUyMCUyMCUyMCUyMCUyMCUyMCUyMCUyMCUyMCUyMCUyMCUzQyUyRmRpdiUzRSUwQSUwQSUyMCUyMCUyMCUyMCUyMCUyMCUyMCUyMCUyMCUyMCUyMCUyMCUzQ2RpdiUyMGNsYXNzJTNEJTIydGVhbS1zZWN0aW9uLWJveCUyMiUyMHN0eWxlJTNEJTIybWFyZ2luLXRvcCUzQSUyMDE1cHglM0IlMjIlM0UlMEElMjAlMjAlMjAlMjAlMjAlMjAlMjAlMjAlMjAlMjAlMjAlMjAlMjAlMjAlMjAlMjAlM0NzcGFuJTIwY2xhc3MlM0QlMjJ0ZWFtLWxhYmVsLXRpdGxlJTIyJTNFUyVDNSU4Mm93YSUyMGtsdWN6b3dlJTNDJTJGc3BhbiUzRSUwQSUyMCUyMCUyMCUyMCUyMCUyMCUyMCUyMCUyMCUyMCUyMCUyMCUyMCUyMCUyMCUyMCUzQ2RpdiUyMGNsYXNzJTNEJTIydGVhbS10YWctY29udGFpbmVyJTIyJTNFJTBBJTIwJTIwJTIwJTIwJTIwJTIwJTIwJTIwJTIwJTIwJTIwJTIwJTIwJTIwJTIwJTIwJTIwJTIwJTIwJTIwJTNDc3BhbiUyMGNsYXNzJTNEJTIydGVhbS10YWctaXRlbSUyMiUzRVBFUk9XU0tJVFklM0MlMkZzcGFuJTNFJTBBJTIwJTIwJTIwJTIwJTIwJTIwJTIwJTIwJTIwJTIwJTIwJTIwJTIwJTIwJTIwJTIwJTIwJTIwJTIwJTIwJTNDc3BhbiUyMGNsYXNzJTNEJTIydGVhbS10YWctaXRlbSUyMiUzRU1BVEVSSUElQzUlODFZJTIwTUklQzQlOThEWllNRVRBTElDWk5FJTNDJTJGc3BhbiUzRSUwQSUyMCUyMCUyMCUyMCUyMCUyMCUyMCUyMCUyMCUyMCUyMCUyMCUyMCUyMCUyMCUyMCUyMCUyMCUyMCUyMCUzQ3NwYW4lMjBjbGFzcyUzRCUyMnRlYW0tdGFnLWl0ZW0lMjIlM0VNQVRFUklBJUM1JTgxWSUyMFBPUk9XQVRFJTNDJTJGc3BhbiUzRSUwQSUyMCUyMCUyMCUyMCUyMCUyMCUyMCUyMCUyMCUyMCUyMCUyMCUyMCUyMCUyMCUyMCUyMCUyMCUyMCUyMCUzQ3NwYW4lMjBjbGFzcyUzRCUyMnRlYW0tdGFnLWl0ZW0lMjIlM0VEWUZSQUtUT01FVFIlM0MlMkZzcGFuJTNFJTBBJTIwJTIwJTIwJTIwJTIwJTIwJTIwJTIwJTIwJTIwJTIwJTIwJTIwJTIwJTIwJTIwJTIwJTIwJTIwJTIwJTNDc3BhbiUyMGNsYXNzJTNEJTIydGVhbS10YWctaXRlbSUyMiUzRU5BRFBSWkVXT0ROSUtJJTNDJTJGc3BhbiUzRSUwQSUyMCUyMCUyMCUyMCUyMCUyMCUyMCUyMCUyMCUyMCUyMCUyMCUyMCUyMCUyMCUyMCUzQyUyRmRpdiUzRSUwQSUyMCUyMCUyMCUyMCUyMCUyMCUyMCUyMCUyMCUyMCUyMCUyMCUzQyUyRmRpdiUzRSUwQSUyMCUyMCUyMCUyMCUyMCUyMCUyMCUyMCUzQyUyRmRpdiUzRSUwQSUwQSUyMCUyMCUyMCUyMCUzQyUyRmRpdiUzRSUwQSUzQyUyRmRpdiUzRSUwQQ==[\/vc_raw_html][\/vc_column][\/vc_row]<\/p>","protected":false},"excerpt":{"rendered":"<p>[vc_row][vc_column][vc_raw_html]JTNDZGl2JTIwY2xhc3MlM0QlMjJyZXNlYXJjaC10ZWFtLWNvbnRhaW5lciUyMiUzRSUwQSUyMCUyMCUyMCUyMCUwQSUyMCUyMCUyMCUyMCUzQ2hlYWRlciUyMGNsYXNzJTNEJTIydGVhbS1oZWFkZXItY2xlYW4lMjIlM0UlMEElMjAlMjAlMjAlMjAlMjAlMjAlMjAlMjAlM0NoMSUzRVplc3AlQzMlQjMlQzUlODIlMjBiYWRhJUM1JTg0JTIwc3RydWt0dXJ5JTJDJTIwZHluYW1pa2klMjBpJTIwbWFnbmV0eXptdSUyMG1hdGVyaWklM0MlMkZoMSUzRSUwQSUyMCUyMCUyMCUyMCUyMCUyMCUyMCUyMCUzQ3AlM0VCYWRhbmllJTIwc3RydWt0dXJ5JTJDJTIwZHluYW1pa2klMjBpJTIwbWFnbmV0eXptdSUyMG1hdGVyaWElQzUlODIlQzMlQjN3JTIwbWV0b2RhbWklMjByZW50Z2Vub3dza2ltaSUyQyUyMG5ldXRyb25vd3ltaSUyMGklMjBtYWduZXRvbWV0cnljem55bWklM0MlMkZwJTNFJTBBJTIwJTIwJTIwJTIwJTNDJTJGaGVhZGVyJTNFJTBBJTBBJTIwJTIwJTIwJTIwJTNDZGl2JTIwY2xhc3MlM0QlMjJ0ZWFtLWNvbnRlbnQtZ3JpZCUyMiUzRSUwQSUyMCUyMCUyMCUyMCUyMCUyMCUyMCUyMCUwQSUyMCUyMCUyMCUyMCUyMCUyMCUyMCUyMCUzQ2RpdiUyMGNsYXNzJTNEJTIydGVhbS1jb2wtbGVmdCUyMiUzRSUwQSUyMCUyMCUyMCUyMCUyMCUyMCUyMCUyMCUyMCUyMCUyMCUyMCUzQ2RpdiUyMGNsYXNzJTNEJTIydGVhbS1zZWN0aW9uLWJveCUyMiUzRSUwQSUyMCUyMCUyMCUyMCUyMCUyMCUyMCUyMCUyMCUyMCUyMCUyMCUyMCUyMCUyMCUyMCUzQ3NwYW4lMjBjbGFzcyUzRCUyMnRlYW0tbGFiZWwtdGl0bGUlMjIlM0VMaWRlciUyMFplc3BvJUM1JTgydSUzQyUyRnNwYW4lM0UlMEElMjAlMjAlMjAlMjAlMjAlMjAlMjAlMjAlMjAlMjAlMjAlMjAlMjAlMjAlMjAlMjAlM0NkaXYlMjBjbGFzcyUzRCUyMnRlYW0tbGVhZGVyLW5hbWUlMjIlM0VkciUyMGhhYi4lMjBQYXdlJUM1JTgyJTIwWmFqZGVsJTJDJTIwcHJvZi4lMjBVJUM1JTlBJTNDJTJGZGl2JTNFJTBBJTIwJTIwJTIwJTIwJTIwJTIwJTIwJTIwJTIwJTIwJTIwJTIwJTIwJTIwJTIwJTIwJTNDcCUyMGNsYXNzJTNEJTIydGVhbS1sZWFkZXItdGl0bGUlMjIlM0VLaWVyb3duaWslMjBncnVweSUyMGJhZGF3Y3plaiUzQyUyRnAlM0UlMEElMjAlMjAlMjAlMjAlMjAlMjAlMjAlMjAlMjAlMjAlMjAlMjAlM0MlMkZkaXYlM0UlMEElMEElMjAlMjAlMjAlMjAlMjAlMjAlMjAlMjAlMjAlMjAlMjAlMjAlM0NkaXYlMjBjbGFzcyUzRCUyMnRlYW0tc2VjdGlvbi1ib3glMjIlM0UlMEElMjAlMjAlMjAlMjAlMjAlMjAlMjAlMjAlMjAlMjAlMjAlMjAlMjAlMjAlMjAlMjAlM0NzcGFuJTIwY2xhc3MlM0QlMjJ0ZWFtLWxhYmVsLXRpdGxlJTIyJTNFQ3olQzUlODJvbmtvd2llJTIwemVzcG8lQzUlODJ1JTNDJTJGc3BhbiUzRSUwQSUyMCUyMCUyMCUyMCUyMCUyMCUyMCUyMCUyMCUyMCUyMCUyMCUyMCUyMCUyMCUyMCUzQ3VsJTIwY2xhc3MlM0QlMjJ0ZWFtLW1lbWJlcnMtbGlzdCUyMiUzRSUwQSUyMCUyMCUyMCUyMCUyMCUyMCUyMCUyMCUyMCUyMCUyMCUyMCUyMCUyMCUyMCUyMCUyMCUyMCUyMCUyMCUzQ2xpJTNFbWdyJTIwJUM1JTgxdWthc3olMjBTY2hlbGxlciUzQyUyRmxpJTNFJTBBJTIwJTIwJTIwJTIwJTIwJTIwJTIwJTIwJTIwJTIwJTIwJTIwJTIwJTIwJTIwJTIwJTIwJTIwJTIwJTIwJTNDbGklM0Vwcm9mLiUyMGRyJTIwaGFiLiUyMEplcnp5JTIwJUM1JTgxdWN6a2ElM0MlMkZsaSUzRSUwQSUyMCUyMCUyMCUyMCUyMCUyMCUyMCUyMCUyMCUyMCUyMCUyMCUyMCUyMCUyMCUyMCUyMCUyMCUyMCUyMCUzQ2xpJTNFZHIlMjBNb25pa2ElMjBPYm96JTNDJTJGbGklM0UlMEElMjAlMjAlMjAlMjAlMjAlMjAlMjAlMjAlMjAlMjAlMjAlMjAlMjAlMjAlMjAlMjAlMjAlMjAlMjAlMjAlM0NsaSUzRWRyJTIwTWFnZGFsZW5hJTIwU3p1YmthJTNDJTJGbGklM0UlMEElMjAlMjAlMjAlMjAlMjAlMjAlMjAlMjAlMjAlMjAlMjAlMjAlMjAlMjAlMjAlMjAlMjAlMjAlMjAlMjAlMjAlMjAlMjAlMjAlMjAlMjAlMjAlMjAlMjAlMjAlMjAlMjAlMjAlMjAlMjAlMjAlM0MlMkZ1bCUzRSUwQSUyMCUyMCUyMCUyMCUyMCUyMCUyMCUyMCUyMCUyMCUyMCUyMCUzQyUyRmRpdiUzRSUwQSUyMCUyMCUyMCUyMCUyMCUyMCUyMCUyMCUzQyUyRmRpdiUzRSUwQSUwQSUyMCUyMCUyMCUyMCUyMCUyMCUyMCUyMCUzQ2RpdiUyMGNsYXNzJTNEJTIydGVhbS1jb2wtcmlnaHQlMjIlM0UlMEElMjAlMjAlMjAlMjAlMjAlMjAlMjAlMjAlMjAlMjAlMjAlMjAlM0NkaXYlMjBjbGFzcyUzRCUyMnRlYW0tc2VjdGlvbi1ib3glMjIlM0UlMEElMjAlMjAlMjAlMjAlMjAlMjAlMjAlMjAlMjAlMjAlMjAlMjAlMjAlMjAlMjAlMjAlM0NzcGFuJTIwY2xhc3MlM0QlMjJ0ZWFtLWxhYmVsLXRpdGxlJTIyJTNFUmVhbGl6YWNqYSUyMHByb2pla3QlQzMlQjN3JTNDJTJGc3BhbiUzRSUwQSUyMCUyMCUyMCUyMCUyMCUyMCUyMCUyMCUyMCUyMCUyMCUyMCUyMCUyMCUyMCUyMCUzQ2RpdiUyMGNsYXNzJTNEJTIydGVhbS1nb2Fscy1ncmlkJTIyJTNFJTBBJTIwJTIwJTIwJTIwJTIwJTIwJTIwJTIwJTIwJTIwJTIwJTIwJTIwJTIwJTIwJTIwJTIwJTIwJTIwJTIwJTNDZGl2JTIwY2xhc3MlM0QlMjJ0ZWFtLWdvYWwtY2FyZCUyMiUzRSUwQSUyMCUyMCUyMCUyMCUyMCUyMCUyMCUyMCUyMCUyMCUyMCUyMCUyMCUyMCUyMCUyMCUyMCUyMCUyMCUyMCUyMCUyMCUyMCUyMCUzQ2RpdiUyMGNsYXNzJTNEJTIydGVhbS1nb2FsLXN0YXR1cyUyMHN0YXR1cy13b3JraW5nJTIyJTNFVyUyMFRSQUtDSUUlM0MlMkZkaXYlM0UlMEElMjAlMjAlMjAlMjAlMjAlMjAlMjAlMjAlMjAlMjAlMjAlMjAlMjAlMjAlMjAlMjAlMjAlMjAlMjAlMjAlMjAlMjAlMjAlMjAlM0NkaXYlMjBjbGFzcyUzRCUyMnRlYW0tZ29hbC1pdGVtJTIyJTNFVXRyenltYW5pZSUyMHN0YSVDNSU4MmVqJTIwd3NwJUMzJUIzJUM1JTgycHJhY3klMjB6JTIwemFncmFuaWN6bnltaSUyMG8lQzUlOUJyb2RrYW1pJTIwYmFkYXdjenltaSUzQSUwQWElMkYlMjBOYXRpb25hbCUyMEluc3RpdHV0ZSUyMG9mJTIwU3RhbmRhcmRzJTIwYW5kJTIwVGVjaG5vbG9neSUyMCUyOFVTQSUyOSUyMHclMjB6YWtyZXNpZSUyMGJhZGElQzUlODQlMjBuZXV0cm9ub3d5Y2glMjBzdHJ1a3R1cnklMjBpJTIwZHluYW1pa2klMjBtYXRlcmlhJUM1JTgyJUMzJUIzdy4lMjAlMEFiJTJGJTIwVW5pdmVyc2l0eSUyMG9mJTIwS2VudCUyQyUyMENhbnRlcmJ1cnklMkMlMjBVSyUyMHclMjB6YWtyZXNpZSUyMG1hdGVyaWElQzUlODIlQzMlQjN3JTIwZnVua2Nqb25hbG55Y2glMkMlMjB3JTIwc3pjemVnJUMzJUIzbG5vJUM1JTlCY2klMjBoeWJyeWRvd3ljaCUyMHBlcm93c2tpdCVDMyVCM3cuJTBBYyUyRiUyMFVuaXZlcnNpdHklMjBvZiUyME1hcnlsYW5kJTIwJTI4VVNBJTI5JTIwdyUyMHpha3Jlc2llJTIwYmFkYSVDNSU4NCUyMG1hZ25ldHljem55Y2glMjBpJTIwZWxla3RyeWN6bnljaC4lMEFOYXdpJUM0JTg1emFuaWUlMjBzdGElQzUlODJlaiUyMHdzcCVDMyVCMyVDNSU4MnByYWN5JTIweiUyMHN5bmNocm90cm9uZW0lMjBTb2xhcmlzJTIwdyUyMEtyYWtvd2llJTBBJTNDJTJGZGl2JTNFJTBBJTIwJTIwJTIwJTIwJTIwJTIwJTIwJTIwJTIwJTIwJTIwJTIwJTIwJTIwJTIwJTIwJTIwJTIwJTIwJTIwJTIwJTIwJTIwJTIwJTNDZGl2JTIwY2xhc3MlM0QlMjJ0ZWFtLWdvYWwtaXRlbSUyMiUzRU9wdWJsaWtvd2FuaWUlMjBwcmFjJTIwdyUyMHpha3Jlc2llJTIwYmFkYSVDNSU4NCUyMHclQzUlODJhc255Y2glMjBkb3R5Y3olQzQlODVjeWNoJTIwc3RydWt0dXJ5JTIwa3J5c3RhbGljem5laiUyQyUyMGVsZWt0cm9ub3dlaiUyMGklMjBtYWduZXR5Y3puZWolMjBtYXRlcmlhJUM1JTgyJUMzJUIzdyUyMGZ1bmtjam9uYWxueWNoJTIwb3JheiUyMHByYWMlMjB6JTIwZ3J1cGFtaSUyMGJhZGF3Y3p5bWklMjBuYSUyMFd5ZHppYWxlJTIwTmF1ayUyMCVDNSU5QWNpcyVDNSU4MnljaCUyMGklMjBUZWNobmljem55Y2glMkMlMjB3JTIwc3pjemVnJUMzJUIzbG5vJUM1JTlCY2klMjBkb3R5Y3olQzQlODVjeWNoJTNBJTBBYSUyRiUyMG1hdGVyaWElQzUlODIlQzMlQjN3JTIwbWklQzQlOTlkenltZXRhbGljem55Y2glMjB6JTIwd3lzb2tpbSUyMGVmZWt0ZW0lMjBtYWduZXRva2Fsb3J5Y3pueW0lMjAlMjAlMjh3JTIwdHltJTIwaG9kb3dsYSUyMG1vbm9rcnlzenRhJUM1JTgyJUMzJUIzdyUyMG1ldG9kJUM0JTg1JTIwQ3pvY2hyYWxza2llZ28lMjklMkMlMEFiJTJGJTIwbWF0ZXJpYSVDNSU4MiVDMyVCM3clMjBwZXJvd3NraXRvd3ljaCUyMG8lMjB3JUM1JTgyYXNubyVDNSU5QmNpYWNoJTIwJTI4YW50eSUyOWZlcnJvLSUyQyUyMHBpZXpvLSUyMGklMjBwaXJvZWxla3RyeWN6bnljaCUyQyUwQWMlMkYlMjBtYXRlcmlhJUM1JTgyJUMzJUIzdyUyMHBvcm93YXR5Y2glMjBkbyUyMHphc3Rvc293YSVDNSU4NCUyMHclMjBzayVDNSU4MmFkb3dhbml1JTIwaSUyMHByb2R1a2NqaSUyMGVuZXJnaWkuJTBBZCUyRiUyMG1hdGVyaWElQzUlODIlQzMlQjN3JTIwbmFkcHJ6ZXdvZHolQzQlODVjeWNoJTJDJTIwZSUyRiUyMG1hdGVyaWElQzUlODIlQzMlQjN3JTIwdHlwdSUyMEhpZ2glMjBFbnRyb3B5JTIwQWxsb3lzLiUwQSUzQyUyRmRpdiUzRSUwQSUyMCUyMCUyMCUyMCUyMCUyMCUyMCUyMCUyMCUyMCUyMCUyMCUyMCUyMCUyMCUyMCUyMCUyMCUyMCUyMCUyMCUyMCUyMCUyMCUzQ2RpdiUyMGNsYXNzJTNEJTIydGVhbS1nb2FsLWl0ZW0lMjIlM0VVdHJ6eW1hbmllJTIwZG9zdCVDNCU5OXBubyVDNSU5QmNpJTIwZG8lMjBkeWZyYWt0b21ldHIlQzMlQjN3JTIwcHJvc3prb3d5Y2glMjB1bW8lQzUlQkNsaXdpYWolQzQlODVjeWNoJTIwcG9taWFyeSUyMG1hJUM1JTgyeWNoJTIwaWxvJUM1JTlCY2klMjBwciVDMyVCM2JlayUyMHpuYWpkdWolQzQlODVjeWNoJTIwc2klQzQlOTklMjBuYSUyMG1vaW0lMjBzdGFuaWUuJTBBTW9kZXJuaXphY2phJTIwZHlmcmFrdG9tZXRydSUyMGRvJTIwcG9taWFyJUMzJUIzdyUyMHRlbXBlcmF0dXJvd3ljaCUyMG5hJTIwbWElQzUlODJ5Y2glMjBpbG8lQzUlOUJjaWFjaCUyMHByJUMzJUIzYmVrLiUwQVJvenclQzMlQjNqJTIwbWV0b2QlMjBwb21pYXJvd3ljaCUyMGluLXNpdHUlMjB3JTIwemFrcmVzaWUlMjBuaXNraWNoJTIwaSUyMCVDNSU5QnJlZG5pY2glMjBjaSVDNSU5Qm5pZSVDNSU4NCUyMCUyOCUzQyUyMDFrUGElMjkuc3ludGV6YSUyMGklMjBiYWRhbmlhJTIwbWFnbmV0eWN6bmUlMkMlMjBzdHJ1a3R1cmElMjBrcnlzdGFsaWN6bmElMjBpJTIwZWxla3Ryb25vd2ElMjBNb25va3J5c3p0YXklMjBuYWRwcnpld29kbmlrJUMzJUIzdyUyMCUyMFJlM05pNUFsMTklMjAlMjhSRSUyMCUzRCUyMFklMkMlMjBOZCUyQyUyMFNtJTJDJTIwR2QlMkMlMjBUYiUyQyUyMER5JTJDJTIwSG8lMjBpJTIwRXIlMjklMjBNaWtyb3Nrb3BpYSUyMGNyeW8tU0VNJTBBJTNDJTJGZGl2JTNFJTIwJTIwJTIwJTIwJTIwJTIwJTIwJTIwJTIwJTIwJTIwJTIwJTIwJTIwJTIwJTIwJTIwJTIwJTIwJTIwJTIwJTIwJTBBJTIwJTIwJTIwJTIwJTIwJTIwJTIwJTIwJTIwJTIwJTIwJTIwJTIwJTIwJTIwJTIwJTIwJTIwJTIwJTIwJTNDJTJGZGl2JTNFJTBBJTIwJTIwJTIwJTIwJTIwJTIwJTIwJTIwJTIwJTIwJTIwJTIwJTIwJTIwJTIwJTIwJTIwJTIwJTIwJTIwJTNDZGl2JTIwY2xhc3MlM0QlMjJ0ZWFtLWdvYWwtY2FyZCUyMiUzRSUwQSUyMCUyMCUyMCUyMCUyMCUyMCUyMCUyMCUyMCUyMCUyMCUyMCUyMCUyMCUyMCUyMCUyMCUyMCUyMCUyMCUyMCUyMCUyMCUyMCUzQ2RpdiUyMGNsYXNzJTNEJTIydGVhbS1nb2FsLXN0YXR1cyUyMHN0YXR1cy1jb21wbGV0ZWQlMjIlM0VaQUtPJUM1JTgzQ1pPTkUlM0MlMkZkaXYlM0UlMEElMjAlMjAlMjAlMjAlMjAlMjAlMjAlMjAlMjAlMjAlMjAlMjAlMjAlMjAlMjAlMjAlMjAlMjAlMjAlMjAlMjAlMjAlMjAlMjAlM0NkaXYlMjBjbGFzcyUzRCUyMnRlYW0tZ29hbC1pdGVtJTIyJTNFS29udHludWFjamElMjBncmFudCVDMyVCM3clMjBwb21pYXJvd3ljaCUyMHV6eXNraXdhbnljaCUyMG5hJTIwZHUlQzUlQkNlaiUyMGluZnJhc3RydWt0dXJ6ZSUyMHBvbWlhcm93ZWolMkMlMjBjenklMjBzeW5jaHJvdHJvbnklMjBTb2xhcmlzJTJDJTIwRVNSRiUyMGklMjAlQzUlQkFyJUMzJUIzZCVDNSU4MmElMjBuZXV0cm9ub3dlJTIwU05TJTJDJTIwTkNOUi4lMjBCYWRhbmlhJTIwdGUlMjBiJUM0JTk5ZCVDNCU4NSUyMGZpbmFuc293YW5lJTIwemUlMjAlQzUlOUJyb2RrJUMzJUIzdyUyMHpld24lQzQlOTl0cnpueWNoLiUzQyUyRmRpdiUzRSUwQSUyMCUyMCUyMCUyMCUyMCUyMCUyMCUyMCUyMCUyMCUyMCUyMCUyMCUyMCUyMCUyMCUyMCUyMCUyMCUyMCUyMCUyMCUyMCUyMCUyMCUyMCUyMCUyMCUyMCUyMCUyMCUyMCUyMCUyMCUyMCUyMCUyMCUyMCUyMCUyMCUyMCUyMCUyMCUyMCUzQyUyRmRpdiUzRSUwQSUyMCUyMCUyMCUyMCUyMCUyMCUyMCUyMCUyMCUyMCUyMCUyMCUyMCUyMCUyMCUyMCUzQyUyRmRpdiUzRSUwQSUyMCUyMCUyMCUyMCUyMCUyMCUyMCUyMCUyMCUyMCUyMCUyMCUzQyUyRmRpdiUzRSUwQSUwQSUyMCUyMCUyMCUyMCUyMCUyMCUyMCUyMCUyMCUyMCUyMCUyMCUzQ2RpdiUyMGNsYXNzJTNEJTIydGVhbS1zZWN0aW9uLWJveCUyMiUyMHN0eWxlJTNEJTIybWFyZ2luLXRvcCUzQSUyMDE1cHglM0IlMjIlM0UlMEElMjAlMjAlMjAlMjAlMjAlMjAlMjAlMjAlMjAlMjAlMjAlMjAlMjAlMjAlMjAlMjAlM0NzcGFuJTIwY2xhc3MlM0QlMjJ0ZWFtLWxhYmVsLXRpdGxlJTIyJTNFUyVDNSU4Mm93YSUyMGtsdWN6b3dlJTNDJTJGc3BhbiUzRSUwQSUyMCUyMCUyMCUyMCUyMCUyMCUyMCUyMCUyMCUyMCUyMCUyMCUyMCUyMCUyMCUyMCUzQ2RpdiUyMGNsYXNzJTNEJTIydGVhbS10YWctY29udGFpbmVyJTIyJTNFJTBBJTIwJTIwJTIwJTIwJTIwJTIwJTIwJTIwJTIwJTIwJTIwJTIwJTIwJTIwJTIwJTIwJTIwJTIwJTIwJTIwJTNDc3BhbiUyMGNsYXNzJTNEJTIydGVhbS10YWctaXRlbSUyMiUzRVBFUk9XU0tJVFklM0MlMkZzcGFuJTNFJTBBJTIwJTIwJTIwJTIwJTIwJTIwJTIwJTIwJTIwJTIwJTIwJTIwJTIwJTIwJTIwJTIwJTIwJTIwJTIwJTIwJTNDc3BhbiUyMGNsYXNzJTNEJTIydGVhbS10YWctaXRlbSUyMiUzRU1BVEVSSUElQzUlODFZJTIwTUklQzQlOThEWllNRVRBTElDWk5FJTNDJTJGc3BhbiUzRSUwQSUyMCUyMCUyMCUyMCUyMCUyMCUyMCUyMCUyMCUyMCUyMCUyMCUyMCUyMCUyMCUyMCUyMCUyMCUyMCUyMCUzQ3NwYW4lMjBjbGFzcyUzRCUyMnRlYW0tdGFnLWl0ZW0lMjIlM0VNQVRFUklBJUM1JTgxWSUyMFBPUk9XQVRFJTNDJTJGc3BhbiUzRSUwQSUyMCUyMCUyMCUyMCUyMCUyMCUyMCUyMCUyMCUyMCUyMCUyMCUyMCUyMCUyMCUyMCUyMCUyMCUyMCUyMCUzQ3NwYW4lMjBjbGFzcyUzRCUyMnRlYW0tdGFnLWl0ZW0lMjIlM0VEWUZSQUtUT01FVFIlM0MlMkZzcGFuJTNFJTBBJTIwJTIwJTIwJTIwJTIwJTIwJTIwJTIwJTIwJTIwJTIwJTIwJTIwJTIwJTIwJTIwJTIwJTIwJTIwJTIwJTNDc3BhbiUyMGNsYXNzJTNEJTIydGVhbS10YWctaXRlbSUyMiUzRU5BRFBSWkVXT0ROSUtJJTNDJTJGc3BhbiUzRSUwQSUyMCUyMCUyMCUyMCUyMCUyMCUyMCUyMCUyMCUyMCUyMCUyMCUyMCUyMCUyMCUyMCUzQyUyRmRpdiUzRSUwQSUyMCUyMCUyMCUyMCUyMCUyMCUyMCUyMCUyMCUyMCUyMCUyMCUzQyUyRmRpdiUzRSUwQSUyMCUyMCUyMCUyMCUyMCUyMCUyMCUyMCUzQyUyRmRpdiUzRSUwQSUwQSUyMCUyMCUyMCUyMCUzQyUyRmRpdiUzRSUwQSUzQyUyRmRpdiUzRSUwQQ==[\/vc_raw_html][\/vc_column][\/vc_row] [&#8230;]<\/p>\n<p><a class=\"btn btn-secondary understrap-read-more-link\" href=\"https:\/\/us.edu.pl\/instytut\/ifiz\/nauka\/zespoly-badawcze\/zespol-badan-struktury-dynamiki-i-magnetyzmu-materii-dr-hab-pawel-zajdel-prof-us\/\">Read More&#8230;<\/a><\/p>\n","protected":false},"author":104,"featured_media":0,"parent":321,"menu_order":130,"comment_status":"closed","ping_status":"closed","template":"","meta":{"_expiration-date-status":"","_expiration-date":0,"_expiration-date-type":"","_expiration-date-categories":[],"_expiration-date-options":[]},"acf":[],"_links":{"self":[{"href":"https:\/\/us.edu.pl\/instytut\/ifiz\/wp-json\/wp\/v2\/pages\/5290"}],"collection":[{"href":"https:\/\/us.edu.pl\/instytut\/ifiz\/wp-json\/wp\/v2\/pages"}],"about":[{"href":"https:\/\/us.edu.pl\/instytut\/ifiz\/wp-json\/wp\/v2\/types\/page"}],"author":[{"embeddable":true,"href":"https:\/\/us.edu.pl\/instytut\/ifiz\/wp-json\/wp\/v2\/users\/104"}],"replies":[{"embeddable":true,"href":"https:\/\/us.edu.pl\/instytut\/ifiz\/wp-json\/wp\/v2\/comments?post=5290"}],"version-history":[{"count":0,"href":"https:\/\/us.edu.pl\/instytut\/ifiz\/wp-json\/wp\/v2\/pages\/5290\/revisions"}],"up":[{"embeddable":true,"href":"https:\/\/us.edu.pl\/instytut\/ifiz\/wp-json\/wp\/v2\/pages\/321"}],"wp:attachment":[{"href":"https:\/\/us.edu.pl\/instytut\/ifiz\/wp-json\/wp\/v2\/media?parent=5290"}],"curies":[{"name":"wp","href":"https:\/\/api.w.org\/{rel}","templated":true}]}}