{"id":6699,"date":"2025-04-14T14:22:17","date_gmt":"2025-04-14T12:22:17","guid":{"rendered":"https:\/\/us.edu.pl\/instytut\/ifiz\/?page_id=6699"},"modified":"2025-04-30T09:40:57","modified_gmt":"2025-04-30T07:40:57","slug":"wspolpraca-ze-szkolami","status":"publish","type":"page","link":"https:\/\/us.edu.pl\/instytut\/ifiz\/wspolpraca-ze-szkolami\/","title":{"rendered":"Wsp\u00f3\u0142praca ze szko\u0142ami"},"content":{"rendered":"<p>[vc_row][vc_column][vc_column_text][\/vc_column_text][\/vc_column][\/vc_row][vc_row][vc_column]\r\n                <div class=\"text-modules\">\r\n                    <div class=\"container\">\r\n                        <h3 class=\"page-title text__title\">Do\u0142\u0105cz do naszej listy mailingowej \u2013 b\u0105d\u017a na bie\u017c\u0105co z wydarzeniami edukacyjnymi!<\/h3>\r\n                        <div class=\"text-modules__content\"><p><span style=\"font-size: 14pt;\"><strong>Szanowni Nauczyciele<\/strong>,<\/span><\/p>\n<p><span style=\"font-size: 14pt;\">Serdecznie zapraszamy do zapisania si\u0119 na nasz\u0105 list\u0119 mailingow\u0105! To prosty spos\u00f3b, aby otrzymywa\u0107 bezpo\u015brednio na swoj\u0105 skrzynk\u0119 mailow\u0105 informacje o:<\/span><\/p>\n<ul>\n<li><span style=\"font-size: 14pt;\">wydarzeniach dydaktycznych i promocyjnych organizowanych przez nasz <strong>Uniwersytet, Wydzia\u0142 Nauk \u015acis\u0142ych i Technicznych oraz Instytut Fizyki<\/strong>,<\/span><\/li>\n<li><span style=\"font-size: 14pt;\">warsztatach, spotkaniach, wyk\u0142adach i innych inicjatywach edukacyjnych skierowanych do nauczycieli i uczni\u00f3w,<\/span><\/li>\n<li><span style=\"font-size: 14pt;\">mo\u017cliwo\u015bciach wsp\u00f3\u0142pracy i uczestnictwa w projektach akademickich.<\/span><\/li>\n<\/ul>\n<p><span style=\"font-size: 14pt;\"><strong>Dzi\u0119ki subskrypcji zawsze b\u0119d\u0105 Pa\u0144stwo na bie\u017c\u0105co \u2013 \u017cadna warto\u015bciowa okazja\/inicjatywa nie umknie Pa\u0144stwa uwadze!<\/strong><\/span><\/p>\n<p><span style=\"font-size: 14pt;\">\ud83d\udc49 <a href=\"https:\/\/formularze.us.edu.pl\/form\/index\/6174\" target=\"_blank\" rel=\"noopener\"><strong>Link do formularza<\/strong><\/a><\/span><\/p>\n<p><span style=\"font-size: 14pt;\">Dzi\u0119kujemy za zainteresowanie i do zobaczenia na naszych wydarzeniach!<\/span><\/p>\n<\/div>\r\n                    <\/div>\r\n                <\/div>[\/vc_column][\/vc_row][vc_row][vc_column]\r\n\r\n            <div class=\"blocks\" style=\"text-align: \">\r\n               <div class=\"container\">\r\n                  <div class=\"page-title\">Nasze sta\u0142e wydarzenia i projekty promocyjne. Materia\u0142y dydaktyczne.<\/div>\r\n                  <div class=\"row m-0 blocks_3\">\r\n                  \r\n                     <a href=\"\/instytut\/ifiz\/wspolpraca-ze-szkolami\/zapros-nas-do-swojej-szkoly\/\" class=\"thumbnail blocks__item\" style=\"background-image: url(https:\/\/us.edu.pl\/instytut\/ifiz\/wp-content\/uploads\/sites\/39\/Bez-kategorii\/MyDoSzkoly2-1.jpeg)\">\r\n                        <span>wi\u0119cej<\/span>\r\n                        <div class=\"blocks__bottom\">\r\n                        <div class=\"blocks__title\">Zapro\u015b nas do swojej szko\u0142y<\/div>\r\n                        <div class=\"blocks__subtitle\">Zainspiruj uczni\u00f3w \u2013 my zajmiemy si\u0119 reszt\u0105!<\/div>\r\n                        <\/div>\r\n                     <\/a>\r\n                  \r\n                     <a href=\"\/instytut\/ifiz\/wspolpraca-ze-szkolami\/z-klasa-na-kampus\/\" class=\"thumbnail blocks__item\" style=\"background-image: url(https:\/\/us.edu.pl\/instytut\/ifiz\/wp-content\/uploads\/sites\/39\/Bez-kategorii\/15-1.png)\">\r\n                        <span>wi\u0119cej<\/span>\r\n                        <div class=\"blocks__bottom\">\r\n                        <div class=\"blocks__title\">Z klas\u0105 na kampus!<\/div>\r\n                        <div class=\"blocks__subtitle\">Twoi uczniowie na uniwersytecie \u2013 wydarzenia pe\u0142ne inspiracji!<\/div>\r\n                        <\/div>\r\n                     <\/a>\r\n                  \r\n                     <a href=\"\/instytut\/ifiz\/wspolpraca-ze-szkolami\/pomoce-dydaktyczne-dla-nauczycieli\/\" class=\"thumbnail blocks__item\" style=\"background-image: url(https:\/\/us.edu.pl\/instytut\/ifiz\/wp-content\/uploads\/sites\/39\/rotor\/thisisengineering-raeng-nyAzMQ6Ejgs-unsplash-1024x683.jpg)\">\r\n                        <span>wi\u0119cej<\/span>\r\n                        <div class=\"blocks__bottom\">\r\n                        <div class=\"blocks__title\">Pomoce dydaktyczne dla nauczycieli<\/div>\r\n                        <div class=\"blocks__subtitle\">Bo dobre lekcje to nie tylko podr\u0119cznik<\/div>\r\n                        <\/div>\r\n                     <\/a><\/div>     \r\n               <\/div>\r\n            <\/div>[\/vc_column][\/vc_row][vc_row][vc_column][vc_column_text][\/vc_column_text][\/vc_column][\/vc_row]<\/p>","protected":false},"excerpt":{"rendered":"<p>[vc_row][vc_column][vc_column_text][\/vc_column_text][\/vc_column][\/vc_row][vc_row][vc_column][\/vc_column][\/vc_row][vc_row][vc_column][\/vc_column][\/vc_row][vc_row][vc_column][vc_column_text][\/vc_column_text][\/vc_column][\/vc_row] [&#8230;]<\/p>\n<p><a class=\"btn btn-secondary understrap-read-more-link\" href=\"https:\/\/us.edu.pl\/instytut\/ifiz\/wspolpraca-ze-szkolami\/\">Read More&#8230;<\/a><\/p>\n","protected":false},"author":6706,"featured_media":0,"parent":0,"menu_order":0,"comment_status":"closed","ping_status":"closed","template":"","meta":{"_expiration-date-status":"","_expiration-date":0,"_expiration-date-type":"","_expiration-date-categories":[],"_expiration-date-options":[]},"acf":[],"_links":{"self":[{"href":"https:\/\/us.edu.pl\/instytut\/ifiz\/wp-json\/wp\/v2\/pages\/6699"}],"collection":[{"href":"https:\/\/us.edu.pl\/instytut\/ifiz\/wp-json\/wp\/v2\/pages"}],"about":[{"href":"https:\/\/us.edu.pl\/instytut\/ifiz\/wp-json\/wp\/v2\/types\/page"}],"author":[{"embeddable":true,"href":"https:\/\/us.edu.pl\/instytut\/ifiz\/wp-json\/wp\/v2\/users\/6706"}],"replies":[{"embeddable":true,"href":"https:\/\/us.edu.pl\/instytut\/ifiz\/wp-json\/wp\/v2\/comments?post=6699"}],"version-history":[{"count":0,"href":"https:\/\/us.edu.pl\/instytut\/ifiz\/wp-json\/wp\/v2\/pages\/6699\/revisions"}],"wp:attachment":[{"href":"https:\/\/us.edu.pl\/instytut\/ifiz\/wp-json\/wp\/v2\/media?parent=6699"}],"curies":[{"name":"wp","href":"https:\/\/api.w.org\/{rel}","templated":true}]}}