{"id":6706,"date":"2025-04-14T14:39:38","date_gmt":"2025-04-14T12:39:38","guid":{"rendered":"https:\/\/us.edu.pl\/instytut\/ifiz\/?page_id=6706"},"modified":"2025-04-30T09:37:43","modified_gmt":"2025-04-30T07:37:43","slug":"zapros-nas-do-swojej-szkoly","status":"publish","type":"page","link":"https:\/\/us.edu.pl\/instytut\/ifiz\/wspolpraca-ze-szkolami\/zapros-nas-do-swojej-szkoly\/","title":{"rendered":"Zapro\u015b nas do swojej szko\u0142y"},"content":{"rendered":"<p>[vc_row][vc_column][vc_column_text][\/vc_column_text][\/vc_column][\/vc_row][vc_row][vc_column]\r\n                <div class=\"text-modules \">\r\n                    <div class=\"container\">\r\n                        <h3 class=\"section-title section-title_border-bottom\">Uniwersytet w Twojej szkole - zapraszamy do wsp\u00f3\u0142pracy<\/h3> \r\n                        <div class=\"row m-0\">\r\n                            <div class=\"text-modules__content\">\r\n                                <\/p>\n<p class=\"\" data-start=\"282\" data-end=\"610\"><span style=\"font-size: 14pt;\">Uniwersytet \u015al\u0105ski oraz Wydzia\u0142 Nauk \u015acis\u0142ych i Technicznych U\u015a aktywnie realizuj\u0105 projekty edukacyjne, w ramach kt\u00f3rych nasi <strong data-start=\"369\" data-end=\"413\">nauczyciele akademiccy odwiedzaj\u0105 szko\u0142y<\/strong> i prowadz\u0105 wyk\u0142ady oraz spotkania dla uczni\u00f3w. To wyj\u0105tkowa okazja, aby wprowadzi\u0107 m\u0142odzie\u017c w \u015bwiat nauki z perspektywy akademickiej, poszerzy\u0107 ich horyzonty oraz zainspirowa\u0107 do dalszego rozwoju.<\/span><\/p>\n<p class=\"\" data-start=\"902\" data-end=\"961\"><span style=\"font-size: 14pt;\">Poni\u017cej znajduj\u0105 si\u0119 linki do aktualnie prowadzonych projekt\u00f3w:<\/span><\/p>\n<ul>\n<li data-start=\"902\" data-end=\"961\"><span style=\"font-size: 14pt;\"><a href=\"https:\/\/us.edu.pl\/wydzial\/wnst\/wspolpraca\/szkoly\/ksztalcenie-dla-przyszlosci\/\">Kszta\u0142cenie dla przysz\u0142o\u015bci &#8211; projekt wydzia\u0142owy<\/a><\/span><\/li>\n<li data-start=\"902\" data-end=\"961\"><span style=\"font-size: 14pt;\"><a href=\"https:\/\/us.edu.pl\/komunikaty\/wsparcie-procesu-sprawiedliwej-transformacji-poprzez-promocje-edukacji-wyzszej\/\">Wsparcie Procesu Sprawiedliwej Transformacji poprzez Promocj\u0119 Edukacji Wy\u017cszej &#8211; projekt uniwersytecki<\/a><\/span><\/li>\n<\/ul>\n<div class=\"mt-3\"><\/div>\r\n                            <\/div>\r\n                            \r\n                            <div class=\"text-modules__img\"><img src=\"https:\/\/us.edu.pl\/instytut\/ifiz\/wp-content\/uploads\/sites\/39\/Bez-kategorii\/MyDoSzkoly-240x300.jpeg\" alt=\"img\"><\/div>\r\n                        <\/div>\r\n                    <\/div>\r\n                <\/div>[\/vc_column][\/vc_row][vc_row][vc_column][vc_column_text][\/vc_column_text][\/vc_column][\/vc_row]<\/p>","protected":false},"excerpt":{"rendered":"<p>[vc_row][vc_column][vc_column_text][\/vc_column_text][\/vc_column][\/vc_row][vc_row][vc_column][\/vc_column][\/vc_row][vc_row][vc_column][vc_column_text][\/vc_column_text][\/vc_column][\/vc_row] [&#8230;]<\/p>\n<p><a class=\"btn btn-secondary understrap-read-more-link\" href=\"https:\/\/us.edu.pl\/instytut\/ifiz\/wspolpraca-ze-szkolami\/zapros-nas-do-swojej-szkoly\/\">Read More&#8230;<\/a><\/p>\n","protected":false},"author":6706,"featured_media":0,"parent":6699,"menu_order":10,"comment_status":"closed","ping_status":"closed","template":"","meta":{"_expiration-date-status":"","_expiration-date":0,"_expiration-date-type":"","_expiration-date-categories":[],"_expiration-date-options":[]},"acf":[],"_links":{"self":[{"href":"https:\/\/us.edu.pl\/instytut\/ifiz\/wp-json\/wp\/v2\/pages\/6706"}],"collection":[{"href":"https:\/\/us.edu.pl\/instytut\/ifiz\/wp-json\/wp\/v2\/pages"}],"about":[{"href":"https:\/\/us.edu.pl\/instytut\/ifiz\/wp-json\/wp\/v2\/types\/page"}],"author":[{"embeddable":true,"href":"https:\/\/us.edu.pl\/instytut\/ifiz\/wp-json\/wp\/v2\/users\/6706"}],"replies":[{"embeddable":true,"href":"https:\/\/us.edu.pl\/instytut\/ifiz\/wp-json\/wp\/v2\/comments?post=6706"}],"version-history":[{"count":0,"href":"https:\/\/us.edu.pl\/instytut\/ifiz\/wp-json\/wp\/v2\/pages\/6706\/revisions"}],"up":[{"embeddable":true,"href":"https:\/\/us.edu.pl\/instytut\/ifiz\/wp-json\/wp\/v2\/pages\/6699"}],"wp:attachment":[{"href":"https:\/\/us.edu.pl\/instytut\/ifiz\/wp-json\/wp\/v2\/media?parent=6706"}],"curies":[{"name":"wp","href":"https:\/\/api.w.org\/{rel}","templated":true}]}}