{"id":6760,"date":"2025-04-14T15:39:14","date_gmt":"2025-04-14T13:39:14","guid":{"rendered":"https:\/\/us.edu.pl\/instytut\/ifiz\/?page_id=6760"},"modified":"2025-08-07T12:23:46","modified_gmt":"2025-08-07T10:23:46","slug":"z-klasa-na-kampus","status":"publish","type":"page","link":"https:\/\/us.edu.pl\/instytut\/ifiz\/wspolpraca-ze-szkolami\/z-klasa-na-kampus\/","title":{"rendered":"Z klas\u0105 na kampus!"},"content":{"rendered":"<p>[vc_row][vc_column][vc_column_text][\/vc_column_text][\/vc_column][\/vc_row][vc_row][vc_column]\r\n                <div class=\"text-modules \">\r\n                    <div class=\"container\">\r\n                        <h3 class=\"section-title section-title_border-bottom\">Z klas\u0105 na kampus!<\/h3> <h3 class=\"subtitle text-modules__subtitle\">Twoi uczniowie na uniwersytecie \u2013 wydarzenia pe\u0142ne inspiracji<\/h3>\r\n                        <div class=\"row m-0\">\r\n                            <div class=\"text-modules__content\">\r\n                                <\/p>\n<p class=\"\" data-start=\"254\" data-end=\"501\"><span style=\"font-size: 14pt;\">Chcesz zainspirowa\u0107 swoich uczni\u00f3w, pokaza\u0107 im, jak wygl\u0105da prawdziwe \u017cycie akademickie i pom\u00f3c w odkrywaniu ich naukowych pasji?<\/span><br data-start=\"383\" data-end=\"386\" \/><span style=\"font-size: 14pt;\">Zapoznaj si\u0119 z nasz\u0105 ofert\u0105 <strong data-start=\"414\" data-end=\"439\">wydarze\u0144 promocyjnych<\/strong>, podczas kt\u00f3rych <strong data-start=\"457\" data-end=\"500\">szko\u0142y odwiedzaj\u0105 Uniwersytet \u015al\u0105ski, Wydzia\u0142 Nauk \u015acis\u0142ych i Technicznych czy Instytut Fizyki im. Augusta Che\u0142kowskiego<\/strong>!<\/span><\/p>\n<p class=\"\" data-start=\"846\" data-end=\"952\"><span style=\"font-size: 14pt;\">To nie tylko wizyta \u2013 to <strong data-start=\"871\" data-end=\"888\">do\u015bwiadczenie<\/strong>, kt\u00f3re zostaje w pami\u0119ci i cz\u0119sto otwiera nowe \u015bcie\u017cki rozwoju. <\/span><\/p>\n<div class=\"mt-3\"><\/div>\r\n                            <\/div>\r\n                            \r\n                            <div class=\"text-modules__img\"><img src=\"https:\/\/us.edu.pl\/instytut\/ifiz\/wp-content\/uploads\/sites\/39\/Bez-kategorii\/15-1-300x225.png\" alt=\"img\"><\/div>\r\n                        <\/div>\r\n                    <\/div>\r\n                <\/div>[\/vc_column][\/vc_row][vc_row][vc_column]\r\n                <div class=\"text-modules \">\r\n                    <div class=\"container\">\r\n                        <h3 class=\"section-title section-title_border-bottom\">Sprawd\u017a co mamy na sta\u0142e w ofercie<\/h3> <h3 class=\"subtitle text-modules__subtitle\">i zaplanuj wizyt\u0119<\/h3>\r\n                        <div class=\"row m-0\">\r\n                            <div class=\"text-modules__content\">\r\n                                <\/p>\n<ul>\n<li data-start=\"954\" data-end=\"1068\"><span style=\"font-size: 14pt;\"><a href=\"https:\/\/us.edu.pl\/wydzial\/wnst\/wspolpraca\/szkoly\/swieto-liczby-pi\/\"><strong>Marzec<\/strong> &#8211; Wydzia\u0142owe \u015awi\u0119to Liczby Pi<\/a><\/span><\/li>\n<li data-start=\"954\" data-end=\"1068\"><span style=\"font-size: 14pt;\"><a href=\"https:\/\/us.edu.pl\/wydzial\/wnst\/wspolpraca\/szkoly\/konkurs-wzrostu-krysztalow\/\"><strong>Czerwiec<\/strong> &#8211; fina\u0142 Og\u00f3lnopolskiego Konkursu Wzrostu Kryszta\u0142\u00f3w w Instytucie Fizyki im. Augusta Che\u0142kowskiego<\/a><\/span><\/li>\n<li data-start=\"954\" data-end=\"1068\"><a href=\"https:\/\/us.edu.pl\/instytut\/ifiz\/wspolpraca-ze-szkolami\/z-klasa-na-kampus\/grudniowe-sympozja-tematyczne\/\"><span style=\"font-size: 14pt;\"><strong>Grudzie\u0144<\/strong> &#8211; Sympozjum Tematyczne w Instytucie Fizyki im. Augusta Che\u0142kowskiego<\/span><\/a><\/li>\n<li data-start=\"954\" data-end=\"1068\"><span style=\"font-size: 14pt;\"><a href=\"https:\/\/uniwersytetotwarty.us.edu.pl\/uniwersytet-najlepszych\/\"><strong>Ca\u0142y Rok<\/strong> &#8211; Uniwersytet Najlepszych &#8211; uniwersytecki program tutoringowy<\/a><\/span><\/li>\n<li data-start=\"954\" data-end=\"1068\"><span style=\"font-size: 14pt;\"><strong>Ca\u0142y Rok<\/strong> &#8211; pokazy fizyczne na zam\u00f3wienie<\/span><\/li>\n<\/ul>\n<div class=\"mt-3\"><\/div>\r\n                            <\/div>\r\n                            \r\n                            \r\n                        <\/div>\r\n                    <\/div>\r\n                <\/div>[\/vc_column][\/vc_row][vc_row][vc_column]            \r\n                \r\n                <div class=\"container\">\r\n                     <div class=\"gallery-big \">\r\n                        \r\n                        <div class=\"row m-0\">\r\n                        <a data-fancybox=\"1579\" href=\"https:\/\/us.edu.pl\/instytut\/ifiz\/wp-content\/uploads\/sites\/39\/Bez-kategorii\/5-1.png\"\r\n                        title=\"\" \r\n                        class=\"gallery-big__item gallery-big__item_big thumbnail\"\r\n                        style=\"background-image: url(https:\/\/us.edu.pl\/instytut\/ifiz\/wp-content\/uploads\/sites\/39\/Bez-kategorii\/5-1.png)\"><span class=\"d-none\">https:\/\/us.edu.pl\/instytut\/ifiz\/wp-content\/uploads\/sites\/39\/Bez-kategorii\/5-1.png<\/span><\/a><div class=\"gallery-big__small-items\">\r\n                        <a data-fancybox=\"1579\" href=\"https:\/\/us.edu.pl\/instytut\/ifiz\/wp-content\/uploads\/sites\/39\/Bez-kategorii\/37-1.png\"\r\n                        title=\"\" \r\n                        class=\"gallery-big__item  thumbnail\"\r\n                        style=\"background-image: url(https:\/\/us.edu.pl\/instytut\/ifiz\/wp-content\/uploads\/sites\/39\/Bez-kategorii\/37-1.png)\"><span class=\"d-none\">https:\/\/us.edu.pl\/instytut\/ifiz\/wp-content\/uploads\/sites\/39\/Bez-kategorii\/37-1.png<\/span><\/a>\r\n                        <a data-fancybox=\"1579\" href=\"https:\/\/us.edu.pl\/instytut\/ifiz\/wp-content\/uploads\/sites\/39\/Bez-kategorii\/24-1.png\"\r\n                        title=\"\" \r\n                        class=\"gallery-big__item  thumbnail\"\r\n                        style=\"background-image: url(https:\/\/us.edu.pl\/instytut\/ifiz\/wp-content\/uploads\/sites\/39\/Bez-kategorii\/24-1.png)\"><span class=\"d-none\">https:\/\/us.edu.pl\/instytut\/ifiz\/wp-content\/uploads\/sites\/39\/Bez-kategorii\/24-1.png<\/span><\/a><\/div><\/div><div class=\"row m-0\">\r\n                        <a data-fancybox=\"1579\" href=\"https:\/\/us.edu.pl\/instytut\/ifiz\/wp-content\/uploads\/sites\/39\/Bez-kategorii\/13-1.png\"\r\n                        title=\"\" \r\n                        class=\"gallery-big__item gallery-big__item_big thumbnail\"\r\n                        style=\"background-image: url(https:\/\/us.edu.pl\/instytut\/ifiz\/wp-content\/uploads\/sites\/39\/Bez-kategorii\/13-1.png)\"><span class=\"d-none\">https:\/\/us.edu.pl\/instytut\/ifiz\/wp-content\/uploads\/sites\/39\/Bez-kategorii\/13-1.png<\/span><\/a><\/div><\/div>\r\n                    <\/div>\r\n                <\/div>[\/vc_column][\/vc_row][vc_row][vc_column][vc_column_text][\/vc_column_text][\/vc_column][\/vc_row]<\/p>","protected":false},"excerpt":{"rendered":"<p>[vc_row][vc_column][vc_column_text][\/vc_column_text][\/vc_column][\/vc_row][vc_row][vc_column][\/vc_column][\/vc_row][vc_row][vc_column][\/vc_column][\/vc_row][vc_row][vc_column][\/vc_column][\/vc_row][vc_row][vc_column][vc_column_text][\/vc_column_text][\/vc_column][\/vc_row] [&#8230;]<\/p>\n<p><a class=\"btn btn-secondary understrap-read-more-link\" href=\"https:\/\/us.edu.pl\/instytut\/ifiz\/wspolpraca-ze-szkolami\/z-klasa-na-kampus\/\">Read More&#8230;<\/a><\/p>\n","protected":false},"author":6706,"featured_media":0,"parent":6699,"menu_order":20,"comment_status":"closed","ping_status":"closed","template":"","meta":{"_expiration-date-status":"","_expiration-date":0,"_expiration-date-type":"","_expiration-date-categories":[],"_expiration-date-options":[]},"acf":[],"_links":{"self":[{"href":"https:\/\/us.edu.pl\/instytut\/ifiz\/wp-json\/wp\/v2\/pages\/6760"}],"collection":[{"href":"https:\/\/us.edu.pl\/instytut\/ifiz\/wp-json\/wp\/v2\/pages"}],"about":[{"href":"https:\/\/us.edu.pl\/instytut\/ifiz\/wp-json\/wp\/v2\/types\/page"}],"author":[{"embeddable":true,"href":"https:\/\/us.edu.pl\/instytut\/ifiz\/wp-json\/wp\/v2\/users\/6706"}],"replies":[{"embeddable":true,"href":"https:\/\/us.edu.pl\/instytut\/ifiz\/wp-json\/wp\/v2\/comments?post=6760"}],"version-history":[{"count":0,"href":"https:\/\/us.edu.pl\/instytut\/ifiz\/wp-json\/wp\/v2\/pages\/6760\/revisions"}],"up":[{"embeddable":true,"href":"https:\/\/us.edu.pl\/instytut\/ifiz\/wp-json\/wp\/v2\/pages\/6699"}],"wp:attachment":[{"href":"https:\/\/us.edu.pl\/instytut\/ifiz\/wp-json\/wp\/v2\/media?parent=6760"}],"curies":[{"name":"wp","href":"https:\/\/api.w.org\/{rel}","templated":true}]}}