{"id":6810,"date":"2025-04-14T17:11:57","date_gmt":"2025-04-14T15:11:57","guid":{"rendered":"https:\/\/us.edu.pl\/instytut\/ifiz\/?page_id=6810"},"modified":"2025-04-30T14:43:00","modified_gmt":"2025-04-30T12:43:00","slug":"pomoce-dydaktyczne-dla-nauczycieli","status":"publish","type":"page","link":"https:\/\/us.edu.pl\/instytut\/ifiz\/wspolpraca-ze-szkolami\/pomoce-dydaktyczne-dla-nauczycieli\/","title":{"rendered":"Pomoce dydaktyczne dla nauczycieli"},"content":{"rendered":"<p>[vc_row][vc_column][vc_column_text][\/vc_column_text][\/vc_column][\/vc_row][vc_row][vc_column][vc_column_text][\/vc_column_text][\/vc_column][\/vc_row][vc_row][vc_column]\r\n                <div class=\"text-modules \">\r\n                    <div class=\"container\">\r\n                        <h3 class=\"section-title section-title_border-bottom\">Materia\u0142y dla nauczycieli<\/h3> <h3 class=\"subtitle text-modules__subtitle\">wyk\u0142ady i eksperymenty, kt\u00f3re mo\u017cesz zabra\u0107 na lekcj\u0119<\/h3>\r\n                        <div class=\"row m-0\">\r\n                            <div class=\"text-modules__content\">\r\n                                <\/p>\n<p class=\"\" data-start=\"292\" data-end=\"554\"><span style=\"font-size: 14pt;\"><strong>Szanowni Nauczyciele<\/strong>,<\/span><br data-start=\"313\" data-end=\"316\" \/><span style=\"font-size: 14pt;\">serdecznie zapraszamy do skorzystania z naszej <strong data-start=\"363\" data-end=\"423\">bazy nagra\u0144 wyk\u0142ad\u00f3w oraz pokaz\u00f3w do\u015bwiadcze\u0144 fizycznych<\/strong>, przygotowanych z my\u015bl\u0105 o wsparciu Waszej pracy dydaktycznej \u2013 zw\u0142aszcza tam, gdzie dost\u0119p do pracowni fizycznej jest ograniczony.<\/span><\/p>\n<p class=\"\" data-start=\"556\" data-end=\"596\"><span style=\"font-size: 14pt;\">W\u015br\u00f3d dost\u0119pnych materia\u0142\u00f3w znajdziecie:<\/span><\/p>\n<ul data-start=\"598\" data-end=\"917\">\n<li class=\"\" data-start=\"598\" data-end=\"690\">\n<p class=\"\" data-start=\"600\" data-end=\"690\"><span style=\"font-size: 14pt;\">kr\u00f3tkie <strong data-start=\"608\" data-end=\"633\">eksperymenty fizyczne<\/strong> z om\u00f3wieniem \u2013 idealne do pokazania uczniom na lekcji,<\/span><\/p>\n<\/li>\n<li class=\"\" data-start=\"691\" data-end=\"828\">\n<p class=\"\" data-start=\"693\" data-end=\"828\"><span style=\"font-size: 14pt;\"><strong data-start=\"693\" data-end=\"726\">nagrane wyk\u0142ady i miniwyk\u0142ady<\/strong> prowadzone przez nauczycieli akademickich \u2013 wprowadzaj\u0105ce i rozwijaj\u0105ce r\u00f3\u017cne zagadnienia fizyczne,<\/span><\/p>\n<\/li>\n<li class=\"\" data-start=\"829\" data-end=\"917\">\n<p class=\"\" data-start=\"831\" data-end=\"917\"><span style=\"font-size: 14pt;\"><strong data-start=\"831\" data-end=\"855\">materia\u0142y tematyczne<\/strong> dostosowane do poziomu szko\u0142y podstawowej i ponadpodstawowej.<\/span><\/p>\n<\/li>\n<\/ul>\n<p class=\"\" data-start=\"919\" data-end=\"1060\"><span style=\"font-size: 14pt;\">To praktyczne narz\u0119dzia, kt\u00f3re mo\u017cna wykorzysta\u0107 zar\u00f3wno w czasie lekcji stacjonarnych, jak i zdalnych \u2013 niezale\u017cnie od wyposa\u017cenia pracowni. Dzielmy si\u0119 nauk\u0105 \u2013 w przyst\u0119pny i nowoczesny spos\u00f3b.<\/span><\/p>\n<div class=\"mt-3\"><\/div>\r\n                            <\/div>\r\n                            \r\n                            \r\n                        <\/div>\r\n                    <\/div>\r\n                <\/div>[\/vc_column][\/vc_row][vc_row][vc_column]\r\n\r\n            <div class=\"blocks\" style=\"text-align: center\">\r\n               <div class=\"container\">\r\n                  \r\n                  <div class=\"row m-0 blocks_3\">\r\n                  \r\n                     <a href=\"https:\/\/us.edu.pl\/instytut\/ifiz\/nagrania-wyklady\" class=\"thumbnail blocks__item\" style=\"background-image: url(https:\/\/us.edu.pl\/instytut\/ifiz\/wp-content\/uploads\/sites\/39\/Bez-kategorii\/elearning-wyklady-1024x682.png)\">\r\n                        <span>wi\u0119cej<\/span>\r\n                        <div class=\"blocks__bottom\">\r\n                        <div class=\"blocks__title\">Wyk\u0142ady popularnonaukowe<\/div>\r\n                        \r\n                        <\/div>\r\n                     <\/a>\r\n                  \r\n                     <a href=\"\/instytut\/ifiz\/wspolpraca-ze-szkolami\/pomoce-dydaktyczne-dla-nauczycieli\/nagrania-doswiadczen\/ \" class=\"thumbnail blocks__item\" style=\"background-image: url(https:\/\/us.edu.pl\/instytut\/ifiz\/wp-content\/uploads\/sites\/39\/Bez-kategorii\/elearning-doswiadczenia-1024x682.png)\">\r\n                        <span>wi\u0119cej<\/span>\r\n                        <div class=\"blocks__bottom\">\r\n                        <div class=\"blocks__title\">Nagrane do\u015bwiadczenia fizyczne<\/div>\r\n                        \r\n                        <\/div>\r\n                     <\/a><\/div>     \r\n               <\/div>\r\n            <\/div>[\/vc_column][\/vc_row][vc_row][vc_column][vc_column_text][\/vc_column_text][\/vc_column][\/vc_row][vc_row][vc_column][vc_column_text][\/vc_column_text][\/vc_column][\/vc_row]<\/p>","protected":false},"excerpt":{"rendered":"<p>[vc_row][vc_column][vc_column_text][\/vc_column_text][\/vc_column][\/vc_row][vc_row][vc_column][vc_column_text][\/vc_column_text][\/vc_column][\/vc_row][vc_row][vc_column][\/vc_column][\/vc_row][vc_row][vc_column][\/vc_column][\/vc_row][vc_row][vc_column][vc_column_text][\/vc_column_text][\/vc_column][\/vc_row][vc_row][vc_column][vc_column_text][\/vc_column_text][\/vc_column][\/vc_row] [&#8230;]<\/p>\n<p><a class=\"btn btn-secondary understrap-read-more-link\" href=\"https:\/\/us.edu.pl\/instytut\/ifiz\/wspolpraca-ze-szkolami\/pomoce-dydaktyczne-dla-nauczycieli\/\">Read More&#8230;<\/a><\/p>\n","protected":false},"author":6706,"featured_media":0,"parent":6699,"menu_order":30,"comment_status":"closed","ping_status":"closed","template":"","meta":{"_expiration-date-status":"","_expiration-date":0,"_expiration-date-type":"","_expiration-date-categories":[],"_expiration-date-options":[]},"acf":[],"_links":{"self":[{"href":"https:\/\/us.edu.pl\/instytut\/ifiz\/wp-json\/wp\/v2\/pages\/6810"}],"collection":[{"href":"https:\/\/us.edu.pl\/instytut\/ifiz\/wp-json\/wp\/v2\/pages"}],"about":[{"href":"https:\/\/us.edu.pl\/instytut\/ifiz\/wp-json\/wp\/v2\/types\/page"}],"author":[{"embeddable":true,"href":"https:\/\/us.edu.pl\/instytut\/ifiz\/wp-json\/wp\/v2\/users\/6706"}],"replies":[{"embeddable":true,"href":"https:\/\/us.edu.pl\/instytut\/ifiz\/wp-json\/wp\/v2\/comments?post=6810"}],"version-history":[{"count":0,"href":"https:\/\/us.edu.pl\/instytut\/ifiz\/wp-json\/wp\/v2\/pages\/6810\/revisions"}],"up":[{"embeddable":true,"href":"https:\/\/us.edu.pl\/instytut\/ifiz\/wp-json\/wp\/v2\/pages\/6699"}],"wp:attachment":[{"href":"https:\/\/us.edu.pl\/instytut\/ifiz\/wp-json\/wp\/v2\/media?parent=6810"}],"curies":[{"name":"wp","href":"https:\/\/api.w.org\/{rel}","templated":true}]}}