{"id":6942,"date":"2025-04-15T13:37:31","date_gmt":"2025-04-15T11:37:31","guid":{"rendered":"https:\/\/us.edu.pl\/instytut\/ifiz\/?page_id=6942"},"modified":"2025-04-30T09:33:42","modified_gmt":"2025-04-30T07:33:42","slug":"fizycy-w-swiecie-si","status":"publish","type":"page","link":"https:\/\/us.edu.pl\/instytut\/ifiz\/fizycy-w-swiecie-si\/","title":{"rendered":"Fizycy w \u015bwiecie SI: przekraczanie granic dyscyplin"},"content":{"rendered":"<p>[vc_row][vc_column]\r\n                <div class=\"text-modules \">\r\n                    <div class=\"container\">\r\n                        <h3 class=\"section-title section-title_border-bottom\">Fizycy w \u015bwiecie SI: przekraczanie granic dyscyplin<\/h3> \r\n                        <div class=\"row m-0\">\r\n                            <div class=\"text-modules__content\">\r\n                                <\/p>\n<p style=\"text-align: center;\"><span style=\"font-family: Calibri, serif; color: #003366;\"><span style=\"font-size: 24px;\"><b>Zapraszamy na coroczne Grudniowe Sympozjum Tematyczne<\/b><\/span><\/span><\/p>\n<p>&nbsp;<\/p>\n<table style=\"border-collapse: collapse; width: 100%;\">\n<tbody>\n<tr>\n<td style=\"width: 27.8575%;\"><span style=\"font-size: 14pt;\"><strong>Termin<\/strong><\/span><\/td>\n<td style=\"width: 72.1425%;\"><span style=\"font-size: 14pt;\">12 grudnia 2024<\/span><\/td>\n<\/tr>\n<tr>\n<td style=\"width: 27.8575%;\"><span style=\"font-size: 14pt;\"><strong>Lokalizacja<\/strong><\/span><\/td>\n<td style=\"width: 72.1425%;\"><span style=\"font-size: 14pt;\">Instytut Fizyki, Uniwersytet \u015al\u0105ski, ul. 75 Pu\u0142ku Piechoty 1A, Aula P\/0\/05, 41 500 Chorz\u00f3w<\/span><\/td>\n<\/tr>\n<tr>\n<td style=\"width: 27.8575%;\"><\/td>\n<td style=\"width: 72.1425%;\"><\/td>\n<\/tr>\n<tr>\n<td style=\"width: 27.8575%;\"><span style=\"font-size: 14pt;\"><strong>Formularz rejestracyjny<\/strong><\/span><\/td>\n<td style=\"width: 72.1425%;\"><span style=\"font-size: 14pt;\"><a href=\"https:\/\/us.edu.pl\/instytut\/ifiz\/limit-miejsc-wyczerpany\/\">KLIKNIJ TUTAJ<\/a><\/span><\/td>\n<\/tr>\n<tr>\n<td style=\"width: 27.8575%;\"><span style=\"font-size: 14pt;\"><strong>Transmisja<\/strong><\/span><\/td>\n<td style=\"width: 72.1425%;\"><strong><span style=\"font-size: 14pt;\"><a href=\"https:\/\/us.edu.pl\/instytut\/ifiz\/multimedia\/sympozjum-fizycy-w-swiecie-si-przekraczanie-granic-dyscyplin\/\">KLIKNIJ TUTAJ<\/a><\/span><\/strong><\/td>\n<\/tr>\n<\/tbody>\n<\/table>\n<p>&nbsp;<\/p>\n<p style=\"text-align: center;\"><span style=\"font-size: 18pt;\"><b>Zapraszamy do zapis\u00f3w!<\/b><\/span><\/p>\n<div class=\"mt-3\"><\/div>\r\n                            <\/div>\r\n                            \r\n                            <div class=\"text-modules__img\"><img src=\"https:\/\/us.edu.pl\/instytut\/ifiz\/wp-content\/uploads\/sites\/39\/Bez-kategorii\/POST_2.png\" alt=\"img\"><\/div>\r\n                        <\/div>\r\n                    <\/div>\r\n                <\/div>[\/vc_column][\/vc_row][vc_row css=&#8221;.vc_custom_1744732587331{margin-left: 150px !important;}&#8221;][vc_column el_class=&#8221;container zakladki&#8221;][vc_tta_tabs active_section=&#8221;1&#8243;][vc_tta_section title=&#8221;O sympozjum&#8221; tab_id=&#8221;1744717726704-df217991-df42&#8243; el_class=&#8221;container zakladki&#8221;]\r\n                <div class=\"text-modules\">\r\n                    <div class=\"container\">\r\n                        \r\n                        <div class=\"text-modules__content\"><\/p>\n<div class=\"vc_tta-panel-body\">\n<div class=\"text-modules\">\n<div class=\"container\">\n<div class=\"text-modules__content\">\n<h4><span style=\"font-size: 14pt; color: #003366;\">Dyrekcja Instytutu Fizyki U\u015a oraz Polskie Towarzystwo Fizyczne maj\u0105 zaszczyt i przyjemno\u015b\u0107 zaprosi\u0107 na wyj\u0105tkowe sympozjum naukowe \u201eFizycy w \u015awiecie SI: Przekraczanie Granic Dyscyplin\u201d, kt\u00f3ra odb\u0119dzie si\u0119 w dniu <strong>12 grudnia 2024<\/strong> roku w <strong>Kampusie Chorzowskim Uniwersytetu \u015al\u0105skiego, ul. 75 Pu\u0142ku Piechoty 1, 41-500 Chorz\u00f3w w auli <span style=\"color: #ff6600;\">P\/0\/05<\/span>.<\/strong><\/span><\/h4>\n<p><span style=\"font-size: 14pt;\">Konferencja ta jest dedykowana najnowszym osi\u0105gni\u0119ciom z zakresu fizyki oraz sztucznej inteligencji, a jej celem jest zainspirowanie i zintegrowanie \u015brodowisk naukowych oraz technologicznych. Wydarzenie b\u0119dzie doskona\u0142\u0105 okazj\u0105 do zaprezentowania, jak umiej\u0119tno\u015bci i wiedza fizyk\u00f3w przyczyniaj\u0105 si\u0119 do dynamicznego rozwoju sztucznej inteligencji w r\u00f3\u017cnych dziedzinach, w tym w medycynie i optymalizacji proces\u00f3w przemys\u0142owych.<\/span><\/p>\n<p><span style=\"font-size: 14pt;\">Szczeg\u00f3ln\u0105 atrakcj\u0105 tegorocznego wydarzenia b\u0119dzie segment po\u015bwi\u0119cony laureatom Nagrody Nobla w dziedzinie fizyki z 2024 roku, kt\u00f3rzy zostali wyr\u00f3\u017cnieni za prze\u0142omowe badania w obszarze komputer\u00f3w kwantowych oraz ich zastosowa\u0144 w sztucznej inteligencji. Ich rewolucyjne prace otworzy\u0142y nowe horyzonty zar\u00f3wno w fizyce teoretycznej, jak i stosowanej, stwarzaj\u0105c niespotykane dot\u0105d mo\u017cliwo\u015bci rozwoju technologii SI. Ich osi\u0105gni\u0119cia b\u0119d\u0105 omawiane podczas konferencji, ukazuj\u0105c, jak te innowacje zmieniaj\u0105 r\u00f3\u017cnorodne bran\u017ce.<\/span><\/p>\n<p><span style=\"font-size: 14pt; color: #003366;\"><strong>Prelegentami b\u0119d\u0105 fizycy pracuj\u0105cy zar\u00f3wno na znakomitych uniwersytetach polskich i zagranicznych, jak i w sektorze prywatnym. Przewidujemy wyk\u0142ady w j\u0119zyku polskim i angielskim.<\/strong><\/span><\/p>\n<p>&nbsp;<\/p>\n<p><span style=\"font-size: 14pt;\"><strong><span style=\"color: #003366;\">Aby uczestniczy\u0107 w wydarzeniu w formie stacjonarnej, nale\u017cy si\u0119 zarejestrowa\u0107.<\/span> <\/strong><\/span><\/p>\n<p><span style=\"font-size: 14pt; color: #003366;\"><strong>Wydarzenie b\u0119dzie emitowane na kanale Youtube<\/strong>: <strong><a style=\"color: #003366;\" href=\"https:\/\/youtu.be\/jqfodfd-K-Y\">kliknij tutaj<\/a><\/strong><\/span><\/p>\n<\/div>\n<\/div>\n<\/div>\n<\/div>\n<p>\n<\/div>\r\n                    <\/div>\r\n                <\/div>[\/vc_tta_section][vc_tta_section title=&#8221;Harmonogram&#8221; tab_id=&#8221;1744717726714-5589f640-1cfb&#8221;]\r\n                <div class=\"text-modules\">\r\n                    <div class=\"container\">\r\n                        \r\n                        <div class=\"text-modules__content\"><\/p>\n<div class=\"vc_tta-panel-body\">\n<div class=\"text-modules\">\n<div class=\"container\">\n<div class=\"text-modules__content\">\n<p><span style=\"font-size: 14pt;\"><strong><span style=\"color: #003366;\">9:30 \u2013 10:15 dr Stuart Gibson,<em>\u00a0Physics-Driven AI and AI-Driven Physics, Exploring a Symbiotic Evolution<\/em><\/span>,<\/strong><strong>\u00a0<span style=\"color: #ff6600;\">wyk\u0142ad w j\u0119zyku angielskim<\/span><\/strong><\/span><\/p>\n<p><span style=\"font-size: 14pt;\">This lecture examines the intersection of physics and artificial intelligence (AI), inspired by the pioneering contributions of 2024 Nobel Laureates John Hopfield and Geoffrey Hinton. We begin with an accessible introduction to machine learning and AI fundamentals, setting the stage for understanding the Nobel-winning advancements in neural networks and associative memory. By drawing on principles from physics, Hopfield and Hinton created adaptive models that enable autonomous pattern recognition, influencing developments from image recognition to the transformative potential of deep learning.<\/span><br \/>\n<span style=\"font-size: 14pt;\">The presentation will showcase AI\u2019s impact within physics, highlighting applications in materials science, particle research, and other fields. The speaker will also share insights from his own work in chemometrics and AI\u2019s role in the natural sciences. Concluding with a forward-looking perspective, we will explore how collaborative AI-physics efforts may shape the future of scientific discovery and lead to new breakthroughs.\u200b<\/span><\/p>\n<p>&nbsp;<\/p>\n<p><span style=\"font-size: 14pt; color: #003366;\"><strong>10:25 \u2013 10:55 dr Anna Dawid,\u00a0<em>Wyja\u015bnia\u0107 czy interpretowa\u0107? Czyli jak uczy\u0107 si\u0119 (fizyki kwantowej) od sieci neuronowych<\/em><\/strong><\/span><\/p>\n<p><span style=\"font-size: 14pt;\">G\u0142\u0119bokie uczenie maszynowe rewolucjonizuje przemys\u0142 i obiecuje zmieni\u0107 oblicze nauki. Ma jednak liczne ograniczenia, z kt\u00f3rych najistotniejszym z punktu widzenia rozwoju nauki jest to, \u017ce sieci neuronowe s\u0105 \u201eczarnymi skrzynkami\u201d. Taka konstrukcja\u00a0uniemo\u017cliwia nam zrozumienie jak dochodz\u0105 do podawanych wniosk\u00f3w czy odpowiedzi, co sprawia, \u017ce nie mo\u017cemy si\u0119 od nich uczy\u0107. W tej prezentacji om\u00f3wi\u0119 r\u00f3\u017cne ograniczenia sieci neuronowych, a tak\u017ce sposoby, by \u201eotworzy\u0107\u201d te czarne skrzynki za pomoc\u0105 metod wyja\u015bniania modeli uczenia maszynowego. Poka\u017c\u0119 te\u017c na przyk\u0142adzie prostego problemu z fizyki jak mo\u017cna budowa\u0107 sieci o interpretowalnej konstrukcji, przez zmuszanie ich do pos\u0142ugiwania si\u0119 \u201ej\u0119zykiem\u201d, kt\u00f3ry rozumiemy.\u200b<\/span><\/p>\n<p>&nbsp;<\/p>\n<p><span style=\"font-size: 14pt; color: #003366;\"><strong>11:05 \u2013 11:35\u00a0<\/strong><strong>dr Ciro Taranto,\u00a0<i>Visualize<\/i><i>,\u00a0<\/i><i>Predict<\/i><i>, Plan:\u00a0<\/i><i>Synergies<\/i>\u00a0<i>between<\/i>\u00a0<i>Physics<\/i><i>\u00a0and\u00a0<\/i><i>Artificial<\/i>\u00a0<i>Intelligence<\/i><i>\u00a0applied to\u00a0<\/i><i>Hydropower<\/i>,<span style=\"color: #ff6600;\">\u00a0wyk\u0142ad w j\u0119zyku angielskim<\/span><\/strong><\/span><\/p>\n<p><span style=\"font-size: 14pt;\">In this presentation, I will highlight how the skillset built as a researcher in theoretical physics has helped me to shape my motto in artificial intelligence: \u201cVisualize, Predict, Plan\u201d.<\/span><br \/>\n<span style=\"font-size: 14pt;\">Visualizing very abstract quantities is fundamental to interpret the results of complex simulations in condensed matter physics, but is also a key part of exploratory data analysis in machine learning. Predicting, one of the \u201cstandard\u201d tasks of machine learning, can benefit from the art of approximating mathematical models in theoretical physics: which relations can be assumed to be linear? Which quantities can we neglect? Finally, in order to plan actions in the real world one needs to be able to translate real-life problems into mathematical models: this is a fundamental step which allows to fully exploit the computational power that modern artificial intelligence frameworks offer us.\u200b<\/span><\/p>\n<p>&nbsp;<\/p>\n<p><span style=\"font-size: 14pt; color: #003366;\"><strong>11:45 \u2013 12:15 dr Emil Kaptur,\u00a0<i>U\u017cycie metod uczenia maszynowego w optymalizacji efektywno\u015bci\u00a0<\/i><i>paliwowej linii lotniczych na podstawie danych z rejestrator\u00f3w\u00a0<\/i><i>szybkiego dost\u0119pu (tzw. czarnych skrzynek)<\/i><\/strong><\/span><\/p>\n<p><span style=\"font-size: 14pt;\">StorkJet zajmuje si\u0119 tworzeniem oprogramowania wspieraj\u0105cego linie lotnicze w zwi\u0119kszeniu efektywno\u015bci paliwowej oraz zmniejszeniu emisji CO2 oraz pozosta\u0142ych czynnik\u00f3w wp\u0142ywaj\u0105cych na klimat. Operacje lotnicze s\u0105 skomplikowane. Na szcz\u0119\u015bcie, mo\u017cna je rozwa\u017ca\u0107 jako sum\u0119 prostszych sk\u0142adowych, w kt\u00f3rych decyzje dyspozytora, pilota, autopilota, itd. wp\u0142ywaj\u0105 w r\u00f3\u017cny spos\u00f3b na spalanie paliwa i osi\u0105gi samolotu. StorkJet stworzy\u0142 modele uczenia maszynowego, kt\u00f3re opisuj\u0105 prawie ka\u017cdy aspekt operacji lotniczych. U\u017cycie tych modeli w produktach StorkJet pozwala linii lotniczej na okre\u015blenie optymalnej procedury wykonania operacji oraz oszcz\u0119dno\u015bci zwi\u0105zanych ze zmian\u0105 procedur. Podczas prezentacji StorkJet przedstawi:<\/span><\/p>\n<ul>\n<li><span style=\"font-size: 14pt;\">Stworzenie prostego modelu uczenia maszynowego. Od odczytu \u201eczarnych skrzynek\u201d, do (niezbyt dok\u0142adnego) wyznaczenia trybu ci\u0105gu u\u017cytego podczas wznoszenia samolotu.<\/span><\/li>\n<li><span style=\"font-size: 14pt;\">Symulacja wznoszenia samolotu. Jak zmieni si\u0119 zu\u017cycie paliwa je\u015bli pilot u\u017cy\u0142by innej pr\u0119dko\u015bci wznoszenia.<\/span><\/li>\n<li><span style=\"font-size: 14pt;\">Symulacja ko\u0142owania na jednym silniku u\u017cywaj\u0105ca modeli uczenia maszynowego do przewidywania zachowania pilota. \u200b<\/span><\/li>\n<\/ul>\n<p>&nbsp;<\/p>\n<p><span style=\"font-size: 14pt; color: #003366;\"><strong>12:25 \u2013 12:55 dr hab. Marcin Kostur, prof. U\u015a,\u00a0<i>Zobaczy\u0107 niewidzialne z pomoc\u0105 g\u0142\u0119bokiego\u00a0uczenia: o rekonstrukcji\u00a0<\/i><i>zastawki aortalnej w\u00a0tomografii komputerowej\u00a0 bez kontrastu<\/i>.<\/strong><\/span><\/p>\n<p><span style=\"font-size: 14pt;\">\u200bDok\u0142adna segmentacja zastawki aortalnej (AV) w tomografii komputerowej (CT) bez kontrastu jest kluczowa dla oceny nasilenia chor\u00f3b AV oraz identyfikacji pacjent\u00f3w, kt\u00f3rzy mog\u0105 skorzysta\u0107 z interwencyjnych zabieg\u00f3w chirurgicznych. Jednak\u017ce, niska widoczno\u015b\u0107 AV w tego rodzaju obrazach medycznych stanowi powa\u017cne wyzwanie. W niniejszym wyk\u0142adzie przedstawimy innowacyjn\u0105 metod\u0119 semi-automatycznego generowania danych referencyjnych (Ground Truth) opart\u0105 na rejestracji obraz\u00f3w, kt\u00f3ra umo\u017cliwia trenowanie modeli sieci neuronowych w procesie s\u0142abego nadzoru, zdolnych do precyzyjnej segmentacji AV jedynie na podstawie obraz\u00f3w CT bez kontrastu. Ponadto, zaprezentujemy nowatorskie podej\u015bcie do oceny dok\u0142adno\u015bci segmentacji, polegaj\u0105ce na rejestracji sztywnych masek segmentowanych w obrazach kontrastowych i bez kontrastu dla ka\u017cdego pacjenta. Wyniki przeprowadzone na otwartym zbiorze danych wykazuj\u0105, \u017ce nasz model potrafi zidentyfikowa\u0107 AV z \u015brednim b\u0142\u0119dem mniejszym ni\u017c 1 mm, co wskazuje na znaczny potencja\u0142 zastosowa\u0144 klinicznych.<\/span><\/p>\n<\/div>\n<\/div>\n<\/div>\n<\/div>\n<p>\n<\/div>\r\n                    <\/div>\r\n                <\/div>[\/vc_tta_section][vc_tta_section title=&#8221;Sylwetki prelegent\u00f3w&#8221; tab_id=&#8221;1744717979337-ee5a2fd2-b4e4&#8243;]\r\n                <div class=\"text-modules\">\r\n                    <div class=\"container\">\r\n                        \r\n                        <div class=\"text-modules__content\"><\/p>\n<div class=\"vc_tta-panel-body\">\n<div class=\"text-modules\">\n<div class=\"container\">\n<div class=\"text-modules__content\">\n<p><span style=\"font-size: 14pt;\"><span style=\"color: #003366;\"><strong>dr Stuart Gibson<\/strong><\/span>\u00a0zosta\u0142 mianowany na stanowisko wyk\u0142adowcy w Szkole Fizyki i Astronomii na Uniwersytecie w Kent w 2007 roku. Jest wsp\u00f3\u0142tw\u00f3rc\u0105 systemu kompozytowego twarzy EFIT-V, kt\u00f3ry jest obecnie u\u017cywany przez wi\u0119kszo\u015b\u0107 brytyjskich jednostek policji i w wielu innych krajach. G\u0142\u00f3wnym tematem bada\u0144 dr Stuarta Gibsona s\u0105 zastosowania przetwarzania obrazu cyfrowego i uczenia maszynowego w kryminalistyce.<\/span><\/p>\n<p><span style=\"font-size: 14pt;\"><span style=\"color: #003366;\"><strong>dr Anna Dawid<\/strong><\/span>\u00a0jest jest naukowczyni\u0105 zajmuj\u0105c\u0105 si\u0119 fizyk\u0105 kwantow\u0105 i uczeniem maszynowym w Leiden University, a tak\u017ce entuzjastk\u0105 teatru i gier. Ch\u0119tnie bawi si\u0119 interpretowalnym uczeniem maszynowym w nauce, ultrazimnymi platformami do symulacji kwantowych i teori\u0105 uczenia maszynowego. Jest pasjonatk\u0105 kszta\u0142towania zautomatyzowanych podej\u015b\u0107 w unikaln\u0105 now\u0105 soczewk\u0119 naukow\u0105 i patrzenia przez ni\u0105 na ustalone trudne problemy kwantowe.<\/span><\/p>\n<p><span style=\"font-size: 14pt;\"><span style=\"color: #003366;\"><strong>dr Ciro Taranto<\/strong><\/span>\u00a0jest liderem ds. optymalizacji i uczenia maszynowego w\u00a0<a href=\"https:\/\/www.hydrogrid.ai\/\">HYDROGRID<\/a>, znanym ze swojej pasji do liczb i t\u0142umaczenia rzeczywistych problem\u00f3w na modele matematyczne i kod. Dzi\u0119ki do\u015bwiadczeniu w uczeniu maszynowym i sztucznej inteligencji wnosi analityczn\u0105 precyzj\u0119 i pragmatyczne podej\u015bcie do rozwi\u0105za\u0144. Ciro jest fizykiem, oddanym programist\u0105 Pythona, komunikatorem naukowym i cz\u0142onkiem zespo\u0142u, kt\u00f3rego nap\u0119dza ciekawo\u015b\u0107 i determinacja.<\/span><\/p>\n<p><span style=\"font-size: 14pt;\"><span style=\"color: #003366;\"><strong>dr Emil Kaptur<\/strong>\u00a0<\/span>jest szefem dzia\u0142u bada\u0144 i rozwoju w\u00a0<a href=\"https:\/\/storkjet.com\/\">StorkJet<\/a>. Posiada tytu\u0142 doktora fizyki eksperymentalnej, a jego wiedza specjalistyczna w zakresie analizy danych i uczenia maszynowego pochodzi z jego poprzedniej pracy w Europejskiej Organizacji Bada\u0144 J\u0105drowych (CERN). Obecnie kieruje zespo\u0142em badaczy uczenia maszynowego o zr\u00f3\u017cnicowanym do\u015bwiadczeniu, rozszerzaj\u0105cym modele wydajno\u015bci StorkJet, aby obejmowa\u0142y nie tylko wydajno\u015b\u0107 w locie, ale wszystkie obszary operacji lotniczych, w kt\u00f3rych mo\u017cna oszcz\u0119dza\u0107 paliwo.<\/span><\/p>\n<p><span style=\"font-size: 14pt;\"><span style=\"color: #003366;\"><strong>dr hab. Marcin Kostur, prof. U\u015a<\/strong><\/span>\u00a0to wyk\u0142adowca akademicki i naukowiec, kt\u00f3rego badania obejmuj\u0105 szeroki zakres temat\u00f3w. Jego najnowsze prace naukowe skupiaj\u0105 si\u0119 na zagadnieniach zastosowa\u0144 fizyki w medycynie i analizie obraz\u00f3w medycznych.W swoich ostatnich publikacjach, bada\u0142 mi\u0119dzy innymi transport lipoprotein niskiej g\u0119sto\u015bci w \u015bcianach t\u0119tnic oraz wykorzystanie g\u0142\u0119bokiego uczenia w interpretacji i modelowaniu proces\u00f3w istotnych w diagnostyce chor\u00f3b serca. Jest autorem rozwi\u0105za\u0144 technologicznych wykorzystuj\u0105cych uczenie maszynowe w analizie obraz\u00f3w tomografii komputerowej.<\/span><\/p>\n<\/div>\n<\/div>\n<\/div>\n<\/div>\n<p>\n<\/div>\r\n                    <\/div>\r\n                <\/div>[\/vc_tta_section][\/vc_tta_tabs][\/vc_column][\/vc_row]<\/p>","protected":false},"excerpt":{"rendered":"<p>[vc_row][vc_column][\/vc_column][\/vc_row][vc_row css=&#8221;.vc_custom_1744732587331{margin-left: 150px !important;}&#8221;][vc_column el_class=&#8221;container zakladki&#8221;][vc_tta_tabs active_section=&#8221;1&#8243;][vc_tta_section title=&#8221;O sympozjum&#8221; tab_id=&#8221;1744717726704-df217991-df42&#8243; el_class=&#8221;container zakladki&#8221;][\/vc_tta_section][vc_tta_section title=&#8221;Harmonogram&#8221; tab_id=&#8221;1744717726714-5589f640-1cfb&#8221;][\/vc_tta_section][vc_tta_section title=&#8221;Sylwetki prelegent\u00f3w&#8221; tab_id=&#8221;1744717979337-ee5a2fd2-b4e4&#8243;][\/vc_tta_section][\/vc_tta_tabs][\/vc_column][\/vc_row] [&#8230;]<\/p>\n<p><a class=\"btn btn-secondary understrap-read-more-link\" href=\"https:\/\/us.edu.pl\/instytut\/ifiz\/fizycy-w-swiecie-si\/\">Read More&#8230;<\/a><\/p>\n","protected":false},"author":6706,"featured_media":0,"parent":0,"menu_order":0,"comment_status":"closed","ping_status":"closed","template":"","meta":{"_expiration-date-status":"","_expiration-date":0,"_expiration-date-type":"","_expiration-date-categories":[],"_expiration-date-options":[]},"acf":[],"_links":{"self":[{"href":"https:\/\/us.edu.pl\/instytut\/ifiz\/wp-json\/wp\/v2\/pages\/6942"}],"collection":[{"href":"https:\/\/us.edu.pl\/instytut\/ifiz\/wp-json\/wp\/v2\/pages"}],"about":[{"href":"https:\/\/us.edu.pl\/instytut\/ifiz\/wp-json\/wp\/v2\/types\/page"}],"author":[{"embeddable":true,"href":"https:\/\/us.edu.pl\/instytut\/ifiz\/wp-json\/wp\/v2\/users\/6706"}],"replies":[{"embeddable":true,"href":"https:\/\/us.edu.pl\/instytut\/ifiz\/wp-json\/wp\/v2\/comments?post=6942"}],"version-history":[{"count":0,"href":"https:\/\/us.edu.pl\/instytut\/ifiz\/wp-json\/wp\/v2\/pages\/6942\/revisions"}],"wp:attachment":[{"href":"https:\/\/us.edu.pl\/instytut\/ifiz\/wp-json\/wp\/v2\/media?parent=6942"}],"curies":[{"name":"wp","href":"https:\/\/api.w.org\/{rel}","templated":true}]}}