{"id":7332,"date":"2025-05-16T15:36:07","date_gmt":"2025-05-16T13:36:07","guid":{"rendered":"https:\/\/us.edu.pl\/instytut\/ifiz\/?page_id=7332"},"modified":"2025-05-16T15:37:18","modified_gmt":"2025-05-16T13:37:18","slug":"dzialania-naukowe-2025","status":"publish","type":"page","link":"https:\/\/us.edu.pl\/instytut\/ifiz\/nauka\/dzialania-naukowe-2025\/","title":{"rendered":"Program Dzia\u0142ania Naukowe"},"content":{"rendered":"<p>[vc_row][vc_column]\r\n                <div class=\"text-modules \">\r\n                    <div class=\"container\">\r\n                        <h3 class=\"section-title section-title_border-bottom\">Program \u201eDzia\u0142a\u0144 Naukowych\u201d<\/h3> <h3 class=\"subtitle text-modules__subtitle\"> Wsparcie dla Aktywno\u015bci Badawczej Pracownik\u00f3w<\/h3>\r\n                        <div class=\"row m-0\">\r\n                            <div class=\"text-modules__content\">\r\n                                <\/p>\n<p class=\"\" data-start=\"119\" data-end=\"171\"><span style=\"font-size: 14pt;\"><strong data-start=\"119\" data-end=\"171\">Szanowni Pa\u0144stwo,<br data-start=\"138\" data-end=\"141\" \/>Pracownicy Instytutu Fizyki,<\/strong><\/span><\/p>\n<p class=\"\" data-start=\"173\" data-end=\"335\"><span style=\"font-size: 14pt;\">Z przyjemno\u015bci\u0105 informujemy, \u017ce w bie\u017c\u0105cym roku uruchomiony zostaje wewn\u0119trzny program <strong data-start=\"260\" data-end=\"283\">\u201eDzia\u0142a\u0144 Naukowych\u201d<\/strong>, finansowany ze \u015brodk\u00f3w rezerwy Dyrekcji Instytutu.<\/span><\/p>\n<p class=\"\" data-start=\"337\" data-end=\"440\"><span style=\"font-size: 14pt;\">Celem programu jest wsparcie aktywno\u015bci naukowej pracownik\u00f3w poprzez dofinansowanie takich dzia\u0142a\u0144 jak:<\/span><\/p>\n<ul data-start=\"442\" data-end=\"635\">\n<li class=\"\" data-start=\"442\" data-end=\"490\">\n<p class=\"\" data-start=\"444\" data-end=\"490\"><span style=\"font-size: 14pt;\">udzia\u0142 w konferencjach z w\u0142asnym wyst\u0105pieniem,<\/span><\/p>\n<\/li>\n<li class=\"\" data-start=\"491\" data-end=\"524\">\n<p class=\"\" data-start=\"493\" data-end=\"524\"><span style=\"font-size: 14pt;\">wyjazdy badawcze (np. do ESRF),<\/span><\/p>\n<\/li>\n<li class=\"\" data-start=\"525\" data-end=\"591\">\n<p class=\"\" data-start=\"527\" data-end=\"591\"><span style=\"font-size: 14pt;\">zakup drobnej aparatury badawczej (w tym dofinansowanie zakupu),<\/span><\/p>\n<\/li>\n<li class=\"\" data-start=\"592\" data-end=\"635\">\n<p class=\"\" data-start=\"594\" data-end=\"635\"><span style=\"font-size: 14pt;\">zakup pr\u00f3bek lub sprz\u0119tu laboratoryjnego.<\/span><\/p>\n<\/li>\n<\/ul>\n<p class=\"\" data-start=\"637\" data-end=\"781\"><span style=\"font-size: 14pt;\">W ramach pojedynczego wniosku mo\u017cna ubiega\u0107 si\u0119 o dofinansowanie w wysoko\u015bci do <strong data-start=\"717\" data-end=\"731\">20 000 PLN<\/strong>. Nab\u00f3r wniosk\u00f3w prowadzony b\u0119dzie w dw\u00f3ch turach:<\/span><\/p>\n<ul data-start=\"783\" data-end=\"847\">\n<li class=\"\" data-start=\"783\" data-end=\"816\">\n<p class=\"\" data-start=\"785\" data-end=\"816\"><span style=\"font-size: 14pt;\"><strong data-start=\"785\" data-end=\"797\">I nab\u00f3r:<\/strong> do 28 lutego br.<\/span><\/p>\n<\/li>\n<li class=\"\" data-start=\"817\" data-end=\"847\">\n<p class=\"\" data-start=\"819\" data-end=\"847\"><span style=\"font-size: 14pt;\"><strong data-start=\"819\" data-end=\"832\">II nab\u00f3r:<\/strong> do 31 maja br.<\/span><\/p>\n<\/li>\n<\/ul>\n<p class=\"\" data-start=\"849\" data-end=\"928\"><span style=\"font-size: 14pt;\">W ka\u017cdej turze do rozdysponowania jest pula \u015brodk\u00f3w w wysoko\u015bci <strong data-start=\"913\" data-end=\"927\">50 000 PLN<\/strong>.<\/span><\/p>\n<p class=\"\" data-start=\"930\" data-end=\"1097\"><span style=\"font-size: 14pt;\">Szczeg\u00f3\u0142owy regulamin programu oraz formularz zg\u0142oszeniowy dost\u0119pne s\u0105 pod adresem:<\/span><br data-start=\"1013\" data-end=\"1016\" \/><span style=\"font-size: 14pt;\">\ud83d\udc49 <a class=\"\" href=\"https:\/\/forms.office.com\/e\/6sJBSJj5D7\" target=\"_new\" rel=\"noopener\" data-start=\"1019\" data-end=\"1097\">https:\/\/forms.office.com\/e\/6sJBSJj5D7<\/a><\/span><\/p>\n<p class=\"\" data-start=\"1099\" data-end=\"1146\"><span style=\"font-size: 14pt;\"><strong data-start=\"1099\" data-end=\"1146\">Serdecznie zach\u0119camy do sk\u0142adania wniosk\u00f3w!<\/strong><\/span><\/p>\n<p class=\"\" data-start=\"1148\" data-end=\"1200\"><span style=\"font-size: 14pt;\">Z wyrazami szacunku,<\/span><br data-start=\"1168\" data-end=\"1171\" \/><span style=\"font-size: 14pt;\"><strong data-start=\"1171\" data-end=\"1200\">Dyrekcja Instytutu Fizyki<\/strong><\/span><\/p>\n<div class=\"mt-3\"><\/div>\r\n                            <\/div>\r\n                            \r\n                            \r\n                        <\/div>\r\n                    <\/div>\r\n                <\/div>[\/vc_column][\/vc_row]<\/p>","protected":false},"excerpt":{"rendered":"<p>[vc_row][vc_column][\/vc_column][\/vc_row] [&#8230;]<\/p>\n<p><a class=\"btn btn-secondary understrap-read-more-link\" href=\"https:\/\/us.edu.pl\/instytut\/ifiz\/nauka\/dzialania-naukowe-2025\/\">Read More&#8230;<\/a><\/p>\n","protected":false},"author":6706,"featured_media":0,"parent":162,"menu_order":0,"comment_status":"closed","ping_status":"closed","template":"","meta":{"_expiration-date-status":"","_expiration-date":0,"_expiration-date-type":"","_expiration-date-categories":[],"_expiration-date-options":[]},"acf":[],"_links":{"self":[{"href":"https:\/\/us.edu.pl\/instytut\/ifiz\/wp-json\/wp\/v2\/pages\/7332"}],"collection":[{"href":"https:\/\/us.edu.pl\/instytut\/ifiz\/wp-json\/wp\/v2\/pages"}],"about":[{"href":"https:\/\/us.edu.pl\/instytut\/ifiz\/wp-json\/wp\/v2\/types\/page"}],"author":[{"embeddable":true,"href":"https:\/\/us.edu.pl\/instytut\/ifiz\/wp-json\/wp\/v2\/users\/6706"}],"replies":[{"embeddable":true,"href":"https:\/\/us.edu.pl\/instytut\/ifiz\/wp-json\/wp\/v2\/comments?post=7332"}],"version-history":[{"count":0,"href":"https:\/\/us.edu.pl\/instytut\/ifiz\/wp-json\/wp\/v2\/pages\/7332\/revisions"}],"up":[{"embeddable":true,"href":"https:\/\/us.edu.pl\/instytut\/ifiz\/wp-json\/wp\/v2\/pages\/162"}],"wp:attachment":[{"href":"https:\/\/us.edu.pl\/instytut\/ifiz\/wp-json\/wp\/v2\/media?parent=7332"}],"curies":[{"name":"wp","href":"https:\/\/api.w.org\/{rel}","templated":true}]}}