{"id":7972,"date":"2026-03-10T14:06:30","date_gmt":"2026-03-10T13:06:30","guid":{"rendered":"https:\/\/us.edu.pl\/instytut\/ifiz\/?page_id=7972"},"modified":"2026-03-10T14:06:30","modified_gmt":"2026-03-10T13:06:30","slug":"laboratorium-spektroskopii-mossbauera-2","status":"publish","type":"page","link":"https:\/\/us.edu.pl\/instytut\/ifiz\/nauka\/laboratoria\/laboratorium-spektroskopii-mossbauera-2\/","title":{"rendered":"Laboratorium Spektroskopii M\u00f6ssbauera"},"content":{"rendered":"<p>[vc_row][vc_column]\r\n                <div class=\"text-modules\">\r\n                    <div class=\"container\">\r\n                        <h3 class=\"page-title text__title\">Laboratorium Spektroskopii M\u00f6ssbauera <\/h3>\r\n                        <div class=\"text-modules__content\"><p><strong>Kierownik:<\/strong> <span class=\"TextRun SCXW111958771 BCX8\" lang=\"PL-PL\" xml:lang=\"PL-PL\" data-contrast=\"auto\"><span class=\"NormalTextRun SCXW111958771 BCX8\">dr\u00a0<\/span><span class=\"NormalTextRun SCXW111958771 BCX8\">Mariola K\u0105dzio\u0142ka-Gawe\u0142<\/span><span class=\"NormalTextRun SCXW111958771 BCX8\">, prof. U\u015a, mariola.kadziolka-gawel@us.edu.pl<\/span><\/span><span class=\"EOP SCXW111958771 BCX8\" data-ccp-props=\"{&quot;335551550&quot;:6,&quot;335551620&quot;:6}\">\u00a0<\/span><\/p>\n<p><strong>Lokalizacja:<\/strong> <span class=\"TextRun SCXW143247820 BCX8\" lang=\"PL-PL\" xml:lang=\"PL-PL\" data-contrast=\"auto\"><span class=\"NormalTextRun SCXW143247820 BCX8\">H\/-1\/08, H\/-1\/13\u00a0<\/span><\/span><\/p>\n<p>&nbsp;<\/p>\n<h3>O NAS<\/h3>\n<p><span data-ccp-props=\"{&quot;134233279&quot;:true,&quot;335551550&quot;:6,&quot;335551620&quot;:6}\">\u00a0<\/span><span data-contrast=\"none\">Efekt\u00a0M\u00f6ssbauera, tzw. bezodrzutowa emisja i absorbcja kwant\u00f3w gamma, jest zjawiskiem fizycznym\u00a0opartym na rezonansie j\u0105drowym i\u00a0posiadaj\u0105cym wiele praktycznych zastosowa\u0144 w fizyce, chemii, biologii, in\u017cynierii materia\u0142owej\u00a0czy\u00a0metalurgii.\u202f<\/span><span data-contrast=\"auto\">W\u202fprowadzonych\u00a0badaniach\u00a0wykorzystujemy j\u0105dro Fe jako sond\u0119 jego lokalnego otoczenia.\u00a0Analiza otrzymywanych\u00a0widm\u00a0m\u00f6ssbauerowskich\u00a0pozwala na\u00a0<\/span><span data-contrast=\"none\">identyfikacj\u0119 w\u0142asno\u015bci materia\u0142\u00f3w zawieraj\u0105cych \u017celazo<\/span><span data-contrast=\"auto\">, mi\u0119dzy innymi:<\/span><span data-ccp-props=\"{&quot;134233279&quot;:true,&quot;201341983&quot;:0,&quot;335551550&quot;:6,&quot;335551620&quot;:6,&quot;335559740&quot;:240}\">\u00a0<\/span><\/p>\n<ul>\n<li aria-setsize=\"-1\" data-leveltext=\"\uf02d\" data-font=\"Symbol\" data-listid=\"4\" data-list-defn-props=\"{&quot;335552541&quot;:1,&quot;335559685&quot;:720,&quot;335559991&quot;:360,&quot;469769226&quot;:&quot;Symbol&quot;,&quot;469769242&quot;:[8226],&quot;469777803&quot;:&quot;left&quot;,&quot;469777804&quot;:&quot;\uf02d&quot;,&quot;469777815&quot;:&quot;hybridMultilevel&quot;}\" data-aria-posinset=\"1\" data-aria-level=\"1\"><span data-contrast=\"auto\">analiz\u0119 fazow\u0105 pr\u00f3bek zawieraj\u0105cych Fe z mo\u017cliwo\u015bci\u0105 okre\u015blenia wzgl\u0119dnego udzia\u0142u faz z dok\u0142adno\u015bci\u0105 wi\u0119ksz\u0105\u00a0ni\u017c 1%;<\/span><span data-ccp-props=\"{&quot;201341983&quot;:0,&quot;335551550&quot;:6,&quot;335551620&quot;:6,&quot;335559740&quot;:240}\">\u00a0<\/span><\/li>\n<\/ul>\n<ul>\n<li aria-setsize=\"-1\" data-leveltext=\"\uf02d\" data-font=\"Symbol\" data-listid=\"4\" data-list-defn-props=\"{&quot;335552541&quot;:1,&quot;335559685&quot;:720,&quot;335559991&quot;:360,&quot;469769226&quot;:&quot;Symbol&quot;,&quot;469769242&quot;:[8226],&quot;469777803&quot;:&quot;left&quot;,&quot;469777804&quot;:&quot;\uf02d&quot;,&quot;469777815&quot;:&quot;hybridMultilevel&quot;}\" data-aria-posinset=\"2\" data-aria-level=\"1\"><span data-contrast=\"auto\">g\u0119sto\u015b\u0107 \u0142adunkow\u0105 elektron\u00f3w w miejscu j\u0105dra Fe, a tym samym jego walencyjno\u015b\u0107;<\/span><span data-ccp-props=\"{&quot;201341983&quot;:0,&quot;335551550&quot;:6,&quot;335551620&quot;:6,&quot;335559740&quot;:240}\">\u00a0<\/span><\/li>\n<\/ul>\n<ul>\n<li aria-setsize=\"-1\" data-leveltext=\"\uf02d\" data-font=\"Symbol\" data-listid=\"4\" data-list-defn-props=\"{&quot;335552541&quot;:1,&quot;335559685&quot;:720,&quot;335559991&quot;:360,&quot;469769226&quot;:&quot;Symbol&quot;,&quot;469769242&quot;:[8226],&quot;469777803&quot;:&quot;left&quot;,&quot;469777804&quot;:&quot;\uf02d&quot;,&quot;469777815&quot;:&quot;hybridMultilevel&quot;}\" data-aria-posinset=\"3\" data-aria-level=\"1\"><span data-contrast=\"auto\">symetrie rozmieszczenia \u0142adunk\u00f3w oraz\u00a0lokalne\u00a0pola\u00a0magnetyczne dzia\u0142aj\u0105ce na jadro rezonansowe.<\/span><span data-ccp-props=\"{&quot;201341983&quot;:0,&quot;335551550&quot;:6,&quot;335551620&quot;:6,&quot;335559740&quot;:240}\">\u00a0<\/span><\/li>\n<\/ul>\n<p><span data-contrast=\"auto\">W prowadzonych badaniach mo\u017cemy wykorzystywa\u0107 r\u00f3wnie\u017c izotop\u00a0<\/span><span data-contrast=\"auto\">119<\/span><span data-contrast=\"auto\">Sn\u00a0uzyskuj\u0105c, tym samym, informacj\u0119 o w\u0142asno\u015bciach materia\u0142\u00f3w zawieraj\u0105cych cyn\u0119.\u00a0Spektrometr\u00a0<\/span><span data-contrast=\"none\">m\u00f6ssbauerowski\u00a0<\/span><span data-contrast=\"auto\">wyposa\u017cany jest\u00a0r\u00f3wnie\u017c\u00a0w przystawk\u0119 temperaturow\u0105,\u00a0umo\u017cliwiaj\u0105c\u0105\u00a0\u00a0wykonywanie\u00a0pomiar\u00f3w\u00a0w pr\u00f3\u017cni w zakresie temperatur od 300K\u00a0do 1000K.<\/span><span data-ccp-props=\"{&quot;201341983&quot;:0,&quot;335551550&quot;:6,&quot;335551620&quot;:6,&quot;335559740&quot;:240}\">\u00a0<\/span><\/p>\n<\/div>\r\n                    <\/div>\r\n                <\/div>[\/vc_column][\/vc_row]<\/p>","protected":false},"excerpt":{"rendered":"<p>[vc_row][vc_column][\/vc_column][\/vc_row] [&#8230;]<\/p>\n<p><a class=\"btn btn-secondary understrap-read-more-link\" href=\"https:\/\/us.edu.pl\/instytut\/ifiz\/nauka\/laboratoria\/laboratorium-spektroskopii-mossbauera-2\/\">Read More&#8230;<\/a><\/p>\n","protected":false},"author":7272,"featured_media":0,"parent":1177,"menu_order":55,"comment_status":"closed","ping_status":"closed","template":"","meta":{"_expiration-date-status":"","_expiration-date":0,"_expiration-date-type":"","_expiration-date-categories":[],"_expiration-date-options":[]},"acf":[],"_links":{"self":[{"href":"https:\/\/us.edu.pl\/instytut\/ifiz\/wp-json\/wp\/v2\/pages\/7972"}],"collection":[{"href":"https:\/\/us.edu.pl\/instytut\/ifiz\/wp-json\/wp\/v2\/pages"}],"about":[{"href":"https:\/\/us.edu.pl\/instytut\/ifiz\/wp-json\/wp\/v2\/types\/page"}],"author":[{"embeddable":true,"href":"https:\/\/us.edu.pl\/instytut\/ifiz\/wp-json\/wp\/v2\/users\/7272"}],"replies":[{"embeddable":true,"href":"https:\/\/us.edu.pl\/instytut\/ifiz\/wp-json\/wp\/v2\/comments?post=7972"}],"version-history":[{"count":0,"href":"https:\/\/us.edu.pl\/instytut\/ifiz\/wp-json\/wp\/v2\/pages\/7972\/revisions"}],"up":[{"embeddable":true,"href":"https:\/\/us.edu.pl\/instytut\/ifiz\/wp-json\/wp\/v2\/pages\/1177"}],"wp:attachment":[{"href":"https:\/\/us.edu.pl\/instytut\/ifiz\/wp-json\/wp\/v2\/media?parent=7972"}],"curies":[{"name":"wp","href":"https:\/\/api.w.org\/{rel}","templated":true}]}}