{"id":8152,"date":"2026-04-03T10:06:24","date_gmt":"2026-04-03T08:06:24","guid":{"rendered":"https:\/\/us.edu.pl\/instytut\/ifiz\/?page_id=8152"},"modified":"2026-04-03T10:06:24","modified_gmt":"2026-04-03T08:06:24","slug":"zespol-fizyki-materialow-funkcjonalnych-o-strukturze-perowskitu","status":"publish","type":"page","link":"https:\/\/us.edu.pl\/instytut\/ifiz\/nauka\/zespoly-badawcze\/zespol-fizyki-materialow-funkcjonalnych-o-strukturze-perowskitu\/","title":{"rendered":"Zesp\u00f3\u0142 fizyki materia\u0142\u00f3w funkcjonalnych o strukturze perowskitu"},"content":{"rendered":"<p>[vc_row][vc_column][vc_raw_html]JTNDZGl2JTIwY2xhc3MlM0QlMjJyZXNlYXJjaC10ZWFtLWNvbnRhaW5lciUyMiUzRSUwQSUyMCUyMCUyMCUyMCUwQSUyMCUyMCUyMCUyMCUzQ2hlYWRlciUyMGNsYXNzJTNEJTIydGVhbS1oZWFkZXItY2xlYW4lMjIlM0UlMEElMjAlMjAlMjAlMjAlMjAlMjAlMjAlMjAlM0NoMSUzRVplc3AlQzMlQjMlQzUlODIlMjBmaXp5a2klMjBtYXRlcmlhJUM1JTgyJUMzJUIzdyUyMGZ1bmtjam9uYWxueWNoJTIwbyUyMHN0cnVrdHVyemUlMjBwZXJvd3NraXR1JTNDJTJGaDElM0UlMEElMjAlMjAlMjAlMjAlMjAlMjAlMjAlMjAlM0NwJTNFQmFkYW5pZSUyMHclQzUlODJhJUM1JTlCY2l3byVDNSU5QmNpJTIwZml6eWtvLW1lY2hhbmljem55Y2glMjBtYXRlcmlhJUM1JTgyJUMzJUIzdyUyMG8lMjBzdHJ1a3R1cnplJTIwcGVyb3dza2l0dSUyMG5hJTIwcG90cnplYnklMjBtYWdhenlub3dhbmlhJTIwaSUyMHByemVtaWFuJTIwZW5lcmdpaS4lM0MlMkZwJTNFJTBBJTIwJTIwJTIwJTIwJTNDJTJGaGVhZGVyJTNFJTBBJTBBJTIwJTIwJTIwJTIwJTNDZGl2JTIwY2xhc3MlM0QlMjJ0ZWFtLWNvbnRlbnQtZ3JpZCUyMiUzRSUwQSUyMCUyMCUyMCUyMCUyMCUyMCUyMCUyMCUwQSUyMCUyMCUyMCUyMCUyMCUyMCUyMCUyMCUzQ2RpdiUyMGNsYXNzJTNEJTIydGVhbS1jb2wtbGVmdCUyMiUzRSUwQSUyMCUyMCUyMCUyMCUyMCUyMCUyMCUyMCUyMCUyMCUyMCUyMCUzQ2RpdiUyMGNsYXNzJTNEJTIydGVhbS1zZWN0aW9uLWJveCUyMiUzRSUwQSUyMCUyMCUyMCUyMCUyMCUyMCUyMCUyMCUyMCUyMCUyMCUyMCUyMCUyMCUyMCUyMCUzQ3NwYW4lMjBjbGFzcyUzRCUyMnRlYW0tbGFiZWwtdGl0bGUlMjIlM0VMaWRlciUyMFplc3BvJUM1JTgydSUzQyUyRnNwYW4lM0UlMEElMjAlMjAlMjAlMjAlMjAlMjAlMjAlMjAlMjAlMjAlMjAlMjAlMjAlMjAlMjAlMjAlM0NkaXYlMjBjbGFzcyUzRCUyMnRlYW0tbGVhZGVyLW5hbWUlMjIlM0VkciUyMGhhYi4lMjBEYXJpdXN6JTIwS2FqZXdza2klMkMlMjBwcm9mLiUyMFUlQzUlOUElM0MlMkZkaXYlM0UlMEElMjAlMjAlMjAlMjAlMjAlMjAlMjAlMjAlMjAlMjAlMjAlMjAlMjAlMjAlMjAlMjAlM0NwJTIwY2xhc3MlM0QlMjJ0ZWFtLWxlYWRlci10aXRsZSUyMiUzRUtpZXJvd25payUyMGdydXB5JTIwYmFkYXdjemVqJTNDJTJGcCUzRSUwQSUyMCUyMCUyMCUyMCUyMCUyMCUyMCUyMCUyMCUyMCUyMCUyMCUzQyUyRmRpdiUzRSUwQSUwQSUyMCUyMCUyMCUyMCUyMCUyMCUyMCUyMCUyMCUyMCUyMCUyMCUzQ2RpdiUyMGNsYXNzJTNEJTIydGVhbS1zZWN0aW9uLWJveCUyMiUzRSUwQSUyMCUyMCUyMCUyMCUyMCUyMCUyMCUyMCUyMCUyMCUyMCUyMCUyMCUyMCUyMCUyMCUzQ3NwYW4lMjBjbGFzcyUzRCUyMnRlYW0tbGFiZWwtdGl0bGUlMjIlM0VDeiVDNSU4Mm9ua293aWUlMjB6ZXNwbyVDNSU4MnUlM0MlMkZzcGFuJTNFJTBBJTIwJTIwJTIwJTIwJTIwJTIwJTIwJTIwJTIwJTIwJTIwJTIwJTIwJTIwJTIwJTIwJTNDdWwlMjBjbGFzcyUzRCUyMnRlYW0tbWVtYmVycy1saXN0JTIyJTNFJTBBJTIwJTIwJTIwJTIwJTIwJTIwJTIwJTIwJTIwJTIwJTIwJTIwJTIwJTIwJTIwJTIwJTIwJTIwJTIwJTIwJTNDbGklM0VtZ3IlMjAlQzUlODF1a2FzeiUyMFNjaGVsbGVyJTNDJTJGbGklM0UlMEElMjAlMjAlMjAlMjAlMjAlMjAlMjAlMjAlMjAlMjAlMjAlMjAlMjAlMjAlMjAlMjAlMjAlMjAlMjAlMjAlM0NsaSUzRW1nciUyME11aGFtbWFkJTIwQXdhaXMlMjBSZWhtYW4lM0MlMkZsaSUzRSUwQSUyMCUyMCUyMCUyMCUyMCUyMCUyMCUyMCUyMCUyMCUyMCUyMCUyMCUyMCUyMCUyMCUyMCUyMCUyMCUyMCUzQ2xpJTNFZHIlMjBpbiVDNSVCQy4lMjBNYWdkYWxlbmElMjBLcnVwc2thLUtsaW1jemFrJTNDJTJGbGklM0UlMEElMjAlMjAlMjAlMjAlMjAlMjAlMjAlMjAlMjAlMjAlMjAlMjAlMjAlMjAlMjAlMjAlMjAlMjAlMjAlMjAlMjAlMjAlMjAlMjAlMjAlMjAlMjAlMjAlMjAlMjAlMjAlMjAlMjAlMjAlMjAlMjAlM0MlMkZ1bCUzRSUwQSUyMCUyMCUyMCUyMCUyMCUyMCUyMCUyMCUyMCUyMCUyMCUyMCUzQyUyRmRpdiUzRSUwQSUyMCUyMCUyMCUyMCUyMCUyMCUyMCUyMCUzQyUyRmRpdiUzRSUwQSUwQSUyMCUyMCUyMCUyMCUyMCUyMCUyMCUyMCUzQ2RpdiUyMGNsYXNzJTNEJTIydGVhbS1jb2wtcmlnaHQlMjIlM0UlMEElMjAlMjAlMjAlMjAlMjAlMjAlMjAlMjAlMjAlMjAlMjAlMjAlM0NkaXYlMjBjbGFzcyUzRCUyMnRlYW0tc2VjdGlvbi1ib3glMjIlM0UlMEElMjAlMjAlMjAlMjAlMjAlMjAlMjAlMjAlMjAlMjAlMjAlMjAlMjAlMjAlMjAlMjAlM0NzcGFuJTIwY2xhc3MlM0QlMjJ0ZWFtLWxhYmVsLXRpdGxlJTIyJTNFUmVhbGl6YWNqYSUyMHByb2pla3QlQzMlQjN3JTNDJTJGc3BhbiUzRSUwQSUyMCUyMCUyMCUyMCUyMCUyMCUyMCUyMCUyMCUyMCUyMCUyMCUyMCUyMCUyMCUyMCUzQ2RpdiUyMGNsYXNzJTNEJTIydGVhbS1nb2Fscy1ncmlkJTIyJTNFJTBBJTIwJTIwJTIwJTIwJTIwJTIwJTIwJTIwJTIwJTIwJTIwJTIwJTIwJTIwJTIwJTIwJTIwJTIwJTIwJTIwJTNDZGl2JTIwY2xhc3MlM0QlMjJ0ZWFtLWdvYWwtY2FyZCUyMiUzRSUwQSUyMCUyMCUyMCUyMCUyMCUyMCUyMCUyMCUyMCUyMCUyMCUyMCUyMCUyMCUyMCUyMCUyMCUyMCUyMCUyMCUyMCUyMCUyMCUyMCUzQ2RpdiUyMGNsYXNzJTNEJTIydGVhbS1nb2FsLXN0YXR1cyUyMHN0YXR1cy13b3JraW5nJTIyJTNFVyUyMFRSQUtDSUUlM0MlMkZkaXYlM0UlMEElMjAlMjAlMjAlMjAlMjAlMjAlMjAlMjAlMjAlMjAlMjAlMjAlMjAlMjAlMjAlMjAlMjAlMjAlMjAlMjAlMjAlMjAlMjAlMjAlM0NkaXYlMjBjbGFzcyUzRCUyMnRlYW0tZ29hbC1pdGVtJTIyJTNFbW9kZXJuaXphY2phJTIwJTIwdWslQzUlODJhZHUlMjBkbyUyMGhvZG93bGklMjBrcnlzenRhJUM1JTgyJUMzJUIzdyUyMCUzQyUyRmRpdiUzRSUwQSUyMCUyMCUyMCUyMCUyMCUyMCUyMCUyMCUyMCUyMCUyMCUyMCUyMCUyMCUyMCUyMCUyMCUyMCUyMCUyMCUyMCUyMCUyMCUyMCUzQ2RpdiUyMGNsYXNzJTNEJTIydGVhbS1nb2FsLWl0ZW0lMjIlM0Vob2Rvd2xhJTIwY3p5c3R5Y2glMjBpJTIwZG9taWVzemtvd2FueWNoJTIwa3J5c3p0YSVDNSU4MiVDMyVCM3clMjBvJTIwc3RydWt0dXJ6ZSUyMHBlcm93c2tpdHUlMjBBQlgzJTJDJTIwJTNDJTJGZGl2JTNFJTBBJTIwJTIwJTIwJTIwJTIwJTIwJTIwJTIwJTIwJTIwJTIwJTIwJTIwJTIwJTIwJTIwJTIwJTIwJTIwJTIwJTIwJTIwJTIwJTIwJTNDZGl2JTIwY2xhc3MlM0QlMjJ0ZWFtLWdvYWwtaXRlbSUyMiUzRXpiYWRhbmllJTIwbWVjaGFuaXptJUMzJUIzdyUyMHByemVqJUM1JTlCJUM0JTg3JTIwZmF6b3d5Y2glMjB3eXN0JUM0JTk5cHVqJUM0JTg1Y3ljaCUyMHclMjBrcnlzenRhJUM1JTgyYWNoJTIwbyUyMHN0cnVrdHVyemUlMjBwZXJvd3NraXR1JTIwQUJYMyUyQyUyMHpiYWRhbmllJTIwbWVjaGFuaXptJUMzJUIzdyUyMGl6b3Rlcm1pY3puZWdvJTIwcHJ6ZWolQzUlOUJjaWElMjBmYXpvd2VnbyUyMHclMjBjenlzdHljaCUyMGklMjBkb21pZXN6a293YW55Y2glMjB6d2klQzQlODV6a2FjaCUyMFBiWnJPMyUyMGklMjBQYkhmTzMlM0MlMkZkaXYlM0UlMEElMjAlMjAlMjAlMjAlMjAlMjAlMjAlMjAlMjAlMjAlMjAlMjAlMjAlMjAlMjAlMjAlMjAlMjAlMjAlMjAlMjAlMjAlMjAlMjAlM0NkaXYlMjBjbGFzcyUzRCUyMnRlYW0tZ29hbC1pdGVtJTIyJTNFemJhZGFuaWUlMjB3JUM1JTgyYSVDNSU5QmNpd28lQzUlOUJjaSUyMGNpZXBsbnljaCUyQyUyMG9wdHljem55Y2glMkMlMjBkaWVsZWt0cnljem55Y2glMkMlMjBwaWV6b2VsZWt0cnljem55Y2glMjBpJTIwZWxla3Ryb3N0cnlrY3lqbnljaCUyMHclMjBtYWtyby0lMkMlMjBtaWtyby0lMjBpJTIwbmFub3NrYWxpJTNDJTJGZGl2JTNFJTBBJTIwJTIwJTIwJTIwJTIwJTIwJTIwJTIwJTIwJTIwJTIwJTIwJTIwJTIwJTIwJTIwJTIwJTIwJTIwJTIwJTIwJTIwJTIwJTIwJTNDZGl2JTIwY2xhc3MlM0QlMjJ0ZWFtLWdvYWwtaXRlbSUyMiUzRXpiYWRhbmllJTIwbWVjaGFuaXptJUMzJUIzdyUyMHByb2Nlc3UlMjBlbGVrdHJvLWRlZ3JhZGFjamklMjB3JTIwc3RhJUM1JTgyeW0lMjBpJTIwem1pZW5ueW0lMjBwb2x1JTIwZWxla3RyeWN6bnltJTNDJTJGZGl2JTNFJTBBJTIwJTIwJTIwJTIwJTIwJTIwJTIwJTIwJTIwJTIwJTIwJTIwJTIwJTIwJTIwJTIwJTIwJTIwJTIwJTIwJTIwJTIwJTIwJTIwJTNDZGl2JTIwY2xhc3MlM0QlMjJ0ZWFtLWdvYWwtaXRlbSUyMiUzRW1vZGVybml6YWNqYSUyMHByb2dyYW0lQzMlQjN3JTIwa29tcHV0ZXJvd3ljaCUyMHN0ZXJ1aiVDNCU4NWN5Y2glMjB1ayVDNSU4MmFkYW1pJTIwcG9taWFyb3d5bWkuJTNDJTJGZGl2JTNFJTBBJTIwJTIwJTIwJTIwJTIwJTIwJTIwJTIwJTIwJTIwJTIwJTIwJTIwJTIwJTIwJTIwJTIwJTIwJTIwJTIwJTNDJTJGZGl2JTNFJTBBJTIwJTIwJTIwJTIwJTIwJTIwJTIwJTIwJTIwJTIwJTIwJTIwJTIwJTIwJTIwJTIwJTIwJTIwJTIwJTIwJTNDZGl2JTIwY2xhc3MlM0QlMjJ0ZWFtLWdvYWwtY2FyZCUyMiUzRSUwQSUyMCUyMCUyMCUyMCUyMCUyMCUyMCUyMCUyMCUyMCUyMCUyMCUyMCUyMCUyMCUyMCUyMCUyMCUyMCUyMCUyMCUyMCUyMCUyMCUzQ2RpdiUyMGNsYXNzJTNEJTIydGVhbS1nb2FsLXN0YXR1cyUyMHN0YXR1cy1jb21wbGV0ZWQlMjIlM0VaQUtPJUM1JTgzQ1pPTkUlM0MlMkZkaXYlM0UlMEElMjAlMjAlMjAlMjAlMjAlMjAlMjAlMjAlMjAlMjAlMjAlMjAlMjAlMjAlMjAlMjAlMjAlMjAlMjAlMjAlMjAlMjAlMjAlMjAlM0NkaXYlMjBjbGFzcyUzRCUyMnRlYW0tZ29hbC1pdGVtJTIyJTNFTWklQzQlOTlkeXpuYXJvZG93eSUyMGdyYW50JTIwUEhDJTIwUG9sb25pdW0lMjBuYSUyMHdzcCVDMyVCMyVDNSU4MnByYWMlQzQlOTklMjB6JTIwQ2VudHJhbGVTdXBlbGVjJTIwdyUyMFBhcnklQzUlQkN1JTNDJTJGZGl2JTNFJTBBJTIwJTIwJTIwJTIwJTIwJTIwJTIwJTIwJTIwJTIwJTIwJTIwJTIwJTIwJTIwJTIwJTIwJTIwJTIwJTIwJTIwJTIwJTIwJTIwJTIwJTIwJTIwJTIwJTIwJTIwJTIwJTIwJTIwJTIwJTIwJTIwJTIwJTIwJTIwJTIwJTIwJTIwJTIwJTIwJTIwJTIwJTIwJTIwJTIwJTIwJTIwJTIwJTIwJTIwJTIwJTIwJTIwJTIwJTIwJTIwJTIwJTIwJTIwJTIwJTIwJTIwJTIwJTNDJTJGZGl2JTNFJTBBJTIwJTIwJTIwJTIwJTIwJTIwJTIwJTIwJTIwJTIwJTIwJTIwJTIwJTIwJTIwJTIwJTNDJTJGZGl2JTNFJTBBJTIwJTIwJTIwJTIwJTIwJTIwJTIwJTIwJTIwJTIwJTIwJTIwJTNDJTJGZGl2JTNFJTBBJTBBJTIwJTIwJTIwJTIwJTIwJTIwJTIwJTIwJTIwJTIwJTIwJTIwJTNDZGl2JTIwY2xhc3MlM0QlMjJ0ZWFtLXNlY3Rpb24tYm94JTIyJTIwc3R5bGUlM0QlMjJtYXJnaW4tdG9wJTNBJTIwMTVweCUzQiUyMiUzRSUwQSUyMCUyMCUyMCUyMCUyMCUyMCUyMCUyMCUyMCUyMCUyMCUyMCUyMCUyMCUyMCUyMCUzQ3NwYW4lMjBjbGFzcyUzRCUyMnRlYW0tbGFiZWwtdGl0bGUlMjIlM0VTJUM1JTgyb3dhJTIwa2x1Y3pvd2UlM0MlMkZzcGFuJTNFJTBBJTIwJTIwJTIwJTIwJTIwJTIwJTIwJTIwJTIwJTIwJTIwJTIwJTIwJTIwJTIwJTIwJTNDZGl2JTIwY2xhc3MlM0QlMjJ0ZWFtLXRhZy1jb250YWluZXIlMjIlM0UlMEElMjAlMjAlMjAlMjAlMjAlMjAlMjAlMjAlMjAlMjAlMjAlMjAlMjAlMjAlMjAlMjAlMjAlMjAlMjAlMjAlM0NzcGFuJTIwY2xhc3MlM0QlMjJ0ZWFtLXRhZy1pdGVtJTIyJTNFTUFURVJJQUxZJTIwRlVOS0NKT05BTE5FJTNDJTJGc3BhbiUzRSUwQSUyMCUyMCUyMCUyMCUyMCUyMCUyMCUyMCUyMCUyMCUyMCUyMCUyMCUyMCUyMCUyMCUyMCUyMCUyMCUyMCUzQ3NwYW4lMjBjbGFzcyUzRCUyMnRlYW0tdGFnLWl0ZW0lMjIlM0VGRVJST0VMRUtUUllLSSUzQyUyRnNwYW4lM0UlMEElMjAlMjAlMjAlMjAlMjAlMjAlMjAlMjAlMjAlMjAlMjAlMjAlMjAlMjAlMjAlMjAlMjAlMjAlMjAlMjAlM0NzcGFuJTIwY2xhc3MlM0QlMjJ0ZWFtLXRhZy1pdGVtJTIyJTNFQU5UWUZFUlJPRUxFS1RSWUtJJTNDJTJGc3BhbiUzRSUwQSUyMCUyMCUyMCUyMCUyMCUyMCUyMCUyMCUyMCUyMCUyMCUyMCUyMCUyMCUyMCUyMCUyMCUyMCUyMCUyMCUzQ3NwYW4lMjBjbGFzcyUzRCUyMnRlYW0tdGFnLWl0ZW0lMjIlM0VGRVJST0lLSSUzQyUyRnNwYW4lM0UlMEElMjAlMjAlMjAlMjAlMjAlMjAlMjAlMjAlMjAlMjAlMjAlMjAlMjAlMjAlMjAlMjAlMjAlMjAlMjAlMjAlM0NzcGFuJTIwY2xhc3MlM0QlMjJ0ZWFtLXRhZy1pdGVtJTIyJTNFUEVST1dTS0lUJTNDJTJGc3BhbiUzRSUwQSUyMCUyMCUyMCUyMCUyMCUyMCUyMCUyMCUyMCUyMCUyMCUyMCUyMCUyMCUyMCUyMCUzQyUyRmRpdiUzRSUwQSUyMCUyMCUyMCUyMCUyMCUyMCUyMCUyMCUyMCUyMCUyMCUyMCUzQyUyRmRpdiUzRSUwQSUyMCUyMCUyMCUyMCUyMCUyMCUyMCUyMCUzQyUyRmRpdiUzRSUwQSUwQSUyMCUyMCUyMCUyMCUzQyUyRmRpdiUzRSUwQSUzQyUyRmRpdiUzRSUwQQ==[\/vc_raw_html][\/vc_column][\/vc_row]<\/p>","protected":false},"excerpt":{"rendered":"<p>[vc_row][vc_column][vc_raw_html]JTNDZGl2JTIwY2xhc3MlM0QlMjJyZXNlYXJjaC10ZWFtLWNvbnRhaW5lciUyMiUzRSUwQSUyMCUyMCUyMCUyMCUwQSUyMCUyMCUyMCUyMCUzQ2hlYWRlciUyMGNsYXNzJTNEJTIydGVhbS1oZWFkZXItY2xlYW4lMjIlM0UlMEElMjAlMjAlMjAlMjAlMjAlMjAlMjAlMjAlM0NoMSUzRVplc3AlQzMlQjMlQzUlODIlMjBmaXp5a2klMjBtYXRlcmlhJUM1JTgyJUMzJUIzdyUyMGZ1bmtjam9uYWxueWNoJTIwbyUyMHN0cnVrdHVyemUlMjBwZXJvd3NraXR1JTNDJTJGaDElM0UlMEElMjAlMjAlMjAlMjAlMjAlMjAlMjAlMjAlM0NwJTNFQmFkYW5pZSUyMHclQzUlODJhJUM1JTlCY2l3byVDNSU5QmNpJTIwZml6eWtvLW1lY2hhbmljem55Y2glMjBtYXRlcmlhJUM1JTgyJUMzJUIzdyUyMG8lMjBzdHJ1a3R1cnplJTIwcGVyb3dza2l0dSUyMG5hJTIwcG90cnplYnklMjBtYWdhenlub3dhbmlhJTIwaSUyMHByemVtaWFuJTIwZW5lcmdpaS4lM0MlMkZwJTNFJTBBJTIwJTIwJTIwJTIwJTNDJTJGaGVhZGVyJTNFJTBBJTBBJTIwJTIwJTIwJTIwJTNDZGl2JTIwY2xhc3MlM0QlMjJ0ZWFtLWNvbnRlbnQtZ3JpZCUyMiUzRSUwQSUyMCUyMCUyMCUyMCUyMCUyMCUyMCUyMCUwQSUyMCUyMCUyMCUyMCUyMCUyMCUyMCUyMCUzQ2RpdiUyMGNsYXNzJTNEJTIydGVhbS1jb2wtbGVmdCUyMiUzRSUwQSUyMCUyMCUyMCUyMCUyMCUyMCUyMCUyMCUyMCUyMCUyMCUyMCUzQ2RpdiUyMGNsYXNzJTNEJTIydGVhbS1zZWN0aW9uLWJveCUyMiUzRSUwQSUyMCUyMCUyMCUyMCUyMCUyMCUyMCUyMCUyMCUyMCUyMCUyMCUyMCUyMCUyMCUyMCUzQ3NwYW4lMjBjbGFzcyUzRCUyMnRlYW0tbGFiZWwtdGl0bGUlMjIlM0VMaWRlciUyMFplc3BvJUM1JTgydSUzQyUyRnNwYW4lM0UlMEElMjAlMjAlMjAlMjAlMjAlMjAlMjAlMjAlMjAlMjAlMjAlMjAlMjAlMjAlMjAlMjAlM0NkaXYlMjBjbGFzcyUzRCUyMnRlYW0tbGVhZGVyLW5hbWUlMjIlM0VkciUyMGhhYi4lMjBEYXJpdXN6JTIwS2FqZXdza2klMkMlMjBwcm9mLiUyMFUlQzUlOUElM0MlMkZkaXYlM0UlMEElMjAlMjAlMjAlMjAlMjAlMjAlMjAlMjAlMjAlMjAlMjAlMjAlMjAlMjAlMjAlMjAlM0NwJTIwY2xhc3MlM0QlMjJ0ZWFtLWxlYWRlci10aXRsZSUyMiUzRUtpZXJvd25payUyMGdydXB5JTIwYmFkYXdjemVqJTNDJTJGcCUzRSUwQSUyMCUyMCUyMCUyMCUyMCUyMCUyMCUyMCUyMCUyMCUyMCUyMCUzQyUyRmRpdiUzRSUwQSUwQSUyMCUyMCUyMCUyMCUyMCUyMCUyMCUyMCUyMCUyMCUyMCUyMCUzQ2RpdiUyMGNsYXNzJTNEJTIydGVhbS1zZWN0aW9uLWJveCUyMiUzRSUwQSUyMCUyMCUyMCUyMCUyMCUyMCUyMCUyMCUyMCUyMCUyMCUyMCUyMCUyMCUyMCUyMCUzQ3NwYW4lMjBjbGFzcyUzRCUyMnRlYW0tbGFiZWwtdGl0bGUlMjIlM0VDeiVDNSU4Mm9ua293aWUlMjB6ZXNwbyVDNSU4MnUlM0MlMkZzcGFuJTNFJTBBJTIwJTIwJTIwJTIwJTIwJTIwJTIwJTIwJTIwJTIwJTIwJTIwJTIwJTIwJTIwJTIwJTNDdWwlMjBjbGFzcyUzRCUyMnRlYW0tbWVtYmVycy1saXN0JTIyJTNFJTBBJTIwJTIwJTIwJTIwJTIwJTIwJTIwJTIwJTIwJTIwJTIwJTIwJTIwJTIwJTIwJTIwJTIwJTIwJTIwJTIwJTNDbGklM0VtZ3IlMjAlQzUlODF1a2FzeiUyMFNjaGVsbGVyJTNDJTJGbGklM0UlMEElMjAlMjAlMjAlMjAlMjAlMjAlMjAlMjAlMjAlMjAlMjAlMjAlMjAlMjAlMjAlMjAlMjAlMjAlMjAlMjAlM0NsaSUzRW1nciUyME11aGFtbWFkJTIwQXdhaXMlMjBSZWhtYW4lM0MlMkZsaSUzRSUwQSUyMCUyMCUyMCUyMCUyMCUyMCUyMCUyMCUyMCUyMCUyMCUyMCUyMCUyMCUyMCUyMCUyMCUyMCUyMCUyMCUzQ2xpJTNFZHIlMjBpbiVDNSVCQy4lMjBNYWdkYWxlbmElMjBLcnVwc2thLUtsaW1jemFrJTNDJTJGbGklM0UlMEElMjAlMjAlMjAlMjAlMjAlMjAlMjAlMjAlMjAlMjAlMjAlMjAlMjAlMjAlMjAlMjAlMjAlMjAlMjAlMjAlMjAlMjAlMjAlMjAlMjAlMjAlMjAlMjAlMjAlMjAlMjAlMjAlMjAlMjAlMjAlMjAlM0MlMkZ1bCUzRSUwQSUyMCUyMCUyMCUyMCUyMCUyMCUyMCUyMCUyMCUyMCUyMCUyMCUzQyUyRmRpdiUzRSUwQSUyMCUyMCUyMCUyMCUyMCUyMCUyMCUyMCUzQyUyRmRpdiUzRSUwQSUwQSUyMCUyMCUyMCUyMCUyMCUyMCUyMCUyMCUzQ2RpdiUyMGNsYXNzJTNEJTIydGVhbS1jb2wtcmlnaHQlMjIlM0UlMEElMjAlMjAlMjAlMjAlMjAlMjAlMjAlMjAlMjAlMjAlMjAlMjAlM0NkaXYlMjBjbGFzcyUzRCUyMnRlYW0tc2VjdGlvbi1ib3glMjIlM0UlMEElMjAlMjAlMjAlMjAlMjAlMjAlMjAlMjAlMjAlMjAlMjAlMjAlMjAlMjAlMjAlMjAlM0NzcGFuJTIwY2xhc3MlM0QlMjJ0ZWFtLWxhYmVsLXRpdGxlJTIyJTNFUmVhbGl6YWNqYSUyMHByb2pla3QlQzMlQjN3JTNDJTJGc3BhbiUzRSUwQSUyMCUyMCUyMCUyMCUyMCUyMCUyMCUyMCUyMCUyMCUyMCUyMCUyMCUyMCUyMCUyMCUzQ2RpdiUyMGNsYXNzJTNEJTIydGVhbS1nb2Fscy1ncmlkJTIyJTNFJTBBJTIwJTIwJTIwJTIwJTIwJTIwJTIwJTIwJTIwJTIwJTIwJTIwJTIwJTIwJTIwJTIwJTIwJTIwJTIwJTIwJTNDZGl2JTIwY2xhc3MlM0QlMjJ0ZWFtLWdvYWwtY2FyZCUyMiUzRSUwQSUyMCUyMCUyMCUyMCUyMCUyMCUyMCUyMCUyMCUyMCUyMCUyMCUyMCUyMCUyMCUyMCUyMCUyMCUyMCUyMCUyMCUyMCUyMCUyMCUzQ2RpdiUyMGNsYXNzJTNEJTIydGVhbS1nb2FsLXN0YXR1cyUyMHN0YXR1cy13b3JraW5nJTIyJTNFVyUyMFRSQUtDSUUlM0MlMkZkaXYlM0UlMEElMjAlMjAlMjAlMjAlMjAlMjAlMjAlMjAlMjAlMjAlMjAlMjAlMjAlMjAlMjAlMjAlMjAlMjAlMjAlMjAlMjAlMjAlMjAlMjAlM0NkaXYlMjBjbGFzcyUzRCUyMnRlYW0tZ29hbC1pdGVtJTIyJTNFbW9kZXJuaXphY2phJTIwJTIwdWslQzUlODJhZHUlMjBkbyUyMGhvZG93bGklMjBrcnlzenRhJUM1JTgyJUMzJUIzdyUyMCUzQyUyRmRpdiUzRSUwQSUyMCUyMCUyMCUyMCUyMCUyMCUyMCUyMCUyMCUyMCUyMCUyMCUyMCUyMCUyMCUyMCUyMCUyMCUyMCUyMCUyMCUyMCUyMCUyMCUzQ2RpdiUyMGNsYXNzJTNEJTIydGVhbS1nb2FsLWl0ZW0lMjIlM0Vob2Rvd2xhJTIwY3p5c3R5Y2glMjBpJTIwZG9taWVzemtvd2FueWNoJTIwa3J5c3p0YSVDNSU4MiVDMyVCM3clMjBvJTIwc3RydWt0dXJ6ZSUyMHBlcm93c2tpdHUlMjBBQlgzJTJDJTIwJTNDJTJGZGl2JTNFJTBBJTIwJTIwJTIwJTIwJTIwJTIwJTIwJTIwJTIwJTIwJTIwJTIwJTIwJTIwJTIwJTIwJTIwJTIwJTIwJTIwJTIwJTIwJTIwJTIwJTNDZGl2JTIwY2xhc3MlM0QlMjJ0ZWFtLWdvYWwtaXRlbSUyMiUzRXpiYWRhbmllJTIwbWVjaGFuaXptJUMzJUIzdyUyMHByemVqJUM1JTlCJUM0JTg3JTIwZmF6b3d5Y2glMjB3eXN0JUM0JTk5cHVqJUM0JTg1Y3ljaCUyMHclMjBrcnlzenRhJUM1JTgyYWNoJTIwbyUyMHN0cnVrdHVyemUlMjBwZXJvd3NraXR1JTIwQUJYMyUyQyUyMHpiYWRhbmllJTIwbWVjaGFuaXptJUMzJUIzdyUyMGl6b3Rlcm1pY3puZWdvJTIwcHJ6ZWolQzUlOUJjaWElMjBmYXpvd2VnbyUyMHclMjBjenlzdHljaCUyMGklMjBkb21pZXN6a293YW55Y2glMjB6d2klQzQlODV6a2FjaCUyMFBiWnJPMyUyMGklMjBQYkhmTzMlM0MlMkZkaXYlM0UlMEElMjAlMjAlMjAlMjAlMjAlMjAlMjAlMjAlMjAlMjAlMjAlMjAlMjAlMjAlMjAlMjAlMjAlMjAlMjAlMjAlMjAlMjAlMjAlMjAlM0NkaXYlMjBjbGFzcyUzRCUyMnRlYW0tZ29hbC1pdGVtJTIyJTNFemJhZGFuaWUlMjB3JUM1JTgyYSVDNSU5QmNpd28lQzUlOUJjaSUyMGNpZXBsbnljaCUyQyUyMG9wdHljem55Y2glMkMlMjBkaWVsZWt0cnljem55Y2glMkMlMjBwaWV6b2VsZWt0cnljem55Y2glMjBpJTIwZWxla3Ryb3N0cnlrY3lqbnljaCUyMHclMjBtYWtyby0lMkMlMjBtaWtyby0lMjBpJTIwbmFub3NrYWxpJTNDJTJGZGl2JTNFJTBBJTIwJTIwJTIwJTIwJTIwJTIwJTIwJTIwJTIwJTIwJTIwJTIwJTIwJTIwJTIwJTIwJTIwJTIwJTIwJTIwJTIwJTIwJTIwJTIwJTNDZGl2JTIwY2xhc3MlM0QlMjJ0ZWFtLWdvYWwtaXRlbSUyMiUzRXpiYWRhbmllJTIwbWVjaGFuaXptJUMzJUIzdyUyMHByb2Nlc3UlMjBlbGVrdHJvLWRlZ3JhZGFjamklMjB3JTIwc3RhJUM1JTgyeW0lMjBpJTIwem1pZW5ueW0lMjBwb2x1JTIwZWxla3RyeWN6bnltJTNDJTJGZGl2JTNFJTBBJTIwJTIwJTIwJTIwJTIwJTIwJTIwJTIwJTIwJTIwJTIwJTIwJTIwJTIwJTIwJTIwJTIwJTIwJTIwJTIwJTIwJTIwJTIwJTIwJTNDZGl2JTIwY2xhc3MlM0QlMjJ0ZWFtLWdvYWwtaXRlbSUyMiUzRW1vZGVybml6YWNqYSUyMHByb2dyYW0lQzMlQjN3JTIwa29tcHV0ZXJvd3ljaCUyMHN0ZXJ1aiVDNCU4NWN5Y2glMjB1ayVDNSU4MmFkYW1pJTIwcG9taWFyb3d5bWkuJTNDJTJGZGl2JTNFJTBBJTIwJTIwJTIwJTIwJTIwJTIwJTIwJTIwJTIwJTIwJTIwJTIwJTIwJTIwJTIwJTIwJTIwJTIwJTIwJTIwJTNDJTJGZGl2JTNFJTBBJTIwJTIwJTIwJTIwJTIwJTIwJTIwJTIwJTIwJTIwJTIwJTIwJTIwJTIwJTIwJTIwJTIwJTIwJTIwJTIwJTNDZGl2JTIwY2xhc3MlM0QlMjJ0ZWFtLWdvYWwtY2FyZCUyMiUzRSUwQSUyMCUyMCUyMCUyMCUyMCUyMCUyMCUyMCUyMCUyMCUyMCUyMCUyMCUyMCUyMCUyMCUyMCUyMCUyMCUyMCUyMCUyMCUyMCUyMCUzQ2RpdiUyMGNsYXNzJTNEJTIydGVhbS1nb2FsLXN0YXR1cyUyMHN0YXR1cy1jb21wbGV0ZWQlMjIlM0VaQUtPJUM1JTgzQ1pPTkUlM0MlMkZkaXYlM0UlMEElMjAlMjAlMjAlMjAlMjAlMjAlMjAlMjAlMjAlMjAlMjAlMjAlMjAlMjAlMjAlMjAlMjAlMjAlMjAlMjAlMjAlMjAlMjAlMjAlM0NkaXYlMjBjbGFzcyUzRCUyMnRlYW0tZ29hbC1pdGVtJTIyJTNFTWklQzQlOTlkeXpuYXJvZG93eSUyMGdyYW50JTIwUEhDJTIwUG9sb25pdW0lMjBuYSUyMHdzcCVDMyVCMyVDNSU4MnByYWMlQzQlOTklMjB6JTIwQ2VudHJhbGVTdXBlbGVjJTIwdyUyMFBhcnklQzUlQkN1JTNDJTJGZGl2JTNFJTBBJTIwJTIwJTIwJTIwJTIwJTIwJTIwJTIwJTIwJTIwJTIwJTIwJTIwJTIwJTIwJTIwJTIwJTIwJTIwJTIwJTIwJTIwJTIwJTIwJTIwJTIwJTIwJTIwJTIwJTIwJTIwJTIwJTIwJTIwJTIwJTIwJTIwJTIwJTIwJTIwJTIwJTIwJTIwJTIwJTIwJTIwJTIwJTIwJTIwJTIwJTIwJTIwJTIwJTIwJTIwJTIwJTIwJTIwJTIwJTIwJTIwJTIwJTIwJTIwJTIwJTIwJTIwJTNDJTJGZGl2JTNFJTBBJTIwJTIwJTIwJTIwJTIwJTIwJTIwJTIwJTIwJTIwJTIwJTIwJTIwJTIwJTIwJTIwJTNDJTJGZGl2JTNFJTBBJTIwJTIwJTIwJTIwJTIwJTIwJTIwJTIwJTIwJTIwJTIwJTIwJTNDJTJGZGl2JTNFJTBBJTBBJTIwJTIwJTIwJTIwJTIwJTIwJTIwJTIwJTIwJTIwJTIwJTIwJTNDZGl2JTIwY2xhc3MlM0QlMjJ0ZWFtLXNlY3Rpb24tYm94JTIyJTIwc3R5bGUlM0QlMjJtYXJnaW4tdG9wJTNBJTIwMTVweCUzQiUyMiUzRSUwQSUyMCUyMCUyMCUyMCUyMCUyMCUyMCUyMCUyMCUyMCUyMCUyMCUyMCUyMCUyMCUyMCUzQ3NwYW4lMjBjbGFzcyUzRCUyMnRlYW0tbGFiZWwtdGl0bGUlMjIlM0VTJUM1JTgyb3dhJTIwa2x1Y3pvd2UlM0MlMkZzcGFuJTNFJTBBJTIwJTIwJTIwJTIwJTIwJTIwJTIwJTIwJTIwJTIwJTIwJTIwJTIwJTIwJTIwJTIwJTNDZGl2JTIwY2xhc3MlM0QlMjJ0ZWFtLXRhZy1jb250YWluZXIlMjIlM0UlMEElMjAlMjAlMjAlMjAlMjAlMjAlMjAlMjAlMjAlMjAlMjAlMjAlMjAlMjAlMjAlMjAlMjAlMjAlMjAlMjAlM0NzcGFuJTIwY2xhc3MlM0QlMjJ0ZWFtLXRhZy1pdGVtJTIyJTNFTUFURVJJQUxZJTIwRlVOS0NKT05BTE5FJTNDJTJGc3BhbiUzRSUwQSUyMCUyMCUyMCUyMCUyMCUyMCUyMCUyMCUyMCUyMCUyMCUyMCUyMCUyMCUyMCUyMCUyMCUyMCUyMCUyMCUzQ3NwYW4lMjBjbGFzcyUzRCUyMnRlYW0tdGFnLWl0ZW0lMjIlM0VGRVJST0VMRUtUUllLSSUzQyUyRnNwYW4lM0UlMEElMjAlMjAlMjAlMjAlMjAlMjAlMjAlMjAlMjAlMjAlMjAlMjAlMjAlMjAlMjAlMjAlMjAlMjAlMjAlMjAlM0NzcGFuJTIwY2xhc3MlM0QlMjJ0ZWFtLXRhZy1pdGVtJTIyJTNFQU5UWUZFUlJPRUxFS1RSWUtJJTNDJTJGc3BhbiUzRSUwQSUyMCUyMCUyMCUyMCUyMCUyMCUyMCUyMCUyMCUyMCUyMCUyMCUyMCUyMCUyMCUyMCUyMCUyMCUyMCUyMCUzQ3NwYW4lMjBjbGFzcyUzRCUyMnRlYW0tdGFnLWl0ZW0lMjIlM0VGRVJST0lLSSUzQyUyRnNwYW4lM0UlMEElMjAlMjAlMjAlMjAlMjAlMjAlMjAlMjAlMjAlMjAlMjAlMjAlMjAlMjAlMjAlMjAlMjAlMjAlMjAlMjAlM0NzcGFuJTIwY2xhc3MlM0QlMjJ0ZWFtLXRhZy1pdGVtJTIyJTNFUEVST1dTS0lUJTNDJTJGc3BhbiUzRSUwQSUyMCUyMCUyMCUyMCUyMCUyMCUyMCUyMCUyMCUyMCUyMCUyMCUyMCUyMCUyMCUyMCUzQyUyRmRpdiUzRSUwQSUyMCUyMCUyMCUyMCUyMCUyMCUyMCUyMCUyMCUyMCUyMCUyMCUzQyUyRmRpdiUzRSUwQSUyMCUyMCUyMCUyMCUyMCUyMCUyMCUyMCUzQyUyRmRpdiUzRSUwQSUwQSUyMCUyMCUyMCUyMCUzQyUyRmRpdiUzRSUwQSUzQyUyRmRpdiUzRSUwQQ==[\/vc_raw_html][\/vc_column][\/vc_row] [&#8230;]<\/p>\n<p><a class=\"btn btn-secondary understrap-read-more-link\" href=\"https:\/\/us.edu.pl\/instytut\/ifiz\/nauka\/zespoly-badawcze\/zespol-fizyki-materialow-funkcjonalnych-o-strukturze-perowskitu\/\">Read More&#8230;<\/a><\/p>\n","protected":false},"author":7272,"featured_media":0,"parent":321,"menu_order":20,"comment_status":"closed","ping_status":"closed","template":"","meta":{"_expiration-date-status":"","_expiration-date":0,"_expiration-date-type":"","_expiration-date-categories":[],"_expiration-date-options":[]},"acf":[],"_links":{"self":[{"href":"https:\/\/us.edu.pl\/instytut\/ifiz\/wp-json\/wp\/v2\/pages\/8152"}],"collection":[{"href":"https:\/\/us.edu.pl\/instytut\/ifiz\/wp-json\/wp\/v2\/pages"}],"about":[{"href":"https:\/\/us.edu.pl\/instytut\/ifiz\/wp-json\/wp\/v2\/types\/page"}],"author":[{"embeddable":true,"href":"https:\/\/us.edu.pl\/instytut\/ifiz\/wp-json\/wp\/v2\/users\/7272"}],"replies":[{"embeddable":true,"href":"https:\/\/us.edu.pl\/instytut\/ifiz\/wp-json\/wp\/v2\/comments?post=8152"}],"version-history":[{"count":0,"href":"https:\/\/us.edu.pl\/instytut\/ifiz\/wp-json\/wp\/v2\/pages\/8152\/revisions"}],"up":[{"embeddable":true,"href":"https:\/\/us.edu.pl\/instytut\/ifiz\/wp-json\/wp\/v2\/pages\/321"}],"wp:attachment":[{"href":"https:\/\/us.edu.pl\/instytut\/ifiz\/wp-json\/wp\/v2\/media?parent=8152"}],"curies":[{"name":"wp","href":"https:\/\/api.w.org\/{rel}","templated":true}]}}