{"id":8258,"date":"2026-05-11T10:09:25","date_gmt":"2026-05-11T08:09:25","guid":{"rendered":"https:\/\/us.edu.pl\/instytut\/ifiz\/?page_id=8258"},"modified":"2026-05-11T10:09:25","modified_gmt":"2026-05-11T08:09:25","slug":"pracownia-sterylizacji-z-bankiem-komorek","status":"publish","type":"page","link":"https:\/\/us.edu.pl\/instytut\/ifiz\/nauka\/laboratoria\/pracownia-sterylizacji-z-bankiem-komorek\/","title":{"rendered":"Pracownia sterylizacji z bankiem kom\u00f3rek"},"content":{"rendered":"<p>[vc_row][vc_column]\r\n                <div class=\"text-modules\">\r\n                    <div class=\"container\">\r\n                        <h3 class=\"page-title text__title\">Pracownia sterylizacji z bankiem kom\u00f3rek<\/h3>\r\n                        <div class=\"text-modules__content\"><p><strong>Kierownik:<\/strong>\u00a0dr hab. Anna Mrozek-Wilczkiewicz, prof. U\u015a<\/p>\n<p>Kontakt: <a href=\"mailto:anna.mrozek-wilczkiewicz@us.edu.pl\"><u>anna.mrozek-wilczkiewicz@us.edu.pl<\/u><\/a><\/p>\n<p><strong>Osoba odpowiedzialna<b>: <\/b><\/strong>dr Katarzyna Malarz, prof. U\u015a<\/p>\n<p>kontakt: <a href=\"mailto:katarzyna.malarz@us.edu.pl\"><u>katarzyna.malarz@us.edu.pl<\/u><\/a><\/p>\n<p><strong>Tel\/Phone:<\/strong> +\u00a032 349 76 69, pracownia: E\/0\/06<\/p>\n<p><strong>Lokalizacja:<\/strong> <span class=\"TextRun SCXW143247820 BCX8\" lang=\"PL-PL\" xml:lang=\"PL-PL\" data-contrast=\"auto\"><span class=\"NormalTextRun SCXW143247820 BCX8\">H\/-1\/08, H\/-1\/13\u00a0<\/span><\/span><\/p>\n<p>&nbsp;<\/p>\n<h3>O NAS<\/h3>\n<p>Pracownia stanowi kluczowe zaplecze technologiczne, gwarantuj\u0105ce najwy\u017csze standardy czysto\u015bci oraz bezpiecze\u0144stwa materia\u0142u biologicznego. Wyposa\u017cona w systemy krioprezerwacji i zaawansowan\u0105 aparatur\u0119 do sterylizacji, umo\u017cliwia d\u0142ugoterminowe przechowywanie zr\u00f3\u017cnicowanych linii kom\u00f3rkowych (nowotworowych oraz prawid\u0142owych) przy zachowaniu ich stabilno\u015bci genetycznej i wysokiej \u017cywotno\u015bci.<\/p>\n<h3>NASZA APARATURA<\/h3>\n<ul>\n<li>lod\u00f3wka niskotemperaturowa HERAfreeze (-80\u00b0C)<\/li>\n<li>Pojemnik do przechowywania linii kom\u00f3rkowej Tylor-Wharton wraz z zbiornikiem ciek\u0142ego azotu<\/li>\n<li>2 uniwersalne autoklawy laboratoryjne, pionowe Nuve<\/li>\n<li>Autoklaw poziomy COMINOX<\/li>\n<\/ul>\n<h3>TEMATYKA BADAWCZA<\/h3>\n<ul>\n<li>Aseptyka w badaniach <em>in vitro<\/em>: procesy sterylizacji pod\u0142o\u017cy\/bufor\u00f3w oraz sprz\u0119tu wykorzystywanego w hodowlach 2D i 3D.<\/li>\n<li>Zarz\u0105dzanie zasobami biologicznymi: Utrzymywanie zr\u00f3\u017cnicowanego panelu linii nowotworowych oraz prawid\u0142owych na potrzeby bada\u0144 cytotoksyczno\u015bci i mechanizm\u00f3w dzia\u0142ania nowych lek\u00f3w.<\/li>\n<\/ul>\n<h3>ZAKRES US\u0141UG<\/h3>\n<ul>\n<li>Kriokonserwacja materia\u0142u biologicznego: D\u0142ugoterminowe przechowywanie powierzonych linii kom\u00f3rkowych w ciek\u0142ym azocie lub w temperaturze -80\u00b0<\/li>\n<li>Przygotowanie ja\u0142owych medi\u00f3w i odczynnik\u00f3w: Sterylizacja roztwor\u00f3w, pod\u0142o\u017cy hodowlanych oraz specjalistycznego oprzyrz\u0105dowania laboratoryjnego.<\/li>\n<\/ul>\n<p>\n<\/div>\r\n                    <\/div>\r\n                <\/div>[\/vc_column][\/vc_row][vc_row][vc_column]            \r\n                    <div class=\"container\">\r\n                        <div class=\"gallery gallery_2\" data-images-in-row=\"2\">\r\n                            \r\n                            <div class=\"row m-0\">\r\n                                <a data-fancybox-group=\"button\" title=\"\" data-fancybox=\"404\" href=\"https:\/\/us.edu.pl\/instytut\/ifiz\/wp-content\/uploads\/sites\/39\/Laboratoria\/E_0_06b.png\" class=\"gallery__item thumbnail\"\r\n                                    style=\"background-image: url(https:\/\/us.edu.pl\/instytut\/ifiz\/wp-content\/uploads\/sites\/39\/Laboratoria\/E_0_06b-1024x576.png)\"> <span class=\"d-none\">https:\/\/us.edu.pl\/instytut\/ifiz\/wp-content\/uploads\/sites\/39\/Laboratoria\/E_0_06b.png<\/span> <\/a><a data-fancybox-group=\"button\" title=\"\" data-fancybox=\"404\" href=\"https:\/\/us.edu.pl\/instytut\/ifiz\/wp-content\/uploads\/sites\/39\/Laboratoria\/E_0_06a.png\" class=\"gallery__item thumbnail\"\r\n                                    style=\"background-image: url(https:\/\/us.edu.pl\/instytut\/ifiz\/wp-content\/uploads\/sites\/39\/Laboratoria\/E_0_06a-1024x576.png)\"> <span class=\"d-none\">https:\/\/us.edu.pl\/instytut\/ifiz\/wp-content\/uploads\/sites\/39\/Laboratoria\/E_0_06a.png<\/span> <\/a>\r\n                            <\/div>\r\n                    <\/div>\r\n                <\/div>[\/vc_column][\/vc_row]<\/p>","protected":false},"excerpt":{"rendered":"<p>[vc_row][vc_column][\/vc_column][\/vc_row][vc_row][vc_column][\/vc_column][\/vc_row] [&#8230;]<\/p>\n<p><a class=\"btn btn-secondary understrap-read-more-link\" href=\"https:\/\/us.edu.pl\/instytut\/ifiz\/nauka\/laboratoria\/pracownia-sterylizacji-z-bankiem-komorek\/\">Read More&#8230;<\/a><\/p>\n","protected":false},"author":7272,"featured_media":0,"parent":1177,"menu_order":55,"comment_status":"closed","ping_status":"closed","template":"","meta":{"_expiration-date-status":"","_expiration-date":0,"_expiration-date-type":"","_expiration-date-categories":[],"_expiration-date-options":[]},"acf":[],"_links":{"self":[{"href":"https:\/\/us.edu.pl\/instytut\/ifiz\/wp-json\/wp\/v2\/pages\/8258"}],"collection":[{"href":"https:\/\/us.edu.pl\/instytut\/ifiz\/wp-json\/wp\/v2\/pages"}],"about":[{"href":"https:\/\/us.edu.pl\/instytut\/ifiz\/wp-json\/wp\/v2\/types\/page"}],"author":[{"embeddable":true,"href":"https:\/\/us.edu.pl\/instytut\/ifiz\/wp-json\/wp\/v2\/users\/7272"}],"replies":[{"embeddable":true,"href":"https:\/\/us.edu.pl\/instytut\/ifiz\/wp-json\/wp\/v2\/comments?post=8258"}],"version-history":[{"count":0,"href":"https:\/\/us.edu.pl\/instytut\/ifiz\/wp-json\/wp\/v2\/pages\/8258\/revisions"}],"up":[{"embeddable":true,"href":"https:\/\/us.edu.pl\/instytut\/ifiz\/wp-json\/wp\/v2\/pages\/1177"}],"wp:attachment":[{"href":"https:\/\/us.edu.pl\/instytut\/ifiz\/wp-json\/wp\/v2\/media?parent=8258"}],"curies":[{"name":"wp","href":"https:\/\/api.w.org\/{rel}","templated":true}]}}