{"id":8265,"date":"2026-05-11T10:27:54","date_gmt":"2026-05-11T08:27:54","guid":{"rendered":"https:\/\/us.edu.pl\/instytut\/ifiz\/?page_id=8265"},"modified":"2026-05-11T10:27:54","modified_gmt":"2026-05-11T08:27:54","slug":"pracownia-spektroskopii-2","status":"publish","type":"page","link":"https:\/\/us.edu.pl\/instytut\/ifiz\/nauka\/laboratoria\/pracownia-spektroskopii-2\/","title":{"rendered":"Pracownia spektroskopii"},"content":{"rendered":"<p>[vc_row][vc_column]\r\n                <div class=\"text-modules\">\r\n                    <div class=\"container\">\r\n                        <h3 class=\"page-title text__title\">Pracownia spektroskopii<\/h3>\r\n                        <div class=\"text-modules__content\"><p><strong>Kierownik:<\/strong>\u00a0dr hab. Anna Mrozek-Wilczkiewicz, prof. U\u015a<\/p>\n<p>Kontakt: <a href=\"mailto:anna.mrozek-wilczkiewicz@us.edu.pl\"><u>anna.mrozek-wilczkiewicz@us.edu.pl<\/u><\/a><\/p>\n<p><strong>Osoba odpowiedzialna<b>:<\/b><\/strong>dr Patrycja Rawicka<\/p>\n<p>kontakt: <a href=\"mailto:patrycja.rawicka@us.edu.pl\"><u>patrycja.rawicka@us.edu.pl<\/u><\/a><\/p>\n<p><strong>Tel\/Phone:<\/strong> 32 3497 579<\/p>\n<p><strong>Lokalizacja:<\/strong> F\/1\/08<\/p>\n<p>&nbsp;<\/p>\n<h3>O NAS<\/h3>\n<p>Tematyka prac badawczych realizowanych w pracowni spektroskopii obejmuje oznaczanie stopnia czysto\u015bci oraz identyfikacj\u0119 syntezowanych zwi\u0105zk\u00f3w ma\u0142ocz\u0105steczkowych na podstawie widm absorpcyjnych i emisyjnych. Prowadzone s\u0105 badania w\u0142a\u015bciwo\u015bci optycznych oraz monitorowanie przebiegu reakcji chemicznych. Dodatkowo realizowane s\u0105 badania kinetyki szybkich proces\u00f3w fotochemicznych z wykorzystaniem systemu do laserowej fotolizy b\u0142yskowej LKS60 firmy Applied Photophysics.<\/p>\n<h3>NASZA APARATURA<\/h3>\n<ul>\n<li>Spektrofotometr U-2900 firmy Hitachi<\/li>\n<li>Spektrofotometr U-1900 firmy Hitachi<\/li>\n<li>Spektrofluorymetr F-7000 firmy Hitachi<\/li>\n<li>Spektrofotometr do laserowej fotolizy b\u0142yskowej typu LKS 60, firmy Applied Photophysics Ltd.<\/li>\n<\/ul>\n<h3>TEMATYKA BADAWCZA<\/h3>\n<ul>\n<li>Analiza stopnia czysto\u015bci oraz identyfikacja syntezowanych zwi\u0105zk\u00f3w ma\u0142ocz\u0105steczkowych na podstawie widm UV-Vis i fluorescencyjnych;<\/li>\n<li>Badanie w\u0142a\u015bciwo\u015bci optycznych zwi\u0105zk\u00f3w chemicznych oraz monitorowanie przebiegu reakcji w czasie rzeczywistym;<\/li>\n<li>Charakterystyka proces\u00f3w emisji i oddzia\u0142ywa\u0144 mi\u0119dzycz\u0105steczkowych z wykorzystaniem spektroskopii fluorescencyjnej;<\/li>\n<li>Badanie kinetyki szybkich proces\u00f3w fotochemicznych oraz identyfikacja kr\u00f3tkotrwa\u0142ych stan\u00f3w po\u015brednich metod\u0105 laserowej fotolizy b\u0142yskowej .<\/li>\n<li>Wyznaczanie parametr\u00f3w spektroskopowych i kinetycznych dla zwi\u0105zk\u00f3w organicznych, materia\u0142\u00f3w funkcjonalnych oraz uk\u0142ad\u00f3w biologicznych, takich jak kwantowe wydajno\u015bci fluorescencji czy generowania tlenu singletowego.<\/li>\n<\/ul>\n<h3>ZAKRES US\u0141UG<\/h3>\n<ul>\n<li>Oznaczanie czysto\u015bci oraz identyfikacja zwi\u0105zk\u00f3w organicznych na podstawie widm UV-Vis i fluorescencyjnych;<\/li>\n<li>Pomiar widm absorpcyjnych i emisyjnych oraz wyznaczanie st\u0119\u017ce\u0144 badanych substancji;<\/li>\n<li>Monitorowanie przebiegu reakcji chemicznych w czasie rzeczywistym;<\/li>\n<li>Badanie w\u0142a\u015bciwo\u015bci fluorescencyjnych oraz oddzia\u0142ywa\u0144 mi\u0119dzycz\u0105steczkowych z wykorzystaniem spektrofluorymetru Hitachi F-7000;<\/li>\n<li>Analiza kinetyki szybkich proces\u00f3w fotochemicznych metod\u0105 laserowej fotolizy b\u0142yskowej przy u\u017cyciu systemu LKS60 Applied Photophysics;<\/li>\n<li>Wyznaczanie parametr\u00f3w spektroskopowych z wykorzystaniem spektrometr\u00f3w Hitachi U-2900 oraz Hitachi U-1900 firmy Hitachi.<\/li>\n<\/ul>\n<p>\n<\/div>\r\n                    <\/div>\r\n                <\/div>[\/vc_column][\/vc_row][vc_row][vc_column]            \r\n                    <div class=\"container\">\r\n                        <div class=\"gallery gallery_2\" data-images-in-row=\"2\">\r\n                            \r\n                            <div class=\"row m-0\">\r\n                                <a data-fancybox-group=\"button\" title=\"\" data-fancybox=\"4710\" href=\"https:\/\/us.edu.pl\/instytut\/ifiz\/wp-content\/uploads\/sites\/39\/Laboratoria\/F_1_08b.png\" class=\"gallery__item thumbnail\"\r\n                                    style=\"background-image: url(https:\/\/us.edu.pl\/instytut\/ifiz\/wp-content\/uploads\/sites\/39\/Laboratoria\/F_1_08b-1024x577.png)\"> <span class=\"d-none\">https:\/\/us.edu.pl\/instytut\/ifiz\/wp-content\/uploads\/sites\/39\/Laboratoria\/F_1_08b.png<\/span> <\/a><a data-fancybox-group=\"button\" title=\"\" data-fancybox=\"4710\" href=\"https:\/\/us.edu.pl\/instytut\/ifiz\/wp-content\/uploads\/sites\/39\/Laboratoria\/F_1_08a.png\" class=\"gallery__item thumbnail\"\r\n                                    style=\"background-image: url(https:\/\/us.edu.pl\/instytut\/ifiz\/wp-content\/uploads\/sites\/39\/Laboratoria\/F_1_08a-1024x462.png)\"> <span class=\"d-none\">https:\/\/us.edu.pl\/instytut\/ifiz\/wp-content\/uploads\/sites\/39\/Laboratoria\/F_1_08a.png<\/span> <\/a>\r\n                            <\/div>\r\n                    <\/div>\r\n                <\/div>[\/vc_column][\/vc_row]<\/p>","protected":false},"excerpt":{"rendered":"<p>[vc_row][vc_column][\/vc_column][\/vc_row][vc_row][vc_column][\/vc_column][\/vc_row] [&#8230;]<\/p>\n<p><a class=\"btn btn-secondary understrap-read-more-link\" href=\"https:\/\/us.edu.pl\/instytut\/ifiz\/nauka\/laboratoria\/pracownia-spektroskopii-2\/\">Read More&#8230;<\/a><\/p>\n","protected":false},"author":7272,"featured_media":0,"parent":1177,"menu_order":55,"comment_status":"closed","ping_status":"closed","template":"","meta":{"_expiration-date-status":"","_expiration-date":0,"_expiration-date-type":"","_expiration-date-categories":[],"_expiration-date-options":[]},"acf":[],"_links":{"self":[{"href":"https:\/\/us.edu.pl\/instytut\/ifiz\/wp-json\/wp\/v2\/pages\/8265"}],"collection":[{"href":"https:\/\/us.edu.pl\/instytut\/ifiz\/wp-json\/wp\/v2\/pages"}],"about":[{"href":"https:\/\/us.edu.pl\/instytut\/ifiz\/wp-json\/wp\/v2\/types\/page"}],"author":[{"embeddable":true,"href":"https:\/\/us.edu.pl\/instytut\/ifiz\/wp-json\/wp\/v2\/users\/7272"}],"replies":[{"embeddable":true,"href":"https:\/\/us.edu.pl\/instytut\/ifiz\/wp-json\/wp\/v2\/comments?post=8265"}],"version-history":[{"count":0,"href":"https:\/\/us.edu.pl\/instytut\/ifiz\/wp-json\/wp\/v2\/pages\/8265\/revisions"}],"up":[{"embeddable":true,"href":"https:\/\/us.edu.pl\/instytut\/ifiz\/wp-json\/wp\/v2\/pages\/1177"}],"wp:attachment":[{"href":"https:\/\/us.edu.pl\/instytut\/ifiz\/wp-json\/wp\/v2\/media?parent=8265"}],"curies":[{"name":"wp","href":"https:\/\/api.w.org\/{rel}","templated":true}]}}