{"id":171,"date":"2020-01-16T10:50:56","date_gmt":"2020-01-16T09:50:56","guid":{"rendered":"http:\/\/us.edu.pl\/instytut\/igseigp\/?page_id=171"},"modified":"2025-10-14T11:58:55","modified_gmt":"2025-10-14T09:58:55","slug":"rada-instytutu","status":"publish","type":"page","link":"https:\/\/us.edu.pl\/instytut\/igseigp\/rada-instytutu\/","title":{"rendered":"Rada Naukowa Instytutu"},"content":{"rendered":"<p>[vc_row][vc_column]\r\n                <div class=\"text-modules\">\r\n                    <div class=\"container\">\r\n                        <h3 class=\"page-title text__title\">Rada Naukowa Instytutu Geografii Spo\u0142eczno-Ekonomicznej i Gospodarki Przestrzennej:<\/h3>\r\n                        <div class=\"text-modules__content\"><p><span style=\"font-size: 18pt;\">Prof. dr hab. Robert Krzysztofik &#8211; przewodnicz\u0105cy Rady Instytutu<\/span><\/p>\n<p><span style=\"text-decoration: underline;\"><span style=\"font-size: 18pt;\">Cz\u0142onkowie:<\/span><\/span><\/p>\n<p><span style=\"font-size: 18pt;\">prof. dr hab. Jerzy Runge<\/span><\/p>\n<p><span style=\"font-size: 18pt;\">prof. dr hab. Justyna Chodkowska-Miszczuk<\/span><\/p>\n<p><span style=\"font-size: 18pt;\">dr hab. Adam Hibszer, prof. U\u015a<\/span><\/p>\n<p><span style=\"font-size: 18pt;\">dr hab. Iwona Kantor-Pietraga, prof. U\u015a<\/span><\/p>\n<p><span style=\"font-size: 18pt;\">dr hab. S\u0142awomir Pytel, prof. U\u015a<\/span><\/p>\n<p><span style=\"font-size: 18pt;\">dr hab. El\u017cbieta Zuza\u0144ska-\u017by\u015bko, prof. U\u015a<\/span><\/p>\n<p><span style=\"font-size: 18pt;\">dr hab. S\u0142awomir Sitek, prof. U\u015a<\/span><\/p>\n<p><span style=\"font-size: 18pt;\">dr hab. Valentin Mihaylov, prof. U\u015a<\/span><\/p>\n<p><span style=\"font-size: 18pt;\">dr Weronika Dragan<\/span><\/p>\n<p><span style=\"font-size: 18pt;\">dr Maksymilian Solarski<\/span><\/p>\n<p><span style=\"font-size: 18pt;\">dr Tomasz Sp\u00f3rna<\/span><\/p>\n<p><span style=\"font-size: 18pt;\">dr Natalia Tomczewska-Popowycz<\/span><\/p>\n<\/div>\r\n                    <\/div>\r\n                <\/div>[\/vc_column][\/vc_row]<\/p>","protected":false},"excerpt":{"rendered":"<p>[vc_row][vc_column][\/vc_column][\/vc_row] [&#8230;]<\/p>\n<p><a class=\"btn btn-secondary understrap-read-more-link\" href=\"https:\/\/us.edu.pl\/instytut\/igseigp\/rada-instytutu\/\">Read More&#8230;<\/a><\/p>\n","protected":false},"author":24,"featured_media":0,"parent":0,"menu_order":0,"comment_status":"closed","ping_status":"closed","template":"","meta":{"_expiration-date-status":"","_expiration-date":0,"_expiration-date-type":"","_expiration-date-categories":[],"_expiration-date-options":[]},"acf":[],"_links":{"self":[{"href":"https:\/\/us.edu.pl\/instytut\/igseigp\/wp-json\/wp\/v2\/pages\/171"}],"collection":[{"href":"https:\/\/us.edu.pl\/instytut\/igseigp\/wp-json\/wp\/v2\/pages"}],"about":[{"href":"https:\/\/us.edu.pl\/instytut\/igseigp\/wp-json\/wp\/v2\/types\/page"}],"author":[{"embeddable":true,"href":"https:\/\/us.edu.pl\/instytut\/igseigp\/wp-json\/wp\/v2\/users\/24"}],"replies":[{"embeddable":true,"href":"https:\/\/us.edu.pl\/instytut\/igseigp\/wp-json\/wp\/v2\/comments?post=171"}],"version-history":[{"count":10,"href":"https:\/\/us.edu.pl\/instytut\/igseigp\/wp-json\/wp\/v2\/pages\/171\/revisions"}],"predecessor-version":[{"id":2737,"href":"https:\/\/us.edu.pl\/instytut\/igseigp\/wp-json\/wp\/v2\/pages\/171\/revisions\/2737"}],"wp:attachment":[{"href":"https:\/\/us.edu.pl\/instytut\/igseigp\/wp-json\/wp\/v2\/media?parent=171"}],"curies":[{"name":"wp","href":"https:\/\/api.w.org\/{rel}","templated":true}]}}