{"id":24,"date":"2019-10-22T13:17:36","date_gmt":"2019-10-22T11:17:36","guid":{"rendered":"http:\/\/us.edu.pl\/instytut\/igseigp\/?page_id=24"},"modified":"2020-06-05T09:53:36","modified_gmt":"2020-06-05T07:53:36","slug":"kontakt","status":"publish","type":"page","link":"https:\/\/us.edu.pl\/instytut\/igseigp\/kontakt\/","title":{"rendered":"Kontakt"},"content":{"rendered":"<p>[vc_row][vc_column]\r\n                <div class=\"text-modules\">\r\n                    <div class=\"container\">\r\n                        <h3 class=\"page-title text__title\">Kontakt<\/h3>\r\n                        <div class=\"text-modules__content\"><p><span style=\"font-size: 14pt\">Sekretariat<\/span><\/p>\n<p><span style=\"font-size: 14pt\">Instytutu Geografii Spo\u0142eczno-Ekonomicznej i Gospodarki Przestrzennej<\/span><\/p>\n<p><span style=\"font-size: 14pt\">ul. B\u0119dzi\u0144ska 60, pok\u00f3j 1820 (XVIII pi\u0119tro)<\/span><\/p>\n<p><span style=\"font-size: 14pt\">41-210 Sosnowiec<\/span><\/p>\n<p><span style=\"font-size: 14pt\">tel. 32 3689470<\/span><\/p>\n<p><span style=\"font-size: 14pt\">e-mail: igseigp.wnp@us.edu.pl<\/span><\/p>\n<\/div>\r\n                    <\/div>\r\n                <\/div>[\/vc_column][\/vc_row]<\/p>","protected":false},"excerpt":{"rendered":"<p>[vc_row][vc_column][\/vc_column][\/vc_row] [&#8230;]<\/p>\n<p><a class=\"btn btn-secondary understrap-read-more-link\" href=\"https:\/\/us.edu.pl\/instytut\/igseigp\/kontakt\/\">Read More&#8230;<\/a><\/p>\n","protected":false},"author":29,"featured_media":0,"parent":0,"menu_order":0,"comment_status":"closed","ping_status":"closed","template":"","meta":{"_expiration-date-status":"saved","_expiration-date":0,"_expiration-date-type":"","_expiration-date-categories":[],"_expiration-date-options":[]},"acf":[],"_links":{"self":[{"href":"https:\/\/us.edu.pl\/instytut\/igseigp\/wp-json\/wp\/v2\/pages\/24"}],"collection":[{"href":"https:\/\/us.edu.pl\/instytut\/igseigp\/wp-json\/wp\/v2\/pages"}],"about":[{"href":"https:\/\/us.edu.pl\/instytut\/igseigp\/wp-json\/wp\/v2\/types\/page"}],"author":[{"embeddable":true,"href":"https:\/\/us.edu.pl\/instytut\/igseigp\/wp-json\/wp\/v2\/users\/29"}],"replies":[{"embeddable":true,"href":"https:\/\/us.edu.pl\/instytut\/igseigp\/wp-json\/wp\/v2\/comments?post=24"}],"version-history":[{"count":5,"href":"https:\/\/us.edu.pl\/instytut\/igseigp\/wp-json\/wp\/v2\/pages\/24\/revisions"}],"predecessor-version":[{"id":557,"href":"https:\/\/us.edu.pl\/instytut\/igseigp\/wp-json\/wp\/v2\/pages\/24\/revisions\/557"}],"wp:attachment":[{"href":"https:\/\/us.edu.pl\/instytut\/igseigp\/wp-json\/wp\/v2\/media?parent=24"}],"curies":[{"name":"wp","href":"https:\/\/api.w.org\/{rel}","templated":true}]}}